{"id":2819,"date":"2021-05-18T10:37:46","date_gmt":"2021-05-18T08:37:46","guid":{"rendered":"http:\/\/monperejeanmamy.fr\/?page_id=2819"},"modified":"2021-05-18T10:55:16","modified_gmt":"2021-05-18T08:55:16","slug":"jm-a-jr-fresnes-48-12-29","status":"publish","type":"page","link":"https:\/\/monperejeanmamy.fr\/?page_id=2819","title":{"rendered":"JM \u00e0 JR (Fresnes 48\/12\/29)"},"content":{"rendered":"<p><strong>\u00a0<\/strong><a href=\"http:\/\/monperejeanmamy.fr\/?page_id=2815\"><img loading=\"lazy\" class=\"wp-image-1352 alignleft\" src=\"http:\/\/monperejeanmamy.fr\/wp-content\/uploads\/2021\/03\/Lettre-precedente.jpg\" alt=\"\" width=\"143\" height=\"78\" \/><\/a><a href=\"http:\/\/monperejeanmamy.fr\/?page_id=2823\"><img loading=\"lazy\" class=\"alignright wp-image-1353\" src=\"http:\/\/monperejeanmamy.fr\/wp-content\/uploads\/2021\/03\/Lettre-suivante.jpg\" alt=\"\" width=\"139\" height=\"76\" \/><\/a><\/p>\n<p style=\"text-align: center;\"><strong>Mercredi 29 d\u00e9cembre 1948<br \/>\n<\/strong><\/p>\n<p style=\"text-align: center;\">Ma ch\u00e9rie,<\/p>\n<p style=\"text-align: justify;\">Je te joins une note \u00e0 taper en 2ex. pour Leroy (\u00e0 me retourner pour la lui remettre). Si tu peux me la renvoyer cette semaine, soit par l\u2019un ou l\u2019autre. Le plus t\u00f4t sera le mieux.<\/p>\n<p style=\"text-align: justify;\">D\u2019autre part, tape la plaidoirie en autant d\u2019exemplaires qu\u2019il te demandera, <u>plus quatre pour moi<\/u> (dont j\u2019ai besoin pour d\u2019autres d\u00e9marches).<\/p>\n<p style=\"text-align: justify;\">De m\u00eame, le recours en gr\u00e2ce. <u>Ai besoin aussi de quatre exemplaires<\/u><\/p>\n<p style=\"text-align: justify;\">Convoque la s\u0153ur de Bernick. Et vois Serge Brun. Il a d\u00e9j\u00e0 agi. Que fait-il\u00a0? Tiens-moi au courant. Je lui ai fait passer un plan de campagne de presse pour les milieux litt\u00e9raires (pour Gallet et moi).<\/p>\n<p style=\"text-align: justify;\">Si, de ton c\u00f4t\u00e9, tu trouves le moyen de toucher Jacques de B\u00e9nouville au Canada (en parler \u00e0 Brunnart). Nous pr\u00e9parerons un dossier pour lui. Il me conna\u00eet et il se bat pour l\u2019amnistie l\u00e0-bas.<\/p>\n<p style=\"text-align: justify;\">Vois Creys. Chercher \u00e0 \u00e9diter vite <em>Barreaux <a href=\"#_ftn1\" name=\"_ftnref1\"><strong>[1]<\/strong><\/a> <\/em>\u00e0 l\u2019\u00e9tranger. Publier dans revues sous pseudonyme ou non. Lui seul d\u00e9cidera.<\/p>\n<p style=\"text-align: justify;\">J\u2019attends lettre de toi, longue, longue. C\u2019est ce qui me manque le plus.<\/p>\n<p style=\"text-align: justify;\">Mes gros, immenses baisers.<\/p>\n<p style=\"text-align: justify;\">J.<\/p>\n<p style=\"text-align: justify;\">TSVP<\/p>\n<p style=\"text-align: justify;\"><u>Questions importantes<\/u><\/p>\n<ol>\n<li style=\"text-align: justify;\">Avis du Pr\u00e9sident ? S\u2019opposera-t-il \u00e0 la gr\u00e2ce ?<\/li>\n<li style=\"text-align: justify;\">-id- commissaire du gouvernement ?<\/li>\n<li style=\"text-align: justify;\">Combien de temps le rejet du pourvoi ?<\/li>\n<li style=\"text-align: justify;\">L\u2019aviateur peut-il intervenir pour demander enqu\u00eate 2<sup>\u00e8me<\/sup> bureau \u00e0 la Commission des Gr\u00e2ces pour retarder l\u2019affaire ? (\u00e0 moins qu\u2019on soit s\u00fbr d\u2019en sortir. En ce cas allons vite. Mais je crois qu\u2019il faut :\n<ol>\n<li>Faire examiner \u00e0 fond l\u2019histoire Grandmaison<\/li>\n<li>Attendre p\u00e9riode calme, ou changement politique<\/li>\n<li>Provoquer campagnes de presse \u00e0 l\u2019\u00e9tranger<\/li>\n<li>Publier \u0153uvres litt\u00e9raires<\/li>\n<li>Faire prendre le vent par personnes s\u00fbres<\/li>\n<\/ol>\n<\/li>\n<li style=\"text-align: justify;\">Y-a-t\u2019il un jur\u00e9 favorable \u00e0 la gr\u00e2ce, qu\u2019on puisse faire signer ?<\/li>\n<li style=\"text-align: justify;\">Brumartin <a href=\"#_ftn2\" name=\"_ftnref2\">[2]<\/a> peut-il r\u00e9unir des signatures\u00a0? (tr\u00e8s d\u00e9licat, mais sur pr\u00e9sentation \u0153uvres litt\u00e9raires)<\/li>\n<li style=\"text-align: justify;\">Que dit-on de l\u2019affaire dans les milieux communistes ? Sont-ils acharn\u00e9s ?<\/li>\n<\/ol>\n<p style=\"text-align: justify;\">Fais-moi une note avec les r\u00e9ponses. Confie \u00e0 Leroy.<\/p>\n<p style=\"text-align: justify;\">PS. Je crois qu\u2019il serait bien de pr\u00e9senter aussi \u00e0 la Commission des Gr\u00e2ces un exemplaire de l\u2019<em>Oreste<\/em>. Si tu peux le taper d\u2019ici fin janvier.<\/p>\n<p style=\"text-align: justify;\">Je te renouvelle le v\u0153u formel de mettre \u00e0 l\u2019abri tous mes manuscrits hors de chez toi, et, au cas o\u00f9 on te les demanderait, tu n\u2019ob\u00e9iras pas et tu les conserveras malgr\u00e9 toutes les menaces. Mais je pense qu\u2019on te laissera en paix. R\u00e9cup\u00e8re tous les exemplaires. C\u2019est toi qui as tout. Et gardes les pr\u00e9cieusement.<\/p>\n<p style=\"text-align: justify;\">Je t\u2019aime.<\/p>\n<p style=\"text-align: justify;\"><a href=\"#_ftnref1\" name=\"_ftn1\">[1]<\/a> <em>Les Barreaux d\u2019Or<br \/>\n<\/em><a href=\"#_ftnref2\" name=\"_ftn2\">[2]<\/a> Brun. Brunnart et Brumartin sont probablement la m\u00eame personne, pr\u00e9nomm\u00e9e Serge mais dont le nom est ind\u00e9chiffrable (note de FGR)<\/p>\n","protected":false},"excerpt":{"rendered":"<p>\u00a0 Mercredi 29 d\u00e9cembre 1948 Ma ch\u00e9rie, Je te joins une note \u00e0 taper en 2ex. pour Leroy (\u00e0 me retourner pour la lui remettre). Si tu peux me la renvoyer cette semaine, soit par l\u2019un ou l\u2019autre. Le plus &hellip; <a href=\"https:\/\/monperejeanmamy.fr\/?page_id=2819\">Continuer la lecture <span class=\"meta-nav\">&rarr;<\/span><\/a><\/p>\n","protected":false},"author":2,"featured_media":11,"parent":0,"menu_order":0,"comment_status":"closed","ping_status":"closed","template":"","meta":[],"folder":[],"_links":{"self":[{"href":"https:\/\/monperejeanmamy.fr\/index.php?rest_route=\/wp\/v2\/pages\/2819"}],"collection":[{"href":"https:\/\/monperejeanmamy.fr\/index.php?rest_route=\/wp\/v2\/pages"}],"about":[{"href":"https:\/\/monperejeanmamy.fr\/index.php?rest_route=\/wp\/v2\/types\/page"}],"author":[{"embeddable":true,"href":"https:\/\/monperejeanmamy.fr\/index.php?rest_route=\/wp\/v2\/users\/2"}],"replies":[{"embeddable":true,"href":"https:\/\/monperejeanmamy.fr\/index.php?rest_route=%2Fwp%2Fv2%2Fcomments&post=2819"}],"version-history":[{"count":3,"href":"https:\/\/monperejeanmamy.fr\/index.php?rest_route=\/wp\/v2\/pages\/2819\/revisions"}],"predecessor-version":[{"id":2827,"href":"https:\/\/monperejeanmamy.fr\/index.php?rest_route=\/wp\/v2\/pages\/2819\/revisions\/2827"}],"wp:featuredmedia":[{"embeddable":true,"href":"https:\/\/monperejeanmamy.fr\/index.php?rest_route=\/wp\/v2\/media\/11"}],"wp:attachment":[{"href":"https:\/\/monperejeanmamy.fr\/index.php?rest_route=%2Fwp%2Fv2%2Fmedia&parent=2819"}],"wp:term":[{"taxonomy":"folder","embeddable":true,"href":"https:\/\/monperejeanmamy.fr\/index.php?rest_route=%2Fwp%2Fv2%2Ffolder&post=2819"}],"curies":[{"name":"wp","href":"https:\/\/api.w.org\/{rel}","templated":true}]}}