{"id":2828,"date":"2021-05-18T10:58:24","date_gmt":"2021-05-18T08:58:24","guid":{"rendered":"http:\/\/monperejeanmamy.fr\/?page_id=2828"},"modified":"2024-11-04T16:38:27","modified_gmt":"2024-11-04T15:38:27","slug":"jm-a-jr-fresnes-49-01-02","status":"publish","type":"page","link":"https:\/\/monperejeanmamy.fr\/?page_id=2828","title":{"rendered":"JM \u00e0 JR (Fresnes 49\/01\/02)"},"content":{"rendered":"<p><strong>\u00a0<\/strong><a href=\"http:\/\/monperejeanmamy.fr\/?page_id=2823\"><img loading=\"lazy\" class=\"wp-image-1352 alignleft\" src=\"http:\/\/monperejeanmamy.fr\/wp-content\/uploads\/2021\/03\/Lettre-precedente.jpg\" alt=\"\" width=\"143\" height=\"78\" \/><\/a><a href=\"http:\/\/monperejeanmamy.fr\/?page_id=2836\"><img loading=\"lazy\" class=\"alignright wp-image-1353\" src=\"http:\/\/monperejeanmamy.fr\/wp-content\/uploads\/2021\/03\/Lettre-suivante.jpg\" alt=\"\" width=\"139\" height=\"76\" \/><\/a><\/p>\n<p style=\"text-align: center;\"><strong>Dimanche 2 janvier 1949<br \/>\n<\/strong><\/p>\n<p style=\"text-align: center;\">Ma petite fille ch\u00e9rie,<\/p>\n<p style=\"text-align: justify;\">J&rsquo;ai vu Leroy cet apr\u00e8s-midi. Tr\u00e8s calm\u00e9, objectif, ayant d\u00e9j\u00e0 r\u00e9fl\u00e9chi un peu \u00e0 tout, voyant les choses prudemment (il a raison) sans enthousiasme (c&rsquo;est plus s\u00fbr), mais calculant les chances. Il m&rsquo;a donn\u00e9 de bonnes nouvelles de ma m\u00e8re qui est d&rsquo;une s\u00e9r\u00e9nit\u00e9 parfaite. Il m&rsquo;a dit aussi qu&rsquo;il devait te t\u00e9l\u00e9phoner demain matin et que tu avais re\u00e7u <u>une<\/u> bonne lettre de moi. J&rsquo;en ai \u00e9crit <u>deux<\/u> (une sur \u00bd page et l&rsquo;autre sur page enti\u00e8re). Veux-tu me confirmer r\u00e9ception.<\/p>\n<p style=\"text-align: justify;\">Je lui ai donn\u00e9 une note relative au recours en gr\u00e2ce. Il faudra que je la r\u00e9vise dimanche avec lui. Je lui remettrai \u00e9galement d&rsquo;autres indications dont tu auras connaissance. Malgr\u00e9 son avis \u2014tr\u00e8s sage\u2014 n&rsquo;h\u00e9site pas le moment voulu \u00e0 utiliser tes relations. Il faut que nous ayons le maximum d&rsquo;atouts. Je ne suis pas du tout d&rsquo;accord pour me laisser \u00e9gorger vif par des excit\u00e9s. Je refuse ce jugement comme \u00e9tant partisan. Tous les t\u00e9moins ont menti par un bout. Et ce qu&rsquo;ils n&rsquo;avouent pas c&rsquo;est l&rsquo;\u00e9tat de guerre civile dans lequel \u00e9tait la France en 44. Nous nous en sortirons. Peu \u00e0 peu la v\u00e9rit\u00e9 gagne.<\/p>\n<p style=\"text-align: justify;\">Je compte recevoir la visite de notre bon pasteur mercredi (et sans doute des deux). Ils te donneront sans doute des nouvelles de mon excellent moral.<\/p>\n<p style=\"text-align: justify;\">Car je suis content pour de multiples raisons. D&rsquo;abord j&rsquo;ai gagn\u00e9 l&rsquo;estime de quelques amis \u00e0 qui je tiens. Les lettres qu&rsquo;on m&rsquo;envoie sont r\u00e9confortantes. La femme de mon avocat que je ne connais pas a pris parti pour moi. Elle plaisantait m\u00eame son mari \u00ab <em>si quelquefois on le fusille, dans peu de temps tu vas inaugurer la rue Mamy<\/em> \u00bb. Mieux vaut r\u00e9server ce plaisir \u00e0 nos h\u00e9ritiers. Pas vrai. Je ne suis pas si press\u00e9 de passer \u00e0 la post\u00e9rit\u00e9.<\/p>\n<p style=\"text-align: justify;\">Il est vrai que tout ce que nous avons pr\u00e9dit se r\u00e9alise peu \u00e0 peu ou s&rsquo;entrevoit. L&rsquo;Europe, domin\u00e9e par le peuple le plus fort, le plus m\u00e9thodique, le plus froid : l&rsquo;Allemand avec qui le Fran\u00e7ais doit cohabiter et plus encore s&rsquo;allier intimement s&rsquo;il ne veut pas \u00eatre d\u00e9truit d&rsquo;un revers de coude. C&rsquo;est ainsi. Nous serons, ou nous aurons \u00e9t\u00e9, les champions d&rsquo;une cause d&rsquo;avenir. Je crois de plus en plus \u00e0 cette fusion europ\u00e9enne, d&rsquo;autant plus que l&rsquo;Angleterre ne joue plus son r\u00f4le qui \u00e9tait de diviser et de f\u00e9d\u00e9rer. Si l&rsquo;on veut \u00e9viter l&rsquo;Asie \u00e0 Brest, il faut faire l&rsquo;Europe sur les Carpathes et plus loin encore si possible. Regardons la carte. Les hurlements de mes t\u00e9moins devraient s&rsquo;adresser \u00e0 ceux qui les laissent sans d\u00e9fense avec trois maigres divisions contre une arm\u00e9e rouge qui n&rsquo;a plus en face d&rsquo;elle une Wehrmacht solide.<\/p>\n<p style=\"text-align: justify;\">Mais voici que je fais de la politique quand je voulais te dire toutes amabilit\u00e9s. Sais-tu que je pense \u00e0 toi un peu trop. C&rsquo;est \u00e0 dire pas assez comme il le faut. Je te revois comme hier et non dans le plan de demain. Je r\u00e9cup\u00e8re tout un pass\u00e9 heureux, et je suis pourtant gonfl\u00e9 de beaucoup plus d&rsquo;avenir. D&rsquo;abord tu m&rsquo;es devenue quelque chose, c&rsquo;est \u00e0 dire quelqu&rsquo;un d&rsquo;infiniment plus pr\u00e9cieux et rare. Une sorte de sang nouveau. Un d\u00e9sir sur lequel on s&rsquo;appuie ferme comme si l&rsquo;on devait poser des pierres sur les mots qu&rsquo;on dit et construire petit palais ou chaumi\u00e8re, mais home confortable \u00e0 recoins d&rsquo;amour, \u00e0 recoins d&rsquo;instants. La vie est faite de moments gagn\u00e9s. Ces trois minutes dans le couloir de cour de justice o\u00f9 j&rsquo;ai pu \u00e9craser sur tes tempes des baisers ch\u00e9ris comme de vieux papillons lentement s\u00e9ch\u00e9s et qu&rsquo;on colle vite en collection pr\u00e9cieuse autour de l&rsquo;image pr\u00e9f\u00e9r\u00e9e, ces trois minutes d&rsquo;yeux nourris d&rsquo;un absolu \u00e9mouvant qui surclassait la haine du dehors et le verdict impitoyable, ces trois minutes d&rsquo;un haut amour qui sont l&rsquo;entrevue \u00e9blouissante sur le lac dor\u00e9, au milieu du tunnel grondant, comme si le ciel s&rsquo;ouvrait un fragment pour lancer sur le c\u0153ur un couteau de bonheur. Ces trois minutes o\u00f9 j&rsquo;ai regard\u00e9 combien mon c\u0153ur avait m\u00fbri pendant quatre ans, combien il avait form\u00e9 de toi une image ch\u00e8re et sainte, combien il te voulait heureuse, combien il n&rsquo;avait plus peur d&rsquo;\u00eatre enferm\u00e9 dans les limites d&rsquo;une volont\u00e9 personnelle.<\/p>\n<p style=\"text-align: justify;\">Car j&rsquo;avais peur de toi hier ; je me m\u00e9fiais. Les femmes sont si pi\u00e8ges. J&rsquo;ai \u00e9t\u00e9 pris \u00e0 toutes les corolles et je ne voulais gu\u00e8re me laisser approcher par tout ce que le partenaire contient d&rsquo;animal. Car c&rsquo;est le bon. C&rsquo;est ce qu&rsquo;on d\u00e9teste parce qu&rsquo;on y consent. On le subit. Mais d\u00e8s notre envol\u00e9e \u00e0 travers l&rsquo;espace, je t&rsquo;ai conquise par le haut, je t&rsquo;ai imagin\u00e9e, v\u00e9rifi\u00e9e, d\u00e9couverte par l&rsquo;inimaginable, le vrai, la nature jolie. Tu es devenue r\u00e9elle, en ce sens que, rejetant le d\u00e9sir quotidien d&rsquo;une pr\u00e9sence avide, je t&rsquo;ai aim\u00e9e pour le sommet de ton sentiment le plus pur qui a fleuri d&rsquo;un jet vers la grandeur. A se vouloir saint, on s&rsquo;honore. Et l&rsquo;autre monte avec vous. Je t&rsquo;ai prise par la main et j&rsquo;ai imagin\u00e9, senti, que nous allions du m\u00eame pas sur une montagne o\u00f9 peu peuvent rejoindre. Tu m&rsquo;y as pr\u00e9c\u00e9d\u00e9 par le c\u0153ur, car o\u00f9 que j&rsquo;aille, je t&rsquo;ai devant moi comme une id\u00e9e b\u00e9nie. Voici que nos pas ne marquent plus la terre, que nous projetons des secrets plus intimes, que nous savons o\u00f9 nous rejoindre par le moyen d&rsquo;une pens\u00e9e rapide et calme. Il me semble souvent que je prends ta t\u00eate sur ma poitrine et te regarde vivre d&rsquo;un souffle sans pr\u00e9cipitation. O\u00f9 est le temps o\u00f9 ton c\u0153ur battait trop fort. Plus d&rsquo;\u00e9motions. Des lenteurs pures. Pour marcher jusqu&rsquo;au bout, il nous faut cesser d&rsquo;\u00eatre troubl\u00e9s par des nerfs trop vivants.<\/p>\n<p style=\"text-align: justify;\">Si tu sens quelquefois le soir, le calme tomber dans ta chambre ; si dans le silence et l&rsquo;ombre, tu \u00e9coutes une voix haute, tu percevras que je suis l\u00e0 \u00e0 t&rsquo;aimer sans d\u00e9faillance. Une caresse de parole pure, un mot per\u00e7u dans l&rsquo;infini, seront l&rsquo;\u00e9cho de ma patience \u00e0 te contempler sagement. Tu sauras que je veille sur nous, que je me prot\u00e8ge contre tout mal qui pourrait atteindre la joie parfaite de cette tendresse plus qu&rsquo;humaine. Je prie pour toi comme un petit enfant, pour que tu sois b\u00e9nie \u00e0 flots et que ta pens\u00e9e soit parfum\u00e9e de gr\u00e2ce vivante.<\/p>\n<p style=\"text-align: justify;\">Il faut bien, un beau jour, qu&rsquo;on arrive \u00e0 parler d&rsquo;amour d&rsquo;un c\u0153ur d\u00e9lav\u00e9 de toute illusion. Quand on a beaucoup v\u00e9cu (loin de moi les blas\u00e9s) on compare, on foule aux pieds, on d\u00e9chire, et aussi, on s\u00e9pare, on tue, on divinise. Le bonheur c&rsquo;est de d\u00e9rouler devant les pas de l&rsquo;autre un tapis de pr\u00e9venances. Il faut comprendre quand le c\u0153ur a soif, lui verser sa nourriture, lui donner ce qu&rsquo;on avait toujours cach\u00e9 jusque-l\u00e0, car il n&rsquo;avait \u00e9t\u00e9 possible de le donner \u00e0 d&rsquo;autres. Il y a des amours qui restent vierges jusqu&rsquo;au jour o\u00f9 ils rencontrent l&rsquo;\u00e9lue. Figure-toi que tu as \u00e9veill\u00e9 en moi des pens\u00e9es neuves. Je suis devant toi comme devant un \u00eatre nouveau. Devant moi aussi. Le printemps ne conna\u00eet rien que son \u00e9lan. Nous connaissons tous deux la grande d\u00e9couverte. A nous d&rsquo;en profiter.<\/p>\n<p style=\"text-align: justify;\">Je t&#8217;embrasse avec tout le bonheur que je te dis. Laisse-moi penser longuement \u00e0 toi ce soir. Je te verrai comme tu es aujourd&rsquo;hui, puis comme tu seras demain dans le pays o\u00f9 je t&rsquo;aurai emmen\u00e9e, o\u00f9 les gens sont doux, la mer bleue, enfantine, et o\u00f9 la foule ne rugit plus. Tu y trouveras la maison ouvr\u00e9e par des mains amies. Le temps ne sera plus coup\u00e9 de fi\u00e8vres malsaines. La ville ne sera plus le gouffre o\u00f9 l&rsquo;on s&rsquo;\u00e9lance pour perdre la m\u00e9moire. Nous aurons le temps de compter les minutes heureuses.<\/p>\n<p style=\"text-align: justify;\">Mes tendresses patientes. Je t&rsquo;aime, toi.<\/p>\n<p style=\"text-align: justify;\">J.<\/p>\n","protected":false},"excerpt":{"rendered":"<p>\u00a0 Dimanche 2 janvier 1949 Ma petite fille ch\u00e9rie, J&rsquo;ai vu Leroy cet apr\u00e8s-midi. Tr\u00e8s calm\u00e9, objectif, ayant d\u00e9j\u00e0 r\u00e9fl\u00e9chi un peu \u00e0 tout, voyant les choses prudemment (il a raison) sans enthousiasme (c&rsquo;est plus s\u00fbr), mais calculant les chances. &hellip; <a href=\"https:\/\/monperejeanmamy.fr\/?page_id=2828\">Continuer la lecture <span class=\"meta-nav\">&rarr;<\/span><\/a><\/p>\n","protected":false},"author":2,"featured_media":11,"parent":0,"menu_order":0,"comment_status":"closed","ping_status":"closed","template":"","meta":[],"folder":[],"_links":{"self":[{"href":"https:\/\/monperejeanmamy.fr\/index.php?rest_route=\/wp\/v2\/pages\/2828"}],"collection":[{"href":"https:\/\/monperejeanmamy.fr\/index.php?rest_route=\/wp\/v2\/pages"}],"about":[{"href":"https:\/\/monperejeanmamy.fr\/index.php?rest_route=\/wp\/v2\/types\/page"}],"author":[{"embeddable":true,"href":"https:\/\/monperejeanmamy.fr\/index.php?rest_route=\/wp\/v2\/users\/2"}],"replies":[{"embeddable":true,"href":"https:\/\/monperejeanmamy.fr\/index.php?rest_route=%2Fwp%2Fv2%2Fcomments&post=2828"}],"version-history":[{"count":4,"href":"https:\/\/monperejeanmamy.fr\/index.php?rest_route=\/wp\/v2\/pages\/2828\/revisions"}],"predecessor-version":[{"id":3362,"href":"https:\/\/monperejeanmamy.fr\/index.php?rest_route=\/wp\/v2\/pages\/2828\/revisions\/3362"}],"wp:featuredmedia":[{"embeddable":true,"href":"https:\/\/monperejeanmamy.fr\/index.php?rest_route=\/wp\/v2\/media\/11"}],"wp:attachment":[{"href":"https:\/\/monperejeanmamy.fr\/index.php?rest_route=%2Fwp%2Fv2%2Fmedia&parent=2828"}],"wp:term":[{"taxonomy":"folder","embeddable":true,"href":"https:\/\/monperejeanmamy.fr\/index.php?rest_route=%2Fwp%2Fv2%2Ffolder&post=2828"}],"curies":[{"name":"wp","href":"https:\/\/api.w.org\/{rel}","templated":true}]}}