{"id":2840,"date":"2021-05-18T18:23:35","date_gmt":"2021-05-18T16:23:35","guid":{"rendered":"http:\/\/monperejeanmamy.fr\/?page_id=2840"},"modified":"2024-11-04T16:49:20","modified_gmt":"2024-11-04T15:49:20","slug":"jm-a-jr-fresnes-49-01-12","status":"publish","type":"page","link":"https:\/\/monperejeanmamy.fr\/?page_id=2840","title":{"rendered":"JM \u00e0 JR (Fresnes 49\/01\/12)"},"content":{"rendered":"<p><strong>\u00a0<\/strong><a href=\"http:\/\/monperejeanmamy.fr\/?page_id=2836\"><img loading=\"lazy\" class=\"wp-image-1352 alignleft\" src=\"http:\/\/monperejeanmamy.fr\/wp-content\/uploads\/2021\/03\/Lettre-precedente.jpg\" alt=\"\" width=\"143\" height=\"78\" \/><\/a><a href=\"http:\/\/monperejeanmamy.fr\/?page_id=2848\"><img loading=\"lazy\" class=\"alignright wp-image-1353\" src=\"http:\/\/monperejeanmamy.fr\/wp-content\/uploads\/2021\/03\/Lettre-suivante.jpg\" alt=\"\" width=\"139\" height=\"76\" \/><\/a><\/p>\n<p style=\"text-align: center;\"><strong>Mercredi 12 janvier 1949<br \/>\n<\/strong><\/p>\n<p style=\"text-align: center;\">Ma ch\u00e9rie,<\/p>\n<p style=\"text-align: justify;\">J&rsquo;ai vu Leroy aujourd&rsquo;hui. Bonne conversation. Il m&rsquo;a remis la note et sa plaidoirie. Il va pr\u00e9parer le recours.<\/p>\n<p style=\"text-align: justify;\">Je lui ai dit tout l&rsquo;int\u00e9r\u00eat qu&rsquo;il y avait \u00e0 ce que le pourvoi tra\u00eene un peu \u2014autant qu&rsquo;il faut. Veux-tu bien voir cela de ton c\u00f4t\u00e9. Flo. peut-il faire qq chose ? Nous n&rsquo;avons pas du tout la bougeotte. Prudemment, il faut attendre.<\/p>\n<p style=\"text-align: justify;\">Ce mot donc pour que tu sois au courant de la marche \u00e0 suivre, agir en cons\u00e9quence. Ce matin L. n&rsquo;avait pas l&rsquo;air d&rsquo;\u00eatre tr\u00e8s affirmatif sur ce point. C&rsquo;est le principal. Nous ne cherchons pas la g\u00e9n\u00e9rosit\u00e9 des hommes, mais le reflux des \u00e9v\u00e9nements. Nous ne sommes pas des sentimentaux, mais des politiques. Pour pouvoir en sortir plus vite, il faut louvoyer.<\/p>\n<p style=\"text-align: justify;\">Il m&rsquo;a fait part d&rsquo;une de ses craintes au sujet d&rsquo;\u00e9v\u00e9nements possibles dans qq temps \u2014et de l&rsquo;urgence qu&rsquo;il y aurait \u00e0 obtenir la gr\u00e2ce imm\u00e9diate. Je suis plus apais\u00e9 que lui. Laissons courir le flot. On ne prendra plus d&rsquo;otages. L&rsquo;heure est d\u00e9pass\u00e9e.<\/p>\n<p style=\"text-align: justify;\">J&rsquo;\u00e9crirai plus longuement en fin de semaine. Bien re\u00e7u mandat. Merci. Observe mes consignes \u00e0 ce sujet. Naturellement j&#8217;embrasse Fr\u00e9d\u00e9ric. Trois fois pour une. Ne t&rsquo;inqui\u00e8te en aucune fa\u00e7on de la dimension illimit\u00e9e des affections familiales. C&rsquo;est du solide. Tu peux dormir sur cet oreiller puissant d&rsquo;une tendresse si profonde qu&rsquo;on ne l&rsquo;\u00e9puisera pas.<\/p>\n<p style=\"text-align: justify;\">Une seule demande de ma part. \u00c9cris. Une autre encore : \u00e9cris. Et si possible j&rsquo;en ajouterai une troisi\u00e8me : \u00e9cris.<\/p>\n<p style=\"text-align: justify;\">C&rsquo;est tout. Mon bonheur sera complet.<\/p>\n<p style=\"text-align: justify;\">Tous mes baisers.<\/p>\n<p style=\"text-align: justify;\">J.<\/p>\n<p>PS. A<span style=\"text-align: justify;\">s-tu tap\u00e9 la plaidoirie et la note en suffisance ? Voir lettres pr\u00e9c\u00e9dentes.<\/span><\/p>\n<p>&nbsp;<\/p>\n","protected":false},"excerpt":{"rendered":"<p>\u00a0 Mercredi 12 janvier 1949 Ma ch\u00e9rie, J&rsquo;ai vu Leroy aujourd&rsquo;hui. Bonne conversation. Il m&rsquo;a remis la note et sa plaidoirie. Il va pr\u00e9parer le recours. Je lui ai dit tout l&rsquo;int\u00e9r\u00eat qu&rsquo;il y avait \u00e0 ce que le pourvoi &hellip; <a href=\"https:\/\/monperejeanmamy.fr\/?page_id=2840\">Continuer la lecture <span class=\"meta-nav\">&rarr;<\/span><\/a><\/p>\n","protected":false},"author":2,"featured_media":11,"parent":0,"menu_order":0,"comment_status":"closed","ping_status":"closed","template":"","meta":[],"folder":[],"_links":{"self":[{"href":"https:\/\/monperejeanmamy.fr\/index.php?rest_route=\/wp\/v2\/pages\/2840"}],"collection":[{"href":"https:\/\/monperejeanmamy.fr\/index.php?rest_route=\/wp\/v2\/pages"}],"about":[{"href":"https:\/\/monperejeanmamy.fr\/index.php?rest_route=\/wp\/v2\/types\/page"}],"author":[{"embeddable":true,"href":"https:\/\/monperejeanmamy.fr\/index.php?rest_route=\/wp\/v2\/users\/2"}],"replies":[{"embeddable":true,"href":"https:\/\/monperejeanmamy.fr\/index.php?rest_route=%2Fwp%2Fv2%2Fcomments&post=2840"}],"version-history":[{"count":4,"href":"https:\/\/monperejeanmamy.fr\/index.php?rest_route=\/wp\/v2\/pages\/2840\/revisions"}],"predecessor-version":[{"id":3364,"href":"https:\/\/monperejeanmamy.fr\/index.php?rest_route=\/wp\/v2\/pages\/2840\/revisions\/3364"}],"wp:featuredmedia":[{"embeddable":true,"href":"https:\/\/monperejeanmamy.fr\/index.php?rest_route=\/wp\/v2\/media\/11"}],"wp:attachment":[{"href":"https:\/\/monperejeanmamy.fr\/index.php?rest_route=%2Fwp%2Fv2%2Fmedia&parent=2840"}],"wp:term":[{"taxonomy":"folder","embeddable":true,"href":"https:\/\/monperejeanmamy.fr\/index.php?rest_route=%2Fwp%2Fv2%2Ffolder&post=2840"}],"curies":[{"name":"wp","href":"https:\/\/api.w.org\/{rel}","templated":true}]}}