{"id":2846,"date":"2021-05-19T10:09:32","date_gmt":"2021-05-19T08:09:32","guid":{"rendered":"http:\/\/monperejeanmamy.fr\/?page_id=2846"},"modified":"2024-11-04T17:00:48","modified_gmt":"2024-11-04T16:00:48","slug":"jm-a-jr-fresnes-49-01-23","status":"publish","type":"page","link":"https:\/\/monperejeanmamy.fr\/?page_id=2846","title":{"rendered":"JM \u00e0 JR (Fresnes 49\/01\/23)"},"content":{"rendered":"<p><strong>\u00a0<\/strong><a href=\"http:\/\/monperejeanmamy.fr\/?page_id=2848\"><img loading=\"lazy\" class=\"wp-image-1352 alignleft\" src=\"http:\/\/monperejeanmamy.fr\/wp-content\/uploads\/2021\/03\/Lettre-precedente.jpg\" alt=\"\" width=\"143\" height=\"78\" \/><\/a><a href=\"http:\/\/monperejeanmamy.fr\/?page_id=2855\"><img loading=\"lazy\" class=\"alignright wp-image-1353\" src=\"http:\/\/monperejeanmamy.fr\/wp-content\/uploads\/2021\/03\/Lettre-suivante.jpg\" alt=\"\" width=\"139\" height=\"76\" \/><\/a><\/p>\n<p style=\"text-align: center;\"><strong>Dimanche 23 janvier 1949<br \/>\n<\/strong><\/p>\n<p style=\"text-align: center;\">Ma petite Jeannette ch\u00e9rie,<\/p>\n<p style=\"text-align: justify;\">J&rsquo;ai vu tout \u00e0 l&rsquo;heure le pasteur qui me rapporte votre conversation. Il parait que tu te fais du souci parce que le Minist\u00e8re de la J. t\u00e2cherait de pr\u00e9cipiter l&rsquo;affaire (c&rsquo;est ce qu&rsquo;il m&rsquo;a dit. D&rsquo;o\u00f9 le tiens-tu ?). J&rsquo;esp\u00e8re voir Leroy pour v\u00e9rification.<\/p>\n<p style=\"text-align: justify;\">Il est \u00e9vident que si c&rsquo;est cela, il n&rsquo;y a aucune illusion \u00e0 se faire sur la d\u00e9cision (ou tout au moins sur la volont\u00e9 de certaines gens d&#8217;emporter la d\u00e9cision). Je ne vois exactement qui peut insister \u00e0 ce point (est-ce politique ? personnel ? On verra).<\/p>\n<p style=\"text-align: justify;\">Fais ce que tu peux. Moi, de mon c\u00f4t\u00e9, je ne peux qu&rsquo;offrir aux coups le moral le plus placide. La vie n&rsquo;a d&rsquo;int\u00e9r\u00eat que v\u00e9cue tr\u00e8s haut, en dehors des combats humains.<\/p>\n<p style=\"text-align: justify;\">Tu me renseigneras vite, car je suis en train de mettre au point pas mal de petites choses. Il faudra donc prendre toutes dispositions utiles (cela n&rsquo;engage \u00e0 rien, mais on peut \u00eatre pr\u00eat).<\/p>\n<p style=\"text-align: justify;\">Note que je me laisse pas du tout atteindre par le d\u00e9sespoir. Il y a longtemps que la vie humaine ne m&rsquo;offrait plus de c\u00f4t\u00e9s riants (en ai-je m\u00eame jamais connu beaucoup ?). Tu \u00e9tais, tu es, le seul lien qui me rattache encore \u00e0 ce plan (ma m\u00e8re aussi \u2014mais pour d&rsquo;autres raisons\u2014 Admettons que les amis qui me sont chers et certaine cause m&rsquo;agr\u00e9ent encore un peu. C&rsquo;est toutefois plus lointain). Je crois que, \u00e0 travers toutes les exp\u00e9riences (m\u00eame la mort \u2014qui n&rsquo;existe pas du tout\u2014 la vie ne comporte pas d&rsquo;arr\u00eat) nous devons atteindre le calme parfait de la conscience absolue. Les hommes et les femmes sont comparables \u00e0 des feuilles mortes que le vent emporte d&rsquo;un coup. Pour durer, il faut monter jusqu&rsquo;\u00e0 la conception de l&rsquo;\u00catre \u00e9ternel. Et plus vite nous nous d\u00e9tachons de la terre, plus vite nous gagnons la tranquillit\u00e9 divine. Je te dis tout cela pour te consoler. Je suis persuad\u00e9 que tes efforts aboutiront, mais, pour te montrer que je suis pr\u00eat \u00e0 passer par toutes les \u00e9preuves. Tu es la plus d\u00e9vou\u00e9e, la plus gentille des compagnes. Nous ferons encore sur cette terre de nombreux pas ensemble. Gr\u00e2ce \u00e0 toi.<\/p>\n<p style=\"text-align: justify;\">Je ne t&rsquo;\u00e9cris pas plus ce soir. J&rsquo;attends les nouvelles. Donc mille baisers. Tu sais combien je t&rsquo;aime. Tu ne manqueras jamais d&rsquo;amour. Le Christ a dit : \u00ab\u00a0<em>Voici que je suis avec vous jusqu&rsquo;\u00e0 la fin des si\u00e8cles<\/em> \u00bb. C&rsquo;est vrai. Moi, ce soir, je suis tout plein de cet amour-l\u00e0.<\/p>\n<p style=\"text-align: justify;\">Mes gros baisers, ch\u00e9rie.<\/p>\n<p style=\"text-align: justify;\">J.<\/p>\n<p style=\"text-align: justify;\">\n","protected":false},"excerpt":{"rendered":"<p>\u00a0 Dimanche 23 janvier 1949 Ma petite Jeannette ch\u00e9rie, J&rsquo;ai vu tout \u00e0 l&rsquo;heure le pasteur qui me rapporte votre conversation. Il parait que tu te fais du souci parce que le Minist\u00e8re de la J. t\u00e2cherait de pr\u00e9cipiter l&rsquo;affaire &hellip; <a href=\"https:\/\/monperejeanmamy.fr\/?page_id=2846\">Continuer la lecture <span class=\"meta-nav\">&rarr;<\/span><\/a><\/p>\n","protected":false},"author":2,"featured_media":11,"parent":0,"menu_order":0,"comment_status":"closed","ping_status":"closed","template":"","meta":[],"folder":[],"_links":{"self":[{"href":"https:\/\/monperejeanmamy.fr\/index.php?rest_route=\/wp\/v2\/pages\/2846"}],"collection":[{"href":"https:\/\/monperejeanmamy.fr\/index.php?rest_route=\/wp\/v2\/pages"}],"about":[{"href":"https:\/\/monperejeanmamy.fr\/index.php?rest_route=\/wp\/v2\/types\/page"}],"author":[{"embeddable":true,"href":"https:\/\/monperejeanmamy.fr\/index.php?rest_route=\/wp\/v2\/users\/2"}],"replies":[{"embeddable":true,"href":"https:\/\/monperejeanmamy.fr\/index.php?rest_route=%2Fwp%2Fv2%2Fcomments&post=2846"}],"version-history":[{"count":5,"href":"https:\/\/monperejeanmamy.fr\/index.php?rest_route=\/wp\/v2\/pages\/2846\/revisions"}],"predecessor-version":[{"id":3366,"href":"https:\/\/monperejeanmamy.fr\/index.php?rest_route=\/wp\/v2\/pages\/2846\/revisions\/3366"}],"wp:featuredmedia":[{"embeddable":true,"href":"https:\/\/monperejeanmamy.fr\/index.php?rest_route=\/wp\/v2\/media\/11"}],"wp:attachment":[{"href":"https:\/\/monperejeanmamy.fr\/index.php?rest_route=%2Fwp%2Fv2%2Fmedia&parent=2846"}],"wp:term":[{"taxonomy":"folder","embeddable":true,"href":"https:\/\/monperejeanmamy.fr\/index.php?rest_route=%2Fwp%2Fv2%2Ffolder&post=2846"}],"curies":[{"name":"wp","href":"https:\/\/api.w.org\/{rel}","templated":true}]}}