{"id":2848,"date":"2021-05-19T10:11:39","date_gmt":"2021-05-19T08:11:39","guid":{"rendered":"http:\/\/monperejeanmamy.fr\/?page_id=2848"},"modified":"2024-11-04T16:58:25","modified_gmt":"2024-11-04T15:58:25","slug":"jm-a-jr-fresnes-49-01-16","status":"publish","type":"page","link":"https:\/\/monperejeanmamy.fr\/?page_id=2848","title":{"rendered":"JM \u00e0 JR (Fresnes 49\/01\/16)"},"content":{"rendered":"<p><strong>\u00a0<\/strong><a href=\"http:\/\/monperejeanmamy.fr\/?page_id=2840\"><img loading=\"lazy\" class=\"wp-image-1352 alignleft\" src=\"http:\/\/monperejeanmamy.fr\/wp-content\/uploads\/2021\/03\/Lettre-precedente.jpg\" alt=\"\" width=\"143\" height=\"78\" \/><\/a><a href=\"http:\/\/monperejeanmamy.fr\/?page_id=2846\"><img loading=\"lazy\" class=\"alignright wp-image-1353\" src=\"http:\/\/monperejeanmamy.fr\/wp-content\/uploads\/2021\/03\/Lettre-suivante.jpg\" alt=\"\" width=\"139\" height=\"76\" \/><\/a><\/p>\n<p style=\"text-align: center;\"><strong>Dimanche 16 janvier 1949<br \/>\n<\/strong><\/p>\n<p style=\"text-align: center;\">Ma Jeannette ch\u00e9rie,<\/p>\n<p style=\"text-align: justify;\">Bien re\u00e7u hier soir ta lettre du 13. Je vois que la correspondance marche vite pour nous. Peut-\u00eatre aussi ne sommes-nous plus beaucoup \u00e0 \u00eatre v\u00e9rifi\u00e9s (les politiques deviennent rares. C&rsquo;est vraiment la fin de l&rsquo;\u00c9puration). Mais cette fin est encore mouvement\u00e9e. Hier soir un nouveau camarade, Hulot, est venu nous rejoindre, et l&rsquo;on en pr\u00e9voit encore pas mal. Les grosses affaires ne sont pas toutes pass\u00e9es.<\/p>\n<p style=\"text-align: justify;\">Comme tu dois le savoir (je l&rsquo;ai appris par les journaux) le pourvoi en cassation est rejet\u00e9. J&rsquo;attends qu&rsquo;on me le signifie, ou que l&rsquo;on en pr\u00e9vienne Leroy. Passe-lui imm\u00e9diatement un coup de fil \u00e0 ce sujet : je l&rsquo;attends peut-\u00eatre aujourd&rsquo;hui ou dans la semaine, mais n&rsquo;ayant rien de press\u00e9 \u00e0 lui dire sauf ceci, j&rsquo;aime mieux que ce soit toi qui fasses la commission. Le dossier va donc partir chez les \u00ab gracieux \u00bb pour la bonne d\u00e9cision. On me dit ici que cette d\u00e9cision ne compte gu\u00e8re, et que pour des \u00ab politiques \u00bb importants (il parait que j&rsquo;en suis) c&rsquo;est le pr\u00e9sident lui-m\u00eame qui d\u00e9cide. Vois donc si tu peux faire qq chose de ce c\u00f4t\u00e9-l\u00e0 (auquel cas tu en avertiras Leroy). Que t&rsquo;a dit Flo. ? Que pense-t-il ? Je crois toujours qu&rsquo;il ne faut pas \u00eatre press\u00e9. Maintenant on peut se tromper.<\/p>\n<p style=\"text-align: justify;\">Pourquoi es-tu gripp\u00e9e ? Totalement inutile. Du reste, tu n&rsquo;es plus gripp\u00e9e.<\/p>\n<h1 style=\"text-align: justify;\"><span style=\"text-decoration: underline;\">19h.<\/span><\/h1>\n<p style=\"text-align: justify;\">Fort bien travaill\u00e9 aujourd&rsquo;hui sur 3<sup>\u00e8me<\/sup> acte. Je peux avoir fini la pi\u00e8ce mercredi, et commencer \u00e0 recopier. D&rsquo;ici la fin du mois elle sera compl\u00e8tement au point. L&rsquo;action se passe dans une famille am\u00e9ricaine. Sorte de trag\u00e9die antique sous marque moderne. Je fais s&rsquo;affronter les personnes volubilement. Drame int\u00e9rieur puissant. Un crime a \u00e9t\u00e9 commis. On conna\u00eet l&rsquo;assassin. C&rsquo;est le grand-p\u00e8re, chef de famille, qui a tu\u00e9 sa femme. Il explique cyniquement pourquoi. A la fin, il meurt. La petite fille de 17 ans deviendra le chef de cette famille d\u00e9sax\u00e9e. C&rsquo;est elle qui m\u00e8ne tout le jeu d\u00e8s le d\u00e9but. 9 personnages. On tourne en rond autour du spectre (qui revient au 2<sup>\u00e8me<\/sup> acte). Un seul d\u00e9cor. Tout le drame est dans les mots.<\/p>\n<p style=\"text-align: justify;\">Pour ton sc\u00e9nario second Empire, j&rsquo;y ai pens\u00e9 un peu. Voila je crois un th\u00e8me d&rsquo;action. Deux jeunes gens (homme et fille) de fort bonne famille (ne se connaissant pas) \u00e9prouvent l&rsquo;un et l&rsquo;autre le go\u00fbt de l&rsquo;aventure cin\u00e9matographique. Ils s&rsquo;engagent pour quelques jours dans la figuration d&rsquo;un film \u00e0 costumes (valses, etc&#8230;). Ils font connaissance, mais se pr\u00e9sentent sous de fausses identit\u00e9s (beaucoup plus modestes qu&rsquo;en r\u00e9alit\u00e9). Donc quiproquo. Jalousie. Rupture. Brouille. Renouveau du flirt. Re-quiproquos. Toujours pas connus l&rsquo;un de l&rsquo;autre, sauf vers la fin o\u00f9 pour se retrouver ils cherchent \u00e0 nouveau l&rsquo;aventure. Studio (Re-valses, Re-uniformes). Puis naturellement mariage. La com\u00e9die classique italienne exploit\u00e9e par tous les bons auteurs. Voil\u00e0 un bon film. Naturellement, \u00e0 c\u00f4t\u00e9 du couple sentimental, le couple comique, les sc\u00e8nes parisiennes de studio avec silhouettes pittoresques, etc&#8230;<\/p>\n<p style=\"text-align: justify;\">Veux-tu voir si le sujet a d\u00e9j\u00e0 \u00e9t\u00e9 abord\u00e9. Comment le savoir ? Renseigne-toi.<\/p>\n<p style=\"text-align: justify;\">(A l&rsquo;int\u00e9rieur du sc\u00e9nario des tas de gags. Ils se bluffent perp\u00e9tuellement, louent des acteurs pour jouer des fausses m\u00e8res, des parrains etc&#8230; Au centre, un impresario impayable. Tous les personnages sympathiques. Pas de laideur&#8230;).<\/p>\n<p style=\"text-align: justify;\">Voil\u00e0 ! Le film doit finir par un bal masqu\u00e9 (romantique 2<sup>\u00e8me<\/sup> Empire) chez l&rsquo;un d&rsquo;eux, dans la haute st\u00e9 parisienne. Apr\u00e8s 2<sup>\u00e8me<\/sup> studio. Donc m\u00e9lange de chaque studio et de r\u00e9alit\u00e9 ; une grande com\u00e9die bon enfant.<\/p>\n<p style=\"text-align: justify;\">Tu vois qu&rsquo;on y pense. Si tu veux quelque chose de plus dramatique&#8230;<\/p>\n<p style=\"text-align: justify;\">Pour notre grand bonheur \u00e0 Tahiti, il est tout pr\u00eat. Il ne suffit que de partir. Nous voila au mieux avec le Pacifique (quel beau nom !). Voila qui nous changera des prisons europ\u00e9ennes. Il parait que l&rsquo;opinion publique change tr\u00e8s vite \u00e0 notre sujet. On ne nous accable plus autant \u2014\u00e0 mesure qu&rsquo;appara\u00eet in\u00e9vitable dans un avenir fort prochain l&rsquo;alliance militaire franco-allemande. Sous le signe anglo-am\u00e9ricain. Voila o\u00f9 nous en sommes. C&rsquo;est assez rigolo. Pour l&rsquo;instant, il nous faut encore durer un peu.<\/p>\n<p style=\"text-align: justify;\">Fais-moi dire par Leroy tout ce qui se passe. J&rsquo;esp\u00e8re que mercredi tu verras le petit bonhomme. Donne-lui le m\u00eame bonjour que la derni\u00e8re fois (moins sucr\u00e9). Ne manque pas de lui parler de la Suisse \u2014et aussi des nouvelles du matin\u2014 Dis-lui tous les secrets (mais tu n&rsquo;en as pas).<\/p>\n<p style=\"text-align: justify;\">Si je passe les doigts dans tes cheveux, es-tu heureuse ? Alors sois-le. Je voudrais que tu le sois toujours. Tu es bien gentille de me dire de si jolies choses. Voila qui va me rendre orgueilleux. Moi qui d\u00e9sesp\u00e9rais de pouvoir \u00eatre aim\u00e9 pour moi-m\u00eame ! Tu contredis toutes mes craintes. Serais-je int\u00e9ressant ?<\/p>\n<p style=\"text-align: justify;\">Voila pour ce soir. C&rsquo;est \u00e0 dire que tout ce qui n&rsquo;est pas enferm\u00e9 dans les mots de cette missive s&rsquo;envole par la fen\u00eatre. Et nous n&rsquo;en sommes plus l\u00e0. Il suffit que je pense \u00e0 toi pour que tu t&rsquo;en aper\u00e7oives \u00e0 la simple tranquillit\u00e9 qui te prot\u00e8ge. Plus de soucis. Nous irons jusqu&rsquo;au bout du monde, la main dans la main.<\/p>\n<p style=\"text-align: justify;\">Mes gros baisers.<\/p>\n<p style=\"text-align: justify;\">J.<\/p>\n","protected":false},"excerpt":{"rendered":"<p>\u00a0 Dimanche 16 janvier 1949 Ma Jeannette ch\u00e9rie, Bien re\u00e7u hier soir ta lettre du 13. Je vois que la correspondance marche vite pour nous. Peut-\u00eatre aussi ne sommes-nous plus beaucoup \u00e0 \u00eatre v\u00e9rifi\u00e9s (les politiques deviennent rares. C&rsquo;est vraiment &hellip; <a href=\"https:\/\/monperejeanmamy.fr\/?page_id=2848\">Continuer la lecture <span class=\"meta-nav\">&rarr;<\/span><\/a><\/p>\n","protected":false},"author":2,"featured_media":11,"parent":0,"menu_order":0,"comment_status":"closed","ping_status":"closed","template":"","meta":[],"folder":[],"_links":{"self":[{"href":"https:\/\/monperejeanmamy.fr\/index.php?rest_route=\/wp\/v2\/pages\/2848"}],"collection":[{"href":"https:\/\/monperejeanmamy.fr\/index.php?rest_route=\/wp\/v2\/pages"}],"about":[{"href":"https:\/\/monperejeanmamy.fr\/index.php?rest_route=\/wp\/v2\/types\/page"}],"author":[{"embeddable":true,"href":"https:\/\/monperejeanmamy.fr\/index.php?rest_route=\/wp\/v2\/users\/2"}],"replies":[{"embeddable":true,"href":"https:\/\/monperejeanmamy.fr\/index.php?rest_route=%2Fwp%2Fv2%2Fcomments&post=2848"}],"version-history":[{"count":5,"href":"https:\/\/monperejeanmamy.fr\/index.php?rest_route=\/wp\/v2\/pages\/2848\/revisions"}],"predecessor-version":[{"id":3365,"href":"https:\/\/monperejeanmamy.fr\/index.php?rest_route=\/wp\/v2\/pages\/2848\/revisions\/3365"}],"wp:featuredmedia":[{"embeddable":true,"href":"https:\/\/monperejeanmamy.fr\/index.php?rest_route=\/wp\/v2\/media\/11"}],"wp:attachment":[{"href":"https:\/\/monperejeanmamy.fr\/index.php?rest_route=%2Fwp%2Fv2%2Fmedia&parent=2848"}],"wp:term":[{"taxonomy":"folder","embeddable":true,"href":"https:\/\/monperejeanmamy.fr\/index.php?rest_route=%2Fwp%2Fv2%2Ffolder&post=2848"}],"curies":[{"name":"wp","href":"https:\/\/api.w.org\/{rel}","templated":true}]}}