{"id":2860,"date":"2021-05-19T10:58:13","date_gmt":"2021-05-19T08:58:13","guid":{"rendered":"http:\/\/monperejeanmamy.fr\/?page_id=2860"},"modified":"2024-11-04T17:20:10","modified_gmt":"2024-11-04T16:20:10","slug":"jm-a-jr-fresnes-49-01-29","status":"publish","type":"page","link":"https:\/\/monperejeanmamy.fr\/?page_id=2860","title":{"rendered":"JM \u00e0 JR (Fresnes 49\/01\/29)"},"content":{"rendered":"<p><strong>\u00a0<\/strong><a href=\"http:\/\/monperejeanmamy.fr\/?page_id=2855\"><img loading=\"lazy\" class=\"wp-image-1352 alignleft\" src=\"http:\/\/monperejeanmamy.fr\/wp-content\/uploads\/2021\/03\/Lettre-precedente.jpg\" alt=\"\" width=\"143\" height=\"78\" \/><\/a><a href=\"http:\/\/monperejeanmamy.fr\/?page_id=2864\"><img loading=\"lazy\" class=\"alignright wp-image-1353\" src=\"http:\/\/monperejeanmamy.fr\/wp-content\/uploads\/2021\/03\/Lettre-suivante.jpg\" alt=\"\" width=\"139\" height=\"76\" \/><\/a><\/p>\n<p style=\"text-align: center;\"><strong>Vendredi 28 janvier 1949<br \/>\n<\/strong><\/p>\n<p style=\"text-align: center;\">Ma ch\u00e9rie,<\/p>\n<p style=\"text-align: justify;\">Je viens de recevoir ta lettre de mercredi me donnant les nouvelles exactes. Voici donc qui met au point les racontars. Tu sais, je suis devenu d&rsquo;une telle trempe que rien ne m&rsquo;influence plus. Je sais qu&rsquo;au minist\u00e8re de la Justice, on consid\u00e8re le dossier comme tr\u00e8s noir, mais je crois que la personne qui a donn\u00e9 le tuyau tient ses renseignements de mes propres t\u00e9moins \u00e0 charge. Il semble bien qu&rsquo;il y ait l\u00e0 intervention, ou sinon, l\u00e9g\u00e8re pression \u2014atmosph\u00e8re cr\u00e9\u00e9e, etc&#8230; J&rsquo;\u00e9cris \u00e0 Leroy ce soir pour lui signaler le fait et je commence \u00e0 remonter dans son esprit la propagande qui a \u00e9t\u00e9 faite par un certain groupe particuli\u00e8rement acharn\u00e9. J&rsquo;en ai assez de jouer les Don Quichotte, parfaitement loyaux&#8230; et patati patata, en face de purs et simples assassins dont les actes purement politiques ne tendaient qu&rsquo;\u00e0 r\u00e9duire la France aux dimensions d&rsquo;un cerveau de comitard <a href=\"#_ftn1\" name=\"_ftnref1\">[1]<\/a>. On commence peu \u00e0 peu \u00e0 voir clair. Je n&rsquo;aime pas ceux qui veulent fausser la balance d&rsquo;une justice d\u00e9j\u00e0 trop sensible aux influences et pr\u00e9tendent exercer leur loi personnelle.<\/p>\n<p style=\"text-align: justify;\">Sur ce, je t&rsquo;affirme ma plus parfaite tranquillit\u00e9. Je vois que les choses ont l&rsquo;air de se d\u00e9rouler normalement. Le plus important est d&rsquo;obtenir une enqu\u00eate. Maintenant, tu es mieux plac\u00e9e que moi pour savoir ce qui se passe. Peut-\u00eatre les choses iront-elles plus vite. Il me semble que plusieurs proc\u00e8s vont nous faire du bien \u2014celui de Kravchenko <a href=\"#_ftn2\" name=\"_ftnref2\">[2]<\/a>\u2014 et d&rsquo;autres que tu verras se d\u00e9rouler le mois prochain.<\/p>\n<p style=\"text-align: justify;\">J&rsquo;ai vu le pasteur aujourd&rsquo;hui. Il m&rsquo;a dit que tu \u00e9tais beaucoup plus calme et rassur\u00e9e. Voila qui va bien. Je commence \u00e0 comprendre ce qui s&rsquo;est pass\u00e9.<\/p>\n<p style=\"text-align: justify;\">De Leroy, pas de nouvelles. Je l&rsquo;attends. Qu&rsquo;il travaille !<\/p>\n<p style=\"text-align: justify;\">A la cantine ici nous pouvons acheter tout (viande, pain d&rsquo;\u00e9pice, figues, etc&#8230;) sauf les marchandises contingent\u00e9es (caf\u00e9, chocolat. C&rsquo;est le caf\u00e9 qui manque le plus ! Mais on fait contre mauvaise fortune bon c\u0153ur). Figure-toi que j&rsquo;ai voulu acheter un kg de noix. Il n&rsquo;y en avait pas au march\u00e9. On m&rsquo;a apport\u00e9 1 kg de noisettes. Je suis tomb\u00e9 sur mon s\u00e9ant quand j&rsquo;ai vu le prix: 300 frs !!! Je comprends que la R\u00e9publique soit en danger.<\/p>\n<p style=\"text-align: justify;\">Ne t&rsquo;inqui\u00e8te en rien pour l&rsquo;argent. Ce n&rsquo;est pas pour cela qu&rsquo;il faut augmenter tes envois. J&rsquo;ai encore une petite marge.<\/p>\n<p style=\"text-align: justify;\">A partir de demain matin, j&rsquo;envisage un nouveau travail. Quelques heures de repos entre les deux pour passer d&rsquo;une id\u00e9e \u00e0 l&rsquo;autre.<\/p>\n<p style=\"text-align: justify;\">Je voudrais que tu rentres en relations avec Mr Mousset qui me visite depuis plus d&rsquo;un an. Tu sais que le pasteur Arbrousset peut \u00eatre utile, mais ce n&rsquo;est pas le repr\u00e9sentant de ma religion. Je ne suis pas protestant mais scientiste chr\u00e9tien. Si le pasteur veut t&rsquo;aider, il peut le faire \u00e0 titre personnel. Mais celui qui doit officiellement intervenir s&rsquo;il y a lieu en mon nom est mon praticien (c&rsquo;est ainsi qu&rsquo;on le nomme). Ma m\u00e8re te donnera son adresse et son t\u00e9l\u00e9phone. Je le verrai \u00e0 nouveau lundi (Je lui dirai m\u00eame de te t\u00e9l\u00e9phoner) et tu pourras peut-\u00eatre avec lui envisager quelque chose. (Tu sais que j&rsquo;appartiens \u00e0 l&rsquo;Eglise M\u00e8re de Boston depuis 1938. Ce peut \u00eatre une r\u00e9f\u00e9rence). Donc attends toi de ce c\u00f4t\u00e9 l\u00e0 \u00e0 un appui possible (appui beaucoup plus moral que pratique \u2014mais tr\u00e8s important. Il importe de dissiper la mauvaise impression qui semble peser sur moi. Il faut me pr\u00e9senter sous mon vrai jour. Mousset t&rsquo;y aidera).<\/p>\n<p style=\"text-align: justify;\">Voila pour ce soir, ma petite fille. Tu vois donc que tout va pour le mieux. Faisons tous, chacun de notre c\u00f4t\u00e9, nos efforts. Et nous arriverons \u00e0 repousser la haine, le bas esprit de vengeance, la violence, les petitesses de ceux qui croient que construire un pays, c&rsquo;est pi\u00e9tiner ses adversaires politiques, et faire passer tout le peuple par le trou de serrure de son propre point de vue. Je ne me suis jamais trouv\u00e9 en pr\u00e9sence d&rsquo;autant de petitesse, d&rsquo;un tel manque d&rsquo;intelligence. Aucune conception d&rsquo;envergure, des rages locales, du chauvinisme imb\u00e9cile, de l&rsquo;exaltation sordide qui trouve sa r\u00e9jouissance dans le d\u00e9fil\u00e9 d&rsquo;une fanfare de quartier (c&rsquo;est en pensant au personnage qui essaie de manipuler la justice contre moi que j&rsquo;\u00e9cris \u00e7a. Je les connais bien, ces malheureux ! S&rsquo;ils savaient ! Mais ils ne peuvent pas comprendre ce qu&rsquo;ils font).<\/p>\n<p style=\"text-align: justify;\">Je t&#8217;embrasse avec joie. Mes gros gros baisers, ma fille ch\u00e9rie. A bient\u00f4t te lire.<\/p>\n<p style=\"text-align: justify;\">J.<\/p>\n<p style=\"text-align: justify;\"><a href=\"#_ftnref1\" name=\"_ftn1\">[1]<\/a> Comitard\u00a0: subst. masc., p\u00e9j., fam. Membre d&rsquo;un comit\u00e9 d&rsquo;un parti politique (note de FGR)<br \/>\n<a href=\"#_ftnref2\" name=\"_ftn2\">[2]<\/a> Le 24 janvier 1949, s&rsquo;ouvrait \u00e0 Paris un des plus retentissants proc\u00e8s de l&rsquo;apr\u00e8s-guerre, intent\u00e9 par Victor Andre\u00efevitch Kravchenko, un ancien haut-fonctionnaire sovi\u00e9tique r\u00e9fugi\u00e9 aux \u00c9tats-Unis, contre l&rsquo;hebdomadaire communiste <em>Les Lettres fran\u00e7aises<\/em>. L&rsquo;affaire a pour origine un article publi\u00e9 par l&rsquo;hebdomadaire, le 13 novembre 1947, intitul\u00e9 <em>Comment fut fabriqu\u00e9 Kravchenko<\/em>, qui pr\u00e9sentait le transfuge comme un <img loading=\"lazy\" class=\"alignright size-medium wp-image-2867\" src=\"http:\/\/monperejeanmamy.fr\/wp-content\/uploads\/2021\/05\/Kravchenko-198x300.jpg\" alt=\"\" width=\"198\" height=\"300\" srcset=\"https:\/\/monperejeanmamy.fr\/wp-content\/uploads\/2021\/05\/Kravchenko-198x300.jpg 198w, https:\/\/monperejeanmamy.fr\/wp-content\/uploads\/2021\/05\/Kravchenko.jpg 381w\" sizes=\"(max-width: 198px) 100vw, 198px\" \/>petit fonctionnaire, recrut\u00e9 par les services secrets am\u00e9ricains, et incapable d&rsquo;avoir \u00e9crit son livre <em>J&rsquo;ai choisi la libert\u00e9<\/em>. Deux autres articles, tout aussi insultants, conduisent Kravchenko \u00e0 engager un proc\u00e8s en diffamation contre la revue. R\u00e9quisitoire implacable contre le r\u00e9gime stalinien, <em>J&rsquo;ai choisi la libert\u00e9<\/em>, l&rsquo;ouvrage de l&rsquo;ex-apparatchik d\u00e9non\u00e7ait la mis\u00e8re g\u00e9n\u00e9ralis\u00e9e et l&rsquo;existence de camps de concentration en URSS, 25 ans avant <em>l&rsquo;Archipel du Goulag<\/em> d&rsquo;Alexandre Soljenitsyne. Paru en traduction fran\u00e7aise en 1947, son succ\u00e8s est foudroyant: 503.000 exemplaires sont vendus en France! Kravchenko gagne son proc\u00e8s mais l&rsquo;affaire, au del\u00e0 de la v\u00e9rit\u00e9 juridique, devient, en pr\u00e9sence de 400 journalistes, le th\u00e9\u00e2tre d&rsquo;un affrontement politique domin\u00e9, sur fond de guerre froide, par le parti communiste et les intellectuels de gauche. Totalement solidaires de Moscou, ces derniers, de Roger Garaudy \u00e0 Vercors en passant par Pierre Cot et Fr\u00e9d\u00e9ric Joliot-Curie, t\u00e9moignent en faveur de l&rsquo;hebdomadaire. Tous \u00e9voquent leur propre exp\u00e9rience de la \u00ab\u00a0patrie du socialisme\u00a0\u00bb et condamnent unanimement l&rsquo;ouvrage de Kravchenko. On fait m\u00eame venir l&rsquo;ex-\u00e9pouse du plaignant, Zinada Gorlova, qui le traite de \u00ab\u00a0menteur\u00a0\u00bb et \u00ab\u00a0d&rsquo;hypocrite\u00a0\u00bb. Kravchenko appelle \u00e0 la barre des anciens d\u00e9port\u00e9s, dont Margaret Buber-Neumann, \u00e9pouse du dirigeant communiste allemand Heinz Neumann, incarc\u00e9r\u00e9e par Staline dans un camp au Kazakhstan, avant d&rsquo;\u00eatre livr\u00e9e aux SS en 1940, puis envoy\u00e9e \u00e0 Ravensbruck. Elle a pass\u00e9 trois ans dans un camp sovi\u00e9tique: \u00ab\u00a0pas de muraille, on vit dans la steppe. L&rsquo;\u00e9vasion est impossible. Les troupes mont\u00e9es du NKVD (ex-KGB) la parcourent\u00a0\u00bb, explique-t-elle. R\u00e9ponse de Ma\u00eetre Blumel, seul avocat non communiste \u00e0 d\u00e9fendre <em>Les Lettres fran\u00e7aises<\/em>: \u00ab\u00a0Ce n&rsquo;est pas un camp. Cela s&rsquo;appellerait en France une r\u00e9sidence forc\u00e9e\u00a0\u00bb. Le 4 avril 1949, <em>Les Lettres fran\u00e7aises<\/em>, n&rsquo;ayant pu prouver que Kravchenko n&rsquo;\u00e9tait pas l&rsquo;auteur de son livre, sont condamn\u00e9es \u00e0 trois fois 50.000 francs de l&rsquo;\u00e9poque, de dommages et int\u00e9r\u00eats, r\u00e9duits au franc symbolique en appel. Dans ses attendus, le pr\u00e9sident Durkheim n&rsquo;h\u00e9site pas \u00e0 rappeler que les condamn\u00e9s \u00e9taient des \u00ab\u00a0r\u00e9sistants et des patriotes\u00a0\u00bb, et que le requ\u00e9rant, lui, \u00ab\u00a0a cru devoir abandonner son pays en pleine guerre\u00a0\u00bb. Le 25 f\u00e9vrier 1966, un d\u00e9nomm\u00e9 Peter Martin, qui affirmait \u00eatre menac\u00e9 de mort par des agents sovi\u00e9tiques, se suicide aux \u00c9tats-Unis. C&rsquo;\u00e9tait Kravchenko. (note de FGR)<\/p>\n","protected":false},"excerpt":{"rendered":"<p>\u00a0 Vendredi 28 janvier 1949 Ma ch\u00e9rie, Je viens de recevoir ta lettre de mercredi me donnant les nouvelles exactes. Voici donc qui met au point les racontars. Tu sais, je suis devenu d&rsquo;une telle trempe que rien ne m&rsquo;influence &hellip; <a href=\"https:\/\/monperejeanmamy.fr\/?page_id=2860\">Continuer la lecture <span class=\"meta-nav\">&rarr;<\/span><\/a><\/p>\n","protected":false},"author":2,"featured_media":11,"parent":0,"menu_order":0,"comment_status":"closed","ping_status":"closed","template":"","meta":[],"folder":[],"_links":{"self":[{"href":"https:\/\/monperejeanmamy.fr\/index.php?rest_route=\/wp\/v2\/pages\/2860"}],"collection":[{"href":"https:\/\/monperejeanmamy.fr\/index.php?rest_route=\/wp\/v2\/pages"}],"about":[{"href":"https:\/\/monperejeanmamy.fr\/index.php?rest_route=\/wp\/v2\/types\/page"}],"author":[{"embeddable":true,"href":"https:\/\/monperejeanmamy.fr\/index.php?rest_route=\/wp\/v2\/users\/2"}],"replies":[{"embeddable":true,"href":"https:\/\/monperejeanmamy.fr\/index.php?rest_route=%2Fwp%2Fv2%2Fcomments&post=2860"}],"version-history":[{"count":5,"href":"https:\/\/monperejeanmamy.fr\/index.php?rest_route=\/wp\/v2\/pages\/2860\/revisions"}],"predecessor-version":[{"id":3368,"href":"https:\/\/monperejeanmamy.fr\/index.php?rest_route=\/wp\/v2\/pages\/2860\/revisions\/3368"}],"wp:featuredmedia":[{"embeddable":true,"href":"https:\/\/monperejeanmamy.fr\/index.php?rest_route=\/wp\/v2\/media\/11"}],"wp:attachment":[{"href":"https:\/\/monperejeanmamy.fr\/index.php?rest_route=%2Fwp%2Fv2%2Fmedia&parent=2860"}],"wp:term":[{"taxonomy":"folder","embeddable":true,"href":"https:\/\/monperejeanmamy.fr\/index.php?rest_route=%2Fwp%2Fv2%2Ffolder&post=2860"}],"curies":[{"name":"wp","href":"https:\/\/api.w.org\/{rel}","templated":true}]}}