{"id":2864,"date":"2021-05-19T11:04:28","date_gmt":"2021-05-19T09:04:28","guid":{"rendered":"http:\/\/monperejeanmamy.fr\/?page_id=2864"},"modified":"2024-11-04T17:44:10","modified_gmt":"2024-11-04T16:44:10","slug":"jm-a-jr-fresnes-49-02-03","status":"publish","type":"page","link":"https:\/\/monperejeanmamy.fr\/?page_id=2864","title":{"rendered":"JM \u00e0 JR (Fresnes 49\/02\/03)"},"content":{"rendered":"<p><strong>\u00a0<\/strong><a href=\"http:\/\/monperejeanmamy.fr\/?page_id=2860\"><img loading=\"lazy\" class=\"wp-image-1352 alignleft\" src=\"http:\/\/monperejeanmamy.fr\/wp-content\/uploads\/2021\/03\/Lettre-precedente.jpg\" alt=\"\" width=\"143\" height=\"78\" \/><\/a><a href=\"http:\/\/monperejeanmamy.fr\/?page_id=2869\"><img loading=\"lazy\" class=\"alignright wp-image-1353\" src=\"http:\/\/monperejeanmamy.fr\/wp-content\/uploads\/2021\/03\/Lettre-suivante.jpg\" alt=\"\" width=\"139\" height=\"76\" \/><\/a><\/p>\n<p style=\"text-align: center;\"><strong>Jeudi 3 f\u00e9vrier 1949<br \/>\n<\/strong><\/p>\n<p style=\"text-align: center;\">Ma ch\u00e9rie,<\/p>\n<p style=\"text-align: justify;\">J&rsquo;ai bien re\u00e7u ta lettre de mardi. Ai vu Leroy hier. Il m&rsquo;a dit toutes les bonnes nouvelles. Je crois que tu agis au mieux. On ne peut pas faire davantage. Je lui mets un mot par m\u00eame courrier pour te donner des indications suppl\u00e9mentaires. Vois-le au re\u00e7u de cette lettre. Tu es plus que d\u00e9vou\u00e9e. Tu es l&rsquo;amour lui-m\u00eame (Je t\u00e2cherai de m\u00e9riter qu&rsquo;on m&rsquo;aime ainsi).<\/p>\n<p style=\"text-align: justify;\">Pour Mousset, il n&rsquo;est pas question de S.C. pour toi, mais de relations personnelles. Exactement comme avec le petit bonhomme. Car c&rsquo;est lui qui le remplacera. Donc, vois.<\/p>\n<p style=\"text-align: justify;\">Je travaille. Leroy a d\u00fb te dire et te montrer beaucoup de choses, c. \u00e0 d. une. J&rsquo;ai fait des compliments de toi \u00e0 G\u00e9ranton (qui dans toutes ses lettres me taquine \u00e0 propos de ma vieille misogynie. Il pr\u00e9tend que j&rsquo;ai tort. Moi je dis que j&rsquo;ai raison. Et qu&rsquo;il y a des exceptions. La vie n&rsquo;est qu&rsquo;exceptionnelle. Le bonheur aussi. Et puis j&rsquo;aime la raret\u00e9. Il me faut des descendances princi\u00e8res. L&rsquo;histoire du Sultan me plait beaucoup. Tr\u00e8s utile).<\/p>\n<p style=\"text-align: justify;\">Pour les honoraires, fais ce que tu veux. Tout ce que tu fais est tr\u00e8s bien. Mais j&rsquo;\u00e9cris \u00e0 ma m\u00e8re d&rsquo;autre part, pour que de son c\u00f4t\u00e9 on en fasse autant. Je te dirai le r\u00e9sultat. En aucun cas il faut que tu supportes seule le poids de l&rsquo;aventure. Dans quelque temps, quand tout sera fini, je te demanderai peut-\u00eatre davantage. Plus nous irons, plus nous isolerons nos affaires (As-tu r\u00e9cup\u00e9r\u00e9 EdR. ?).<\/p>\n<p style=\"text-align: justify;\">Naturellement, j&#8217;embrasse le Fr\u00e9d\u00e9ric. Je le mange. C&rsquo;est un dieu.<\/p>\n<p style=\"text-align: justify;\">Pourquoi reproches-tu \u00e0 mes lettres d&rsquo;\u00eatre moins aimables ? Loin de l\u00e0. Mais le froid \u00e9tait si vif que je n&rsquo;arrivais plus \u00e0 \u00e9crire. Je suis entortill\u00e9 dans des couvertures, couvert de laine par-dessus les oreilles et je m&rsquo;abreuve de th\u00e9. Ainsi l&rsquo;on peut tenir. Je lis trois bouquins par jour. Mon lit est tr\u00e8s mauvais. Tout est humide. Les matelas sont tremp\u00e9s. Cinqui\u00e8me hiver sans feu. Et celui \u00e0 un \u00e9tage d\u00e9plorable. Mais l&rsquo;humeur reste patiente. On ne r\u00e9ussira pas \u00e0 \u00e9branler notre m\u00e9taphysique joie.<\/p>\n<p style=\"text-align: justify;\">Au pr\u00e9au, nous avons de grandes conversations litt\u00e9raires. Tout y d\u00e9file : la po\u00e9sie, le th\u00e9\u00e2tre, l&rsquo;histoire, les anecdotes. On me parlait tout \u00e0 l&rsquo;heure du dernier bouquin d&rsquo;Albert Paraz (<em>la correspondance avec C\u00e9line<\/em>). Tu as lu \u00e7a toi ? Il parait que c&rsquo;est tr\u00e8s bien. Qu&rsquo;est-ce que c&rsquo;est que ce canard qui s&rsquo;appelle l&rsquo;<em>Ind\u00e9pendance fran\u00e7aise <\/em>? Connais pas.<\/p>\n<p style=\"text-align: justify;\">T&rsquo;\u00e9crire des choses gentilles ? Je crois que depuis quatre ans tu as eu la valeur d&rsquo;un bon volume de lettres d&rsquo;amour. Je ne pense pas maintenant que tu sois inqui\u00e8te sur la profondeur et la grandeur, et la qualit\u00e9, et la solidit\u00e9 de mon sentiment pour toi. Tu ne veux pas de compliments personnels ? Mais peut-\u00eatre l&rsquo;assurance que je suis dans l&rsquo;euphorie consciente de notre tranquillit\u00e9. Eh oui ! J&rsquo;y suis bien. Sauf que cette tranquillit\u00e9, je la transpose sur le plan o\u00f9 il faut. La vie n&rsquo;est calme que dans le d\u00e9tachement parfait, des sentiments bas, et dans l&rsquo;acceptation d&rsquo;un amour presque parfait. Tu n&rsquo;imagines pas \u00e0 quel point tu me plais, parce que tu ne sais pas toi-m\u00eame \u00e0 quel point tu es gentille. Il n&rsquo;y a d&rsquo;affection que d\u00e9sint\u00e9ress\u00e9e. Je voudrais que tout cela soit vite fini pour qu&rsquo;on construise une vie plus int\u00e9ressante que tous ces tracas politiques. Et je suis dispos\u00e9 \u00e0 laisser \u00e0 leur place tous les filous, tous les menteurs, tous les voleurs et tous les affairistes pour me retirer tranquillement dans un coin de plan\u00e8te, o\u00f9 l&rsquo;on ne fait que chanter librement sans se soucier de la couleur du r\u00e9gime du jour. Un piano (ou pianola \u2014ou orgue), des bouquins, un commerce honn\u00eate, du papier et de l&rsquo;encre, du soleil, des cocotiers, la mer bleue, et puis surtout, puisque tu l&rsquo;offres \u2014mais je le prends vite au passage\u2014 un regard b\u00e9ni, absolument pur, o\u00f9 on lise toute la v\u00e9rit\u00e9 qui surgit au fond de l&rsquo;\u00eatre. Ce puits aux miracles.<\/p>\n<p style=\"text-align: justify;\">Je crois que la nature est d&rsquo;aimer si haut que le ciel en tremble. La mienne est de comprendre l&rsquo;\u00e9lan qu&rsquo;il faut vivifier. Tu peux me donner ces yeux sans crainte. J&rsquo;ai l&rsquo;habitude des objets purs. Tu sais avec quelle d\u00e9licatesse je soignais mes petites collections. Est-ce que tu crois que je n&rsquo;ai pas remarqu\u00e9 \u00e0 quel point tu \u00e9tais sculpt\u00e9e d&rsquo;un couteau habile. Des heures et des heures \u00e0 gratter un tableau, ou un bout de bois, ou un po\u00e8me. Les m\u00eames heures \u00e0 parfaire un compliment, \u00e0 chercher la nuance d&rsquo;un ruban de cheveu, \u00e0 trouver l&rsquo;\u00e9clair qui illuminera l&rsquo;\u0153il charg\u00e9 de d\u00e9sir. Et puis les soir\u00e9es au concert, avec les mains entrelac\u00e9es, pour happer Beethoven et Bach et Tcha\u00efkovsky, et Berlioz. La musique lave l&rsquo;esprit comme un fleuve. L&rsquo;amour aussi. L&rsquo;eau pure de cette tendresse secr\u00e8te peut sans doute t&rsquo;aider \u00e0 vivre plus l\u00e9g\u00e8re. Je te la donne comme un caillou rare. Tu sais \u00e0 quel point je suis m\u00e9fiant. Tu es la seule qui ait r\u00e9ussi \u00e0 avoir ma clef. Tu es chez moi comme chez toi. Je sais bien que tu ne viens l\u00e0 que dans un souci d&rsquo;adoration commune. On t&#8217;embrasse, c&rsquo;est \u00e0 dire qu&rsquo;on te regarde longtemps avant d&rsquo;oser te ch\u00e9rir. Puis on ose. Voil\u00e0. Toutes mes caresses tendres.<\/p>\n<p style=\"text-align: justify;\">J.<\/p>\n<p style=\"text-align: justify;\">PS. Dis \u00e0 ma m\u00e8re de me mettre 500 f de plus la semaine prochaine. Et toi itou. Pour une semaine seulement.<\/p>\n","protected":false},"excerpt":{"rendered":"<p>\u00a0 Jeudi 3 f\u00e9vrier 1949 Ma ch\u00e9rie, J&rsquo;ai bien re\u00e7u ta lettre de mardi. Ai vu Leroy hier. Il m&rsquo;a dit toutes les bonnes nouvelles. Je crois que tu agis au mieux. On ne peut pas faire davantage. Je lui &hellip; <a href=\"https:\/\/monperejeanmamy.fr\/?page_id=2864\">Continuer la lecture <span class=\"meta-nav\">&rarr;<\/span><\/a><\/p>\n","protected":false},"author":2,"featured_media":11,"parent":0,"menu_order":0,"comment_status":"closed","ping_status":"closed","template":"","meta":[],"folder":[],"_links":{"self":[{"href":"https:\/\/monperejeanmamy.fr\/index.php?rest_route=\/wp\/v2\/pages\/2864"}],"collection":[{"href":"https:\/\/monperejeanmamy.fr\/index.php?rest_route=\/wp\/v2\/pages"}],"about":[{"href":"https:\/\/monperejeanmamy.fr\/index.php?rest_route=\/wp\/v2\/types\/page"}],"author":[{"embeddable":true,"href":"https:\/\/monperejeanmamy.fr\/index.php?rest_route=\/wp\/v2\/users\/2"}],"replies":[{"embeddable":true,"href":"https:\/\/monperejeanmamy.fr\/index.php?rest_route=%2Fwp%2Fv2%2Fcomments&post=2864"}],"version-history":[{"count":5,"href":"https:\/\/monperejeanmamy.fr\/index.php?rest_route=\/wp\/v2\/pages\/2864\/revisions"}],"predecessor-version":[{"id":3369,"href":"https:\/\/monperejeanmamy.fr\/index.php?rest_route=\/wp\/v2\/pages\/2864\/revisions\/3369"}],"wp:featuredmedia":[{"embeddable":true,"href":"https:\/\/monperejeanmamy.fr\/index.php?rest_route=\/wp\/v2\/media\/11"}],"wp:attachment":[{"href":"https:\/\/monperejeanmamy.fr\/index.php?rest_route=%2Fwp%2Fv2%2Fmedia&parent=2864"}],"wp:term":[{"taxonomy":"folder","embeddable":true,"href":"https:\/\/monperejeanmamy.fr\/index.php?rest_route=%2Fwp%2Fv2%2Ffolder&post=2864"}],"curies":[{"name":"wp","href":"https:\/\/api.w.org\/{rel}","templated":true}]}}