{"id":2869,"date":"2021-05-19T11:15:54","date_gmt":"2021-05-19T09:15:54","guid":{"rendered":"http:\/\/monperejeanmamy.fr\/?page_id=2869"},"modified":"2021-05-19T11:31:39","modified_gmt":"2021-05-19T09:31:39","slug":"jm-a-jr-fresnes-49-02-07","status":"publish","type":"page","link":"https:\/\/monperejeanmamy.fr\/?page_id=2869","title":{"rendered":"JM \u00e0 JR (Fresnes 49\/02\/07)"},"content":{"rendered":"<p><strong>\u00a0<\/strong><a href=\"http:\/\/monperejeanmamy.fr\/?page_id=2864\"><img loading=\"lazy\" class=\"wp-image-1352 alignleft\" src=\"http:\/\/monperejeanmamy.fr\/wp-content\/uploads\/2021\/03\/Lettre-precedente.jpg\" alt=\"\" width=\"143\" height=\"78\" \/><\/a><a href=\"http:\/\/monperejeanmamy.fr\/?page_id=2873\"><img loading=\"lazy\" class=\"alignright wp-image-1353\" src=\"http:\/\/monperejeanmamy.fr\/wp-content\/uploads\/2021\/03\/Lettre-suivante.jpg\" alt=\"\" width=\"139\" height=\"76\" \/><\/a><\/p>\n<p style=\"text-align: center;\"><strong>Lundi 7 f\u00e9vrier 1949<br \/>\n<\/strong><\/p>\n<p style=\"text-align: center;\">Ma ch\u00e9rie,<\/p>\n<p style=\"text-align: justify;\">Pas de lettre de toi aujourd&rsquo;hui. Rien d&rsquo;anormal \u2014en g\u00e9n\u00e9ral nous avons un trou de correspondance s&rsquo;\u00e9tendant du samedi au mardi soir. J&rsquo;\u00e9cris n\u00e9anmoins parce qu&rsquo;il me fait plaisir de t&rsquo;\u00e9crire sans avoir rien \u00e0 te dire d&rsquo;autre que tout ce que je te redis depuis plus de quatre ans.<\/p>\n<p style=\"text-align: justify;\">Qui aurait dit que les choses durent aussi longtemps ! Et elles menacent de durer encore ! On n&rsquo;en voit pas la fin. Pour ceux qui sont condamn\u00e9s \u00e0 des peines s\u00e9v\u00e8res, il semble que les portes ne s&rsquo;ouvriront pas avant quelques ann\u00e9es. On parle de 1952 (renouvellement de la Chambre, etc&#8230;). Plus la situation se tend dehors, plus le gouvernement se refuse \u00e0 \u00eatre indulgent. Cette semaine, nous pr\u00e9voyons qu&rsquo;un certain nombre de nos camarades va atterrir au rez-de-chauss\u00e9e. Et ce n&rsquo;est pas fini.<\/p>\n<p style=\"text-align: justify;\">Parlons d&rsquo;autre chose. Parlons de nous. Je te suppose (je te sais) en toute tranquillit\u00e9. Je te vois courir \u00e0 droite et \u00e0 gauche pour faire d\u00e9marches. Et tout r\u00e9ussit. Leroy m&rsquo;a dit. Bonne chose. Il en viendra d&rsquo;autres. J&rsquo;esp\u00e8re que tu as pris contact avec lui. Je lui ai donn\u00e9 indications pr\u00e9cises pour certaines petites choses.<\/p>\n<p style=\"text-align: justify;\">Il me semble que maintenant l&rsquo;affaire est lanc\u00e9e. Il faut obtenir l&rsquo;enqu\u00eate d\u00e9sir\u00e9e (ou bien la solution). De toutes fa\u00e7ons, nous ne passerons pas avant fin mars-avril&#8230; etc&#8230; Pas press\u00e9.<\/p>\n<p style=\"text-align: justify;\">Il fait bougrement froid depuis quelques jours. Nous avons une couverture suppl\u00e9mentaire, mais je me r\u00e9veille quand m\u00eame avec le museau gel\u00e9. Le matin, je travaille moins bien, restant au lit une heure de plus. Tout \u00e7a nous retarde. J&rsquo;ai commenc\u00e9 une s\u00e9rie de petits tableaux litt\u00e9raires qui m&rsquo;amusent. Plus rien de politique. Et aussi je lis des romans (anglais, am\u00e9ricains, de pr\u00e9f\u00e9rence). Toujours 2 bouquins par jour.<\/p>\n<p style=\"text-align: justify;\">Et puis la Bible. Toujours la Bible. As-tu vu Mr Mousset pour les raisons que je t&rsquo;ai dites ? Enfant terrible ! Ce n&rsquo;est plus le petit bonhomme tr\u00e8s bient\u00f4t. Tu as besoin de le voir.<\/p>\n<p style=\"text-align: justify;\">J&rsquo;ai bien re\u00e7u les photos. Elles sont tr\u00e8s bien. L&rsquo;\u00e9glise est \u00e9patante. D&rsquo;un roman que j&rsquo;aime beaucoup. Le gosse est magnifique. Il a l&rsquo;air bougrement intelligent (il tient \u00e7a de sa m\u00e8re), et tr\u00e8s d\u00e9cid\u00e9. Et blond (son p\u00e8re, probablement), les yeux tr\u00e8s vifs (sa m\u00e8re), un c\u00f4t\u00e9 bouillant (son p\u00e8re) de bonne humeur (son p\u00e8re et sa m\u00e8re) aimant la bicyclette (sans aucun doute son p\u00e8re). Qu&rsquo;il m&rsquo;\u00e9crive ! Et des phrases de son cru ! Pas de dict\u00e9e !<\/p>\n<p style=\"text-align: justify;\"><img loading=\"lazy\" class=\"alignleft size-medium wp-image-2876\" src=\"http:\/\/monperejeanmamy.fr\/wp-content\/uploads\/2021\/05\/FGR19490119b-pompiers-300x176.jpg\" alt=\"\" width=\"300\" height=\"176\" srcset=\"https:\/\/monperejeanmamy.fr\/wp-content\/uploads\/2021\/05\/FGR19490119b-pompiers-300x176.jpg 300w, https:\/\/monperejeanmamy.fr\/wp-content\/uploads\/2021\/05\/FGR19490119b-pompiers-1024x601.jpg 1024w, https:\/\/monperejeanmamy.fr\/wp-content\/uploads\/2021\/05\/FGR19490119b-pompiers-768x450.jpg 768w, https:\/\/monperejeanmamy.fr\/wp-content\/uploads\/2021\/05\/FGR19490119b-pompiers-500x293.jpg 500w, https:\/\/monperejeanmamy.fr\/wp-content\/uploads\/2021\/05\/FGR19490119b-pompiers.jpg 1132w\" sizes=\"(max-width: 300px) 100vw, 300px\" \/>Pour ce qui est de sa pr\u00e9f\u00e9rence pour les pompiers, je ne vois pas dans mes souvenirs quelque chose de sp\u00e9cial. Et toi ? J&rsquo;ai eu comme tous les gosses la manie des panoplies, mais ce f\u00fbt surtout du fantassin d&rsquo;avant 14 (k\u00e9pi d&rsquo;officier, \u00e9paulettes \u2014c&rsquo;est bien d\u00e9suet, mais que c&rsquo;\u00e9tait joli\u2014 sabre, ceinturon verni). De cinq \u00e0 sept ans j&rsquo;\u00e9tais tr\u00e8s militariste. Un peu moins maintenant. Il est vrai que tout uniforme ! On lui fera une belle panoplie avec un par\u00e9o, un costume de p\u00e9cheur d&rsquo;hu\u00eetres, ou un danseur polyn\u00e9sien.<\/p>\n<p style=\"text-align: justify;\">Car c&rsquo;est d\u00e9cid\u00e9. La noix de coco, les vents aliz\u00e9s, la baie de Tahiti, le bateau \u00e0 Coprah ! la case \u00e0 Gauguin. Et notre m\u00e8re de famille nombreuse cuira du cochon de lait dans des feuilles de palme avec des cailloux rougis. Faire attention aux requins dans la baie (ils ne sont pas m\u00e9chants de ce c\u00f4t\u00e9-l\u00e0, ils ont m\u00eame peur des nageurs). Je r\u00eave d&rsquo;un aquarium aux multiples esp\u00e8ces (les poissons l\u00e0-bas sont extraordinaires : couleurs, formes&#8230;). Il n&rsquo;y a pas de serpents. Les papillons ? Je ne sais pas. Les oiseaux assez nombreux. On peut y acclimater l&rsquo;oiseau de paradis. Il y a des cochons sauvages partout. Il y a surtout l&rsquo;espace&#8230; la paix&#8230; le rire insouciant des habitants heureux de vivre, des gens qui ne pensent pas \u00e0 se d\u00e9vorer, mais qui sont affables, pas trop industrieux, d\u00e9sint\u00e9ress\u00e9s, et qui \u00e9coutent patiemment les pr\u00e9dicateurs, trouvent jolies les vieilles histoires, et s&rsquo;amusent \u00e0 danser, et \u00e0 chanter. Une vie pleine d&rsquo;images saines\u00a0!!! Pas de villes tristes ! Pas de sapeur-pompiers ! Pas de casernes ! Pas de prisons. De la mer, des plages, des montagnes, des arbres libres (150 esp\u00e8ces de bananes) et le sourire gracieux d&rsquo;un mari content.<\/p>\n<p style=\"text-align: justify;\">Parce que le sourire rend la mer plus bleue, les poissons plus vivaces, le corail plus ardent, les bananes plus m\u00fbres. Le sourire enl\u00e8ve les cha\u00eenes des hommes, gu\u00e9rit les c\u0153urs bless\u00e9s, calme l&rsquo;attente, r\u00e9conforte l&rsquo;espoir. Le sourire traverse les murs, attend les cheveux blonds sur l&rsquo;oreiller, murmure des mots sans suite. Le sourire est bon comme un pain cuit, comme une id\u00e9e sage, comme une photo tranquille. Le sourire sait baiser les yeux doucement, pour boire les larmes, pour garder la lueur au fond des prunelles vives. Le sourire t&#8217;embrasse, <u>ma<\/u> douce, et te dit qu&rsquo;il faut croire parce que la vie est grande, infinie, et que les images une fois fondues, il ne reste plus que le beau temps.<\/p>\n<p style=\"text-align: justify;\">Mille baisers.<\/p>\n<p style=\"text-align: justify;\">J.<\/p>\n","protected":false},"excerpt":{"rendered":"<p>\u00a0 Lundi 7 f\u00e9vrier 1949 Ma ch\u00e9rie, Pas de lettre de toi aujourd&rsquo;hui. Rien d&rsquo;anormal \u2014en g\u00e9n\u00e9ral nous avons un trou de correspondance s&rsquo;\u00e9tendant du samedi au mardi soir. J&rsquo;\u00e9cris n\u00e9anmoins parce qu&rsquo;il me fait plaisir de t&rsquo;\u00e9crire sans avoir &hellip; <a href=\"https:\/\/monperejeanmamy.fr\/?page_id=2869\">Continuer la lecture <span class=\"meta-nav\">&rarr;<\/span><\/a><\/p>\n","protected":false},"author":2,"featured_media":11,"parent":0,"menu_order":0,"comment_status":"closed","ping_status":"closed","template":"","meta":[],"folder":[],"_links":{"self":[{"href":"https:\/\/monperejeanmamy.fr\/index.php?rest_route=\/wp\/v2\/pages\/2869"}],"collection":[{"href":"https:\/\/monperejeanmamy.fr\/index.php?rest_route=\/wp\/v2\/pages"}],"about":[{"href":"https:\/\/monperejeanmamy.fr\/index.php?rest_route=\/wp\/v2\/types\/page"}],"author":[{"embeddable":true,"href":"https:\/\/monperejeanmamy.fr\/index.php?rest_route=\/wp\/v2\/users\/2"}],"replies":[{"embeddable":true,"href":"https:\/\/monperejeanmamy.fr\/index.php?rest_route=%2Fwp%2Fv2%2Fcomments&post=2869"}],"version-history":[{"count":3,"href":"https:\/\/monperejeanmamy.fr\/index.php?rest_route=\/wp\/v2\/pages\/2869\/revisions"}],"predecessor-version":[{"id":2877,"href":"https:\/\/monperejeanmamy.fr\/index.php?rest_route=\/wp\/v2\/pages\/2869\/revisions\/2877"}],"wp:featuredmedia":[{"embeddable":true,"href":"https:\/\/monperejeanmamy.fr\/index.php?rest_route=\/wp\/v2\/media\/11"}],"wp:attachment":[{"href":"https:\/\/monperejeanmamy.fr\/index.php?rest_route=%2Fwp%2Fv2%2Fmedia&parent=2869"}],"wp:term":[{"taxonomy":"folder","embeddable":true,"href":"https:\/\/monperejeanmamy.fr\/index.php?rest_route=%2Fwp%2Fv2%2Ffolder&post=2869"}],"curies":[{"name":"wp","href":"https:\/\/api.w.org\/{rel}","templated":true}]}}