{"id":2878,"date":"2021-05-19T11:33:26","date_gmt":"2021-05-19T09:33:26","guid":{"rendered":"http:\/\/monperejeanmamy.fr\/?page_id=2878"},"modified":"2024-01-27T18:01:10","modified_gmt":"2024-01-27T17:01:10","slug":"jm-a-jr-fresnes-49-02-15","status":"publish","type":"page","link":"https:\/\/monperejeanmamy.fr\/?page_id=2878","title":{"rendered":"JM \u00e0 JR (Fresnes 49\/02\/15)"},"content":{"rendered":"<p><strong>\u00a0<\/strong><a href=\"http:\/\/monperejeanmamy.fr\/?page_id=2873\"><img loading=\"lazy\" class=\"wp-image-1352 alignleft\" src=\"http:\/\/monperejeanmamy.fr\/wp-content\/uploads\/2021\/03\/Lettre-precedente.jpg\" alt=\"\" width=\"143\" height=\"78\" \/><\/a><a href=\"http:\/\/monperejeanmamy.fr\/?page_id=2883\"><img loading=\"lazy\" class=\"alignright wp-image-1353\" src=\"http:\/\/monperejeanmamy.fr\/wp-content\/uploads\/2021\/03\/Lettre-suivante.jpg\" alt=\"\" width=\"139\" height=\"76\" \/><\/a><\/p>\n<p style=\"text-align: center;\"><strong>Mardi 15 f\u00e9vrier 1949<br \/>\n<\/strong><\/p>\n<p style=\"text-align: center;\">Ma petite fille ch\u00e9rie,<\/p>\n<p style=\"text-align: justify;\">Tu es tr\u00e8s d\u00e9sob\u00e9issante. Je te dis de mettre cinq cents francs par semaine et non mille. Et tu me bourres d&rsquo;argent dont je ne sais que faire. Je ne peux acheter, par gourmandise, miel ou gigot tous les jours. J&rsquo;engraisse \u00e0 ne plus pouvoir marcher, l&rsquo;exercice nous \u00e9tant tr\u00e8s mesur\u00e9. C&rsquo;est peu commode d&rsquo;avancer avec des bracelets autour des chevilles et une l\u00e9g\u00e8re cha\u00eene de fantaisie. Je prends du th\u00e9 autant que possible. \u00c7a ne fait pas maigrir. Il faut attendre le grand air, l&rsquo;exercice, et aussi&#8230; la fin de la continence. Les eunuques sont tr\u00e8s gras.<\/p>\n<p style=\"text-align: justify;\">Vu Leroy dimanche. Bonnes nouvelles. Il est tr\u00e8s r\u00e9confortant. Tu vois que tu avais bien tort de te tourmenter pour l&rsquo;histoire suisse. Aucune importance.<\/p>\n<p style=\"text-align: justify;\">Les \u00e9v\u00e9nements tournent. On nous a chang\u00e9 de ministre. Va-t-on nous changer de loi ? Je crois que tout cela est fort bon. J&rsquo;esp\u00e8re que tu te d\u00e9m\u00e8nes l\u00e0 o\u00f9 il faut. Mais je sens, moi, que tout va tr\u00e8s bien. Et j&rsquo;ai confiance.<\/p>\n<p style=\"text-align: justify;\">J&rsquo;esp\u00e8re recevoir une lettre demain. Pas de lettre mardi soir !!! Jamais vu \u00e7a.<\/p>\n<p style=\"text-align: justify;\">Leroy avait l&rsquo;air tr\u00e8s \u00e9pat\u00e9 qu&rsquo;on ne soit pas \u00e9mu par une condamnation. C&rsquo;est que les gens ont si peu l&rsquo;habitude de r\u00e9fl\u00e9chir aux conditions de la vie mortelle. Si quelquefois on me fusille, je serai tellement pr\u00eat, et j&rsquo;aurai pris tant de pr\u00e9cautions pour tout laisser en ordre, que j&rsquo;aurai sans doute l&rsquo;impression de prendre un train. On arrive toujours quelque part. Mais, pour celui qui a surmont\u00e9 <u>la crainte,<\/u> ce n&rsquo;est rien de quitter ce <u>nuage<\/u> qu&rsquo;est le corps. Un nuage n&rsquo;est pas sensible aux coups de canon, ou bien il se d\u00e9sagr\u00e8ge, tant mieux. Il ne cachera plus le soleil.<\/p>\n<p style=\"text-align: justify;\">Et puisque nous ne sommes pas nuage, soyons donc rayon de soleil, avec la joie immuable que nul ne peut d\u00e9truire.<\/p>\n<p style=\"text-align: justify;\">Maintenant, si les hommes \u2014qui ne peuvent rien contre moi, car la force qui anime chacun est sup\u00e9rieure et ne peut [\u00eatre] d\u00e9truite de main d&rsquo;homme\u2014 conviennent que je dois encore durer quelques lustres sur la plan\u00e8te, j&rsquo;aurais acquis une telle exp\u00e9rience de la s\u00e9r\u00e9nit\u00e9 que nul souci ne pourra plus jamais m&rsquo;atteindre. Il faut se laisser guider par un sens toujours plus \u00e9clair\u00e9 de l&rsquo;infini. La vie n&rsquo;est jamais mortelle, toujours pure, au-dessus des passions, au-dessus des effroyables cauchemars de la terre. Pendant que tu cours, quelque fois trop craintive, avec tant d&rsquo;amour, pour proclamer qu&rsquo;il faut me gracier, je suis d\u00e9j\u00e0 tout heureux de voler dans le ciel, graci\u00e9 \u00e0 jamais, car l&rsquo;innocent en nous \u2014celui qui n&rsquo;a jamais p\u00e9ch\u00e9\u2014 est toujours libre dans la lumi\u00e8re de Dieu.<\/p>\n<p style=\"text-align: justify;\">Or il y a un homme en nous qui n&rsquo;a jamais \u00e9t\u00e9 violent, ni m\u00e9chant, ni plein d&rsquo;ardeur \u00e0 poursuivre les autres. Cet innocent b\u00e9ni, on le retrouve au-dessus de l&rsquo;orage. Il est notre vrai moi, et il nous gu\u00e9rit de toutes nos malheureuses b\u00eatises. Lui, toujours intact, ne passera jamais par les mauvais tunnels de la croyance humaine. C&rsquo;est pourquoi JE (celui d&rsquo;en haut) peut sourire avec tranquillit\u00e9. JE n&rsquo;a jamais connu que l&rsquo;Amour.<\/p>\n<p style=\"text-align: justify;\">J&rsquo;ai beaucoup pens\u00e9 \u00e0 toi, hier, aujourd&rsquo;hui. Je me disais&#8230; (voil\u00e0 que ma plume s&rsquo;arr\u00eate)&#8230; Je t&rsquo;ai fait un discours. Et&#8230; c&rsquo;\u00e9tait tr\u00e8s bien. Un discours \u00e0 propos de Catherine. Hier je vous avais Fr\u00e9d\u00e9ric et toi, chacun sur un genou. Aussi enfants l&rsquo;un que l&rsquo;autre. A l&rsquo;un j&rsquo;apprenais l&rsquo;alphabet de la l\u00e9gende. A l&rsquo;autre, l&rsquo;alphabet du ciel (dont tu ne connais pas grand chose par l&rsquo;esprit, mais tout d\u00e9j\u00e0 par le c\u0153ur, c&rsquo;est \u00e0 dire que je crois qu&rsquo;il faut te montrer du doigt \u00e0 quel point tu es bonne. Tu es immens\u00e9ment bonne. Mais tu ne le sais pas. Alors quelquefois tu oublies, et tu crois que la Suisse existe. Et puis le jour o\u00f9 tu me regardes dans les yeux, tu oublies la Suisse). Je t&rsquo;ai encore dit beaucoup d&rsquo;autres choses, mais il faudrait un livre. Et tu l&rsquo;as peut-\u00eatre d\u00e9j\u00e0 lu. Si je t&rsquo;aime, c&rsquo;est que je te devine. Mes gros, grands, longs baisers. Et puis ma main sur ton front. Et puis ta t\u00eate sur mon \u00e9paule. Et le silence jusqu&rsquo;\u00e0 ce que le merveilleux p\u00e9n\u00e8tre tout le c\u0153ur. Il faut se taire beaucoup pour aimer.<\/p>\n<p style=\"text-align: justify;\">J.<\/p>\n<p style=\"text-align: justify;\">\n","protected":false},"excerpt":{"rendered":"<p>\u00a0 Mardi 15 f\u00e9vrier 1949 Ma petite fille ch\u00e9rie, Tu es tr\u00e8s d\u00e9sob\u00e9issante. Je te dis de mettre cinq cents francs par semaine et non mille. Et tu me bourres d&rsquo;argent dont je ne sais que faire. Je ne peux &hellip; <a href=\"https:\/\/monperejeanmamy.fr\/?page_id=2878\">Continuer la lecture <span class=\"meta-nav\">&rarr;<\/span><\/a><\/p>\n","protected":false},"author":2,"featured_media":11,"parent":0,"menu_order":0,"comment_status":"closed","ping_status":"closed","template":"","meta":[],"folder":[],"_links":{"self":[{"href":"https:\/\/monperejeanmamy.fr\/index.php?rest_route=\/wp\/v2\/pages\/2878"}],"collection":[{"href":"https:\/\/monperejeanmamy.fr\/index.php?rest_route=\/wp\/v2\/pages"}],"about":[{"href":"https:\/\/monperejeanmamy.fr\/index.php?rest_route=\/wp\/v2\/types\/page"}],"author":[{"embeddable":true,"href":"https:\/\/monperejeanmamy.fr\/index.php?rest_route=\/wp\/v2\/users\/2"}],"replies":[{"embeddable":true,"href":"https:\/\/monperejeanmamy.fr\/index.php?rest_route=%2Fwp%2Fv2%2Fcomments&post=2878"}],"version-history":[{"count":4,"href":"https:\/\/monperejeanmamy.fr\/index.php?rest_route=\/wp\/v2\/pages\/2878\/revisions"}],"predecessor-version":[{"id":3329,"href":"https:\/\/monperejeanmamy.fr\/index.php?rest_route=\/wp\/v2\/pages\/2878\/revisions\/3329"}],"wp:featuredmedia":[{"embeddable":true,"href":"https:\/\/monperejeanmamy.fr\/index.php?rest_route=\/wp\/v2\/media\/11"}],"wp:attachment":[{"href":"https:\/\/monperejeanmamy.fr\/index.php?rest_route=%2Fwp%2Fv2%2Fmedia&parent=2878"}],"wp:term":[{"taxonomy":"folder","embeddable":true,"href":"https:\/\/monperejeanmamy.fr\/index.php?rest_route=%2Fwp%2Fv2%2Ffolder&post=2878"}],"curies":[{"name":"wp","href":"https:\/\/api.w.org\/{rel}","templated":true}]}}