{"id":2883,"date":"2021-05-21T08:47:05","date_gmt":"2021-05-21T06:47:05","guid":{"rendered":"http:\/\/monperejeanmamy.fr\/?page_id=2883"},"modified":"2021-05-21T17:26:31","modified_gmt":"2021-05-21T15:26:31","slug":"jm-a-jr-fresnes-49-02-18","status":"publish","type":"page","link":"https:\/\/monperejeanmamy.fr\/?page_id=2883","title":{"rendered":"JM \u00e0 JR (Fresnes 49\/02\/18)"},"content":{"rendered":"<p><strong>\u00a0<\/strong><a href=\"http:\/\/monperejeanmamy.fr\/?page_id=2878\"><img loading=\"lazy\" class=\"wp-image-1352 alignleft\" src=\"http:\/\/monperejeanmamy.fr\/wp-content\/uploads\/2021\/03\/Lettre-precedente.jpg\" alt=\"\" width=\"143\" height=\"78\" \/><\/a><a href=\"http:\/\/monperejeanmamy.fr\/?page_id=2888\"><img loading=\"lazy\" class=\"alignright wp-image-1353\" src=\"http:\/\/monperejeanmamy.fr\/wp-content\/uploads\/2021\/03\/Lettre-suivante.jpg\" alt=\"\" width=\"139\" height=\"76\" \/><\/a><\/p>\n<p style=\"text-align: center;\"><strong>Vendredi 18 f\u00e9vrier 1949<br \/>\n<\/strong><\/p>\n<p style=\"text-align: center;\">Ma ch\u00e9rie,<\/p>\n<p style=\"text-align: justify;\">Deux mots vite avant de me coucher. Je suis tr\u00e8s coupable. Je voulais t&rsquo;\u00e9crire longuement ce soir. Et je tombe de sommeil. Et j&rsquo;ai froid. Tu as \u00e9t\u00e9 sacrifi\u00e9e \u00e0 un tas de pages d&rsquo;\u00e9criture qui te donneront un jour beaucoup de travail.<\/p>\n<p style=\"text-align: justify;\">Comme demain il n&rsquo;y a pas de courrier, que dimanche j&rsquo;\u00e9cris \u00e0 ma m\u00e8re, tu n&rsquo;auras pas de gentillesses avant lundi (mais je promets une lettre consistante avec des histoires l\u00e9gendaires \u2014une lettre pour Yseut ou H\u00e9lo\u00efse\u2014 ou telle h\u00e9ro\u00efne que tu voudras ayant suscit\u00e9 le plus grand amour).<\/p>\n<p style=\"text-align: justify;\">J&rsquo;ai bien re\u00e7u tous tes petits mots. Toi aussi tu es bouscul\u00e9e par le travail. Tu vois.<\/p>\n<p style=\"text-align: justify;\">Suis de tr\u00e8s bonne humeur. Tout va tr\u00e8s bien ? Les \u00e9v\u00e9nements ont l&rsquo;air bons. On sent que l&rsquo;atmosph\u00e8re change. On me dit aussi qu&rsquo;ils sont si bouscul\u00e9s au minist\u00e8re par les nouveaux projets qu&rsquo;ils n&rsquo;ont pas le temps d&rsquo;examiner les dossiers.<\/p>\n<p style=\"text-align: justify;\">\u00c9cris-moi tout ce que tu penses. Et plus encore.<\/p>\n<p style=\"text-align: justify;\">Je t&#8217;embrasse beaucoup plus que tu l&rsquo;imagines.<\/p>\n<p style=\"text-align: justify;\">J.<\/p>\n<p style=\"text-align: justify;\">\n","protected":false},"excerpt":{"rendered":"<p>\u00a0 Vendredi 18 f\u00e9vrier 1949 Ma ch\u00e9rie, Deux mots vite avant de me coucher. Je suis tr\u00e8s coupable. Je voulais t&rsquo;\u00e9crire longuement ce soir. Et je tombe de sommeil. Et j&rsquo;ai froid. Tu as \u00e9t\u00e9 sacrifi\u00e9e \u00e0 un tas de &hellip; <a href=\"https:\/\/monperejeanmamy.fr\/?page_id=2883\">Continuer la lecture <span class=\"meta-nav\">&rarr;<\/span><\/a><\/p>\n","protected":false},"author":2,"featured_media":11,"parent":0,"menu_order":0,"comment_status":"closed","ping_status":"closed","template":"","meta":[],"folder":[],"_links":{"self":[{"href":"https:\/\/monperejeanmamy.fr\/index.php?rest_route=\/wp\/v2\/pages\/2883"}],"collection":[{"href":"https:\/\/monperejeanmamy.fr\/index.php?rest_route=\/wp\/v2\/pages"}],"about":[{"href":"https:\/\/monperejeanmamy.fr\/index.php?rest_route=\/wp\/v2\/types\/page"}],"author":[{"embeddable":true,"href":"https:\/\/monperejeanmamy.fr\/index.php?rest_route=\/wp\/v2\/users\/2"}],"replies":[{"embeddable":true,"href":"https:\/\/monperejeanmamy.fr\/index.php?rest_route=%2Fwp%2Fv2%2Fcomments&post=2883"}],"version-history":[{"count":3,"href":"https:\/\/monperejeanmamy.fr\/index.php?rest_route=\/wp\/v2\/pages\/2883\/revisions"}],"predecessor-version":[{"id":2891,"href":"https:\/\/monperejeanmamy.fr\/index.php?rest_route=\/wp\/v2\/pages\/2883\/revisions\/2891"}],"wp:featuredmedia":[{"embeddable":true,"href":"https:\/\/monperejeanmamy.fr\/index.php?rest_route=\/wp\/v2\/media\/11"}],"wp:attachment":[{"href":"https:\/\/monperejeanmamy.fr\/index.php?rest_route=%2Fwp%2Fv2%2Fmedia&parent=2883"}],"wp:term":[{"taxonomy":"folder","embeddable":true,"href":"https:\/\/monperejeanmamy.fr\/index.php?rest_route=%2Fwp%2Fv2%2Ffolder&post=2883"}],"curies":[{"name":"wp","href":"https:\/\/api.w.org\/{rel}","templated":true}]}}