{"id":2888,"date":"2021-05-21T17:23:16","date_gmt":"2021-05-21T15:23:16","guid":{"rendered":"http:\/\/monperejeanmamy.fr\/?page_id=2888"},"modified":"2024-11-04T18:03:51","modified_gmt":"2024-11-04T17:03:51","slug":"jm-a-jr-fresnes-49-02-21","status":"publish","type":"page","link":"https:\/\/monperejeanmamy.fr\/?page_id=2888","title":{"rendered":"JM \u00e0 JR (Fresnes 49\/02\/21)"},"content":{"rendered":"<p><strong>\u00a0<\/strong><a href=\"http:\/\/monperejeanmamy.fr\/?page_id=2883\"><img loading=\"lazy\" class=\"wp-image-1352 alignleft\" src=\"http:\/\/monperejeanmamy.fr\/wp-content\/uploads\/2021\/03\/Lettre-precedente.jpg\" alt=\"\" width=\"143\" height=\"78\" \/><\/a><a href=\"http:\/\/monperejeanmamy.fr\/?page_id=2892\"><img loading=\"lazy\" class=\"alignright wp-image-1353\" src=\"http:\/\/monperejeanmamy.fr\/wp-content\/uploads\/2021\/03\/Lettre-suivante.jpg\" alt=\"\" width=\"139\" height=\"76\" \/><\/a><\/p>\n<p style=\"text-align: center;\"><strong>Lundi 21 f\u00e9vrier 1949<br \/>\n<\/strong><\/p>\n<p style=\"text-align: center;\">Ma ch\u00e9rie,<\/p>\n<p style=\"text-align: justify;\">Tu ne m&rsquo;\u00e9cris plus. C&rsquo;est \u00e0 dire que je suis persuad\u00e9 qu&rsquo;une longue, tr\u00e8s longue lettre est en route, me donnant toutes les explications du monde \u2014sur tout ce qui se fait\u2014 et ne se fait pas (ou nous annonce que les gens des Commissions du minist\u00e8re ont beaucoup trop de travail pour s&rsquo;occuper de nous avant les \u00e9lections. Plus tard !&#8230; Bon !). C&rsquo;est ce qu&rsquo;on dit&#8230;<\/p>\n<p style=\"text-align: justify;\">Parlons plus s\u00e9rieusement : je t&#8217;embrasse. Et si je t&#8217;embrasse, c&rsquo;est qu&rsquo;il me fait plaisir de te dire que je suis tout \u00e0 fait content de t&#8217;embrasser \u2014non pour le geste qui n&rsquo;est que manifestation ext\u00e9rieure, mais par le contenu du geste qui est joie \u00e0 donner. A donner \u00e0 qui je veux, qui j&rsquo;ai choisi, qui j&rsquo;estime, qui je regarde avec plaisir, qui j&rsquo;aime, non point de passion, mais de super-intuition, d&rsquo;instinct multipli\u00e9, avec l&rsquo;enthousiasme secret de l&rsquo;amateur \u00e9clair\u00e9 qui conna\u00eet bien l&rsquo;objet d&rsquo;art cach\u00e9, le chef d&rsquo;\u0153uvre intime.<\/p>\n<p style=\"text-align: justify;\">Ta tempe me r\u00e9v\u00e8le des secrets prodigieux. Le miracle coule quand on laisse aller sa pens\u00e9e dans le ruissellement de bonheur. On d\u00e9verse sa douceur dans un m\u00e9tal pur. Je sais bien que tes yeux brillent si on te parle d&rsquo;une certaine voix chaude \u2014car la voix est la ma\u00eetresse du ciel et des flots, et des larmes, et de l&rsquo;attente, et des ann\u00e9es. Toujours jeune, la voix, toujours vivante, tournante dans le ciel pr\u00e9cis. Pr\u00e9pare ton oreille \u00e0 beaucoup de discours. C&rsquo;est par la voix qu&rsquo;on gu\u00e9rit tout, qu&rsquo;on s\u00e8me les moissons vivantes, qu&rsquo;on couvre la terre d&rsquo;un feuillage b\u00e9ni.<\/p>\n<p style=\"text-align: justify;\">\u00ab\u00a0<em>Celui qui croit en ma parole ne verra jamais la mort<\/em> \u00bb. C&rsquo;est pourquoi notre amour durera, pour autant qu&rsquo;il est vivant, issu de la paix joyeuse, issu de la Parole, issu de la Bont\u00e9 permanente, issu du soleil qui br\u00fble le regard. Tes yeux riaient, m\u00eame ce jour terrible o\u00f9 la foule noyait le pr\u00e9toire de larmes sulfureuses, d\u00e9moniaques. Tes yeux riaient, parce que, par dessus les cris, tu me sentais pur, et d\u00e9vou\u00e9 \u00e0 la limpidit\u00e9 des actes. L&rsquo;acte d&rsquo;aimer est le plus pur. Il situe l&rsquo;\u00catre dans le ciel haut. Combien ne faut-il pas monter pour atteindre le vent rare qui ranime les douceurs des cimes. Tristan aimait Yseut, pour ce que contenait le regard d&rsquo;Yseut. Ce sont les arri\u00e8re-plans qui font le relief des choses. Il faut que tout soit infini dans un sourire, dans une parole, dans un reflet de cheveux. La vie court comme un enfant autour de notre c\u0153ur vivant. Elle s&rsquo;amuse comme l&rsquo;eau d\u00e9compose les rayons. Et nous buvons \u00e0 poign\u00e9es d&rsquo;espoirs, de la lumi\u00e8re blonde, des richesses jolies.<\/p>\n<p style=\"text-align: justify;\">Voil\u00e0 que j&rsquo;ai compris o\u00f9 voulait rouler ta t\u00eate, lourde de trop de bonheur tranquille. La paix, c&rsquo;est de dormir sur une poitrine ardente. On \u00e9coute comment grondent d\u00e9j\u00e0 les mots de demain, ceux qui montent vers le jour, ceux qui sont d\u00e9j\u00e0 le jour, ceux qui \u00e9blouissent tout.<\/p>\n<p style=\"text-align: justify;\">Car nous sommes le jour et la nuit et la tendresse des choses, et le rire du po\u00e8me. Nous sommes le bateau qui s&rsquo;en va vers le pays meilleur, la maison qu&rsquo;on b\u00e2tit sur le sol amical, l&rsquo;enfant si turbulent qu&rsquo;il devient archange, l&rsquo;espoir \u00e9tourdissant des souffles atlantiques&#8230; Nous sommes la bouche de m\u00e9tro pr\u00e8s [de] la Gare de Lyon o\u00f9 mord le trottoir qui conduit vers la chambre. Nous sommes l&rsquo;avenir tr\u00e8s prochain qui nous r\u00e9unira dans une tendresse jamais consum\u00e9e. Ma parole est si vivante qu&rsquo;elle ouvre toutes les portes, m\u00eame ferm\u00e9es de d\u00e9fiance, m\u00eame bard\u00e9es de haines sourdes. Qu&rsquo;avons-nous \u00e0 faire avec les cris d&rsquo;en bas ?<\/p>\n<p style=\"text-align: justify;\">Donc, Tristan aime Yseult. Yseult le sait. Ce qui r\u00e9jouit le c\u0153ur d&rsquo;Yseult, c&rsquo;est qu&rsquo;elle avait besoin d&rsquo;\u00eatre conquise, p\u00e9n\u00e9tr\u00e9e de forte, d&rsquo;intelligente amiti\u00e9. L&rsquo;amour de Tristan est plus fort que le vent, plus que le soleil, plus que l&rsquo;ombre du nuage sur la plage. Il est tout l&rsquo;univers qu&rsquo;il faut \u00e0 un c\u0153ur de femme avide. Et Yseult boit tout le soleil, le vent, la plage et l&rsquo;ombre en attendant la venue de Tristan, que le ciel annonce dans ses \u00e9crits.<\/p>\n<p style=\"text-align: justify;\">Voil\u00e0 pourquoi les l\u00e8vres de Tristan ont caress\u00e9 les yeux d&rsquo;Yseult, m\u00eame les grands jours d&rsquo;orage. Un jour, Tristan jettera son \u00e9p\u00e9e sur la table, se d\u00e9pouillera de son armure, et consentira \u00e0 \u00eatre tendre, car il faut bien qu&rsquo;Yseult puisse retrouver la douceur du printemps de vivre.<\/p>\n<p style=\"text-align: justify;\">Voil\u00e0 pourquoi on t&#8217;embrasse. Si tes yeux ne contenaient pas tout l&rsquo;amour, ils n&rsquo;auraient pas perc\u00e9 toute la nuit qui cherche \u00e0 envelopper les hommes de guerre. Mais nous ne sommes plus des hommes de guerre, ni de mort, ni de nuit. Nous sommes l&rsquo;instant de silence qu&rsquo;il faut pour que le c\u0153ur batte \u00e0 son rythme, d\u00e9roulant les merveilles du ruisseau pur.<\/p>\n<p style=\"text-align: justify;\">Mes gros, mes infinis baisers.<\/p>\n<p>J.<\/p>\n<p>&nbsp;<\/p>\n","protected":false},"excerpt":{"rendered":"<p>\u00a0 Lundi 21 f\u00e9vrier 1949 Ma ch\u00e9rie, Tu ne m&rsquo;\u00e9cris plus. C&rsquo;est \u00e0 dire que je suis persuad\u00e9 qu&rsquo;une longue, tr\u00e8s longue lettre est en route, me donnant toutes les explications du monde \u2014sur tout ce qui se fait\u2014 et &hellip; <a href=\"https:\/\/monperejeanmamy.fr\/?page_id=2888\">Continuer la lecture <span class=\"meta-nav\">&rarr;<\/span><\/a><\/p>\n","protected":false},"author":2,"featured_media":11,"parent":0,"menu_order":0,"comment_status":"closed","ping_status":"closed","template":"","meta":[],"folder":[],"_links":{"self":[{"href":"https:\/\/monperejeanmamy.fr\/index.php?rest_route=\/wp\/v2\/pages\/2888"}],"collection":[{"href":"https:\/\/monperejeanmamy.fr\/index.php?rest_route=\/wp\/v2\/pages"}],"about":[{"href":"https:\/\/monperejeanmamy.fr\/index.php?rest_route=\/wp\/v2\/types\/page"}],"author":[{"embeddable":true,"href":"https:\/\/monperejeanmamy.fr\/index.php?rest_route=\/wp\/v2\/users\/2"}],"replies":[{"embeddable":true,"href":"https:\/\/monperejeanmamy.fr\/index.php?rest_route=%2Fwp%2Fv2%2Fcomments&post=2888"}],"version-history":[{"count":5,"href":"https:\/\/monperejeanmamy.fr\/index.php?rest_route=\/wp\/v2\/pages\/2888\/revisions"}],"predecessor-version":[{"id":3370,"href":"https:\/\/monperejeanmamy.fr\/index.php?rest_route=\/wp\/v2\/pages\/2888\/revisions\/3370"}],"wp:featuredmedia":[{"embeddable":true,"href":"https:\/\/monperejeanmamy.fr\/index.php?rest_route=\/wp\/v2\/media\/11"}],"wp:attachment":[{"href":"https:\/\/monperejeanmamy.fr\/index.php?rest_route=%2Fwp%2Fv2%2Fmedia&parent=2888"}],"wp:term":[{"taxonomy":"folder","embeddable":true,"href":"https:\/\/monperejeanmamy.fr\/index.php?rest_route=%2Fwp%2Fv2%2Ffolder&post=2888"}],"curies":[{"name":"wp","href":"https:\/\/api.w.org\/{rel}","templated":true}]}}