{"id":2892,"date":"2021-05-21T17:27:58","date_gmt":"2021-05-21T15:27:58","guid":{"rendered":"http:\/\/monperejeanmamy.fr\/?page_id=2892"},"modified":"2024-11-04T18:10:15","modified_gmt":"2024-11-04T17:10:15","slug":"jm-a-jr-fresnes-49-02-26","status":"publish","type":"page","link":"https:\/\/monperejeanmamy.fr\/?page_id=2892","title":{"rendered":"JM \u00e0 JR (Fresnes 49\/02\/26)"},"content":{"rendered":"<p><strong>\u00a0<\/strong><a href=\"http:\/\/monperejeanmamy.fr\/?page_id=2888\"><img loading=\"lazy\" class=\"wp-image-1352 alignleft\" src=\"http:\/\/monperejeanmamy.fr\/wp-content\/uploads\/2021\/03\/Lettre-precedente.jpg\" alt=\"\" width=\"143\" height=\"78\" \/><\/a><a href=\"http:\/\/monperejeanmamy.fr\/?page_id=2898\"><img loading=\"lazy\" class=\"alignright wp-image-1353\" src=\"http:\/\/monperejeanmamy.fr\/wp-content\/uploads\/2021\/03\/Lettre-suivante.jpg\" alt=\"\" width=\"139\" height=\"76\" \/><\/a><\/p>\n<p style=\"text-align: center;\"><strong>Samedi 26 f\u00e9vrier 1949<br \/>\n<\/strong><\/p>\n<p style=\"text-align: center;\">Ma petite fille ch\u00e9rie,<\/p>\n<p style=\"text-align: justify;\">J&rsquo;ai vu Leroy hier matin. Tr\u00e8s bonne humeur. Tous les deux, on s&rsquo;entend bien. Il vient \u00ab\u00a0<em>me changer les id\u00e9e<\/em>s \u00bb. Il faudra que je l&rsquo;habitue \u00e0 penser que j&rsquo;ai trouv\u00e9 ici le bonheur parfait (non pas \u00e0 cause de la condition ext\u00e9rieure). Il est \u00e9vident que l&rsquo;\u00e9preuve est anormale et devra se terminer, mais parce que <u>l&rsquo;esprit<\/u> dans lequel nous surmontons l&rsquo;\u00e9preuve nous oblige \u00e0 d\u00e9montrer la s\u00e9r\u00e9nit\u00e9, l&rsquo;absence de douleur et de crainte, et plus encore, car on pourrait tomber dans l&rsquo;indiff\u00e9rence \u00e9go\u00efste : <u>l&rsquo;amour de la vie<\/u>, <u>d&rsquo;une certaine qualit\u00e9 de vie<\/u>, d&rsquo;une certaine supr\u00e9matie. On cherche des mots pour expliquer l&rsquo;inexplicable. Comme un aviateur qui d\u00e9crirait son paysage \u00e0 un pi\u00e9ton. Pas la m\u00eame optique. Et pourtant, quand l&rsquo;aviateur redevient pi\u00e9ton&#8230; Mais il a vu les objets par-dessus. Nous, on voit la vie par un trou sp\u00e9cial. Les r\u00e9prouv\u00e9s n&rsquo;ont pas d&rsquo;aigreur. Ils cherchent \u00e0 s&rsquo;\u00e9vader dans le substantiel. Ce sont les prisonniers primaires \u2014les \u00ab droitico \u00bb\u2014 qui veulent briser les barreaux. Nous autres, nous n&rsquo;avons pas de cesse que nous ayons retrouv\u00e9 la libert\u00e9 int\u00e9rieure sans laquelle aucun homme ne peut vivre d\u00e9cemment. Cette libert\u00e9 ne s&rsquo;applique pas pour l&rsquo;instant aux objets, mais \u00e0 la patience, \u00e0 certaines formes de r\u00e9flexion, \u00e0 la vie profonde qui exige puret\u00e9. On est tr\u00e8s heureux d&rsquo;\u00eatre pur, de redevenir ce que, petit enfant, on sentait bien qu&rsquo;il fallait \u00eatre devant tout un na\u00eff. Il n&rsquo;y a pas de miracle sans \u00e9merveillement. La na\u00efvet\u00e9 est la condition premi\u00e8re de l&rsquo;art, le primitivisme, la simplicit\u00e9 sinc\u00e8re. Ne pas croire au mal, l&rsquo;ignorer. Donc vivre dans la b\u00e9atitude de la connaissance. Hier, pendant des heures, avec les encha\u00een\u00e9s du coin, nous avons parl\u00e9 de la peinture italienne. J&rsquo;ai d\u00e9couvert que depuis 20 ans je baladais en moi une foule de Vinci et de Fra Angelico. Mais voici que je deviens bavard. Fermons la parenth\u00e8se).<\/p>\n<p style=\"text-align: justify;\">Lu <em>Le Gala des Vaches<\/em>. J&rsquo;aime et j&rsquo;aime pas. Bonne nature et trop de mots. Dr\u00f4le et vulgaire. Du d\u00e9bit. Du courage. Bon effet. Doit dilater. Bien pour les anars. Pas pour \u00ab\u00a0ma pomme\u00a0\u00bb. J&rsquo;ai horreur des malades qui exposent leurs plaies. Moi, sans qu&rsquo;on s&rsquo;en doute, je suis un gars \u00e0 faux-col (je n&rsquo;en mets jamais, mais c&rsquo;est le principe) et je r\u00eave d&rsquo;un costume ch\u00e2ti\u00e9 et luxueux, avec suppression du veston tweed et des braies \u00e0 l&rsquo;am\u00e9ricaine. Me faut pourpoint et chausses avec du mollet. Les anars c&rsquo;est pas mon blot. Il est artiste, musical, rythm\u00e9. Il d\u00e9goise, comme un bon fleuve ; eau fra\u00eeche, eau chaude. C&rsquo;est la mode. On se prend \u00e0 aimer tout ce qu&rsquo;on dit. Pourvu que \u00e7a remue \u00ab\u00a0l&rsquo;interlocute\u00a0\u00bb. Mais sans rigueur, sans style. J&rsquo;aime Corneille, rigide, Hom\u00e8re, jupit\u00e9rien, Orph\u00e9e, le grand chant du ciel, Racine, quand il ne grelotte pas, Shakespeare, le menton haut, et pas dans les pi\u00e8ces de cour, dans les d\u00e9luges, mais sonores, verbaux, non verbeux, verbissimes.<\/p>\n<p style=\"text-align: justify;\">Si tu m&rsquo;envoyais des poign\u00e9es de cheveux dans tes lettres ? Une m\u00e8che, non, trop romantique. Photo ? Il y a longtemps que je n&rsquo;ai pas eu l&rsquo;instantan\u00e9 du coin. \u00c9cris. D\u00e9roule ta vie. C&rsquo;est un film, le c\u0153ur, on tourne, on tourne, sans arr\u00eat. Dis moi l&rsquo;imprim\u00e9 secret, le concentr\u00e9 divin, le sourire qui n&rsquo;est que pour l&rsquo;amour. A qui parleras-tu d&rsquo;amour si tu ne me donnes pas toute la masse de terrain pur \u00e0 passer au tamis aurif\u00e8re ? Un amour est roche d&rsquo;uranium. Il faut gratter, presser, faire rendre le pr\u00e9cieux. Je vais d\u00e9gager la gangue. D\u00e9cape la scorie.<\/p>\n<p style=\"text-align: justify;\">Tu m&rsquo;es indispensable comme un ange. Moi, il faut que j&rsquo;aime quelqu&rsquo;un tout entier.<\/p>\n<p style=\"text-align: justify;\">Tu vas avoir beaucoup de travail. Urgent ? Je ne sais pas. Vois Leroy (sans doute), indispensable. Veux-tu bien me faire envoyer imm\u00e9diatement le t\u00e9moignage Pfannstiell qui est dans le dossier chez lui. J&rsquo;ai oubli\u00e9 de lui en parler. Qu&rsquo;il me le poste d\u00e8s que cette lettre re\u00e7ue. J&rsquo;ai besoin de l&rsquo;ins\u00e9rer dans ce que je vais lui donner. Si quelquefois il l&rsquo;oublie, qu&rsquo;il l&rsquo;apporte \u00e0 la prochaine visite. Tr\u00e8s important. Je lui \u00e9crirai peut-\u00eatre cette semaine, quand l&rsquo;envie m&rsquo;en pressera, car je l&rsquo;aime bien. Il est de ceux qui comprennent un peu mes explosions (c&rsquo;est difficile \u00e0 r\u00e9gler un moteur sans soupapes).<\/p>\n<p style=\"text-align: justify;\">Je t&#8217;embrasse comme du bon pain, le pain de vie, de la vie toute belle. Tu es la joie que j&rsquo;ai gard\u00e9e pour la bonne bouche. Je te ferai des compliments toujours. Les fleurs s&rsquo;arrosent, les yeux d&rsquo;amour s&#8217;embrassent. On est tout \u00e0 t&rsquo;aimer.<\/p>\n<p style=\"text-align: justify;\">J.<\/p>\n<p style=\"text-align: justify;\">PS. As-tu fait ce que je t&rsquo;ai demand\u00e9 pour la s\u0153ur de B ? Reprends le document.<\/p>\n","protected":false},"excerpt":{"rendered":"<p>\u00a0 Samedi 26 f\u00e9vrier 1949 Ma petite fille ch\u00e9rie, J&rsquo;ai vu Leroy hier matin. Tr\u00e8s bonne humeur. Tous les deux, on s&rsquo;entend bien. Il vient \u00ab\u00a0me changer les id\u00e9es \u00bb. Il faudra que je l&rsquo;habitue \u00e0 penser que j&rsquo;ai trouv\u00e9 &hellip; <a href=\"https:\/\/monperejeanmamy.fr\/?page_id=2892\">Continuer la lecture <span class=\"meta-nav\">&rarr;<\/span><\/a><\/p>\n","protected":false},"author":2,"featured_media":11,"parent":0,"menu_order":0,"comment_status":"closed","ping_status":"closed","template":"","meta":[],"folder":[],"_links":{"self":[{"href":"https:\/\/monperejeanmamy.fr\/index.php?rest_route=\/wp\/v2\/pages\/2892"}],"collection":[{"href":"https:\/\/monperejeanmamy.fr\/index.php?rest_route=\/wp\/v2\/pages"}],"about":[{"href":"https:\/\/monperejeanmamy.fr\/index.php?rest_route=\/wp\/v2\/types\/page"}],"author":[{"embeddable":true,"href":"https:\/\/monperejeanmamy.fr\/index.php?rest_route=\/wp\/v2\/users\/2"}],"replies":[{"embeddable":true,"href":"https:\/\/monperejeanmamy.fr\/index.php?rest_route=%2Fwp%2Fv2%2Fcomments&post=2892"}],"version-history":[{"count":6,"href":"https:\/\/monperejeanmamy.fr\/index.php?rest_route=\/wp\/v2\/pages\/2892\/revisions"}],"predecessor-version":[{"id":3371,"href":"https:\/\/monperejeanmamy.fr\/index.php?rest_route=\/wp\/v2\/pages\/2892\/revisions\/3371"}],"wp:featuredmedia":[{"embeddable":true,"href":"https:\/\/monperejeanmamy.fr\/index.php?rest_route=\/wp\/v2\/media\/11"}],"wp:attachment":[{"href":"https:\/\/monperejeanmamy.fr\/index.php?rest_route=%2Fwp%2Fv2%2Fmedia&parent=2892"}],"wp:term":[{"taxonomy":"folder","embeddable":true,"href":"https:\/\/monperejeanmamy.fr\/index.php?rest_route=%2Fwp%2Fv2%2Ffolder&post=2892"}],"curies":[{"name":"wp","href":"https:\/\/api.w.org\/{rel}","templated":true}]}}