{"id":2898,"date":"2021-05-22T10:39:15","date_gmt":"2021-05-22T08:39:15","guid":{"rendered":"http:\/\/monperejeanmamy.fr\/?page_id=2898"},"modified":"2024-11-04T18:22:29","modified_gmt":"2024-11-04T17:22:29","slug":"jm-a-jr-fresnes-49-03-02","status":"publish","type":"page","link":"https:\/\/monperejeanmamy.fr\/?page_id=2898","title":{"rendered":"JM \u00e0 JR (Fresnes 49\/03\/02)"},"content":{"rendered":"<p><strong>\u00a0<\/strong><a href=\"http:\/\/monperejeanmamy.fr\/?page_id=2892\"><img loading=\"lazy\" class=\"wp-image-1352 alignleft\" src=\"http:\/\/monperejeanmamy.fr\/wp-content\/uploads\/2021\/03\/Lettre-precedente.jpg\" alt=\"\" width=\"143\" height=\"78\" \/><\/a><a href=\"http:\/\/monperejeanmamy.fr\/?page_id=2904\"><img loading=\"lazy\" class=\"alignright wp-image-1353\" src=\"http:\/\/monperejeanmamy.fr\/wp-content\/uploads\/2021\/03\/Lettre-suivante.jpg\" alt=\"\" width=\"139\" height=\"76\" \/><\/a><\/p>\n<p style=\"text-align: center;\"><strong>Mercredi 2 mars 1949<\/strong><a href=\"#_ftn1\" name=\"_ftnref1\"> [1]<\/a><\/p>\n<p style=\"text-align: center;\">Ma ch\u00e9rie,<\/p>\n<p style=\"text-align: justify;\">Pas de lettres ! Pas de nouvelles ! Depuis samedi ! Que se passe-t-il ? \u00c9cris, \u00e9cris ! J&rsquo;esp\u00e8re que ce n&rsquo;est pas ta faute et qu&rsquo;on va m&rsquo;apporter trois lettres en retard. La derni\u00e8re date de vendredi. Elle est rassurante. De mon c\u00f4t\u00e9, je sais ici que les dossiers ne vont pas vite. Patientons. Apr\u00e8s les \u00e9lections (dans dix-sept jours) il semble \u00e0 certains que nous verrons plus clair. On compte beaucoup l\u00e0-dessus. Nous verrons.<\/p>\n<p style=\"text-align: justify;\">Le moral est excellent. Je ne m&rsquo;ennuie pas, moi. J&rsquo;ai des r\u00e9serves individuelles, moi. Je meuble mon temps avec un travail puissant, moi. Je n&rsquo;\u00e9cris pas des lettres o\u00f9 je d\u00e9plore mes cheveux gris, moi. O\u00f9 je compte les jours, moi. Je dis, comme dans la Bible, qu&rsquo;un jour pour l&rsquo;\u00c9ternel est comme mille ans ! et voil\u00e0. Donc, c&rsquo;est demain que nous nous revoyons. Nous ne nous sommes jamais quitt\u00e9s. Il n&rsquo;y a jamais eu la moindre interruption dans notre <u>unit\u00e9<\/u> (union, mariage, intimit\u00e9, coh\u00e9sion, entente, harmonie, parall\u00e9lisme des gestes). Je ne mets pas le moindre petit ennui entre nous, moi, la moindre impatience. Tout arrive d\u00e8s qu&rsquo;il le faut, quand il le faut.<\/p>\n<p style=\"text-align: justify;\">J&rsquo;ai \u00e9crit longuement \u00e0 Leroy hier soir. Pour examiner avec lui les \u00e9v\u00e9nements du jour. Je crois qu&rsquo;ils \u00e9clairent un peu notre activit\u00e9 d&rsquo;hier. Si les \u00ab\u00a0lib\u00e9raux\u00a0\u00bb consentent \u00e0 examiner un peu nos dossiers avec des yeux justes, c \u00e0 d. \u00e0 travers l&rsquo;histoire r\u00e9elle de ces derni\u00e8res ann\u00e9es, et non pas \u00e0 travers leur propre philosophie, ils commenceront \u00e0 comprendre nos motifs profonds. Pourquoi diable les erreurs de \u00ab\u00a0gauche\u00a0\u00bb sont-elles plus s\u00e9duisantes que les \u00ab\u00a0autoritarismes\u00a0\u00bb de \u00ab\u00a0droite\u00a0\u00bb ? Peut-\u00eatre parce que les hommes pr\u00e9f\u00e8rent agiter le drapeau sentimental humanitaire, plut\u00f4t que le drapeau raisonnable de la discipline. C&rsquo;est l\u00e0 la sanction de la d\u00e9magogie. Pour plaire aux masses on leur sacrifie tous les dieux, et aussi toutes les v\u00e9rit\u00e9s essentielles.<\/p>\n<p style=\"text-align: justify;\">J&rsquo;ai absolument besoin que tu confies au plus t\u00f4t \u00e0 Leroy le rapport complet E.d.R. Il me faut le modifier. Tr\u00e8s urgent (je veux rajouter beaucoup de d\u00e9tails). D&rsquo;autre part, peux-tu trouver des documents ou un bouquin sur le <u>bouddhisme Zen<\/u>. C&rsquo;est une secte tr\u00e8s sp\u00e9ciale de bouddhistes japonais. J&rsquo;avais l\u00e0-dessus un bouquin qui tra\u00eenait sur les quais, et qu&rsquo;on doit trouver d&rsquo;occasion dans les librairies d&rsquo;occultisme (voir Dorbon, bd St Germain, Dorbon, son fr\u00e8re, bd Haussmann, Charconac, la grande librairie de la rue Gay-Lussac, les deux de la rue St Jacques, celle de la rue St Sulpice (tr\u00e8s importante pour les religions asiatiques) et aussi une librairie du Bd St Germain pass\u00e9 la rue des St P\u00e8res \u00e0 droite en allant vers la rue du Bac (beaucoup de documents sur l&rsquo;Asie), voir aussi mon ami Coustolle, commis en librairie, place Paul Painlev\u00e9). Les bouddhistes Zen sont comme de justes immat\u00e9rialistes, mais joignent \u00e0 leur doctrine m\u00e9taphysique des conceptions hi\u00e9rarchiques tr\u00e8s \u00e9lev\u00e9es, en m\u00eame temps qu&rsquo;un sens extraordinaire de libert\u00e9 philosophique, et surtout de libert\u00e9 des m\u00e9thodes pour parvenir \u00e0 l&rsquo;initiation sup\u00e9rieure. Cela m&rsquo;est utile pour comparer leur parfait comportement mental avec les agitations s\u00e9mites bibliques. A \u00e9tudier sans cesse les \u00c9critures, on s&rsquo;aper\u00e7oit que l&rsquo;\u00e2me s\u00e9mite est un fleuve remuant qui a entra\u00een\u00e9 lors de ses d\u00e9tours beaucoup de v\u00e9rit\u00e9s des religions plus stables. Il faut savoir si le Christianisme n&rsquo;est pas \u00e0 la fois le jaillissement naturel de la substance universaliste re\u00e7ue par le juda\u00efsme, et aussi un accident (les deux peuvent se concevoir), en ce sens que la fleur nouvelle en \u00e9tait impr\u00e9vue, \u00e0 tel point qu&rsquo;elle a boulevers\u00e9 la synagogue. Or le christianisme me semble avoir sa source en Orient, au plus haut de la sagesse des grands initi\u00e9s jaunes. Veux-tu bien veiller, si tu trouves un document, que <u>des textes Zen y soient contenus<\/u>.<\/p>\n<p style=\"text-align: justify;\">Je t&#8217;embrasse comme il n&rsquo;est pas possible, avec toute la retenue pudique des images, mais toute la fougue ruisselante des ardeurs s\u00e9rieuses. Tu es ma joie, et ma r\u00e9compense. Veux-tu bien ne pas t&rsquo;ennuyer.<\/p>\n<p style=\"text-align: justify;\">Tout \u00e0 toi.<\/p>\n<p>J.<\/p>\n<p style=\"text-align: justify;\"><a href=\"#_ftnref1\" name=\"_ftn1\">[1]<\/a> Cette lettre, dat\u00e9e du 3\/2\/49, est probablement du 2\/3\/49 ou du 3\/3\/49 ; en effet il existe une autre lettre dat\u00e9e du 3\/2\/49 avec l\u2019ent\u00eate \u00ab CM \u00bb (Condamn\u00e9 \u00e0 Mort) alors que le manuscrit de celle-ci porte le code \u00ab HS \u00bb (Haute S\u00e9curit\u00e9) qui n\u2019appara\u00eet qu\u2019\u00e0 partir du 26\/2\/49 ; la r\u00e9ponse de Jeanne Roux, en date du 5\/3\/49 semble confirmer cette hypoth\u00e8se (note de FGR)<\/p>\n","protected":false},"excerpt":{"rendered":"<p>\u00a0 Mercredi 2 mars 1949 [1] Ma ch\u00e9rie, Pas de lettres ! Pas de nouvelles ! Depuis samedi ! Que se passe-t-il ? \u00c9cris, \u00e9cris ! J&rsquo;esp\u00e8re que ce n&rsquo;est pas ta faute et qu&rsquo;on va m&rsquo;apporter trois lettres en &hellip; <a href=\"https:\/\/monperejeanmamy.fr\/?page_id=2898\">Continuer la lecture <span class=\"meta-nav\">&rarr;<\/span><\/a><\/p>\n","protected":false},"author":2,"featured_media":11,"parent":0,"menu_order":0,"comment_status":"closed","ping_status":"closed","template":"","meta":[],"folder":[],"_links":{"self":[{"href":"https:\/\/monperejeanmamy.fr\/index.php?rest_route=\/wp\/v2\/pages\/2898"}],"collection":[{"href":"https:\/\/monperejeanmamy.fr\/index.php?rest_route=\/wp\/v2\/pages"}],"about":[{"href":"https:\/\/monperejeanmamy.fr\/index.php?rest_route=\/wp\/v2\/types\/page"}],"author":[{"embeddable":true,"href":"https:\/\/monperejeanmamy.fr\/index.php?rest_route=\/wp\/v2\/users\/2"}],"replies":[{"embeddable":true,"href":"https:\/\/monperejeanmamy.fr\/index.php?rest_route=%2Fwp%2Fv2%2Fcomments&post=2898"}],"version-history":[{"count":6,"href":"https:\/\/monperejeanmamy.fr\/index.php?rest_route=\/wp\/v2\/pages\/2898\/revisions"}],"predecessor-version":[{"id":3372,"href":"https:\/\/monperejeanmamy.fr\/index.php?rest_route=\/wp\/v2\/pages\/2898\/revisions\/3372"}],"wp:featuredmedia":[{"embeddable":true,"href":"https:\/\/monperejeanmamy.fr\/index.php?rest_route=\/wp\/v2\/media\/11"}],"wp:attachment":[{"href":"https:\/\/monperejeanmamy.fr\/index.php?rest_route=%2Fwp%2Fv2%2Fmedia&parent=2898"}],"wp:term":[{"taxonomy":"folder","embeddable":true,"href":"https:\/\/monperejeanmamy.fr\/index.php?rest_route=%2Fwp%2Fv2%2Ffolder&post=2898"}],"curies":[{"name":"wp","href":"https:\/\/api.w.org\/{rel}","templated":true}]}}