{"id":29,"date":"2021-02-09T15:29:25","date_gmt":"2021-02-09T14:29:25","guid":{"rendered":"http:\/\/monperejeanmamy.fr\/?page_id=29"},"modified":"2021-04-20T10:28:56","modified_gmt":"2021-04-20T08:28:56","slug":"proces","status":"publish","type":"page","link":"https:\/\/monperejeanmamy.fr\/?page_id=29","title":{"rendered":"Son proc\u00e8s"},"content":{"rendered":"<p style=\"text-align: justify;\">Il n\u2019est pas facile de d\u00e9terminer exactement le r\u00f4le actif r\u00e9el jou\u00e9 par Jean Mamy sous l\u2019Occupation.<\/p>\n<p style=\"text-align: justify;\">Diff\u00e9rents documents assez concordants permettent cependant de savoir ce qui est reproch\u00e9 \u00e0 Jean Mamy ;<\/p>\n<ul style=\"text-align: justify;\">\n<li><a href=\"http:\/\/monperejeanmamy.fr\/?page_id=1553\">Confession<\/a> de Jean Mamy recueillie le 1<sup>er<\/sup> octobre 1944 par le Service Recherches et S\u00e9curit\u00e9 Publique du Minist\u00e8re de l&rsquo;Int\u00e9rieur, Groupe Cambon<\/li>\n<li>Ses <a href=\"http:\/\/monperejeanmamy.fr\/?page_id=1488\">aveux<\/a> recueillis par Jean Pouzelgues lors de son interrogatoire en octobre 1944<\/li>\n<li>Le <a href=\"http:\/\/monperejeanmamy.fr\/?page_id=1506\">rappel des faits<\/a> qui peuvent lui \u00eatre reproch\u00e9s (extraits de son testament politique, <a href=\"http:\/\/monperejeanmamy.fr\/?page_id=172\"><em>Vers l&rsquo;Altruisme autoritaire)<\/em><\/a><\/li>\n<li>Le <a href=\"http:\/\/monperejeanmamy.fr\/?page_id=1472\">m\u00e9moire<\/a> qu&rsquo;il adresse \u00e0 son avocat pour lui brosser le tableau des t\u00e9moins susceptibles d&rsquo;\u00eatre \u00e0 charge ou \u00e0 d\u00e9charge, et notamment la description du <a href=\"http:\/\/monperejeanmamy.fr\/?page_id=1481\">r\u00f4le de Richard de Grandmaison<\/a>, qui l&rsquo;a entra\u00een\u00e9 dans son action au sein du SD et qui deviendra un t\u00e9moin \u00e0 charge<\/li>\n<li>Les <a href=\"http:\/\/monperejeanmamy.fr\/?page_id=1500\">attendus du commissaire du gouvernement<\/a> charg\u00e9 de l&rsquo;instruction qui reprennent la majorit\u00e9 des aveux<\/li>\n<\/ul>\n<p style=\"text-align: justify;\">Ce proc\u00e8s tardif donnera l&rsquo;occasion \u00e0 la <a href=\"http:\/\/monperejeanmamy.fr\/?page_id=1502\">Presse communiste<\/a> de se d\u00e9cha\u00eener, quitte \u00e0 en rajouter, et de saluer la condamnation \u00e0 mort du \u00ab d\u00e9lateur cynique tortionnaire \u00bb (sic).<\/p>\n<p style=\"text-align: justify;\">Toujours est-il\u00a0:<\/p>\n<ul>\n<li style=\"text-align: justify;\">qu\u2019il \u00e9tait recherch\u00e9 par la R\u00e9sistance \u00e0 la Lib\u00e9ration et qu\u2019il s\u2019est constitu\u00e9 prisonnier en septembre 1944, probablement pour \u00e9viter \u00e0 sa m\u00e8re d\u2019\u00eatre inqui\u00e9t\u00e9e plus avant (elle \u00e9tait alors en \u00ab\u00a0garde \u00e0 vue\u00a0\u00bb et a \u00e9t\u00e9 rel\u00e2ch\u00e9e imm\u00e9diatement),<\/li>\n<li style=\"text-align: justify;\">qu\u2019il n\u2019a pas fait l\u2019objet d\u2019une ex\u00e9cution sommaire \u00e0 une p\u00e9riode \u00ab\u00a0d\u2019\u00e9puration sauvage\u00a0\u00bb o\u00f9 plusieurs dizaines de milliers de \u00ab\u00a0collabos\u00a0\u00bb ont \u00e9t\u00e9 pass\u00e9s par les armes sans autre forme de proc\u00e8s,<\/li>\n<li style=\"text-align: justify;\">qu\u2019il a \u00e9t\u00e9 incarc\u00e9r\u00e9 \u00e0 Fresnes \u00e0 partir de cette date et que son dossier a \u00e9t\u00e9 instruit pendant quatre ann\u00e9es,<\/li>\n<li style=\"text-align: justify;\">que son proc\u00e8s a eu lieu devant la Cour de Justice qui l\u2019a condamn\u00e9 \u00e0 mort le 24 d\u00e9cembre 1948, pour des motifs expos\u00e9s dans le r\u00e9quisitoire de l\u2019avocat g\u00e9n\u00e9ral, proc\u00e8s largement comment\u00e9 de mani\u00e8re virulente par la presse communiste,<\/li>\n<li style=\"text-align: justify;\">que son recours en gr\u00e2ce a \u00e9t\u00e9 refus\u00e9 par Vincent Auriol, Pr\u00e9sident de la R\u00e9publique et franc-ma\u00e7on,<\/li>\n<li style=\"text-align: justify;\">qu\u2019il a \u00e9t\u00e9 fusill\u00e9 dans les foss\u00e9s du fort de Montrouge le 29 mars 1949 et qu\u2019il est l\u2019un des tous derniers condamn\u00e9s \u00e0 mort et ex\u00e9cut\u00e9s pour faits de Collaboration comme le montre le tableau ci-apr\u00e8s : sur 770 ex\u00e9cutions, 22 le seront en 1949, 9 en 1950 et une, la toute derni\u00e8re, en 1951.<\/li>\n<\/ul>\n<p><img loading=\"lazy\" class=\"aligncenter size-full wp-image-1470\" src=\"http:\/\/monperejeanmamy.fr\/wp-content\/uploads\/2021\/03\/Tableau-des-peines-de-mort.jpg\" alt=\"\" width=\"764\" height=\"719\" srcset=\"https:\/\/monperejeanmamy.fr\/wp-content\/uploads\/2021\/03\/Tableau-des-peines-de-mort.jpg 764w, https:\/\/monperejeanmamy.fr\/wp-content\/uploads\/2021\/03\/Tableau-des-peines-de-mort-300x282.jpg 300w, https:\/\/monperejeanmamy.fr\/wp-content\/uploads\/2021\/03\/Tableau-des-peines-de-mort-319x300.jpg 319w\" sizes=\"(max-width: 764px) 100vw, 764px\" \/><\/p>\n<p>Liste des griefs<\/p>\n<p style=\"text-align: justify;\">Pour sa d\u00e9fense, Jean Mamy choisit Ma\u00eetre Ren\u00e9 Floriot, consid\u00e9r\u00e9 alors comme l&rsquo;un des t\u00e9nors du barreau et \u00ab le plus cher \u00bb des avocats parisiens. Il ne le rencontrera que peu \u00e0 Fresnes, Floriot d\u00e9l\u00e9guant fr\u00e9quemment \u00e0 son collaborateur, Ma\u00eetre Liebermann ou \u00e0 sa secr\u00e9taire, Madame Demery.<\/p>\n<p style=\"text-align: justify;\">Quelques semaines avant son proc\u00e8s, Ma\u00eetre Ren\u00e9 Floriot se d\u00e9sista brusquement, sans doute (et m\u00eame certainement) sous la pression de la Franc-ma\u00e7onnerie. Sa d\u00e9fense sera alors assur\u00e9e par Ma\u00eetre Pierre Leroy.<\/p>\n<p>Son proc\u00e8s se d\u00e9roulera devant la Cour de Justice du 21 d\u00e9cembre au 24 d\u00e9cembre 1948.<\/p>\n<p>Jean Mamy d\u00e9crit l&rsquo;<a href=\"http:\/\/monperejeanmamy.fr\/?page_id=1717\">ambiance de son proc\u00e8s<\/a> dans son Testament Politique<\/p>\n<p><a href=\"http:\/\/monperejeanmamy.fr\/?page_id=1703\">La presse communiste se d\u00e9cha\u00eene et accuse<\/a>.<\/p>\n<h1>24 d\u00e9cembre 1048, Verdict<\/h1>\n<p>Jean Mamy est condamn\u00e9 \u00e0 mort. <a href=\"http:\/\/monperejeanmamy.fr\/?page_id=1710\">La Presse communiste exulte<\/a><\/p>\n<p>&nbsp;<\/p>\n<p>&nbsp;<\/p>\n<p>&nbsp;<\/p>\n<p>&nbsp;<\/p>\n<p><img loading=\"lazy\" class=\"aligncenter size-full wp-image-317\" src=\"http:\/\/monperejeanmamy.fr\/wp-content\/uploads\/2021\/02\/Page-en-cours-de-redaction.jpg\" alt=\"\" width=\"800\" height=\"144\" srcset=\"https:\/\/monperejeanmamy.fr\/wp-content\/uploads\/2021\/02\/Page-en-cours-de-redaction.jpg 800w, https:\/\/monperejeanmamy.fr\/wp-content\/uploads\/2021\/02\/Page-en-cours-de-redaction-300x54.jpg 300w, https:\/\/monperejeanmamy.fr\/wp-content\/uploads\/2021\/02\/Page-en-cours-de-redaction-768x138.jpg 768w, https:\/\/monperejeanmamy.fr\/wp-content\/uploads\/2021\/02\/Page-en-cours-de-redaction-500x90.jpg 500w\" sizes=\"(max-width: 800px) 100vw, 800px\" \/><\/p>\n","protected":false},"excerpt":{"rendered":"<p>Il n\u2019est pas facile de d\u00e9terminer exactement le r\u00f4le actif r\u00e9el jou\u00e9 par Jean Mamy sous l\u2019Occupation. Diff\u00e9rents documents assez concordants permettent cependant de savoir ce qui est reproch\u00e9 \u00e0 Jean Mamy ; Confession de Jean Mamy recueillie le 1er &hellip; <a href=\"https:\/\/monperejeanmamy.fr\/?page_id=29\">Continuer la lecture <span class=\"meta-nav\">&rarr;<\/span><\/a><\/p>\n","protected":false},"author":1,"featured_media":10,"parent":0,"menu_order":0,"comment_status":"closed","ping_status":"closed","template":"","meta":[],"folder":[],"_links":{"self":[{"href":"https:\/\/monperejeanmamy.fr\/index.php?rest_route=\/wp\/v2\/pages\/29"}],"collection":[{"href":"https:\/\/monperejeanmamy.fr\/index.php?rest_route=\/wp\/v2\/pages"}],"about":[{"href":"https:\/\/monperejeanmamy.fr\/index.php?rest_route=\/wp\/v2\/types\/page"}],"author":[{"embeddable":true,"href":"https:\/\/monperejeanmamy.fr\/index.php?rest_route=\/wp\/v2\/users\/1"}],"replies":[{"embeddable":true,"href":"https:\/\/monperejeanmamy.fr\/index.php?rest_route=%2Fwp%2Fv2%2Fcomments&post=29"}],"version-history":[{"count":20,"href":"https:\/\/monperejeanmamy.fr\/index.php?rest_route=\/wp\/v2\/pages\/29\/revisions"}],"predecessor-version":[{"id":2259,"href":"https:\/\/monperejeanmamy.fr\/index.php?rest_route=\/wp\/v2\/pages\/29\/revisions\/2259"}],"wp:featuredmedia":[{"embeddable":true,"href":"https:\/\/monperejeanmamy.fr\/index.php?rest_route=\/wp\/v2\/media\/10"}],"wp:attachment":[{"href":"https:\/\/monperejeanmamy.fr\/index.php?rest_route=%2Fwp%2Fv2%2Fmedia&parent=29"}],"wp:term":[{"taxonomy":"folder","embeddable":true,"href":"https:\/\/monperejeanmamy.fr\/index.php?rest_route=%2Fwp%2Fv2%2Ffolder&post=29"}],"curies":[{"name":"wp","href":"https:\/\/api.w.org\/{rel}","templated":true}]}}