{"id":2904,"date":"2021-05-22T10:49:28","date_gmt":"2021-05-22T08:49:28","guid":{"rendered":"http:\/\/monperejeanmamy.fr\/?page_id=2904"},"modified":"2021-05-22T11:22:08","modified_gmt":"2021-05-22T09:22:08","slug":"jm-a-jr-fresnes-49-03-04","status":"publish","type":"page","link":"https:\/\/monperejeanmamy.fr\/?page_id=2904","title":{"rendered":"JM \u00e0 JR (Fresnes 49\/03\/04)"},"content":{"rendered":"<p><strong>\u00a0<\/strong><a href=\"http:\/\/monperejeanmamy.fr\/?page_id=2898\"><img loading=\"lazy\" class=\"wp-image-1352 alignleft\" src=\"http:\/\/monperejeanmamy.fr\/wp-content\/uploads\/2021\/03\/Lettre-precedente.jpg\" alt=\"\" width=\"143\" height=\"78\" \/><\/a><a href=\"http:\/\/monperejeanmamy.fr\/?page_id=2908\"><img loading=\"lazy\" class=\"alignright wp-image-1353\" src=\"http:\/\/monperejeanmamy.fr\/wp-content\/uploads\/2021\/03\/Lettre-suivante.jpg\" alt=\"\" width=\"139\" height=\"76\" \/><\/a><\/p>\n<p style=\"text-align: center;\"><strong>Vendredi 4 mars 1949<br \/>\n<\/strong><\/p>\n<p style=\"text-align: center;\">Fille ch\u00e9rie,<\/p>\n<p style=\"text-align: justify;\">J&rsquo;ai vu Leroy tout \u00e0 l&rsquo;heure. R\u00e9confortant. On a des chances. Tout s&rsquo;\u00e9claircit peu \u00e0 peu. Encore de la patience et du travail.<\/p>\n<p style=\"text-align: justify;\">Pour du travail, tu n&rsquo;en manqueras pas. Vu ? Pas mal, hein ?<\/p>\n<p style=\"text-align: justify;\">Pour ses honoraires, il demande 30. Si tu peux lui en donner 10 ou 15 fais le. J&rsquo;\u00e9cris \u00e0 ma m\u00e8re pour le reste et te dirai la r\u00e9ponse. Dis-moi ce que tu fais, sans te g\u00eaner. Je crois en effet que c&rsquo;est utile. Il d\u00e9pense son temps. Il mettra aussi plus d&rsquo;ardeur \u00e0 r\u00e9ussir (quoiqu&rsquo;il soit parfait, d\u00e9sint\u00e9ress\u00e9, amical. Je ne pouvais trouver meilleur d\u00e9fenseur).<\/p>\n<p style=\"text-align: justify;\">J&rsquo;ai re\u00e7u ta bonne lettre aujourd&rsquo;hui. Tu es la meilleure des filles. Elle \u00e9tait nourrie de tant de bonnes choses que j&rsquo;en ai pour plusieurs jours \u00e0 la relire. Et surtout entre les lignes. Et \u00e0 t&rsquo;imaginer. Et \u00e0 colorier les mots comme les enfants avec leurs albums. Ainsi je mets pour un jour le je t&rsquo;aime en rose, puis en bleu, puis en vert. Puis j&rsquo;y rajoute des : pour ceci, pour cela aussi, \u00e0 cause de que, parce que tout, sans limites. Puis je fais des phrases : Je t&rsquo;aime parce que j&rsquo;ai regard\u00e9 la montgolfi\u00e8re sur le livre de ma cousine. Il y avait un homme en habit du XVIII<sup>\u00e8me<\/sup> qui soufflait le feu et l&rsquo;autre envoyait des confettis. Alors, j&rsquo;ai pens\u00e9 au mardi gras, \u00e0 toi sur les boulevards, aux vitrines des magasins de chaussures, \u00e0 Fr\u00e9d\u00e9ric et Colombine \u2014et j&rsquo;ai soupir\u00e9. A cause de cela <u>nous<\/u> sommes rentr\u00e9s de bonne heure pour le th\u00e9 et la brique chaude. Nous avons lu <em>Les M\u00e9moires d&rsquo;un \u00e2ne<\/em> et nous avons jou\u00e9 \u00e0 la poup\u00e9e. Ma cousine aime les confitures, mais moi je pr\u00e9f\u00e8re les autos. Quand je serai grand nous irons dans les bois cueillir la pervenche. Le ciel est joli quand il n&rsquo;y a pas de nuages gris. Par contre mon cheval s&rsquo;est tordu le pied. Vive la soupe aux choux. Voil\u00e0, je t&#8217;embrasse. Puis j&rsquo;arrange d&rsquo;autres phrases dans le m\u00eame genre. On finit par faire un roman. Les chaussons pour enfants ne sont pas plus terribles. Tout bleu p\u00e2le et rose machine. Mais toi, c&rsquo;est plus s\u00e9rieux.<\/p>\n<p style=\"text-align: justify;\">J&rsquo;ai lu hier soir un tr\u00e8s mauvais machin de Charles Mesnier : <em>Mariages<\/em>. Du roman bourgeois s\u00e9rieux avec des filles qui se font d\u00e9chirer le ventre par leurs \u00e9poux idiots et qui cherchent leurs satisfactions dans les poubelles. Dire que cette litt\u00e9rature se vend par wagons aux femelles encrass\u00e9es dans leurs provinces. R\u00e9sultat : des piqu\u00e9es par centaines de milliers qui ne sauront jamais ce que c&rsquo;est que l&rsquo;amour (parce qu&rsquo;elle l&rsquo;auront r\u00e9duit \u00e0 leur seule sexualit\u00e9, assouvie ou non).<\/p>\n<p style=\"text-align: justify;\">L&rsquo;amour c&rsquo;est donner, et puis donner, et encore donner. Et toujours donner, et ne jamais s&rsquo;arr\u00eater de donner.<\/p>\n<p style=\"text-align: justify;\">Quoi donner ? Nous rentrons alors dans l\u2019<u>intelligence de l&rsquo;amour de qualit\u00e9<\/u>.<\/p>\n<p style=\"text-align: justify;\">Tout d\u00e9pend du meilleur de chacun. Plus la personne est \u00e9lev\u00e9e, plus ce qu&rsquo;elle donne est rare.<\/p>\n<p style=\"text-align: justify;\">Le grand amour est la raret\u00e9\/qualit\u00e9 multipli\u00e9e par l&rsquo;abondance.<\/p>\n<p style=\"text-align: justify;\">(Si tu veux bien, nous inscrirons ces phrases immortelles au sommet d&rsquo;un monument construit tout expr\u00e8s pour leur passage \u00e0 la post\u00e9rit\u00e9).<\/p>\n<p style=\"text-align: justify;\">Je t&#8217;embrasse une fois, c&rsquo;est \u00e0 dire, une fois pour toutes, d\u00e9finitivement, tout le temps.<\/p>\n<p style=\"text-align: justify;\">Travaille bien. Pense \u00e0 nous. Sache que nous sommes de bon poil et fortement d\u00e9cid\u00e9s \u00e0 remonter la pente raide rapidement. Il faut en sortir et d\u00e9cid\u00e9ment r\u00e9aliser sa vie tranquille dans un monde de paix.<\/p>\n<p style=\"text-align: justify;\">Mes gros baisers ch\u00e9ris.<\/p>\n<p style=\"text-align: justify;\">J.<\/p>\n<p style=\"text-align: justify;\">\n","protected":false},"excerpt":{"rendered":"<p>\u00a0 Vendredi 4 mars 1949 Fille ch\u00e9rie, J&rsquo;ai vu Leroy tout \u00e0 l&rsquo;heure. R\u00e9confortant. On a des chances. Tout s&rsquo;\u00e9claircit peu \u00e0 peu. Encore de la patience et du travail. Pour du travail, tu n&rsquo;en manqueras pas. Vu ? Pas &hellip; <a href=\"https:\/\/monperejeanmamy.fr\/?page_id=2904\">Continuer la lecture <span class=\"meta-nav\">&rarr;<\/span><\/a><\/p>\n","protected":false},"author":2,"featured_media":11,"parent":0,"menu_order":0,"comment_status":"closed","ping_status":"closed","template":"","meta":[],"folder":[],"_links":{"self":[{"href":"https:\/\/monperejeanmamy.fr\/index.php?rest_route=\/wp\/v2\/pages\/2904"}],"collection":[{"href":"https:\/\/monperejeanmamy.fr\/index.php?rest_route=\/wp\/v2\/pages"}],"about":[{"href":"https:\/\/monperejeanmamy.fr\/index.php?rest_route=\/wp\/v2\/types\/page"}],"author":[{"embeddable":true,"href":"https:\/\/monperejeanmamy.fr\/index.php?rest_route=\/wp\/v2\/users\/2"}],"replies":[{"embeddable":true,"href":"https:\/\/monperejeanmamy.fr\/index.php?rest_route=%2Fwp%2Fv2%2Fcomments&post=2904"}],"version-history":[{"count":3,"href":"https:\/\/monperejeanmamy.fr\/index.php?rest_route=\/wp\/v2\/pages\/2904\/revisions"}],"predecessor-version":[{"id":2912,"href":"https:\/\/monperejeanmamy.fr\/index.php?rest_route=\/wp\/v2\/pages\/2904\/revisions\/2912"}],"wp:featuredmedia":[{"embeddable":true,"href":"https:\/\/monperejeanmamy.fr\/index.php?rest_route=\/wp\/v2\/media\/11"}],"wp:attachment":[{"href":"https:\/\/monperejeanmamy.fr\/index.php?rest_route=%2Fwp%2Fv2%2Fmedia&parent=2904"}],"wp:term":[{"taxonomy":"folder","embeddable":true,"href":"https:\/\/monperejeanmamy.fr\/index.php?rest_route=%2Fwp%2Fv2%2Ffolder&post=2904"}],"curies":[{"name":"wp","href":"https:\/\/api.w.org\/{rel}","templated":true}]}}