{"id":2908,"date":"2021-05-22T11:16:17","date_gmt":"2021-05-22T09:16:17","guid":{"rendered":"http:\/\/monperejeanmamy.fr\/?page_id=2908"},"modified":"2021-05-22T11:34:26","modified_gmt":"2021-05-22T09:34:26","slug":"jm-a-jr-fresnes-19-03-09","status":"publish","type":"page","link":"https:\/\/monperejeanmamy.fr\/?page_id=2908","title":{"rendered":"JM \u00e0 JR (Fresnes 49\/03\/09)"},"content":{"rendered":"<p><strong>\u00a0<\/strong><a href=\"http:\/\/monperejeanmamy.fr\/?page_id=2904\"><img loading=\"lazy\" class=\"wp-image-1352 alignleft\" src=\"http:\/\/monperejeanmamy.fr\/wp-content\/uploads\/2021\/03\/Lettre-precedente.jpg\" alt=\"\" width=\"143\" height=\"78\" \/><\/a><a href=\"http:\/\/monperejeanmamy.fr\/?page_id=2913\"><img loading=\"lazy\" class=\"alignright wp-image-1353\" src=\"http:\/\/monperejeanmamy.fr\/wp-content\/uploads\/2021\/03\/Lettre-suivante.jpg\" alt=\"\" width=\"139\" height=\"76\" \/><\/a><\/p>\n<p style=\"text-align: center;\"><strong>Mercredi 9 mars 1949<br \/>\n<\/strong><\/p>\n<p style=\"text-align: center;\">Ma fille ch\u00e9rie,<\/p>\n<p style=\"text-align: justify;\">Alors tu travailles au truc ? Passionnant ? Es-tu aussi emball\u00e9e que notre bon ami ? J&rsquo;aime beaucoup qu&rsquo;il ait \u00e9t\u00e9 touch\u00e9. Preuve que les arguments ne sont pas indiff\u00e9rents. Moi, j&rsquo;ai \u00e9crit ce que je voyais. Ni plus, ni moins. D\u00e9brouillez-vous avec les id\u00e9es toutes brutes. Et puis, ce document pour moi est d\u00e9pass\u00e9. Je m&rsquo;attaque \u00e0 autre chose. J&rsquo;ai termin\u00e9 quelques petites babioles et nous allons maintenant penser s\u00e9rieusement \u00e0 \u00e9difier une \u0153uvre constructive. Je n&rsquo;aurai peut-\u00eatre que le temps d&rsquo;en faire le plan. Mais qui sait ? On peut arriver au 72<sup>\u00e8me<\/sup> \u00e9tage. C&rsquo;est curieux comme la confiance me p\u00e9n\u00e8tre peu \u00e0 peu. Je crois que je vais passer intact \u00e0 travers l&rsquo;\u00e9preuve. C&rsquo;est encore peu visible. Mais l&rsquo;intuition&#8230; N&rsquo;allons pas trop vite. Et surtout je suis pr\u00eat \u00e0 tout. Pas de d\u00e9ception. Pas d&rsquo;illusions. Le vent tourne. Et tourne bien. Attendons que la voile se gonfle.<\/p>\n<p style=\"text-align: justify;\">Tu ne m&rsquo;\u00e9cris pas. Pas de nouvelles de l&rsquo;affaire. Je crois que rien ne presse. On m&rsquo;a dit qu&rsquo;on ne s&rsquo;occupe pour l&rsquo;instant que des affaires de juillet dernier. Nous avons donc du temps. Il y a cette tr\u00e8s grosse affaire de Toulouse qui est capitale. On jugera l\u00e0-dessus la d\u00e9tente ou non. Neuf condamn\u00e9s \u00e0 mort d&rsquo;un coup ! Tous fonctionnaires. Voil\u00e0 un test. Apr\u00e8s, on pourra juger.<\/p>\n<p style=\"text-align: justify;\">Tu te plains que je te parle de bouddhisme et tu veux conna\u00eetre tout ce que je pense ! C&rsquo;est la curiosit\u00e9 punie. Me crois-tu rempli de r\u00eaves licencieux, ou romanesques ? Je suis un homme s\u00e9v\u00e8re, plein de pens\u00e9es positives, \u00e9tudiant des probl\u00e8mes ardus, se penchant vers des choses difficiles, n&rsquo;accordant rien aux plaisirs, se disciplinant dans une r\u00e9serve prudente. Un bonze chinois ! Pas dr\u00f4le du tout. Pas le h\u00e9ros de cuisine \u00e0 brandebourgs pour crinoline. (A propos, je vais y penser \u00e0 ton sc\u00e9nario. Il faut que je me rappelle le plan, mais c&rsquo;est de l&rsquo;amusette \u00e0 c\u00f4t\u00e9 de ce que j&rsquo;envisage).<\/p>\n<p style=\"text-align: justify;\">On n&rsquo;a gu\u00e8re de nouvelles ces jours-ci. Il appara\u00eet que la tension continue en Am\u00e9rique et URSS. Pourquoi ce changement ? Molotov, Vychinsky <a href=\"#_ftn1\" name=\"_ftnref1\">[1]<\/a>\u00a0? Sais pas. Qu&rsquo;ils fassent la guerre ou la paix. Ils ne peuvent faire que des b\u00eatises. Les peuples sont toujours les poires. Car on ne peut imaginer monde plus malheureux que celui du 20\u00e9me si\u00e8cle. Pas une r\u00e9ussite la d\u00e9mocratie : Du ch\u00f4meur et du cadavre. Trop de ch\u00f4meurs ? Faisons la guerre. Trop de cadavres ? Occupons les ch\u00f4meurs pendant quelque temps. Apr\u00e8s&#8230;<\/p>\n<p style=\"text-align: justify;\">Tout cela nous \u00e9loigne de notre sujet qui est bien diff\u00e9rent de ces consid\u00e9rations basses. De quoi s&rsquo;agit-il ? D&rsquo;attendre le plus rapidement possible par les moyens mentaux d&rsquo;usage, la s\u00e9r\u00e9nit\u00e9 extraordinaire (naturelle, mais qui semble extraordinaire \u00e0 ceux qui tremblent \u00e0 tous vents) qui permette de franchir tous les passages humains (toujours noirs les passages, pas commodes les passages). Cette s\u00e9r\u00e9nit\u00e9, cette force, cette lumi\u00e8re intime, c&rsquo;est la vie exprim\u00e9e, en dehors de notre petit \u00e9go\u00efsme particulier que nous pi\u00e9tinons \u00e0 plaisir comme une ombre ind\u00e9cente. Le Mamy est d\u00e9testable. C&rsquo;est un goinfre et un batifoleur. Pas le s\u00e9rieux, le camarade. Se d\u00e9barrasser de cet Auguste. Beaucoup trop cirque. Qu&rsquo;il se taise. Et voyons enfin qui nous sommes. En dehors de cette personnalit\u00e9 trop magn\u00e9tique qu&rsquo;il faut r\u00e9duire \u00e0 son n\u00e9ant, \u00e0 sa condition cauchemardeuse, nous pouvons trouver l&rsquo;individualit\u00e9 aimable qui elle, accepte toutes les qualit\u00e9s qu&rsquo;un principe munificent veut bien lui accorder, ainsi qu&rsquo;\u00e0 tous. Et c&rsquo;est dans cette perfection des rapports, dans cette harmonie des contacts sup\u00e9rieurs que la vie coule \u00e0 flot, et se r\u00e9jouit de s&rsquo;\u00e9pandre. Nous voil\u00e0 donc sur le plan qui convient pour discuter de l&rsquo;\u00e9ternel absolu qui est l&rsquo;homme \u00e0 l&rsquo;image d&rsquo;une perfection cr\u00e9atrice insoup\u00e7onn\u00e9e de nos pauvres sens. L&rsquo;intuition nous am\u00e8ne au sommet d&rsquo;un certain silence, qui nous permet d&rsquo;\u00e9couter les voix les plus hautes qui r\u00e9jouissent et dominent et font que la vie est permanente.<\/p>\n<p style=\"text-align: justify;\">Je t&#8217;embrasse comme une f\u00e9e avec reconnaissance. Tu est l&rsquo;amour qui entre par tous les cris du jardin. Je sens d&rsquo;ici que tu m&rsquo;aimes. Et je te le rends bien.<\/p>\n<p style=\"text-align: justify;\">Gros baisers.<\/p>\n<p style=\"text-align: justify;\">J.<\/p>\n<p style=\"text-align: justify;\"><a href=\"#_ftnref1\" name=\"_ftn1\">[1]<\/a> Viatcheslav Mikha\u00eflovitch Molotov\u00a0 (1890-1986), homme politique et diplomate de l\u2019Union Sovi\u00e9tique, bras droit de Joseph Staline. Ministre des Affaires \u00e9trang\u00e8res jusqu&rsquo;en 1949, remplac\u00e9 par Andrei Ianourievitch Vychinsky, juriste et diplomate sovi\u00e9tique (1883-1954) (note de FGR)<\/p>\n","protected":false},"excerpt":{"rendered":"<p>\u00a0 Mercredi 9 mars 1949 Ma fille ch\u00e9rie, Alors tu travailles au truc ? Passionnant ? Es-tu aussi emball\u00e9e que notre bon ami ? J&rsquo;aime beaucoup qu&rsquo;il ait \u00e9t\u00e9 touch\u00e9. Preuve que les arguments ne sont pas indiff\u00e9rents. Moi, j&rsquo;ai &hellip; <a href=\"https:\/\/monperejeanmamy.fr\/?page_id=2908\">Continuer la lecture <span class=\"meta-nav\">&rarr;<\/span><\/a><\/p>\n","protected":false},"author":2,"featured_media":11,"parent":0,"menu_order":0,"comment_status":"closed","ping_status":"closed","template":"","meta":[],"folder":[],"_links":{"self":[{"href":"https:\/\/monperejeanmamy.fr\/index.php?rest_route=\/wp\/v2\/pages\/2908"}],"collection":[{"href":"https:\/\/monperejeanmamy.fr\/index.php?rest_route=\/wp\/v2\/pages"}],"about":[{"href":"https:\/\/monperejeanmamy.fr\/index.php?rest_route=\/wp\/v2\/types\/page"}],"author":[{"embeddable":true,"href":"https:\/\/monperejeanmamy.fr\/index.php?rest_route=\/wp\/v2\/users\/2"}],"replies":[{"embeddable":true,"href":"https:\/\/monperejeanmamy.fr\/index.php?rest_route=%2Fwp%2Fv2%2Fcomments&post=2908"}],"version-history":[{"count":4,"href":"https:\/\/monperejeanmamy.fr\/index.php?rest_route=\/wp\/v2\/pages\/2908\/revisions"}],"predecessor-version":[{"id":2916,"href":"https:\/\/monperejeanmamy.fr\/index.php?rest_route=\/wp\/v2\/pages\/2908\/revisions\/2916"}],"wp:featuredmedia":[{"embeddable":true,"href":"https:\/\/monperejeanmamy.fr\/index.php?rest_route=\/wp\/v2\/media\/11"}],"wp:attachment":[{"href":"https:\/\/monperejeanmamy.fr\/index.php?rest_route=%2Fwp%2Fv2%2Fmedia&parent=2908"}],"wp:term":[{"taxonomy":"folder","embeddable":true,"href":"https:\/\/monperejeanmamy.fr\/index.php?rest_route=%2Fwp%2Fv2%2Ffolder&post=2908"}],"curies":[{"name":"wp","href":"https:\/\/api.w.org\/{rel}","templated":true}]}}