{"id":2913,"date":"2021-05-22T11:23:20","date_gmt":"2021-05-22T09:23:20","guid":{"rendered":"http:\/\/monperejeanmamy.fr\/?page_id=2913"},"modified":"2024-01-27T18:37:38","modified_gmt":"2024-01-27T17:37:38","slug":"jm-a-jr-fresnes-49-03-10","status":"publish","type":"page","link":"https:\/\/monperejeanmamy.fr\/?page_id=2913","title":{"rendered":"JM \u00e0 JR (Fresnes 49\/03\/10)"},"content":{"rendered":"<p><strong>\u00a0<\/strong><a href=\"http:\/\/monperejeanmamy.fr\/?page_id=2908\"><img loading=\"lazy\" class=\"wp-image-1352 alignleft\" src=\"http:\/\/monperejeanmamy.fr\/wp-content\/uploads\/2021\/03\/Lettre-precedente.jpg\" alt=\"\" width=\"143\" height=\"78\" \/><\/a><a href=\"http:\/\/monperejeanmamy.fr\/?page_id=2918\"><img loading=\"lazy\" class=\"alignright wp-image-1353\" src=\"http:\/\/monperejeanmamy.fr\/wp-content\/uploads\/2021\/03\/Lettre-suivante.jpg\" alt=\"\" width=\"139\" height=\"76\" \/><\/a><\/p>\n<p style=\"text-align: center;\"><strong>Jeudi 10 mars 1949<br \/>\n<\/strong><\/p>\n<p style=\"text-align: center;\">Ma petite fille ch\u00e9rie,<\/p>\n<p style=\"text-align: justify;\">J&rsquo;ai d\u00e9j\u00e0 re\u00e7u ta lettre d&rsquo;hier. Le courrier marche beaucoup mieux. Pour le livre sur le bouddhisme, ne fais pas de d\u00e9pense trop forte pour l&rsquo;instant. Si ce que tu as trouv\u00e9 te parait suffisant prends-le. J&rsquo;en avais eu un (en un seul volume) qui donnait des indications d\u00e9j\u00e0 tr\u00e8s \u00e9tendues. Le roman ne m&rsquo;int\u00e9resse pas. Si quelque fois il faut davantage, je demanderai \u00e0 ma m\u00e8re de participer \u00e0 l&rsquo;achat des deux autres. Pour l&rsquo;instant, le plus doucement possible. Il faut voir.<\/p>\n<p style=\"text-align: justify;\">Je ne compte pas voir Leroy avant quelques jours. Il faut qu&rsquo;il s&rsquo;occupe du dossier. Et je ne crois pas qu&rsquo;il puisse s&rsquo;en occuper utilement avant que tu aies termin\u00e9 ton travail. L&rsquo;important est de pr\u00e9senter l&rsquo;affaire <u>dans une lumi\u00e8re v\u00e9ritable<\/u>. Il faut que tout le monde voie clair. Les proc\u00e8s politiques semblent t\u00e9n\u00e9breux, sanguinaires, violents. Les magistrats n&rsquo;y comprennent gu\u00e8re que des luttes \u00e9pouvantables. Pour qu&rsquo;ils puissent juger avec s\u00e9r\u00e9nit\u00e9, on doit leur pr\u00e9senter les motifs puis leur d\u00e9montrer la bonne foi, la sinc\u00e9rit\u00e9, la loyaut\u00e9 qui animaient certains combattants du parti le plus d\u00e9cri\u00e9. Pour moi, il ne s&rsquo;agit pas <u>d&rsquo;amnistie<\/u>, mais de <u>justice<\/u>. L&rsquo;amnistie suppose la culpabilit\u00e9. La justice d\u00e9cide :<\/p>\n<ol>\n<li style=\"text-align: justify;\">si les lois en vigueur au moment de l&rsquo;acte commis, r\u00e9primaient ou non cet acte,<\/li>\n<li style=\"text-align: justify;\">si cet acte est conforme avec la civilisation occidentale, si c&rsquo;est un acte politique ou criminel,<\/li>\n<li style=\"text-align: justify;\">Elle doit tenir compte de la situation g\u00e9n\u00e9rale et de l&rsquo;acharnement des deux parties.<\/li>\n<\/ol>\n<p style=\"text-align: justify;\">Si cette justice ne s&rsquo;exerce pas maintenant, elle s&rsquo;exercera a posteriori. Mais les \u00e9v\u00e8nements tournent vite et les gens en place sont tourment\u00e9s. C&rsquo;est que la situation internationale et int\u00e9rieure est si tendue qu&rsquo;on ne voit plus qui a raison, sauf les sp\u00e9cialistes de la politique qui ont le temps de m\u00e9diter (vivent les bons prisonniers \u00e0 l&rsquo;esprit libre !).<\/p>\n<p style=\"text-align: justify;\">Pourquoi ne trouves-tu pas passionnant les choses passionnantes ? Sentimentale ! Les femmes ne raisonnent pas, elles aiment avec leur tendresse, et elles ne veulent pas distinguer les nuances dans l&rsquo;abandon de soi aux id\u00e9es g\u00e9n\u00e9rales. Et pourtant ! Quand elles sont partisanes, elles sont louves, f\u00e9roces. On les voit mal juger, acquitter trop ou condamner tout. La notion du mal est dans la distinction du bl\u00e9 et de l&rsquo;ivraie. Un grand pasteur protestant hurlait \u00e0 la lib\u00e9ration, sur les estrades : \u00ab <em>Nous sommes le bl\u00e9, ils sont l&rsquo;ivraie<\/em>\u00a0\u00bb. \u00ab\u00a0Ils\u00a0\u00bb, c&rsquo;\u00e9tait nous. Le m\u00eame pasteur se pr\u00e9cipite aujourd&rsquo;hui pour t\u00e2cher de faire oublier ses affirmations, pour le moins simplistes. Il parait que nous ne sommes plus l&rsquo;ivraie. Tout au plus du bl\u00e9 \u00e9gar\u00e9. Un de ces jours on s&rsquo;apercevra que nous sommes devenus levain.<\/p>\n<p style=\"text-align: justify;\">Je t&#8217;embrasse tr\u00e8s mod\u00e9r\u00e9ment pour ne pas t&#8217;emp\u00eacher de travailler, car il convient de ne pas d\u00e9ranger celle qui porte de si lourdes responsabilit\u00e9s dans l&rsquo;accomplissement d&rsquo;une mission sup\u00e9rieure. Si tu vois Leroy, n&rsquo;oublie pas E. de R. complet (c. \u00e0 d. non expurg\u00e9 des portraits mystiques). Ajoutes-y la <em>Cuve<\/em>. As-tu pris chez l&rsquo;ami de ma m\u00e8re des bouquins dont je t&rsquo;ai parl\u00e9 ? Le mouvement de d\u00e9tente a l&rsquo;air de s&rsquo;amplifier. Nous verrons.<\/p>\n<p style=\"text-align: justify;\">A bient\u00f4t te lire. Bient\u00f4t te voir. En attendant mieux. A tout de suite, savoir que tout va si bien et que nous ne saurions \u00eatre s\u00e9par\u00e9s, surtout pas par des murs. Mes gros baisers.<\/p>\n<p style=\"text-align: justify;\">J.<\/p>\n<p>&nbsp;<\/p>\n","protected":false},"excerpt":{"rendered":"<p>\u00a0 Jeudi 10 mars 1949 Ma petite fille ch\u00e9rie, J&rsquo;ai d\u00e9j\u00e0 re\u00e7u ta lettre d&rsquo;hier. Le courrier marche beaucoup mieux. Pour le livre sur le bouddhisme, ne fais pas de d\u00e9pense trop forte pour l&rsquo;instant. Si ce que tu as &hellip; <a href=\"https:\/\/monperejeanmamy.fr\/?page_id=2913\">Continuer la lecture <span class=\"meta-nav\">&rarr;<\/span><\/a><\/p>\n","protected":false},"author":2,"featured_media":11,"parent":0,"menu_order":0,"comment_status":"closed","ping_status":"closed","template":"","meta":[],"folder":[],"_links":{"self":[{"href":"https:\/\/monperejeanmamy.fr\/index.php?rest_route=\/wp\/v2\/pages\/2913"}],"collection":[{"href":"https:\/\/monperejeanmamy.fr\/index.php?rest_route=\/wp\/v2\/pages"}],"about":[{"href":"https:\/\/monperejeanmamy.fr\/index.php?rest_route=\/wp\/v2\/types\/page"}],"author":[{"embeddable":true,"href":"https:\/\/monperejeanmamy.fr\/index.php?rest_route=\/wp\/v2\/users\/2"}],"replies":[{"embeddable":true,"href":"https:\/\/monperejeanmamy.fr\/index.php?rest_route=%2Fwp%2Fv2%2Fcomments&post=2913"}],"version-history":[{"count":4,"href":"https:\/\/monperejeanmamy.fr\/index.php?rest_route=\/wp\/v2\/pages\/2913\/revisions"}],"predecessor-version":[{"id":3335,"href":"https:\/\/monperejeanmamy.fr\/index.php?rest_route=\/wp\/v2\/pages\/2913\/revisions\/3335"}],"wp:featuredmedia":[{"embeddable":true,"href":"https:\/\/monperejeanmamy.fr\/index.php?rest_route=\/wp\/v2\/media\/11"}],"wp:attachment":[{"href":"https:\/\/monperejeanmamy.fr\/index.php?rest_route=%2Fwp%2Fv2%2Fmedia&parent=2913"}],"wp:term":[{"taxonomy":"folder","embeddable":true,"href":"https:\/\/monperejeanmamy.fr\/index.php?rest_route=%2Fwp%2Fv2%2Ffolder&post=2913"}],"curies":[{"name":"wp","href":"https:\/\/api.w.org\/{rel}","templated":true}]}}