{"id":2918,"date":"2021-05-22T15:27:37","date_gmt":"2021-05-22T13:27:37","guid":{"rendered":"http:\/\/monperejeanmamy.fr\/?page_id=2918"},"modified":"2024-11-04T18:39:45","modified_gmt":"2024-11-04T17:39:45","slug":"jm-a-jr-fresnes-49-03-18","status":"publish","type":"page","link":"https:\/\/monperejeanmamy.fr\/?page_id=2918","title":{"rendered":"JM \u00e0 JR (Fresnes 49\/03\/18)"},"content":{"rendered":"<p><strong>\u00a0<\/strong><a href=\"http:\/\/monperejeanmamy.fr\/?page_id=2913\"><img loading=\"lazy\" class=\"wp-image-1352 alignleft\" src=\"http:\/\/monperejeanmamy.fr\/wp-content\/uploads\/2021\/03\/Lettre-precedente.jpg\" alt=\"\" width=\"143\" height=\"78\" \/><\/a><a href=\"http:\/\/monperejeanmamy.fr\/?page_id=2923\"><img loading=\"lazy\" class=\"alignright wp-image-1353\" src=\"http:\/\/monperejeanmamy.fr\/wp-content\/uploads\/2021\/03\/Lettre-suivante.jpg\" alt=\"\" width=\"139\" height=\"76\" \/><\/a><\/p>\n<p style=\"text-align: center;\"><strong>Vendredi 18 mars 1949<br \/>\n<\/strong><\/p>\n<p style=\"text-align: center;\">Ma ch\u00e9rie,<\/p>\n<p style=\"text-align: justify;\">J&rsquo;ai \u00e9t\u00e9 un peu secou\u00e9 ce matin au r\u00e9veil. On est venu chercher un de mes camarades (dossier difficile) dont la condamnation pr\u00e9c\u00e9dait la mienne de huit jours. Et comme je n&rsquo;avais pas vu Leroy depuis quelques jours, je me demandai si&#8230; ce n&rsquo;\u00e9tait pas aussi pour moi, bien que je pense que, d\u00e8s qu&rsquo;il sera re\u00e7u par le Pr\u00e9sident, il viendra me pr\u00e9venir. Je crois malgr\u00e9 tout que nous en avons encore pour quelque temps, bien que nous approchions des eaux derni\u00e8res : Port ? Ou bien&#8230; ? Toi tu es confiante. Je le suis encore davantage, mais nous sommes blind\u00e9s \u00e0 toutes \u00e9preuves. J&rsquo;avoue que si on me graciait, cela me semblerait un de ces \u00e9v\u00e9nements heureux extraordinaires dont j&rsquo;ai perdu l&rsquo;habitude dans ma vie depuis presque toujours. (Depuis l&rsquo;\u00e2ge de douze ou treize ans, il ne m&rsquo;arrive gu\u00e8re que des tuiles. Beaucoup de petits bonheurs en d\u00e9tail, mais les affaires, la politique ! Quels remous ! Il m&rsquo;a fallu continuer, remonter la pente. Nous allons voir si la vie change de visage. Je fais tout pour la discerner avec des yeux plus sages, plus compr\u00e9hensifs, avec un calme m\u00fbri). Il faut croire \u00e0 la vie, d\u00e9montrer la vie.<\/p>\n<p style=\"text-align: justify;\">Ne nous plaignons point : je t&rsquo;ai rencontr\u00e9. Tu ne sais pas du tout \u00e0 quel point cela me semble aussi extraordinaire. Alors, l\u00e0, il y a un Dieu ! On est quelquefois r\u00e9compens\u00e9 dans ce bas monde. et cela compense tout le vide per\u00e7u par ailleurs. B\u00e9nissons donc avec gratitude infinie le jour o\u00f9 je t&rsquo;ai connue. Peu \u00e0 peu la petite graine sem\u00e9e a pris toute la place, jusqu&rsquo;\u00e0 devenir un grand arbre (o\u00f9 les oiseaux du ciel viennent nicher). Ce qui semble extraordinaire au sens d\u00e9sesp\u00e9r\u00e9 finira par me para\u00eetre tout \u00e0 fait naturel, le jour o\u00f9 j&rsquo;aurai compris que la vie est une excellente chose qui vous apporte beaucoup de joies, quand on sait \u00e9liminer les dangers quotidiens, ces tas de petites pens\u00e9es d\u00e9faitistes qui veulent s&rsquo;implanter et vivre. Si tous les Fran\u00e7ais comprenaient l&rsquo;utilit\u00e9 de repousser continuellement la multitude de petits mensonges de la journ\u00e9e, le pays ferait un bon prodigieux. Mais on s&rsquo;entretient dans le mensonge, on s&rsquo;y plait, on ne veut plus en sortir. Et finalement, les grosses catastrophes arrivent.<\/p>\n<p style=\"text-align: justify;\">Je vais dormir tranquille ce soir. La prochaine quinzaine va \u00eatre calme. Nous allons voir plus clair apr\u00e8s les \u00e9lections ; Elles pr\u00e9ciseront la position, et changeront peut-\u00eatre beaucoup de choses pour nous. Le gars qui a \u00e9t\u00e9 fusill\u00e9 ce matin avait vu repousser son pourvoi le m\u00eame jour que moi. Est-ce une bonne chose que les \u00ab politiques \u00bb aient \u00e9t\u00e9 pr\u00e9serv\u00e9s ? (Nous \u00e9tions trois sur les journaux \u00e0 \u00eatre signal\u00e9s en janvier). Il se peut qu&rsquo;on r\u00e9serve nos affaires pour plus tard. \u00c7a bouscule beaucoup de ne pas retrouver dans son pr\u00e9au, du jour au lendemain, un gars qu&rsquo;on c\u00f4toyait.<\/p>\n<p style=\"text-align: justify;\">Pas de nouvelles de toi depuis mardi. J&rsquo;esp\u00e8re que tout va bien. J&rsquo;esp\u00e8re aussi voir Leroy demain ou dimanche, qui m&rsquo;apportera le dossier demand\u00e9 (cuve). Je lui ai \u00e9crit hier.<\/p>\n<p style=\"text-align: justify;\">Ce soir je suis enclin \u00e0 me coucher t\u00f4t pour r\u00e9cup\u00e9rer le mauvais sommeil d&rsquo;hier (couch\u00e9 \u00e0 minuit, r\u00e9veill\u00e9 \u00e0 6 heures), et je vais potasser des textes bouddhiques et bibliques. C&rsquo;est un puissant secours pour l&rsquo;esprit. On se repose vraiment sur une base absolue. Plus rien n&rsquo;existe que le bien infini, la paix joyeuse. L&rsquo;esprit vit libre dans son immensit\u00e9 vivante. Le royaume n&rsquo;est pas le m\u00eame que celui du monde d&rsquo;en bas. D\u00e8s lors, il n&rsquo;est plus de souci. Toute vanit\u00e9, toute souffrance dispara\u00eet, et voici que se r\u00e9alise la Pr\u00e9sence qui gu\u00e9rit. C&rsquo;est \u00e0 dire qui d\u00e9truit les ombres. Je t&#8217;embrasse comme un ciel bleu. Tu fais partie de mon paradis solide. A bient\u00f4t te lire. Gros baisers.<\/p>\n<p style=\"text-align: justify;\">J.<\/p>\n","protected":false},"excerpt":{"rendered":"<p>\u00a0 Vendredi 18 mars 1949 Ma ch\u00e9rie, J&rsquo;ai \u00e9t\u00e9 un peu secou\u00e9 ce matin au r\u00e9veil. On est venu chercher un de mes camarades (dossier difficile) dont la condamnation pr\u00e9c\u00e9dait la mienne de huit jours. Et comme je n&rsquo;avais pas &hellip; <a href=\"https:\/\/monperejeanmamy.fr\/?page_id=2918\">Continuer la lecture <span class=\"meta-nav\">&rarr;<\/span><\/a><\/p>\n","protected":false},"author":2,"featured_media":11,"parent":0,"menu_order":0,"comment_status":"closed","ping_status":"closed","template":"","meta":[],"folder":[],"_links":{"self":[{"href":"https:\/\/monperejeanmamy.fr\/index.php?rest_route=\/wp\/v2\/pages\/2918"}],"collection":[{"href":"https:\/\/monperejeanmamy.fr\/index.php?rest_route=\/wp\/v2\/pages"}],"about":[{"href":"https:\/\/monperejeanmamy.fr\/index.php?rest_route=\/wp\/v2\/types\/page"}],"author":[{"embeddable":true,"href":"https:\/\/monperejeanmamy.fr\/index.php?rest_route=\/wp\/v2\/users\/2"}],"replies":[{"embeddable":true,"href":"https:\/\/monperejeanmamy.fr\/index.php?rest_route=%2Fwp%2Fv2%2Fcomments&post=2918"}],"version-history":[{"count":4,"href":"https:\/\/monperejeanmamy.fr\/index.php?rest_route=\/wp\/v2\/pages\/2918\/revisions"}],"predecessor-version":[{"id":3336,"href":"https:\/\/monperejeanmamy.fr\/index.php?rest_route=\/wp\/v2\/pages\/2918\/revisions\/3336"}],"wp:featuredmedia":[{"embeddable":true,"href":"https:\/\/monperejeanmamy.fr\/index.php?rest_route=\/wp\/v2\/media\/11"}],"wp:attachment":[{"href":"https:\/\/monperejeanmamy.fr\/index.php?rest_route=%2Fwp%2Fv2%2Fmedia&parent=2918"}],"wp:term":[{"taxonomy":"folder","embeddable":true,"href":"https:\/\/monperejeanmamy.fr\/index.php?rest_route=%2Fwp%2Fv2%2Ffolder&post=2918"}],"curies":[{"name":"wp","href":"https:\/\/api.w.org\/{rel}","templated":true}]}}