{"id":2923,"date":"2021-05-22T15:36:59","date_gmt":"2021-05-22T13:36:59","guid":{"rendered":"http:\/\/monperejeanmamy.fr\/?page_id=2923"},"modified":"2024-11-04T18:45:21","modified_gmt":"2024-11-04T17:45:21","slug":"jm-a-jr-fresnes-49-03-20","status":"publish","type":"page","link":"https:\/\/monperejeanmamy.fr\/?page_id=2923","title":{"rendered":"JM \u00e0 JR (Fresnes 49\/03\/20)"},"content":{"rendered":"<p><strong>\u00a0<\/strong><a href=\"http:\/\/monperejeanmamy.fr\/?page_id=2918\"><img loading=\"lazy\" class=\"wp-image-1352 alignleft\" src=\"http:\/\/monperejeanmamy.fr\/wp-content\/uploads\/2021\/03\/Lettre-precedente.jpg\" alt=\"\" width=\"143\" height=\"78\" \/><\/a><a href=\"http:\/\/monperejeanmamy.fr\/?page_id=2927\"><img loading=\"lazy\" class=\"alignright wp-image-1353\" src=\"http:\/\/monperejeanmamy.fr\/wp-content\/uploads\/2021\/03\/Lettre-suivante.jpg\" alt=\"\" width=\"139\" height=\"76\" \/><\/a><\/p>\n<p style=\"text-align: center;\"><strong>Dimanche 20 mars 1949<br \/>\n<\/strong><\/p>\n<p style=\"text-align: center;\">Ma ch\u00e9rie,<\/p>\n<p style=\"text-align: justify;\">Comme tu le sais, j&rsquo;ai vu Leroy hier matin. Il est convoqu\u00e9 mardi. \u00c9tant donn\u00e9 la pr\u00e9cipitation de l&rsquo;affaire Pr\u00e9vost, nous avions hier mauvaise impression. Veut-on me faire le m\u00eame coup cette semaine ? A bien r\u00e9fl\u00e9chir, nous nous sommes rassur\u00e9s. Il n&rsquo;y a pas de pr\u00e9cipitation. Les dossiers ont repris leur cours normal : 3 mois. Donc je suis dans la norme.<\/p>\n<p style=\"text-align: justify;\">J&rsquo;ai re\u00e7u ta lettre de vendredi qui m&rsquo;encourage et un pneu de ma m\u00e8re ce matin qui est \u00e9galement optimiste. Leroy avait l&rsquo;air tranquille. Il a bon espoir. Il ne sait rien de la d\u00e9cision de la commission des gr\u00e2ces. Mais&#8230; attendons.<\/p>\n<p style=\"text-align: justify;\">Pourra-t-il me renseigner mieux mercredi apr\u00e8s sa visite au Pr\u00e9sident. Je crois que les huit jours qui suivent seront difficiles \u00e0 attendre, \u00e0 moins que par bont\u00e9 d&rsquo;\u00e2me tu me tranquillises absolument.<\/p>\n<p style=\"text-align: justify;\">Ce n&rsquo;est pas que je ne sois pas tranquille, mais j&rsquo;ai trop v\u00e9cu pour ne pas vouloir m&rsquo;aveugler d&rsquo;illusions. Je veux voir les choses en face. Je sais bien que mon affaire se pr\u00e9sente d&rsquo;une fa\u00e7on tout \u00e0 fait particuli\u00e8re. Elle ne ressemble \u00e0 aucune autre. Depuis hier matin, je rumine avec quelques soubresauts vite r\u00e9prim\u00e9s. Le soldat qui est au front arrive \u00e0 ma\u00eetriser ses nerfs avec indiff\u00e9rence. Il fr\u00f4le constamment la mort sans se soucier. Moi, les bombardements m&#8217;emb\u00eataient, mais c&rsquo;est tout. L\u00e0, l&rsquo;atmosph\u00e8re est diff\u00e9rente. On est comme un enfant qui voudrait conna\u00eetre l&rsquo;avenir de la prochaine quinzaine. Une fois qu&rsquo;on le sait, on se pr\u00e9pare. Mais tourner en rond pendant douze jours dans une cellule pour deviner si on va ouvrir votre porte un matin \u00e0 6h, ou si on ne l&rsquo;ouvre pas, c&rsquo;est long. Enfin ! On aura vu beaucoup de choses.<\/p>\n<p style=\"text-align: justify;\">J&rsquo;ai relu toutes tes lettres depuis trois mois. Elles sont affirmatives. Que de peine tu prends pour me persuader que tout va bien. Je veux bien te croire. Et puis j&rsquo;ouvre ma Bible et je trouve les choses les plus belles du monde sur la s\u00e9r\u00e9nit\u00e9, la confiance absolue, le calme dans l&rsquo;\u00e9preuve. On ne croit plus au mal. Quelle foi ! Quelle clart\u00e9 ! Quelle compr\u00e9hension ne faut-il pas ?<\/p>\n<p style=\"text-align: justify;\">Je ne veux pas t&rsquo;en dire trop ce soir. Les id\u00e9es doivent se reposer un peu. J&rsquo;esp\u00e8re avoir de toi des nouvelles pr\u00e9cises le plus souvent possible, pour conna\u00eetre <u>exactement<\/u> l&rsquo;atmosph\u00e8re, et on doit arriver \u00e0 pr\u00e9voir juste ce qui va se passer.<\/p>\n<p style=\"text-align: justify;\">De mon c\u00f4t\u00e9 je travaille. Je fais tout ce qu&rsquo;il faut pour \u00eatre \u00e0 la hauteur de la situation. Il faut bien que les \u00e9preuves servent \u00e0 quelque chose. Au moins \u00e0 nous purifier. Il me semble que je vais entrer dans un cycle totalement nouveau, que tout est rompu derri\u00e8re moi. Les vieilles choses s&rsquo;en vont. J&rsquo;ai accompli ce que je croyais devoir faire jusqu&rsquo;\u00e0 un certain point. Et puis nous allons repartir dans une exp\u00e9rience si belle, si fructueuse&#8230; D\u00e9j\u00e0 des tas de projets. R\u00e9alisables. Et combien plus int\u00e9ressants que la politique.<\/p>\n<p style=\"text-align: justify;\">A bient\u00f4t te lire. Je t&#8217;embrasse ma ch\u00e9rie, avec toute ma tendresse. Embrasse le Fr\u00e9d\u00e9ric comme un ange. Mes gros baisers.<\/p>\n<p style=\"text-align: justify;\">J.<\/p>\n<p style=\"text-align: justify;\">\n","protected":false},"excerpt":{"rendered":"<p>\u00a0 Dimanche 20 mars 1949 Ma ch\u00e9rie, Comme tu le sais, j&rsquo;ai vu Leroy hier matin. Il est convoqu\u00e9 mardi. \u00c9tant donn\u00e9 la pr\u00e9cipitation de l&rsquo;affaire Pr\u00e9vost, nous avions hier mauvaise impression. Veut-on me faire le m\u00eame coup cette semaine &hellip; <a href=\"https:\/\/monperejeanmamy.fr\/?page_id=2923\">Continuer la lecture <span class=\"meta-nav\">&rarr;<\/span><\/a><\/p>\n","protected":false},"author":2,"featured_media":11,"parent":0,"menu_order":0,"comment_status":"closed","ping_status":"closed","template":"","meta":[],"folder":[],"_links":{"self":[{"href":"https:\/\/monperejeanmamy.fr\/index.php?rest_route=\/wp\/v2\/pages\/2923"}],"collection":[{"href":"https:\/\/monperejeanmamy.fr\/index.php?rest_route=\/wp\/v2\/pages"}],"about":[{"href":"https:\/\/monperejeanmamy.fr\/index.php?rest_route=\/wp\/v2\/types\/page"}],"author":[{"embeddable":true,"href":"https:\/\/monperejeanmamy.fr\/index.php?rest_route=\/wp\/v2\/users\/2"}],"replies":[{"embeddable":true,"href":"https:\/\/monperejeanmamy.fr\/index.php?rest_route=%2Fwp%2Fv2%2Fcomments&post=2923"}],"version-history":[{"count":5,"href":"https:\/\/monperejeanmamy.fr\/index.php?rest_route=\/wp\/v2\/pages\/2923\/revisions"}],"predecessor-version":[{"id":3373,"href":"https:\/\/monperejeanmamy.fr\/index.php?rest_route=\/wp\/v2\/pages\/2923\/revisions\/3373"}],"wp:featuredmedia":[{"embeddable":true,"href":"https:\/\/monperejeanmamy.fr\/index.php?rest_route=\/wp\/v2\/media\/11"}],"wp:attachment":[{"href":"https:\/\/monperejeanmamy.fr\/index.php?rest_route=%2Fwp%2Fv2%2Fmedia&parent=2923"}],"wp:term":[{"taxonomy":"folder","embeddable":true,"href":"https:\/\/monperejeanmamy.fr\/index.php?rest_route=%2Fwp%2Fv2%2Ffolder&post=2923"}],"curies":[{"name":"wp","href":"https:\/\/api.w.org\/{rel}","templated":true}]}}