{"id":2934,"date":"2021-05-22T16:01:41","date_gmt":"2021-05-22T14:01:41","guid":{"rendered":"http:\/\/monperejeanmamy.fr\/?page_id=2934"},"modified":"2021-05-22T16:23:12","modified_gmt":"2021-05-22T14:23:12","slug":"jm-a-jr-fresnes-46-03-25","status":"publish","type":"page","link":"https:\/\/monperejeanmamy.fr\/?page_id=2934","title":{"rendered":"JM \u00e0 JR (Fresnes 46\/03\/25)"},"content":{"rendered":"<p><strong>\u00a0<\/strong><a href=\"http:\/\/monperejeanmamy.fr\/?page_id=2927\"><img loading=\"lazy\" class=\"wp-image-1352 alignleft\" src=\"http:\/\/monperejeanmamy.fr\/wp-content\/uploads\/2021\/03\/Lettre-precedente.jpg\" alt=\"\" width=\"143\" height=\"78\" \/><\/a><a href=\"http:\/\/monperejeanmamy.fr\/?page_id=2938\"><img loading=\"lazy\" class=\"alignright wp-image-1353\" src=\"http:\/\/monperejeanmamy.fr\/wp-content\/uploads\/2021\/03\/Lettre-suivante.jpg\" alt=\"\" width=\"139\" height=\"76\" \/><\/a><\/p>\n<p style=\"text-align: center;\"><strong>Vendredi 25 mars 1949<br \/>\n<\/strong><\/p>\n<p style=\"text-align: center;\">Ma ch\u00e9rie,<\/p>\n<p style=\"text-align: justify;\">J&rsquo;ai vu Leroy. J&rsquo;ai tr\u00e8s bonne impression. Au point que cet apr\u00e8s-midi, tout d\u00e9tendu, j&rsquo;ai baguenaud\u00e9 dans mon pr\u00e9au au soleil pendant trois heures. On ne marche pas tr\u00e8s vite avec les cha\u00eenes, mais il faisait bon \u2014et j&rsquo;\u00e9tais si calme. Il y a m\u00eame longtemps que je n&rsquo;avais pas \u00e9prouv\u00e9 tant de paix.<\/p>\n<p style=\"text-align: justify;\">J&rsquo;ai bien re\u00e7u ta bonne lettre. Je pense comme toi. Il me semble que l&rsquo;exp\u00e9rience est finie et que nous allons pouvoir repartir d&rsquo;un bon pied. Ce qui est fini, c&rsquo;est la menace, la crainte, la t\u00e9n\u00e9breuse aventure. Ce qui commence c&rsquo;est l&rsquo;action dans la puret\u00e9 et la joie de vivre. Comment puis-je te dire ces choses sans attendre la d\u00e9cision. Mais de toutes fa\u00e7ons ces choses sont vraies. Il n&rsquo;y a pas d&rsquo;autres r\u00e9alit\u00e9. Tu ne peux savoir comme tout \u00e0 coup, cet apr\u00e8s-midi, j&rsquo;ai \u00e9t\u00e9 lib\u00e9r\u00e9 de tout souci. Tout le pass\u00e9 est parti d&rsquo;un coup comme un nuage qui fond. Et l&rsquo;on s&rsquo;\u00e9tire, tout surpris d&rsquo;\u00eatre heureux de sa d\u00e9livrance.<\/p>\n<p style=\"text-align: justify;\">Ne parlons pas trop vite. Au plan o\u00f9 je suis, rien ne peut m&rsquo;arriver.<\/p>\n<p style=\"text-align: justify;\">Je vais me coucher parce que d\u00e9sireux de dormir apr\u00e8s tant d&rsquo;heures tendues. Et je vais dormir la t\u00eate sur ton \u00e9paule.<\/p>\n<p style=\"text-align: justify;\">A demain ch\u00e9rie. Je t&rsquo;\u00e9crirai longuement.<\/p>\n<p>J.<\/p>\n<p>&nbsp;<\/p>\n","protected":false},"excerpt":{"rendered":"<p>\u00a0 Vendredi 25 mars 1949 Ma ch\u00e9rie, J&rsquo;ai vu Leroy. J&rsquo;ai tr\u00e8s bonne impression. Au point que cet apr\u00e8s-midi, tout d\u00e9tendu, j&rsquo;ai baguenaud\u00e9 dans mon pr\u00e9au au soleil pendant trois heures. On ne marche pas tr\u00e8s vite avec les cha\u00eenes, &hellip; <a href=\"https:\/\/monperejeanmamy.fr\/?page_id=2934\">Continuer la lecture <span class=\"meta-nav\">&rarr;<\/span><\/a><\/p>\n","protected":false},"author":2,"featured_media":11,"parent":0,"menu_order":0,"comment_status":"closed","ping_status":"closed","template":"","meta":[],"folder":[],"_links":{"self":[{"href":"https:\/\/monperejeanmamy.fr\/index.php?rest_route=\/wp\/v2\/pages\/2934"}],"collection":[{"href":"https:\/\/monperejeanmamy.fr\/index.php?rest_route=\/wp\/v2\/pages"}],"about":[{"href":"https:\/\/monperejeanmamy.fr\/index.php?rest_route=\/wp\/v2\/types\/page"}],"author":[{"embeddable":true,"href":"https:\/\/monperejeanmamy.fr\/index.php?rest_route=\/wp\/v2\/users\/2"}],"replies":[{"embeddable":true,"href":"https:\/\/monperejeanmamy.fr\/index.php?rest_route=%2Fwp%2Fv2%2Fcomments&post=2934"}],"version-history":[{"count":6,"href":"https:\/\/monperejeanmamy.fr\/index.php?rest_route=\/wp\/v2\/pages\/2934\/revisions"}],"predecessor-version":[{"id":2945,"href":"https:\/\/monperejeanmamy.fr\/index.php?rest_route=\/wp\/v2\/pages\/2934\/revisions\/2945"}],"wp:featuredmedia":[{"embeddable":true,"href":"https:\/\/monperejeanmamy.fr\/index.php?rest_route=\/wp\/v2\/media\/11"}],"wp:attachment":[{"href":"https:\/\/monperejeanmamy.fr\/index.php?rest_route=%2Fwp%2Fv2%2Fmedia&parent=2934"}],"wp:term":[{"taxonomy":"folder","embeddable":true,"href":"https:\/\/monperejeanmamy.fr\/index.php?rest_route=%2Fwp%2Fv2%2Ffolder&post=2934"}],"curies":[{"name":"wp","href":"https:\/\/api.w.org\/{rel}","templated":true}]}}