{"id":2938,"date":"2021-05-22T16:15:26","date_gmt":"2021-05-22T14:15:26","guid":{"rendered":"http:\/\/monperejeanmamy.fr\/?page_id=2938"},"modified":"2024-11-04T19:06:55","modified_gmt":"2024-11-04T18:06:55","slug":"jm-a-jr-fresnes-49-03-09-1ere-lettre","status":"publish","type":"page","link":"https:\/\/monperejeanmamy.fr\/?page_id=2938","title":{"rendered":"JM \u00e0 JR (Fresnes 49\/03\/28 1\u00e8re lettre)"},"content":{"rendered":"<p><strong>\u00a0<\/strong><a href=\"http:\/\/monperejeanmamy.fr\/?page_id=2934\"><img loading=\"lazy\" class=\"wp-image-1352 alignleft\" src=\"http:\/\/monperejeanmamy.fr\/wp-content\/uploads\/2021\/03\/Lettre-precedente.jpg\" alt=\"\" width=\"143\" height=\"78\" \/><\/a><a href=\"http:\/\/monperejeanmamy.fr\/?page_id=2946\"><img loading=\"lazy\" class=\"alignright wp-image-1353\" src=\"http:\/\/monperejeanmamy.fr\/wp-content\/uploads\/2021\/03\/Lettre-suivante.jpg\" alt=\"\" width=\"139\" height=\"76\" \/><\/a><\/p>\n<p style=\"text-align: center;\"><strong>Lundi 28 mars 1949 (1<sup>\u00e8re<\/sup> lettre)<br \/>\n<\/strong><\/p>\n<p style=\"text-align: center;\">Ma petite fille ch\u00e9rie,<\/p>\n<p style=\"text-align: justify;\">Mon Dieu ! Quelle lettre nerveuse, angoiss\u00e9e. Parce qu&rsquo;il nous faut attendre quelques heures. Voil\u00e0 o\u00f9 une compr\u00e9hension plus haute que la terre fait du bien. Quand on s&rsquo;impatiente devant les \u00e9v\u00e8nements, on souffre, parce qu&rsquo;ils ne sont pas ce qu&rsquo;on voudrait. On met son bonheur dans les illusions de la chair. Quand au contraire on sait ce qu&rsquo;est l&rsquo;existence r\u00e9elle, alors \u00ab <em>la joie ne tremble plus<\/em>\u00a0\u00bb. Nous sommes certains de trouver toujours sur le plan de l&rsquo;id\u00e9al absolu tout ce dont nous avons besoin pour que la cr\u00e9ature r\u00e9elle soit glorifi\u00e9e selon la volont\u00e9 parfaite de l&rsquo;Harmonie omnipotente.<\/p>\n<p style=\"text-align: justify;\">C&rsquo;est l\u00e0 ce que je voudrais que tu comprennes. Les \u00e9preuves que nous traversons nous purifient en ce sens, que forc\u00e9s d&rsquo;abandonner les plus ch\u00e8res illusions terrestres, nous acc\u00e9dons \u00e0 des plans plus \u00e9lev\u00e9s. Ce sacrifice du moi est intense. Il est un peu br\u00fblant. Mais il est b\u00e9n\u00e9fique et nous avons notre r\u00e9compense. Toutefois je lutte encore, non pas pour garder \u00e0 toutes forces une forme charnelle \u00e0 laquelle je ne crois plus, mais pour vaincre la brutalit\u00e9, la violence en moi et chez les autres. L&rsquo;Amour que nous portons \u00e0 tous et \u00e0 nous-m\u00eames est plus fort que tous les pr\u00e9textes de haine. C&rsquo;est pourquoi, celui qui passa par le supplice pour ressusciter ensuite recommande de pardonner \u00e0 ceux qui ne savent pas ce qu&rsquo;ils font. Il priait pour ses bourreaux, tout son esprit montait haut vers le P\u00e8re de tout.<\/p>\n<p style=\"text-align: justify;\">Tu me dis que tu serais inconsolable si&#8230; Mais je serai toujours avec toi. Je ne te quitterai jamais. Je n&rsquo;aurai pas de cesse que tu sois au plus haut avec moi dans la paix parfaite. Et sans aucun doute sur ce plan, sur le plan o\u00f9 nous vivons. Il faut faire plus qu&rsquo;esp\u00e9rer. Il faut savoir que la vie est permanente. A la hauteur o\u00f9 l&rsquo;on n&rsquo;aper\u00e7oit plus la terre, l&rsquo;individu est libre. Il brille de tout son \u00e9clat, de sa vie \u00e9ternelle, parce qu&rsquo;il a tout abandonn\u00e9.<\/p>\n<p style=\"text-align: justify;\">Je n&rsquo;attends pas la gr\u00e2ce. J&rsquo;ai la gr\u00e2ce, la r\u00e9elle, celle que l&rsquo;Amour donne \u00e0 ceux qui en sont dignes. Et cette gr\u00e2ce est de voir par-del\u00e0 le voile de mati\u00e8re, de percevoir la pulsation de la vie.<\/p>\n<p style=\"text-align: justify;\">Ne crains point. N&rsquo;\u00e9prouve pas de douleur. Monte avec moi dans la paix. \u00c9vite toutes les angoisses, comme tous les souvenirs. Regarde la vie heureuse. Elle est absolument parfaite, en dehors de toutes contingences.<\/p>\n<p style=\"text-align: justify;\">Tu sais que la vie humaine n&rsquo;est pas \u00e9ternelle. Il faut envisager un jour ou l&rsquo;autre le d\u00e9part vers quelque chose de plus haut. Il faut toujours \u00eatre pr\u00eat, ne jamais s\u2019attacher en bas \u00e0 nos d\u00e9sirs. Et si tu veux (et tu le veux et je le veux) \u00eatre ma compagne, il faut savoir que l&rsquo;existence d&rsquo;un sacr\u00e9 diable comme moi, c&rsquo;est \u00e0 dire d&rsquo;un homme d\u00e9vou\u00e9 \u00e0 toutes les formes de l&rsquo;absolu comporte des risques. Cela exige de la part des miens le plus grand courage \u2014Je sais que vous en avez tous\u2014 Mais si quelque fois il arrivait un choc brutal, il ne faut parler ni de perte, ni de veuvage inconsolable. Il faudra au contraire manifester toutes les qualit\u00e9s, toute la patience suprahumaine pour le jour o\u00f9 nous pourrons nous rejoindre d\u00e9finitivement sur le plan \u00e9ternel. Nous y sommes d\u00e9j\u00e0. Depuis tout \u00e0 l&rsquo;heure pour \u00e9viter le doute, l&rsquo;angoisse, les heurts, j&rsquo;ai d\u00e9cid\u00e9 d&rsquo;\u00eatre pr\u00eat \u00e0 tout. La gr\u00e2ce arrivera comme une heureuse surprise mais d\u00e9j\u00e0 je suis pr\u00e9par\u00e9 au d\u00e9part s&rsquo;il vient. Il faut regarder les choses en face.<\/p>\n<p style=\"text-align: justify;\">Donc patience, calme, bonheur absolu de savoir que jamais sur aucun plan, la cr\u00e9ature est abandonn\u00e9e. Nous sommes toujours b\u00e9nis l\u00e0 o\u00f9 nous sommes. Mes nerfs sont tomb\u00e9s. Je cesse de regarder en arri\u00e8re. Et je vais vers l&rsquo;id\u00e9al toujours plus pur, vers la manifestation de l&rsquo;homme \u00e9ternel (que ce soit sur ce plan ou au-del\u00e0)<\/p>\n<p style=\"text-align: justify;\">Ma ch\u00e9rie, reste sage. Ne crains pas. Sois heureuse. La vie est un immense bonheur, une source toujours pure et abondante, un \u00e9lan total. Il faut vivre de tout son esprit, de celui qui ne meurt jamais.<\/p>\n<p style=\"text-align: justify;\">Nous aurons notre r\u00e9compense. Je t&rsquo;aime. Tu es pour moi toute la douceur. Il n&rsquo;y aura jamais de s\u00e9paration.<\/p>\n<p style=\"text-align: justify;\">Mon infinie tendresse.<\/p>\n<p style=\"text-align: justify;\">J.<\/p>\n","protected":false},"excerpt":{"rendered":"<p>\u00a0 Lundi 28 mars 1949 (1\u00e8re lettre) Ma petite fille ch\u00e9rie, Mon Dieu ! Quelle lettre nerveuse, angoiss\u00e9e. Parce qu&rsquo;il nous faut attendre quelques heures. Voil\u00e0 o\u00f9 une compr\u00e9hension plus haute que la terre fait du bien. Quand on s&rsquo;impatiente &hellip; <a href=\"https:\/\/monperejeanmamy.fr\/?page_id=2938\">Continuer la lecture <span class=\"meta-nav\">&rarr;<\/span><\/a><\/p>\n","protected":false},"author":2,"featured_media":11,"parent":0,"menu_order":0,"comment_status":"closed","ping_status":"closed","template":"","meta":[],"folder":[],"_links":{"self":[{"href":"https:\/\/monperejeanmamy.fr\/index.php?rest_route=\/wp\/v2\/pages\/2938"}],"collection":[{"href":"https:\/\/monperejeanmamy.fr\/index.php?rest_route=\/wp\/v2\/pages"}],"about":[{"href":"https:\/\/monperejeanmamy.fr\/index.php?rest_route=\/wp\/v2\/types\/page"}],"author":[{"embeddable":true,"href":"https:\/\/monperejeanmamy.fr\/index.php?rest_route=\/wp\/v2\/users\/2"}],"replies":[{"embeddable":true,"href":"https:\/\/monperejeanmamy.fr\/index.php?rest_route=%2Fwp%2Fv2%2Fcomments&post=2938"}],"version-history":[{"count":5,"href":"https:\/\/monperejeanmamy.fr\/index.php?rest_route=\/wp\/v2\/pages\/2938\/revisions"}],"predecessor-version":[{"id":3341,"href":"https:\/\/monperejeanmamy.fr\/index.php?rest_route=\/wp\/v2\/pages\/2938\/revisions\/3341"}],"wp:featuredmedia":[{"embeddable":true,"href":"https:\/\/monperejeanmamy.fr\/index.php?rest_route=\/wp\/v2\/media\/11"}],"wp:attachment":[{"href":"https:\/\/monperejeanmamy.fr\/index.php?rest_route=%2Fwp%2Fv2%2Fmedia&parent=2938"}],"wp:term":[{"taxonomy":"folder","embeddable":true,"href":"https:\/\/monperejeanmamy.fr\/index.php?rest_route=%2Fwp%2Fv2%2Ffolder&post=2938"}],"curies":[{"name":"wp","href":"https:\/\/api.w.org\/{rel}","templated":true}]}}