{"id":2984,"date":"2021-05-23T10:40:47","date_gmt":"2021-05-23T08:40:47","guid":{"rendered":"http:\/\/monperejeanmamy.fr\/?page_id=2984"},"modified":"2024-01-27T17:49:28","modified_gmt":"2024-01-27T16:49:28","slug":"jm-a-pierre-leroy-fresnes-49-02-03","status":"publish","type":"page","link":"https:\/\/monperejeanmamy.fr\/?page_id=2984","title":{"rendered":"JM \u00e0 Pierre Leroy (Fresnes 49\/02\/03)"},"content":{"rendered":"<p>Mon cher ma\u00eetre,<\/p>\n<p style=\"text-align: justify;\">Aussit\u00f4t apr\u00e8s votre visite j\u2019ai repens\u00e9 \u00e0 plusieurs petites choses dont voici la liste\u00a0:<\/p>\n<ol>\n<li style=\"text-align: justify;\">Puisque le dossier va cheminer pendant un mois dans les bureaux de la place V\u00a0<a href=\"#_ftn1\" name=\"_ftnref1\">[1]<\/a>. ne croyez-vous pas\u00a0:\n<ol>\n<li>qu\u2019on pourrait y glisser un exemplaire de votre plaidoirie\u00a0?<\/li>\n<li>que J.R .<a href=\"#_ftn2\" name=\"_ftnref2\">[2]<\/a> ou vous-m\u00eame pourriez tenter de toucher un des directeurs de service (peut-\u00eatre m\u00eame devrait-on essayer d\u2019atteindre le ministre)\u00a0?<\/li>\n<\/ol>\n<\/li>\n<li style=\"text-align: justify;\">Veuillez rappeler \u00e0 J.R. que le t\u00e9moignage d\u2019un jur\u00e9 est essentiel. Elle doit donc faire son possible pour obtenir une attestation.<\/li>\n<li style=\"text-align: justify;\">Si elle veut voir le commissaire Pouzelgues ou l\u2019inspecteur Feinte (qui ne sont plus dans l\u2019Administration), qu\u2019elle aille rue des Saussaies et qu\u2019elle demande leur adresse \u00e0 Mr l\u2019inspecteur Fels (il est au courant de mon affaire). Ils doivent t\u00e9moigner en ma faveur. Dire la v\u00e9rit\u00e9. Et sur moi. Et sur Grandmaison.<\/li>\n<li style=\"text-align: justify;\">Il faut rassembler tous les t\u00e9moignages \u00e0 d\u00e9charge du dossier. Ils n\u2019ont pas \u00e9t\u00e9 lus \u00e0 l\u2019audience (retrouver t\u00e9moignage Grappard. <u>T\u00e9l\u00e9phoner \u00e0 Husson et lui demander s\u2019il peut quelque chose<\/u>. Mettre en valeur t\u00e9moignages\u00a0: PELLETIER (le voir et lui demander appui, 6 rue de Gravelle, Versailles), BERNARD (dit Lambert), PFANNSTIEL, BOISTEL, etc\u2026<\/li>\n<\/ol>\n<p style=\"text-align: justify;\">De tout ce que vous m\u2019avez dit, je retiens de bonnes choses. Il semble que, le temps aidant, l\u2019affaire peut s\u2019arranger dans le sens souhait\u00e9.<\/p>\n<p style=\"text-align: justify;\">Pour moi je continue mes travaux, patiemment. Si je suis graci\u00e9, j\u2019aurai des loisirs pour parfaire tout ce qui est en chantier. Il y a des \u0153uvres qui viennent de premier jet et d\u2019autres qu\u2019il faut r\u00f4der toujours.<\/p>\n<p style=\"text-align: justify;\">Il me semble depuis quelque temps que je suis \u00e0 cent mille lieues du proc\u00e8s. Je deviens \u00e9tranger \u00e0 toutes ces choses !\u2026.. Elles s\u2019\u00e9vanouissent comme un r\u00eave de maladie. Les pays ont quelque fois des acc\u00e8s de fi\u00e8vre chaude. Je souhaite que la France officielle retrouve bient\u00f4t sa raison.<\/p>\n<p style=\"text-align: justify;\">Les journaux sont de plus en plus vides. Plus la catastrophe financi\u00e8re approche, plus le folliculaire <a href=\"#_ftn3\" name=\"_ftnref3\">[3]<\/a> a peur d\u2019\u00e9crire un mot de trop, mots d\u2019\u00e9toupe, ou mots de phosphore. Quelle crainte chez tous ces puissants\u00a0!<\/p>\n<p style=\"text-align: justify;\">Il n\u2019y a qu\u2019\u00e0 Fresnes o\u00f9 l\u2019on soit tranquille sur l\u2019aventure. Les \u00e9v\u00e8nements se d\u00e9roulent avec une rigueur\u00a0! Le lib\u00e9ralisme est en train de perdre tous ses atouts. Les g\u00e9n\u00e9rations d\u2019impatients montent\u2026 rapides\u2026 sans scrupules\u2026<\/p>\n<p style=\"text-align: justify;\">A vous voir bient\u00f4t ou \u00e0 vous lire avec joie. Merci encore pour tout. Croyez \u00e0 mes sentiments tr\u00e8s respectueusement d\u00e9vou\u00e9s.<\/p>\n<p style=\"text-align: justify;\">J Mamy<\/p>\n<p style=\"text-align: justify;\"><a href=\"#_ftnref1\" name=\"_ftn1\">[1]<\/a> Place Vend\u00f4me, Adresse du Minist\u00e8re de la Justice (note de FGR)<br \/>\n<a href=\"#_ftnref2\" name=\"_ftn2\">[2]<\/a> J.R.\u00a0: Jeanne Roux (note de FGR)<br \/>\n<a href=\"#_ftnref3\" name=\"_ftn3\">[3]<\/a> Folliculaire\u00a0: subst. Masc. Vieilli, p\u00e9joratif\u00a0: journaliste sans talent et sans scrupules (note de FGR)<\/p>\n","protected":false},"excerpt":{"rendered":"<p>Mon cher ma\u00eetre, Aussit\u00f4t apr\u00e8s votre visite j\u2019ai repens\u00e9 \u00e0 plusieurs petites choses dont voici la liste\u00a0: Puisque le dossier va cheminer pendant un mois dans les bureaux de la place V\u00a0[1]. ne croyez-vous pas\u00a0: qu\u2019on pourrait y glisser un &hellip; <a href=\"https:\/\/monperejeanmamy.fr\/?page_id=2984\">Continuer la lecture <span class=\"meta-nav\">&rarr;<\/span><\/a><\/p>\n","protected":false},"author":2,"featured_media":897,"parent":0,"menu_order":0,"comment_status":"closed","ping_status":"closed","template":"","meta":[],"folder":[],"_links":{"self":[{"href":"https:\/\/monperejeanmamy.fr\/index.php?rest_route=\/wp\/v2\/pages\/2984"}],"collection":[{"href":"https:\/\/monperejeanmamy.fr\/index.php?rest_route=\/wp\/v2\/pages"}],"about":[{"href":"https:\/\/monperejeanmamy.fr\/index.php?rest_route=\/wp\/v2\/types\/page"}],"author":[{"embeddable":true,"href":"https:\/\/monperejeanmamy.fr\/index.php?rest_route=\/wp\/v2\/users\/2"}],"replies":[{"embeddable":true,"href":"https:\/\/monperejeanmamy.fr\/index.php?rest_route=%2Fwp%2Fv2%2Fcomments&post=2984"}],"version-history":[{"count":2,"href":"https:\/\/monperejeanmamy.fr\/index.php?rest_route=\/wp\/v2\/pages\/2984\/revisions"}],"predecessor-version":[{"id":3326,"href":"https:\/\/monperejeanmamy.fr\/index.php?rest_route=\/wp\/v2\/pages\/2984\/revisions\/3326"}],"wp:featuredmedia":[{"embeddable":true,"href":"https:\/\/monperejeanmamy.fr\/index.php?rest_route=\/wp\/v2\/media\/897"}],"wp:attachment":[{"href":"https:\/\/monperejeanmamy.fr\/index.php?rest_route=%2Fwp%2Fv2%2Fmedia&parent=2984"}],"wp:term":[{"taxonomy":"folder","embeddable":true,"href":"https:\/\/monperejeanmamy.fr\/index.php?rest_route=%2Fwp%2Fv2%2Ffolder&post=2984"}],"curies":[{"name":"wp","href":"https:\/\/api.w.org\/{rel}","templated":true}]}}