{"id":2987,"date":"2021-05-23T10:44:51","date_gmt":"2021-05-23T08:44:51","guid":{"rendered":"http:\/\/monperejeanmamy.fr\/?page_id=2987"},"modified":"2024-01-27T18:05:36","modified_gmt":"2024-01-27T17:05:36","slug":"jm-a-pierre-leroy-fresnes-49-02-20","status":"publish","type":"page","link":"https:\/\/monperejeanmamy.fr\/?page_id=2987","title":{"rendered":"JM \u00e0 Pierre Leroy (Fresnes 49\/02\/20)"},"content":{"rendered":"<p>Mon, cher Ma\u00eetre,<\/p>\n<p style=\"text-align: justify;\">J\u2019ai travaill\u00e9 cette semaine comme une brute intellectuelle, pourfendant les mots et les choses. Dans huit jours, j&rsquo;esp\u00e8re, vous aurez un exemplaire corrig\u00e9 de ce monstre. Ce sont toutes mes r\u00e9flexions \u00e0 pro\u00adpos du proc\u00e8s \u2014 avec la masse de souvenirs et d\u2019anticipations qui peuvent traverser un c\u0153ur volontairement ouvert\u2014 pour les besoins de la cause \u2014\u00e0 tous les vents du ciel et de la terre. Ce sera ma d\u00e9fense\u2014 que je n&rsquo;aie pu faire au pr\u00e9toire des lapid\u00e9s. Je ne crois pas qu\u2019i1 faille la pr\u00e9senter \u00e0 la commission. Elle sera bonne, peut-\u00eatre, dans quelques mois \u2014sinon plus tard. Les esprits ne sont pas m\u00fbrs pour recevoir de telles affirmations \u00e0 propos des erreurs d\u2019aujourd\u2019hui.<\/p>\n<p style=\"text-align: justify;\">Je viens de lire <em>Nuremberg, terre promise<\/em>. Bard\u00e8che, qui dit tout ce qu\u2019il faut \u2014trop t\u00f4t\u2014 le dit bien et mal \u00e0 la fois. Sa plume est tranchante, mais on sent qu&rsquo;il souffre particuli\u00e8rement d&rsquo;un complexe de vaincu et de bless\u00e9. Il aura toute sa vie un saint cadavre \u00e0 faire respecter partout, et Brasillach martyr est l&rsquo;arme la plus fatale pour le clan des bourreaux. De l\u00e0, conflit. On ne s&rsquo;\u00e9tonne gu\u00e8re qu&rsquo;il soit ici. La chair de la R\u00e9publique est \u00e0 vif. Elle ne peut pas supporter le sel m\u00eame chr\u00e9tien \u2014surtout chr\u00e9tien.<\/p>\n<p style=\"text-align: justify;\">Pas de nouvelles de vous \u2014donc, bonnes nouvelles. Je ne m&rsquo;en occupe gu\u00e8re. Du c\u00f4t\u00e9 de ma bible, j&rsquo;ai d\u2019excellentes, de magnifiques nou\u00advelles. Et aussi du c\u00f4t\u00e9 des musiques int\u00e9rieures, toujours ardentes. Le lourd travail politique une fois termin\u00e9, je vais pouvoir me consacrer \u00e0 des \u00ab\u00a0chants\u00a0\u00bb. C&rsquo;est la plus haute fonction de 1\u2019homme que de se r\u00e9jouir secr\u00e8tement dans le parfait divin. Peut-\u00eatre, est-ce pour cela que le choc avec les foules est plus rude, quand on se m\u00eale de vouloir les enseigner. Je crois que je ne ferai plu: cette faute. Le propre de l\u2019artiste est de d\u00e9montrer, en dehors de toute l\u00e9galit\u00e9, de toute fausse critique. D\u00e9montrer la loi qui s&rsquo;oppose toujours aux pr\u00e9jug\u00e9s cristallis\u00e9s. \u00c9tant-donn\u00e9 ce qu&rsquo;est la foule \u2014il n&rsquo;est pas possible que 1\u2019artiste (que l&rsquo;art m\u00eame) soit d\u00e9mocrate. Tout ce que je vois des nouvelles \u00e9coles est folie aveu\u00adgle \u2014ou bassesse\u2014 Il n\u2019y a pas un seul \u00e9crivain de quelconque valeur, qui ne soit dans l&rsquo;opposition.<\/p>\n<p style=\"text-align: justify;\">L\u00e0 donc, aussi, il y a rupture. Les grands dans l&rsquo;Art ne sont devenus populaires que par vulgarisation. Et non populaire. Un tr\u00e8s petit public d\u2019initi\u00e9s s\u2019int\u00e9resse r\u00e9ellement aux choses hautes. Le peuple, qui lit Zola et Hugo, n\u2019appr\u00e9cie gu\u00e8re Baudelaire, ne conna\u00eet pas Villon, d\u00e9teste Racine, ignore Bach et Beethoven, pr\u00e9f\u00e8re un chromo \u00e0 un primitif d\u2019Avignon ou italien, d\u00e9clare, sans l\u2019avoir lu, Proust bourgeois, P\u00e9guy cagot, et Eluard un g\u00e9nie. Toutes les valeurs sont num\u00e9rot\u00e9es selon les Index des diff\u00e9rentes \u00e9glises : l&rsquo;Abb\u00e9 Bethl\u00e9em, Aragon, Bayet, Sartre, Gide ou les clubs des vieilles filles am\u00e9ricaines. C&rsquo;est pourquoi, plaire n\u2019a plus de sens pour un auteur (pas plus que d\u00e9plaire). Il faut qu\u2019il \u00e9chappe \u00e0 tous les clans.<\/p>\n<p style=\"text-align: justify;\">\u00catre condamn\u00e9 \u00e0 mort oblige \u00e0 regarder le monde avec des yeux moins vifs, pour explorer d&rsquo;autres domaines plus intimes. L\u2019espoir aug\u00admente de percer le myst\u00e8re de l&rsquo;existence par d&rsquo;autres moyens que ceux employ\u00e9s par les mortels barbares. On sourit aux efforts des ing\u00e9nieurs atomistes pour cr\u00e9er un monde plus tranquille. Rien ne vaut un mur pourri de salp\u00eatre. Les richesses du c\u0153ur rebondissent contre la pauvret\u00e9 g\u00e9n\u00e9\u00adrale. On traverse ce mirage d&rsquo;un monde industriel et brutal, sans effort, et l&rsquo;on se repose d\u00e9j\u00e0 sur des v\u00e9rit\u00e9s m\u00e9taphysiques plus substantielles que les vertiges d\u2019hier. Si je ha\u00efssais mes ennemis, je<sup>&#8211;<\/sup>leur souhaiterais de continuer \u00e0 vivre selon leurs r\u00eaves \u2014selon leur haine et leurs d\u00e9sirs. Ils ne comprendraient pas que je les aime, si j\u2019osais leur souhaiter le b\u00e9n\u00e9fice de l\u2019adversit\u00e9.<\/p>\n<p style=\"text-align: justify;\">De plus en plus nous sommes contre quelque chose, \u00e9tant pour autre chose. Et notre bonheur est d\u2019arriver \u00e0 discerner plus pr\u00e9cis\u00e9ment les formes de nos refus et de nos adh\u00e9sions. C\u2019est l\u00e0 1e oui-oui, non-non de l\u2019\u00e9vangile. A repenser \u00e0 Bard\u00e8che, \u00e0 tous les vaincus du jour, \u00e0 tous les nuages politiques de notre horizon toujours guerrier, il semble que tous les r\u00e9prouv\u00e9s, les aigris, les refoul\u00e9s, 1es d\u00e9sesp\u00e9r\u00e9s dont on craint la violence, sont ceux \u00e0 qui un monde vieillot, trop craintif, n&rsquo;aura pas permis l\u2019expression pure d&rsquo;un l\u00e9gitime amour, d\u2019une absolue fraternit\u00e9. La pire faute d\u2019un si\u00e8cle de marchands c\u2019est de contraindre les hommes \u00e0 la gratuit\u00e9.<\/p>\n<p style=\"text-align: justify;\">Je vous assure toujours, mon cher Ma\u00eetre, de cette amiti\u00e9 qui vient de la compr\u00e9hension. Nous nous d\u00e9fendons ensemble contre la cruaut\u00e9 et l\u2019indiff\u00e9rence qui r\u00f4dent. Si les juges savaient\u00a0!<\/p>\n<p style=\"text-align: justify;\">Bien sinc\u00e8rement v\u00f4tre.<\/p>\n<p style=\"text-align: justify;\">J.MAMY<\/p>\n","protected":false},"excerpt":{"rendered":"<p>Mon, cher Ma\u00eetre, J\u2019ai travaill\u00e9 cette semaine comme une brute intellectuelle, pourfendant les mots et les choses. Dans huit jours, j&rsquo;esp\u00e8re, vous aurez un exemplaire corrig\u00e9 de ce monstre. Ce sont toutes mes r\u00e9flexions \u00e0 pro\u00adpos du proc\u00e8s \u2014 avec &hellip; <a href=\"https:\/\/monperejeanmamy.fr\/?page_id=2987\">Continuer la lecture <span class=\"meta-nav\">&rarr;<\/span><\/a><\/p>\n","protected":false},"author":2,"featured_media":897,"parent":0,"menu_order":0,"comment_status":"closed","ping_status":"closed","template":"","meta":[],"folder":[],"_links":{"self":[{"href":"https:\/\/monperejeanmamy.fr\/index.php?rest_route=\/wp\/v2\/pages\/2987"}],"collection":[{"href":"https:\/\/monperejeanmamy.fr\/index.php?rest_route=\/wp\/v2\/pages"}],"about":[{"href":"https:\/\/monperejeanmamy.fr\/index.php?rest_route=\/wp\/v2\/types\/page"}],"author":[{"embeddable":true,"href":"https:\/\/monperejeanmamy.fr\/index.php?rest_route=\/wp\/v2\/users\/2"}],"replies":[{"embeddable":true,"href":"https:\/\/monperejeanmamy.fr\/index.php?rest_route=%2Fwp%2Fv2%2Fcomments&post=2987"}],"version-history":[{"count":3,"href":"https:\/\/monperejeanmamy.fr\/index.php?rest_route=\/wp\/v2\/pages\/2987\/revisions"}],"predecessor-version":[{"id":3331,"href":"https:\/\/monperejeanmamy.fr\/index.php?rest_route=\/wp\/v2\/pages\/2987\/revisions\/3331"}],"wp:featuredmedia":[{"embeddable":true,"href":"https:\/\/monperejeanmamy.fr\/index.php?rest_route=\/wp\/v2\/media\/897"}],"wp:attachment":[{"href":"https:\/\/monperejeanmamy.fr\/index.php?rest_route=%2Fwp%2Fv2%2Fmedia&parent=2987"}],"wp:term":[{"taxonomy":"folder","embeddable":true,"href":"https:\/\/monperejeanmamy.fr\/index.php?rest_route=%2Fwp%2Fv2%2Ffolder&post=2987"}],"curies":[{"name":"wp","href":"https:\/\/api.w.org\/{rel}","templated":true}]}}