{"id":2989,"date":"2021-05-23T10:50:08","date_gmt":"2021-05-23T08:50:08","guid":{"rendered":"http:\/\/monperejeanmamy.fr\/?page_id=2989"},"modified":"2024-01-27T18:19:34","modified_gmt":"2024-01-27T17:19:34","slug":"jm-a-pierre-leroy-fresnes-49-03-02","status":"publish","type":"page","link":"https:\/\/monperejeanmamy.fr\/?page_id=2989","title":{"rendered":"JM \u00e0 Pierre Leroy (Fresnes 49\/03\/02)"},"content":{"rendered":"<p>Mon cher ma\u00eetre, et ami patient,<\/p>\n<p style=\"text-align: justify;\">Il faut bien qu\u2019un avocat souffre (p\u00e2tisse) les expansions de son client [les \u00e9panchements, mais aussi les expansions. Nous sommes l\u00e0 pour repousser loin l\u2019ennemi qui pr\u00e9tend nous r\u00e9duire]. J\u2019ai pens\u00e9 \u00e0 vous aujourd\u2019hui en voyant combien les \u00e9v\u00e8nements tournent vite. Ainsi il appara\u00eet que les communistes trahissent\u00a0! On les pourchasse\u00a0! On les poursuit\u00a0! On les emprisonne\u00a0! On d\u00e9couvre leurs places\u00a0! Bient\u00f4t la belle soci\u00e9t\u00e9 lib\u00e9rale va leur reprocher leurs man\u0153uvres des derni\u00e8res ann\u00e9es. Et dans leur tombe, les bons combattants d\u2019hier se r\u00e9jouiront de voir que la v\u00e9rit\u00e9 se d\u00e9voile sur l\u2019erreur. Il fallait en arriver \u00e0 la menace directe pour qu\u2019on se r\u00e9veille. Apr\u00e8s combien de sang et de larmes vers\u00e9es\u00a0!<\/p>\n<p style=\"text-align: justify;\">J\u2019ai eu les confidences de David (fusill\u00e9 en 45), celles des hommes de Detmar (7 fusill\u00e9s en 46). Leur lutte contre le P.C. avait \u00e9t\u00e9 dure. Sp\u00e9cialistes de l\u2019anti-sovi\u00e9tisme, ils ont \u00e9t\u00e9 sacrifi\u00e9s par les lib\u00e9raux impuissants. Et toute cette gauche socialiste dite r\u00e9volutionnaire, qui n\u2019est faite que de petits app\u00e9tits sectaires, soucieux de garder sa place d\u2019asticot dans le fromage parlementaire. Dans peu de jours, toute la campagne \u00e9lectorale se fera contre Thorez. Pensera-t-on que des dizaines de milliers d\u2019hommes sont condamn\u00e9s en France pour avoir voulu s\u2019\u00e9lever par la force contre l\u2019emprise sovi\u00e9tique\u00a0? Cette soci\u00e9t\u00e9 lib\u00e9rale, qui n\u2019est m\u00e9chante que lorsqu\u2019elle tremble, poussera-t-elle l\u2019inconscience jusqu\u2019\u00e0 frapper les meilleurs adversaires des rouges au moment o\u00f9 elle est trahie de toutes parts par ceux avec qui elle a commis l\u2019imprudence de s\u2019allier\u00a0? La haute magistrature ne voit-elle pas que des juges partisans ont depuis quatre ans accompli de basses besognes, sacrifiant sur ordre de Moscou tous les opposants \u00e0 la sovi\u00e9tisation de la France\u00a0? Est-ce que dans les raisons de d\u00e9tente \u00e0 notre \u00e9gard, l\u2019anticommunisme ne va pas commencer \u00e0 compter\u00a0? Devant le pr\u00e9sident Didier, j\u2019ai pos\u00e9 \u00e0 Mr Pierre Herv\u00e9 la question qui va sans doute provoquer la lev\u00e9e d\u2019immunit\u00e9 parlementaire de Thorez\u00a0: \u00ab<em>\u00a0Demain, si les Soviets envahissent la France, o\u00f9 sera Mr Pierre Herv\u00e9\u00a0? Et tous les autres communistes\u00a0?\u00a0<\/em>\u00bb. Il a bafouill\u00e9\u00a0: \u00ab\u00a0<em>Je ne r\u00e9pondrai pas \u00e0 cette question<\/em>\u00a0\u00bb. Et Didier s\u2019est f\u00e2ch\u00e9 contre moi. Que diront-ils demain ces deux-l\u00e0\u00a0? Et m\u00eame aujourd\u2019hui\u00a0? Qui est le patriote\u00a0?<\/p>\n<p style=\"text-align: justify;\">Je vous ai pr\u00e9par\u00e9 toutes mes remarques sur le proc\u00e8s (dont vous avez d\u00e9j\u00e0 entendu quelques pages). Si du point de vue m\u00e9taphysique je suis toujours dans la s\u00e9r\u00e9nit\u00e9 (quand une b\u00eate furieuse vous pi\u00e9tine, il faut prier sans r\u00e9agir), il m\u2019appara\u00eet que peut-\u00eatre nous pourrons esquisser un geste d\u2019ici quelques jours pour qu\u2019on tienne compte aussi dans le dossier des motifs politiques de l\u2019accus\u00e9. Je crois que les notes que j\u2019ai prises \u2014et que vous lirez\u2014 peuvent servir \u00e0 r\u00e9diger quelques lignes. Un condamn\u00e9 \u00e0 mort pense d\u2019abord \u00e0 d\u00e9fendre son action \u2014donc sa m\u00e9moire. Ensuite, s\u2019il le peut, il d\u00e9fend sa vie. Je suis dans ce tournant (l\u2019action et la m\u00e9moire \u00e9tant selon moi r\u00e9habilit\u00e9es a posteriori par les documents que je vous laisserai). Si maintenant certains magistrats pensent que l\u2019homme n\u2019\u00e9tait pas tout \u00e0 fait mauvais \u2014selon la morale patriotique du jour\u2014 et qu\u2019il peut receler des \u00e9nergies utilisables, je veux bien encore aider tous ceux qui ne savent pas \u00e0 quel point le danger les menace, et leur montrer la profondeur de l\u2019orni\u00e8re. Il y avait de bonnes \u00e9quipes de sp\u00e9cialistes anticommunistes jusqu\u2019en 1944. On les a d\u00e9cim\u00e9es. Il en reste encore quelques unes. C\u2019est peut-\u00eatre l\u2019int\u00e9r\u00eat du pays de ne pas les fusiller toutes, de ne pas les d\u00e9courager totalement. Il me semble que depuis quatre ans et demi, nous avons v\u00e9cu sur notre seule lumi\u00e8re, aliment\u00e9s par notre seule foi, r\u00e9confort\u00e9s par notre propre substance. Chaque pas de gagn\u00e9 contre les rouges nous a remplis d\u2019une joie forte. Nous voyons bien comme le progr\u00e8s est lent. Ce n\u2019est pas l\u2019amnistie qui importe pour nous. C\u2019est le r\u00e9tablissement de l\u2019\u00e9quilibre national. Nous ne pensons pas \u00e0 des revanches. Nous pensons \u00e0 prot\u00e9ger le pays des dangers de plus en plus mena\u00e7ants. Nous voyons toutes les gaffes, toutes les trahisons, et nous pensons \u00e0 toutes les solutions rapides. Le d\u00e9blayage avec nous ne serait pas long. Les communistes n\u2019auraient pas beau jeu. Nous avons toujours travaill\u00e9 \u00e0 un contre cent. Ils le savent bien. Seulement faut-il avoir les moyens d\u2019agir. Pour l\u2019instant mes cha\u00eenes m\u2019obligent \u00e0 la seule \u00e9vasion po\u00e9tique \u2014ou philosophique. C\u2019est peu dans la bataille.<\/p>\n<p style=\"text-align: justify;\">Non pas que ma violence d\u2019hier ait des sursauts. J\u2019ai eu des visites de pasteurs, cette semaine. Braves lib\u00e9raux ! Ils lib\u00e8rent tout ! Les forces mauvaises surtout. Ils encha\u00eenent l\u2019ordre pour ne pas g\u00eaner la r\u00e9surrection du d\u00e9sordre. Il n\u2019est rien de pire qu\u2019un philanthrope. Lib\u00e9rer Anthropos <a href=\"#_ftn1\" name=\"_ftnref1\">[1]<\/a>\u00a0!!! D\u00e9cha\u00eener Rousseau\u00a0!! Livrer le monde \u00e0 la jungle\u00a0! Le pire mal, c\u2019est la g\u00e9n\u00e9rosit\u00e9 aveugle. Les hindous refusent de tuer les serpents, animal sacr\u00e9. Ils se font mordre. Mais ils n\u2019ont pas la connaissance chr\u00e9tienne de Paul, qui supportait la vip\u00e8re sans malaise. Eux, ils meurent. Il faut \u00eatre parfaitement sanctifi\u00e9 pour que le mal se d\u00e9tourne de vous.<\/p>\n<p style=\"text-align: justify;\">On peut combattre le mal mental par l\u2019esprit. Mais on combat la jungle au coupe-chou. Chercher les brebis perdues du Royaume d\u2019Isra\u00ebl, c\u2019est le travail <u>individuel<\/u> du Chr\u00e9tien. Une par une. Repousser l\u2019avidit\u00e9 des masses envieuses, d\u00e9sordonn\u00e9es, ayant rompu les rangs de leurs disciplines nationales, exige d\u2019autres moyens que le pr\u00eache \u2014chr\u00e9tien ou la\u00efque\u2014 Le lib\u00e9ralisme, c\u2019est la maladie des faibles. J\u2019ai, moi aussi, ouvert les portes \u00e0 la sauvagerie du grand troupeau. Le Christ est plus prudent. Il ne parle que du <u>petit<\/u> troupeau, celui des \u00e9lus, ob\u00e9issants, des vierges sages. Ceux-l\u00e0 sont libres. Les autres, il faut les lib\u00e9rer de leur violence capricieuse.<\/p>\n<p style=\"text-align: justify;\">A vous voir bient\u00f4t, mon bon ma\u00eetre. Je vous remettrai la derni\u00e8re cogitation. Mille respects.<\/p>\n<p style=\"text-align: justify;\">J Mamy<\/p>\n<p style=\"text-align: justify;\"><a href=\"#_ftnref1\" name=\"_ftn1\">[1]<\/a> Anthropos\u00a0: l\u2019un des deux mots grecs qui sont traduits par \u00ab\u00a0homme\u00a0\u00bb ou \u00ab\u00a0humain\u00a0\u00bb\u00a0; <em>an\u00ear<\/em> ou <em>andros <\/em>d\u00e9signe l&rsquo;homme m\u00e2le et adulte, le mari et <em>anth\u00f4pos<\/em> d\u00e9signe l&rsquo;humain qu&rsquo;il soit homme ou femme, la personne (note de FGR)<\/p>\n","protected":false},"excerpt":{"rendered":"<p>Mon cher ma\u00eetre, et ami patient, Il faut bien qu\u2019un avocat souffre (p\u00e2tisse) les expansions de son client [les \u00e9panchements, mais aussi les expansions. Nous sommes l\u00e0 pour repousser loin l\u2019ennemi qui pr\u00e9tend nous r\u00e9duire]. J\u2019ai pens\u00e9 \u00e0 vous aujourd\u2019hui &hellip; <a href=\"https:\/\/monperejeanmamy.fr\/?page_id=2989\">Continuer la lecture <span class=\"meta-nav\">&rarr;<\/span><\/a><\/p>\n","protected":false},"author":2,"featured_media":897,"parent":0,"menu_order":0,"comment_status":"closed","ping_status":"closed","template":"","meta":[],"folder":[],"_links":{"self":[{"href":"https:\/\/monperejeanmamy.fr\/index.php?rest_route=\/wp\/v2\/pages\/2989"}],"collection":[{"href":"https:\/\/monperejeanmamy.fr\/index.php?rest_route=\/wp\/v2\/pages"}],"about":[{"href":"https:\/\/monperejeanmamy.fr\/index.php?rest_route=\/wp\/v2\/types\/page"}],"author":[{"embeddable":true,"href":"https:\/\/monperejeanmamy.fr\/index.php?rest_route=\/wp\/v2\/users\/2"}],"replies":[{"embeddable":true,"href":"https:\/\/monperejeanmamy.fr\/index.php?rest_route=%2Fwp%2Fv2%2Fcomments&post=2989"}],"version-history":[{"count":2,"href":"https:\/\/monperejeanmamy.fr\/index.php?rest_route=\/wp\/v2\/pages\/2989\/revisions"}],"predecessor-version":[{"id":3333,"href":"https:\/\/monperejeanmamy.fr\/index.php?rest_route=\/wp\/v2\/pages\/2989\/revisions\/3333"}],"wp:featuredmedia":[{"embeddable":true,"href":"https:\/\/monperejeanmamy.fr\/index.php?rest_route=\/wp\/v2\/media\/897"}],"wp:attachment":[{"href":"https:\/\/monperejeanmamy.fr\/index.php?rest_route=%2Fwp%2Fv2%2Fmedia&parent=2989"}],"wp:term":[{"taxonomy":"folder","embeddable":true,"href":"https:\/\/monperejeanmamy.fr\/index.php?rest_route=%2Fwp%2Fv2%2Ffolder&post=2989"}],"curies":[{"name":"wp","href":"https:\/\/api.w.org\/{rel}","templated":true}]}}