{"id":2991,"date":"2021-05-23T10:53:45","date_gmt":"2021-05-23T08:53:45","guid":{"rendered":"http:\/\/monperejeanmamy.fr\/?page_id=2991"},"modified":"2021-05-23T10:53:45","modified_gmt":"2021-05-23T08:53:45","slug":"jm-a-pierre-leroy-fresnes-49-03-11","status":"publish","type":"page","link":"https:\/\/monperejeanmamy.fr\/?page_id=2991","title":{"rendered":"JM \u00e0 Pierre Leroy (Fresnes 49\/03\/11)"},"content":{"rendered":"<p>Mon cher ma\u00eetre, et bon ami,<\/p>\n<p style=\"text-align: justify;\">Combien vos visites me sont pr\u00e9cieuses et me donnent une impression de s\u00e9curit\u00e9. On sait exactement avec vous ce qu\u2019on doit penser des menaces ou des offres du destin. Je suis de votre avis quant \u00e0 l\u2019affaire. Elle se pr\u00e9sente sous un jour qui me force \u00e0 prendre encore de l\u2019altitude pour surmonter tous \u00e9v\u00e8nements. Primo, pour r\u00e9gler tous int\u00e9r\u00eats, je vous adresse ci-joint une lettre dont vous ferez l\u2019usage qu\u2019il faut. Je ne sais si ces documents doivent \u00eatre d\u00e9pos\u00e9s chez notaire, ou bien remis \u00e0 l\u2019int\u00e9ress\u00e9. Je compte sur vous pour que le n\u00e9cessaire l\u00e9gal soit accompli. Vous me direz si je dois ajouter quelque chose. Secundo\u00a0: il appara\u00eet, si j\u2019en crois vos renseignements et tous ceux d\u2019ici que nous ne passerons pas avant un mois ou deux (les dossiers ont l\u2019air de cheminer. On ne se presse gu\u00e8re). D\u2019ici l\u00e0, je vais mettre au point encore quelques documents. J\u2019ai termin\u00e9 aujourd\u2019hui une s\u00e9rie de petits po\u00e8mes qui viendront en fin des \u00ab\u00a0<em>Barreaux d\u2019or<\/em>\u00a0\u00bb. Et j\u2019ai un gros travail en perspective pour au moins un mois.<\/p>\n<p style=\"text-align: justify;\">Ce qui me fait le plus r\u00e9fl\u00e9chir, c\u2019est la n\u00e9cessit\u00e9 de ne pas concevoir d\u2019arr\u00eat dans l\u2019activit\u00e9 pr\u00e9sente. \u00c9videmment, si l\u2019on en croit les apparences, on peut se dire\u00a0: je n\u2019ai plus que soixante jours \u00e0 griffonner. Apr\u00e8s\u2026 C\u2019est un autre cycle. Mais cette pens\u00e9e me semble \u00eatre affreusement \u00e9go\u00efste (non point pens\u00e9e, tentation). Et je suis oblig\u00e9 de lutter contre le penchant que j\u2019aurais \u00e0 pr\u00e9f\u00e9rer une solution brutale, en plein essor de vie\u2026 Oui penchant. Oui et non \u00e0 la fois. Je n\u2019incline pas pour le suicide. Quoique. Non point le d\u00e9sespoir, mais la volont\u00e9 de refus de participer aux entreprises d\u2019un monde bas pousse quelquefois le po\u00e8te \u00e0 rechercher l\u2019\u00e9vasion par la porte de la folie. Ce f\u00fbt le complexe d\u2019un jeune surr\u00e9aliste, et celui de Makovsky. Quand on ne fait plus partie de la terre, de la famille trop aigrie, quand il ne reste plus qu\u2019un \u00eelot d\u2019amis tous encha\u00een\u00e9s ou impuissants, il semble que ce soit sacrifice heureux de jeter en crachat (voil\u00e0 bien la violence qui revient) \u00e0 la face de ses ennemis une chair surmont\u00e9e en tous points pour leur d\u00e9montrer qu\u2019on ne tient point, soi, \u00e0 ce fameux tr\u00e9sor qu\u2019ils d\u00e9signent, eux, sous le nom fallacieux de personne humaine, et qui n\u2019est que l\u2019ombre d\u2019un r\u00eave.<\/p>\n<p style=\"text-align: justify;\">Mais si je brise cet \u00e9go\u00efsme, cette fureur derni\u00e8re qui me pousserait \u00e0 rompre, \u00e0 divorcer, \u00e0 demander le bourreau comme un ami, pour me s\u00e9parer de tout ce qui est la r\u00e9pulsion, reste alors la n\u00e9cessit\u00e9 (tr\u00e8s chr\u00e9tienne) d\u2019accorder aux siens (sa famille, ses amis) le b\u00e9n\u00e9fice d\u2019une lutte supr\u00eame. Ce sont les mauvais combattants qui jouent au dernier carr\u00e9. L\u2019exemple n\u2019est jamais suivi. Il p\u00e9n\u00e8tre peu la l\u00e9gende. On exige de nous autre chose qu\u2019un sacrifice physique. Et qui l\u2019exige\u00a0? La Loi qui veut que nous soyons l\u00e0 pour d\u00e9montrer la sup\u00e9riorit\u00e9 d\u2019une certaine conscience. Ce qui nous a jet\u00e9 en prison, c\u2019est la violence, l\u2019incompr\u00e9hension g\u00e9n\u00e9rale, l\u2019utopie, la haine, toutes esp\u00e8ces de monstres humains. Ce qui nous sortira, nous, et tous ceux qui esp\u00e8rent encore \u00e0 la vie, c\u2019est la ferme douceur, l\u2019intelligence appliqu\u00e9e, la raison, et l\u2019amour des hommes. Je sais bien que le danger est grand de se jeter en travers des masses. Il est aussi grand d\u2019attaquer les lib\u00e9raux dans leurs songes. Mais Paul a dit \u00ab\u00a0<em>Si Dieu est avec nous, qui sera contre nous\u00a0?<\/em>\u00a0\u00bb Pour que Dieu soit avec nous, il faut que nous soyons avec lui, non pas dans le fl\u00e9chissement servile, mais dans le rayonnement autoritaire. 5La Bible dit avec quelle <u>autorit\u00e9<\/u> J\u00e9sus parlait).<\/p>\n<p style=\"text-align: justify;\">Je vais donc mentalement lutter contre moi-m\u00eame pour m\u2019arracher \u00e0 cette faiblesse de croire que tous les petits travaux que j\u2019ai faits ici sont suffisants pour une modeste gloire posthume. Le travail qui nous attend, si l\u2019\u00e9preuve ne s\u2019abat pas sur nous, est d\u2019une \u00e2pret\u00e9 terrible. Et nous sommes engag\u00e9s dans une voie o\u00f9 nous avons charge de diriger les aveugles. Le pays est dans un tel danger, nos amis sont si menac\u00e9s (et par nos amis je comprends presque tous mes adversaires du jour, ceux qui croient que leur v\u00e9rit\u00e9 est un bouclier suffisant contre la catastrophe qui vient) qu\u2019il nous faut durer \u00e0 travers tout. Depuis ce matin je suis hant\u00e9 par <u>l\u2019humilit\u00e9 de servir<\/u>. Vous avez contribu\u00e9 \u00e0 me faire comprendre que mon destin n\u2019\u00e9tait peut-\u00eatre pas de me retirer du combat, par un geste inutile.<\/p>\n<p style=\"text-align: justify;\">Voil\u00e0. Je travaillerai dimanche \u00e0 des notes pour vous (ma\u00e7onnerie et d\u00e9fense camarade Lyon). Vous les aurez la semaine prochaine. Beaucoup d\u2019arguments. L\u00e0 aussi, il faut attaquer dur. L\u2019erreur est coriace. D\u00eetes \u00e0 Mlle Roux combien je l\u2019aime profond\u00e9ment. Elle est la compagne qu\u2019il me fallait trouver. Et vous \u00eates le d\u00e9fenseur pr\u00e9vu d\u2019En-Haut.<\/p>\n<p style=\"text-align: justify;\">Mille respects et amiti\u00e9 mon cher ma\u00eetre. Avec s\u00e9r\u00e9nit\u00e9.<\/p>\n<p>J. Mamy<\/p>\n","protected":false},"excerpt":{"rendered":"<p>Mon cher ma\u00eetre, et bon ami, Combien vos visites me sont pr\u00e9cieuses et me donnent une impression de s\u00e9curit\u00e9. On sait exactement avec vous ce qu\u2019on doit penser des menaces ou des offres du destin. Je suis de votre avis &hellip; <a href=\"https:\/\/monperejeanmamy.fr\/?page_id=2991\">Continuer la lecture <span class=\"meta-nav\">&rarr;<\/span><\/a><\/p>\n","protected":false},"author":2,"featured_media":897,"parent":0,"menu_order":0,"comment_status":"closed","ping_status":"closed","template":"","meta":[],"folder":[],"_links":{"self":[{"href":"https:\/\/monperejeanmamy.fr\/index.php?rest_route=\/wp\/v2\/pages\/2991"}],"collection":[{"href":"https:\/\/monperejeanmamy.fr\/index.php?rest_route=\/wp\/v2\/pages"}],"about":[{"href":"https:\/\/monperejeanmamy.fr\/index.php?rest_route=\/wp\/v2\/types\/page"}],"author":[{"embeddable":true,"href":"https:\/\/monperejeanmamy.fr\/index.php?rest_route=\/wp\/v2\/users\/2"}],"replies":[{"embeddable":true,"href":"https:\/\/monperejeanmamy.fr\/index.php?rest_route=%2Fwp%2Fv2%2Fcomments&post=2991"}],"version-history":[{"count":1,"href":"https:\/\/monperejeanmamy.fr\/index.php?rest_route=\/wp\/v2\/pages\/2991\/revisions"}],"predecessor-version":[{"id":2992,"href":"https:\/\/monperejeanmamy.fr\/index.php?rest_route=\/wp\/v2\/pages\/2991\/revisions\/2992"}],"wp:featuredmedia":[{"embeddable":true,"href":"https:\/\/monperejeanmamy.fr\/index.php?rest_route=\/wp\/v2\/media\/897"}],"wp:attachment":[{"href":"https:\/\/monperejeanmamy.fr\/index.php?rest_route=%2Fwp%2Fv2%2Fmedia&parent=2991"}],"wp:term":[{"taxonomy":"folder","embeddable":true,"href":"https:\/\/monperejeanmamy.fr\/index.php?rest_route=%2Fwp%2Fv2%2Ffolder&post=2991"}],"curies":[{"name":"wp","href":"https:\/\/api.w.org\/{rel}","templated":true}]}}