{"id":2995,"date":"2021-05-23T11:02:31","date_gmt":"2021-05-23T09:02:31","guid":{"rendered":"http:\/\/monperejeanmamy.fr\/?page_id=2995"},"modified":"2024-01-27T18:56:16","modified_gmt":"2024-01-27T17:56:16","slug":"jm-a-pierre-leroy-fresnes-49-03-20","status":"publish","type":"page","link":"https:\/\/monperejeanmamy.fr\/?page_id=2995","title":{"rendered":"JM \u00e0 Pierre Leroy (Fresnes 49\/03\/20)"},"content":{"rendered":"<p>Mon cher ma\u00eetre,<\/p>\n<p style=\"text-align: justify;\">Depuis votre visite nous avons r\u00e9fl\u00e9chis. D\u2019apr\u00e8s nos renseignements\u00a0: il n\u2019y a pas de pr\u00e9cipitation dans le dossier. Tout est dans la norme.<\/p>\n<p style=\"text-align: justify;\">Puisque je dois me d\u00e9fendre jusqu\u2019au bout, je voudrais que vous pr\u00e9cisiez au pr\u00e9sident de la R\u00e9publique que\u00a0:<\/p>\n<ol>\n<li style=\"text-align: justify;\">Si j\u2019avais eu le moindre doute sur le non-retour ou les mauvais traitements des prisonniers envoy\u00e9s en Allemagne, jamais je ne me serai associ\u00e9 \u00e0 des arrestations ou des d\u00e9portations. C\u2019est parce que nous avions l\u2019assurance formelle qu\u2019ils \u00e9taient bien trait\u00e9s que nous avions consenti \u00e0 une <u>neutralisation<\/u>. Pour ma part, je n\u2019ai absolument pas de responsabilit\u00e9 dans aucune ex\u00e9cution. Jamais je n\u2019ai voulu et exerc\u00e9 de violence sur quiconque. Si j\u2019ai donn\u00e9 tous renseignements sur les affaires dont je m\u2019\u00e9tais occup\u00e9, c\u2019est parce que j\u2019avais la persuasion absolue que <u>tous<\/u> allaient revenir.<\/li>\n<li style=\"text-align: justify;\">Si j\u2019avais cru, ce faisant (mais j\u2019\u00e9tais couvert par cinq services fran\u00e7ais) que je commettais un crime, je n\u2019aurais jamais commis ces actes. C\u2019est avec une enti\u00e8re bonne foi que j\u2019ai ob\u00e9i aux ordres.<\/li>\n<\/ol>\n<p style=\"text-align: justify;\">Je vous r\u00e9p\u00e8te mes \u00ab\u00a0couvertures\u00a0\u00bb.<\/p>\n<ol>\n<li style=\"text-align: justify;\">\u00a0Richard de Grandmaison<\/li>\n<li style=\"text-align: justify;\">\u00a0Amiral Platon (Dr Menetrel)<\/li>\n<li style=\"text-align: justify;\">\u00a0Bernard Fa\u00ff (et Marqu\u00e8s Rivi\u00e8re)<\/li>\n<li style=\"text-align: justify;\">\u00a0Gueydan de Roussel<\/li>\n<li style=\"text-align: justify;\">\u00a0Commissaire Richard<\/li>\n<\/ol>\n<p style=\"text-align: justify;\">On ne pouvait \u00eatre avalis\u00e9 plus officiellement par Vichy que je l\u2019\u00e9tais.<\/p>\n<p style=\"text-align: justify;\">Je ne suis donc nullement un agent allemand mais un Fran\u00e7ais mis <u>sur ordre<\/u> dans les services allemands.<\/p>\n<p style=\"text-align: justify;\">J\u2019ai retrouv\u00e9 quelques indications concernant l\u2019activit\u00e9 de Richard de Grandmaison. Je vous en parlerai mercredi.<\/p>\n<p style=\"text-align: justify;\">Ma famille est tr\u00e8s courageuse. Moi, je ne sais plus. Ce n\u2019est pas \u00e0 nous de d\u00e9cider ce qui est le mieux pour nous, de partir ou de rester. Mais il est certain que Dieu, qui veut notre bien, ne nous impose pas d\u2019\u00e9preuves inutiles. Tout est salutaire pour celui qui pr\u00e9tend ob\u00e9ir au principe d\u2019Amour.<\/p>\n<p style=\"text-align: justify;\">Croyez mon cher ma\u00eetre \u00e0 mes sentiments mille fois reconnaissants.<\/p>\n<p>J. Mamy<\/p>\n","protected":false},"excerpt":{"rendered":"<p>Mon cher ma\u00eetre, Depuis votre visite nous avons r\u00e9fl\u00e9chis. D\u2019apr\u00e8s nos renseignements\u00a0: il n\u2019y a pas de pr\u00e9cipitation dans le dossier. Tout est dans la norme. Puisque je dois me d\u00e9fendre jusqu\u2019au bout, je voudrais que vous pr\u00e9cisiez au pr\u00e9sident &hellip; <a href=\"https:\/\/monperejeanmamy.fr\/?page_id=2995\">Continuer la lecture <span class=\"meta-nav\">&rarr;<\/span><\/a><\/p>\n","protected":false},"author":2,"featured_media":897,"parent":0,"menu_order":0,"comment_status":"closed","ping_status":"closed","template":"","meta":[],"folder":[],"_links":{"self":[{"href":"https:\/\/monperejeanmamy.fr\/index.php?rest_route=\/wp\/v2\/pages\/2995"}],"collection":[{"href":"https:\/\/monperejeanmamy.fr\/index.php?rest_route=\/wp\/v2\/pages"}],"about":[{"href":"https:\/\/monperejeanmamy.fr\/index.php?rest_route=\/wp\/v2\/types\/page"}],"author":[{"embeddable":true,"href":"https:\/\/monperejeanmamy.fr\/index.php?rest_route=\/wp\/v2\/users\/2"}],"replies":[{"embeddable":true,"href":"https:\/\/monperejeanmamy.fr\/index.php?rest_route=%2Fwp%2Fv2%2Fcomments&post=2995"}],"version-history":[{"count":3,"href":"https:\/\/monperejeanmamy.fr\/index.php?rest_route=\/wp\/v2\/pages\/2995\/revisions"}],"predecessor-version":[{"id":3339,"href":"https:\/\/monperejeanmamy.fr\/index.php?rest_route=\/wp\/v2\/pages\/2995\/revisions\/3339"}],"wp:featuredmedia":[{"embeddable":true,"href":"https:\/\/monperejeanmamy.fr\/index.php?rest_route=\/wp\/v2\/media\/897"}],"wp:attachment":[{"href":"https:\/\/monperejeanmamy.fr\/index.php?rest_route=%2Fwp%2Fv2%2Fmedia&parent=2995"}],"wp:term":[{"taxonomy":"folder","embeddable":true,"href":"https:\/\/monperejeanmamy.fr\/index.php?rest_route=%2Fwp%2Fv2%2Ffolder&post=2995"}],"curies":[{"name":"wp","href":"https:\/\/api.w.org\/{rel}","templated":true}]}}