{"id":2999,"date":"2021-05-23T11:10:13","date_gmt":"2021-05-23T09:10:13","guid":{"rendered":"http:\/\/monperejeanmamy.fr\/?page_id=2999"},"modified":"2021-05-23T11:10:13","modified_gmt":"2021-05-23T09:10:13","slug":"jm-a-pierre-leroy-fresnes-49-03-26","status":"publish","type":"page","link":"https:\/\/monperejeanmamy.fr\/?page_id=2999","title":{"rendered":"JM \u00e0 Pierre Leroy (Fresnes 49\/03\/26)"},"content":{"rendered":"<p>Mon cher ma\u00eetre et ami.<\/p>\n<p style=\"text-align: justify;\">Mes camarades me pressent de vous signaler le cas d\u2019un des d\u00e9tenus de Fresnes acquitt\u00e9 hier en Cour de Justice\u00a0: Baumont. Il s\u2019attendait aux cha\u00eenes sans aucun doute\u00a0: 45 t\u00e9moins \u00e0 charge, d\u00e9portations, morts et m\u00eame meurtres etc\u2026 Depuis quelques jours le vent tourne rapidement.<\/p>\n<p style=\"text-align: justify;\">Rochet, adjoint de David (fusill\u00e9 en 45) qui s\u2019attendait \u00e0 perp\u00e9tuit\u00e9 (par miracle disait-il)\u00a0! 10 ans de TF.<\/p>\n<p style=\"text-align: justify;\">Moulin (arrestations, d\u00e9portations etc\u2026)\u00a0: lib\u00e9r\u00e9 hier soir sans jugement.<\/p>\n<p style=\"text-align: justify;\">Si quelquefois donc pour arr\u00eater une d\u00e9cision \u00e0 la derni\u00e8re seconde vous avez besoin de ces tuyaux, je vous les transmets.<\/p>\n<p style=\"text-align: justify;\">Mais pour ma part, je suis dans la pleine s\u00e9r\u00e9nit\u00e9. Jamais je n\u2019ai \u00e9t\u00e9 aussi calme et d\u00e9livr\u00e9.<\/p>\n<p style=\"text-align: justify;\">A vous de tout c\u0153ur.<\/p>\n<p>J. Mamy<\/p>\n","protected":false},"excerpt":{"rendered":"<p>Mon cher ma\u00eetre et ami. Mes camarades me pressent de vous signaler le cas d\u2019un des d\u00e9tenus de Fresnes acquitt\u00e9 hier en Cour de Justice\u00a0: Baumont. Il s\u2019attendait aux cha\u00eenes sans aucun doute\u00a0: 45 t\u00e9moins \u00e0 charge, d\u00e9portations, morts et &hellip; <a href=\"https:\/\/monperejeanmamy.fr\/?page_id=2999\">Continuer la lecture <span class=\"meta-nav\">&rarr;<\/span><\/a><\/p>\n","protected":false},"author":2,"featured_media":897,"parent":0,"menu_order":0,"comment_status":"closed","ping_status":"closed","template":"","meta":[],"folder":[],"_links":{"self":[{"href":"https:\/\/monperejeanmamy.fr\/index.php?rest_route=\/wp\/v2\/pages\/2999"}],"collection":[{"href":"https:\/\/monperejeanmamy.fr\/index.php?rest_route=\/wp\/v2\/pages"}],"about":[{"href":"https:\/\/monperejeanmamy.fr\/index.php?rest_route=\/wp\/v2\/types\/page"}],"author":[{"embeddable":true,"href":"https:\/\/monperejeanmamy.fr\/index.php?rest_route=\/wp\/v2\/users\/2"}],"replies":[{"embeddable":true,"href":"https:\/\/monperejeanmamy.fr\/index.php?rest_route=%2Fwp%2Fv2%2Fcomments&post=2999"}],"version-history":[{"count":1,"href":"https:\/\/monperejeanmamy.fr\/index.php?rest_route=\/wp\/v2\/pages\/2999\/revisions"}],"predecessor-version":[{"id":3001,"href":"https:\/\/monperejeanmamy.fr\/index.php?rest_route=\/wp\/v2\/pages\/2999\/revisions\/3001"}],"wp:featuredmedia":[{"embeddable":true,"href":"https:\/\/monperejeanmamy.fr\/index.php?rest_route=\/wp\/v2\/media\/897"}],"wp:attachment":[{"href":"https:\/\/monperejeanmamy.fr\/index.php?rest_route=%2Fwp%2Fv2%2Fmedia&parent=2999"}],"wp:term":[{"taxonomy":"folder","embeddable":true,"href":"https:\/\/monperejeanmamy.fr\/index.php?rest_route=%2Fwp%2Fv2%2Ffolder&post=2999"}],"curies":[{"name":"wp","href":"https:\/\/api.w.org\/{rel}","templated":true}]}}