{"id":3007,"date":"2021-05-24T16:36:58","date_gmt":"2021-05-24T14:36:58","guid":{"rendered":"http:\/\/monperejeanmamy.fr\/?page_id=3007"},"modified":"2024-01-24T16:57:12","modified_gmt":"2024-01-24T15:57:12","slug":"jr-a-jm-48-12-10","status":"publish","type":"page","link":"https:\/\/monperejeanmamy.fr\/?page_id=3007","title":{"rendered":"JR \u00e0 JM (48\/12\/10)"},"content":{"rendered":"<p><strong>\u00a0<\/strong><a href=\"http:\/\/monperejeanmamy.fr\/?page_id=1334\"><img loading=\"lazy\" class=\"wp-image-1352 alignleft\" src=\"http:\/\/monperejeanmamy.fr\/wp-content\/uploads\/2021\/03\/Lettre-precedente.jpg\" alt=\"\" width=\"143\" height=\"78\" \/><\/a><a href=\"http:\/\/monperejeanmamy.fr\/?page_id=3010\"><img loading=\"lazy\" class=\"alignright wp-image-1353\" src=\"http:\/\/monperejeanmamy.fr\/wp-content\/uploads\/2021\/03\/Lettre-suivante.jpg\" alt=\"\" width=\"139\" height=\"76\" \/><\/a><\/p>\n<p style=\"text-align: center;\"><strong>Vendredi 10 d\u00e9cembre 1948<br \/>\n23 heures<br \/>\n<\/strong><\/p>\n<p style=\"text-align: center;\">Mon ch\u00e9ri,<\/p>\n<p style=\"text-align: justify;\">Si j&rsquo;ai un jour des d\u00e9m\u00eal\u00e9s avec la justice, je prendrai Flo pour avocat. C&rsquo;est un type \u00e9patant. Je l&rsquo;ai vu ce soir. Avons parl\u00e9 longuement. Il veille sur nous. D&rsquo;autre part, il verra Leroy d\u00e8s demain pour l&rsquo;amener \u00e0 r\u00e9duire sa demande \u00e0 50, chiffre sur lequel je me suis, pour toi, d\u00e9clar\u00e9e d&rsquo;accord. J&rsquo;estime que c&rsquo;est raisonnable. Je verserai demain 25 \u00e0 Leroy. Tu me diras si tu peux lui faire verser les 25 autres. Sinon, je prendrai envers lui l&rsquo;engagement de les lui verser un peu plus tard. Voil\u00e0 !<\/p>\n<p style=\"text-align: justify;\">Pour le reste, je veux que tu saches que je t&rsquo;aime beaucoup, sans te pr\u00e9occuper d&rsquo;en conna\u00eetre les raisons. Saches aussi que je ne redoute pas la nuit de No\u00ebl. Je n&rsquo;ai pas peur du tout. Je crois au P\u00e8re No\u00ebl ! Et puis j&rsquo;ai confiance en toi.<\/p>\n<p style=\"text-align: justify;\">Tu m&rsquo;as dit que tu n&rsquo;avais rien fait de mal. Je n&rsquo;entendrai pas autre chose. C&rsquo;est pour cela que je ne craindrai pas, quand il le faudra, d&rsquo;assister aux d\u00e9bats (qu&rsquo;on me conseille pourtant de ne pas suivre). Me prendrait-on pour une petite fille ?<\/p>\n<p style=\"text-align: justify;\">J&rsquo;ai t\u00e9l\u00e9phon\u00e9 \u00e0 ton ami du Bd Saint Martin, et continuerai \u00e0 le tenir au courant. Il m&rsquo;a tr\u00e8s gentiment offert de voir Leroy pour lui parler de toi. J&rsquo;ai aussi mis un mot \u00e0 ton camarade des livres qui, actuellement, n&rsquo;est pas \u00e0 Paris.<\/p>\n<p style=\"text-align: justify;\">Je t&rsquo;ai envoy\u00e9 aujourd&rsquo;hui un mandat de 500 francs. Dis-moi si tu as d&rsquo;autres besoins ?<\/p>\n<p style=\"text-align: justify;\">J&rsquo;oubliais de te dire que j&rsquo;ai vu Leroy hier. Il m&rsquo;a fait tr\u00e8s bonne impression. Il se proposait d&rsquo;aller te voir dimanche ou lundi.<\/p>\n<p style=\"text-align: justify;\">J&rsquo;ai re\u00e7u ta lettre hier matin. C&rsquo;est un peu vrai que toutes ces mauvaises choses dont tu me parles ne m&rsquo;int\u00e9ressent pas beaucoup. Moi, je n&rsquo;aime que le coin du feu, les fauteuils de velours vert, et les heures o\u00f9 l&rsquo;on ne pense \u00e0 rien.<\/p>\n<p style=\"text-align: justify;\">Tu veux bien que je t&#8217;embrasse tr\u00e8s fort ?<\/p>\n<p style=\"text-align: justify;\">JR<\/p>\n","protected":false},"excerpt":{"rendered":"<p>\u00a0 Vendredi 10 d\u00e9cembre 1948 23 heures Mon ch\u00e9ri, Si j&rsquo;ai un jour des d\u00e9m\u00eal\u00e9s avec la justice, je prendrai Flo pour avocat. C&rsquo;est un type \u00e9patant. Je l&rsquo;ai vu ce soir. Avons parl\u00e9 longuement. Il veille sur nous. D&rsquo;autre &hellip; <a href=\"https:\/\/monperejeanmamy.fr\/?page_id=3007\">Continuer la lecture <span class=\"meta-nav\">&rarr;<\/span><\/a><\/p>\n","protected":false},"author":2,"featured_media":11,"parent":0,"menu_order":0,"comment_status":"closed","ping_status":"closed","template":"","meta":[],"folder":[],"_links":{"self":[{"href":"https:\/\/monperejeanmamy.fr\/index.php?rest_route=\/wp\/v2\/pages\/3007"}],"collection":[{"href":"https:\/\/monperejeanmamy.fr\/index.php?rest_route=\/wp\/v2\/pages"}],"about":[{"href":"https:\/\/monperejeanmamy.fr\/index.php?rest_route=\/wp\/v2\/types\/page"}],"author":[{"embeddable":true,"href":"https:\/\/monperejeanmamy.fr\/index.php?rest_route=\/wp\/v2\/users\/2"}],"replies":[{"embeddable":true,"href":"https:\/\/monperejeanmamy.fr\/index.php?rest_route=%2Fwp%2Fv2%2Fcomments&post=3007"}],"version-history":[{"count":3,"href":"https:\/\/monperejeanmamy.fr\/index.php?rest_route=\/wp\/v2\/pages\/3007\/revisions"}],"predecessor-version":[{"id":3295,"href":"https:\/\/monperejeanmamy.fr\/index.php?rest_route=\/wp\/v2\/pages\/3007\/revisions\/3295"}],"wp:featuredmedia":[{"embeddable":true,"href":"https:\/\/monperejeanmamy.fr\/index.php?rest_route=\/wp\/v2\/media\/11"}],"wp:attachment":[{"href":"https:\/\/monperejeanmamy.fr\/index.php?rest_route=%2Fwp%2Fv2%2Fmedia&parent=3007"}],"wp:term":[{"taxonomy":"folder","embeddable":true,"href":"https:\/\/monperejeanmamy.fr\/index.php?rest_route=%2Fwp%2Fv2%2Ffolder&post=3007"}],"curies":[{"name":"wp","href":"https:\/\/api.w.org\/{rel}","templated":true}]}}