{"id":3010,"date":"2021-05-25T09:13:59","date_gmt":"2021-05-25T07:13:59","guid":{"rendered":"http:\/\/monperejeanmamy.fr\/?page_id=3010"},"modified":"2024-01-24T16:45:51","modified_gmt":"2024-01-24T15:45:51","slug":"jr-a-jm-48-12-14","status":"publish","type":"page","link":"https:\/\/monperejeanmamy.fr\/?page_id=3010","title":{"rendered":"JR \u00e0 JM (48\/12\/14)"},"content":{"rendered":"<p><strong>\u00a0<\/strong><a href=\"http:\/\/monperejeanmamy.fr\/?page_id=3007\"><img loading=\"lazy\" class=\"wp-image-1352 alignleft\" src=\"http:\/\/monperejeanmamy.fr\/wp-content\/uploads\/2021\/03\/Lettre-precedente.jpg\" alt=\"\" width=\"143\" height=\"78\" \/><\/a><a href=\"http:\/\/monperejeanmamy.fr\/?page_id=3016\"><img loading=\"lazy\" class=\"alignright wp-image-1353\" src=\"http:\/\/monperejeanmamy.fr\/wp-content\/uploads\/2021\/03\/Lettre-suivante.jpg\" alt=\"\" width=\"139\" height=\"76\" \/><\/a><\/p>\n<p style=\"text-align: center;\"><strong>Mardi 14 d\u00e9cembre 1948<br \/>\n<\/strong><\/p>\n<p style=\"text-align: center;\">Mon ch\u00e9ri,<\/p>\n<p style=\"text-align: justify;\">Plus cette affaire approche, plus elle me tourmente. Non pas que je m&rsquo;en d\u00e9sint\u00e9resse. Mais, de plus en plus, j&rsquo;ai confiance. Et puis, Me Leroy me parait aussi tr\u00e8s bien et tr\u00e8s acharn\u00e9 \u00e0 te tirer de l\u00e0.<\/p>\n<p style=\"text-align: justify;\">Tout ira bien. Tout ira bien.<\/p>\n<p style=\"text-align: justify;\">Mon ch\u00e9ri, je suis d\u00e9bord\u00e9e de travail, de toutes parts. Tu m&rsquo;excuseras de ne pas t&rsquo;\u00e9crire longuement. Crois bien, et tu le crois, que j&#8217;emploie mon temps \u00e0 faire pour toi des choses plus utiles.<\/p>\n<p style=\"text-align: justify;\">A bient\u00f4t.<\/p>\n<p style=\"text-align: justify;\">\u00a0 \u00a0 \u00a0 \u00a0 \u00a0 \u00a0 \u00a0 &#8230; Et \u00e0 bient\u00f4t<\/p>\n<p style=\"text-align: justify;\">Gros baisers.<\/p>\n<p style=\"text-align: justify;\">JR<\/p>\n","protected":false},"excerpt":{"rendered":"<p>\u00a0 Mardi 14 d\u00e9cembre 1948 Mon ch\u00e9ri, Plus cette affaire approche, plus elle me tourmente. Non pas que je m&rsquo;en d\u00e9sint\u00e9resse. Mais, de plus en plus, j&rsquo;ai confiance. Et puis, Me Leroy me parait aussi tr\u00e8s bien et tr\u00e8s acharn\u00e9 &hellip; <a href=\"https:\/\/monperejeanmamy.fr\/?page_id=3010\">Continuer la lecture <span class=\"meta-nav\">&rarr;<\/span><\/a><\/p>\n","protected":false},"author":2,"featured_media":11,"parent":0,"menu_order":0,"comment_status":"closed","ping_status":"closed","template":"","meta":[],"folder":[],"_links":{"self":[{"href":"https:\/\/monperejeanmamy.fr\/index.php?rest_route=\/wp\/v2\/pages\/3010"}],"collection":[{"href":"https:\/\/monperejeanmamy.fr\/index.php?rest_route=\/wp\/v2\/pages"}],"about":[{"href":"https:\/\/monperejeanmamy.fr\/index.php?rest_route=\/wp\/v2\/types\/page"}],"author":[{"embeddable":true,"href":"https:\/\/monperejeanmamy.fr\/index.php?rest_route=\/wp\/v2\/users\/2"}],"replies":[{"embeddable":true,"href":"https:\/\/monperejeanmamy.fr\/index.php?rest_route=%2Fwp%2Fv2%2Fcomments&post=3010"}],"version-history":[{"count":5,"href":"https:\/\/monperejeanmamy.fr\/index.php?rest_route=\/wp\/v2\/pages\/3010\/revisions"}],"predecessor-version":[{"id":3289,"href":"https:\/\/monperejeanmamy.fr\/index.php?rest_route=\/wp\/v2\/pages\/3010\/revisions\/3289"}],"wp:featuredmedia":[{"embeddable":true,"href":"https:\/\/monperejeanmamy.fr\/index.php?rest_route=\/wp\/v2\/media\/11"}],"wp:attachment":[{"href":"https:\/\/monperejeanmamy.fr\/index.php?rest_route=%2Fwp%2Fv2%2Fmedia&parent=3010"}],"wp:term":[{"taxonomy":"folder","embeddable":true,"href":"https:\/\/monperejeanmamy.fr\/index.php?rest_route=%2Fwp%2Fv2%2Ffolder&post=3010"}],"curies":[{"name":"wp","href":"https:\/\/api.w.org\/{rel}","templated":true}]}}