{"id":3016,"date":"2021-05-25T11:55:54","date_gmt":"2021-05-25T09:55:54","guid":{"rendered":"http:\/\/monperejeanmamy.fr\/?page_id=3016"},"modified":"2024-01-24T16:56:50","modified_gmt":"2024-01-24T15:56:50","slug":"jr-a-jm-48-12-20","status":"publish","type":"page","link":"https:\/\/monperejeanmamy.fr\/?page_id=3016","title":{"rendered":"JR \u00e0 JM (48\/12\/20)"},"content":{"rendered":"<p><strong>\u00a0<\/strong><a href=\"http:\/\/monperejeanmamy.fr\/?page_id=3010\"><img loading=\"lazy\" class=\"wp-image-1352 alignleft\" src=\"http:\/\/monperejeanmamy.fr\/wp-content\/uploads\/2021\/03\/Lettre-precedente.jpg\" alt=\"\" width=\"143\" height=\"78\" \/><\/a><a href=\"http:\/\/monperejeanmamy.fr\/?page_id=3022\"><img loading=\"lazy\" class=\"alignright wp-image-1353\" src=\"http:\/\/monperejeanmamy.fr\/wp-content\/uploads\/2021\/03\/Lettre-suivante.jpg\" alt=\"\" width=\"139\" height=\"76\" \/><\/a><\/p>\n<p style=\"text-align: center;\"><strong>Lundi 20 d\u00e9cembre 1948<br \/>\n23 heures<br \/>\n<\/strong><\/p>\n<p style=\"text-align: center;\">Mon petit ch\u00e9ri,<\/p>\n<p style=\"text-align: justify;\">Je suis un peu fatigu\u00e9e. (Tu as bien des raisons pour l&rsquo;\u00eatre davantage, mais je ne suis, moi, qu&rsquo;une toute petite fille). Une toute petite fille qui t&rsquo;adore et qui est heureuse ce soir parce que, tout l&rsquo;apr\u00e8s-midi, elle a pu te voir, t&rsquo;entendre, \u00eatre pr\u00e8s de toi.<\/p>\n<p style=\"text-align: justify;\">Tu as \u00e9t\u00e9 tr\u00e8s digne, tr\u00e8s bien. J&rsquo;en suis s\u00fbre, moi, que tu n&rsquo;as rien fait de mal.<\/p>\n<p style=\"text-align: justify;\">Et j&rsquo;attends avec confiance la nuit de No\u00ebl.<\/p>\n<p style=\"text-align: justify;\">Crois-le bien, je t&rsquo;assure : le P\u00e8re No\u00ebl veille sur nous. J&rsquo;en ai aujourd&rsquo;hui l&rsquo;assurance.<\/p>\n<p style=\"text-align: justify;\">Gros baisers; Mon ch\u00e9ri.<\/p>\n<p style=\"text-align: justify;\">\u00a0\u00a0\u00a0\u00a0\u00a0\u00a0\u00a0\u00a0\u00a0\u00a0\u00a0\u00a0\u00a0 Et \u00e0 bient\u00f4t.<br \/>\nTu verras que tout s&rsquo;arrangera.<br \/>\nJe t&#8217;embrasse.<\/p>\n<p style=\"text-align: justify;\">JR<\/p>\n","protected":false},"excerpt":{"rendered":"<p>\u00a0 Lundi 20 d\u00e9cembre 1948 23 heures Mon petit ch\u00e9ri, Je suis un peu fatigu\u00e9e. (Tu as bien des raisons pour l&rsquo;\u00eatre davantage, mais je ne suis, moi, qu&rsquo;une toute petite fille). Une toute petite fille qui t&rsquo;adore et qui &hellip; <a href=\"https:\/\/monperejeanmamy.fr\/?page_id=3016\">Continuer la lecture <span class=\"meta-nav\">&rarr;<\/span><\/a><\/p>\n","protected":false},"author":2,"featured_media":11,"parent":0,"menu_order":0,"comment_status":"closed","ping_status":"closed","template":"","meta":[],"folder":[],"_links":{"self":[{"href":"https:\/\/monperejeanmamy.fr\/index.php?rest_route=\/wp\/v2\/pages\/3016"}],"collection":[{"href":"https:\/\/monperejeanmamy.fr\/index.php?rest_route=\/wp\/v2\/pages"}],"about":[{"href":"https:\/\/monperejeanmamy.fr\/index.php?rest_route=\/wp\/v2\/types\/page"}],"author":[{"embeddable":true,"href":"https:\/\/monperejeanmamy.fr\/index.php?rest_route=\/wp\/v2\/users\/2"}],"replies":[{"embeddable":true,"href":"https:\/\/monperejeanmamy.fr\/index.php?rest_route=%2Fwp%2Fv2%2Fcomments&post=3016"}],"version-history":[{"count":5,"href":"https:\/\/monperejeanmamy.fr\/index.php?rest_route=\/wp\/v2\/pages\/3016\/revisions"}],"predecessor-version":[{"id":3294,"href":"https:\/\/monperejeanmamy.fr\/index.php?rest_route=\/wp\/v2\/pages\/3016\/revisions\/3294"}],"wp:featuredmedia":[{"embeddable":true,"href":"https:\/\/monperejeanmamy.fr\/index.php?rest_route=\/wp\/v2\/media\/11"}],"wp:attachment":[{"href":"https:\/\/monperejeanmamy.fr\/index.php?rest_route=%2Fwp%2Fv2%2Fmedia&parent=3016"}],"wp:term":[{"taxonomy":"folder","embeddable":true,"href":"https:\/\/monperejeanmamy.fr\/index.php?rest_route=%2Fwp%2Fv2%2Ffolder&post=3016"}],"curies":[{"name":"wp","href":"https:\/\/api.w.org\/{rel}","templated":true}]}}