{"id":3022,"date":"2021-05-25T12:04:08","date_gmt":"2021-05-25T10:04:08","guid":{"rendered":"http:\/\/monperejeanmamy.fr\/?page_id=3022"},"modified":"2024-01-24T16:56:32","modified_gmt":"2024-01-24T15:56:32","slug":"jr-a-jm-48-12-23","status":"publish","type":"page","link":"https:\/\/monperejeanmamy.fr\/?page_id=3022","title":{"rendered":"JR \u00e0 JM (48\/12\/23)"},"content":{"rendered":"<p><strong>\u00a0<\/strong><a href=\"http:\/\/monperejeanmamy.fr\/?page_id=3016\"><img loading=\"lazy\" class=\"wp-image-1352 alignleft\" src=\"http:\/\/monperejeanmamy.fr\/wp-content\/uploads\/2021\/03\/Lettre-precedente.jpg\" alt=\"\" width=\"143\" height=\"78\" \/><\/a><a href=\"http:\/\/monperejeanmamy.fr\/?page_id=3025\"><img loading=\"lazy\" class=\"alignright wp-image-1353\" src=\"http:\/\/monperejeanmamy.fr\/wp-content\/uploads\/2021\/03\/Lettre-suivante.jpg\" alt=\"\" width=\"139\" height=\"76\" \/><\/a><\/p>\n<p style=\"text-align: center;\"><strong>Jeudi 23 d\u00e9cembre 1948<br \/>\n23 heures<br \/>\n<\/strong><\/p>\n<p style=\"text-align: center;\">Mon ch\u00e9ri,<\/p>\n<p style=\"text-align: justify;\">Je ne sais pas quel sera le verdict ? Mais quel qu&rsquo;il soit, n&rsquo;oublie pas, Mon ch\u00e9ri, que je ferai tout pour obtenir ta gr\u00e2ce.<\/p>\n<p style=\"text-align: justify;\">J&rsquo;ai suivi, du commencement \u00e0 la fin, toutes les audiences depuis le 1<sup>er<\/sup> jour.<\/p>\n<p style=\"text-align: justify;\">Je ne te condamne pas.<\/p>\n<p style=\"text-align: justify;\">Tu sais pourtant combien je te d\u00e9sapprouve dans cet affreux travail que je d\u00e9teste, combien je suis sensible aux cons\u00e9quences qui en ont r\u00e9sult\u00e9, mais je persiste \u00e0 penser que jamais tu n&rsquo;as du mal agir.<\/p>\n<p style=\"text-align: justify;\">Je te connais trop, moi, pour ne pas te comprendre, et je t&rsquo;assure de toute mon affection.<\/p>\n<p style=\"text-align: justify;\">Mon ch\u00e9ri, imite-moi : ne pense \u00e0 rien, \u00e0 presque rien ? Mais aime-moi tr\u00e8s fort.<\/p>\n<p style=\"text-align: justify;\">\u00a0\u00a0\u00a0\u00a0\u00a0\u00a0\u00a0\u00a0\u00a0\u00a0\u00a0\u00a0\u00a0\u00a0\u00a0\u00a0\u00a0\u00a0\u00a0\u00a0\u00a0\u00a0\u00a0\u00a0\u00a0\u00a0\u00a0 Comme je t&rsquo;aime.<br \/>\nEt prends patience.<br \/>\nJe t&#8217;embrasse tr\u00e8s fort.<\/p>\n<p style=\"text-align: justify;\">JR<\/p>\n<p style=\"text-align: justify;\">Un pur baiser de Fr\u00e9d\u00e9ric.<\/p>\n","protected":false},"excerpt":{"rendered":"<p>\u00a0 Jeudi 23 d\u00e9cembre 1948 23 heures Mon ch\u00e9ri, Je ne sais pas quel sera le verdict ? Mais quel qu&rsquo;il soit, n&rsquo;oublie pas, Mon ch\u00e9ri, que je ferai tout pour obtenir ta gr\u00e2ce. J&rsquo;ai suivi, du commencement \u00e0 la &hellip; <a href=\"https:\/\/monperejeanmamy.fr\/?page_id=3022\">Continuer la lecture <span class=\"meta-nav\">&rarr;<\/span><\/a><\/p>\n","protected":false},"author":2,"featured_media":11,"parent":0,"menu_order":0,"comment_status":"closed","ping_status":"closed","template":"","meta":[],"folder":[],"_links":{"self":[{"href":"https:\/\/monperejeanmamy.fr\/index.php?rest_route=\/wp\/v2\/pages\/3022"}],"collection":[{"href":"https:\/\/monperejeanmamy.fr\/index.php?rest_route=\/wp\/v2\/pages"}],"about":[{"href":"https:\/\/monperejeanmamy.fr\/index.php?rest_route=\/wp\/v2\/types\/page"}],"author":[{"embeddable":true,"href":"https:\/\/monperejeanmamy.fr\/index.php?rest_route=\/wp\/v2\/users\/2"}],"replies":[{"embeddable":true,"href":"https:\/\/monperejeanmamy.fr\/index.php?rest_route=%2Fwp%2Fv2%2Fcomments&post=3022"}],"version-history":[{"count":4,"href":"https:\/\/monperejeanmamy.fr\/index.php?rest_route=\/wp\/v2\/pages\/3022\/revisions"}],"predecessor-version":[{"id":3293,"href":"https:\/\/monperejeanmamy.fr\/index.php?rest_route=\/wp\/v2\/pages\/3022\/revisions\/3293"}],"wp:featuredmedia":[{"embeddable":true,"href":"https:\/\/monperejeanmamy.fr\/index.php?rest_route=\/wp\/v2\/media\/11"}],"wp:attachment":[{"href":"https:\/\/monperejeanmamy.fr\/index.php?rest_route=%2Fwp%2Fv2%2Fmedia&parent=3022"}],"wp:term":[{"taxonomy":"folder","embeddable":true,"href":"https:\/\/monperejeanmamy.fr\/index.php?rest_route=%2Fwp%2Fv2%2Ffolder&post=3022"}],"curies":[{"name":"wp","href":"https:\/\/api.w.org\/{rel}","templated":true}]}}