{"id":3025,"date":"2021-05-25T12:10:04","date_gmt":"2021-05-25T10:10:04","guid":{"rendered":"http:\/\/monperejeanmamy.fr\/?page_id=3025"},"modified":"2024-01-24T16:55:46","modified_gmt":"2024-01-24T15:55:46","slug":"jr-a-jm-48-12-25","status":"publish","type":"page","link":"https:\/\/monperejeanmamy.fr\/?page_id=3025","title":{"rendered":"JR \u00e0 JM (48\/12\/25)"},"content":{"rendered":"<p><strong>\u00a0<\/strong><a href=\"http:\/\/monperejeanmamy.fr\/?page_id=3022\"><img loading=\"lazy\" class=\"wp-image-1352 alignleft\" src=\"http:\/\/monperejeanmamy.fr\/wp-content\/uploads\/2021\/03\/Lettre-precedente.jpg\" alt=\"\" width=\"143\" height=\"78\" \/><\/a><a href=\"http:\/\/monperejeanmamy.fr\/?page_id=3030\"><img loading=\"lazy\" class=\"alignright wp-image-1353\" src=\"http:\/\/monperejeanmamy.fr\/wp-content\/uploads\/2021\/03\/Lettre-suivante.jpg\" alt=\"\" width=\"139\" height=\"76\" \/><\/a><\/p>\n<p style=\"text-align: center;\"><strong>Samedi 25 d\u00e9cembre 1948<br \/>\nNo\u00ebl<br \/>\n<\/strong><\/p>\n<p style=\"text-align: center;\">Mon ch\u00e9ri,<\/p>\n<p style=\"text-align: justify;\">Tu m&rsquo;avais promis un beau No\u00ebl ! &#8230; ? Et sans doute, avais-tu raison. Mais oui, tu avais raison !<\/p>\n<p style=\"text-align: justify;\">C&rsquo;est la premi\u00e8re fois, depuis des ann\u00e9es, que je re\u00e7ois un baiser si tendre et que je sens, \u00e0 nouveau, autour de mes \u00e9paules, tes deux bras me serrer contre toi.<\/p>\n<p style=\"text-align: justify;\">Oui, c&rsquo;est un beau No\u00ebl !<\/p>\n<p style=\"text-align: justify;\">Mon ch\u00e9ri, le verdict a \u00e9t\u00e9 dur. Il ne m&rsquo;a pas surprise. Je m&rsquo;y attendais. Depuis toujours, je t&rsquo;en avais pr\u00e9venu. (Je ne suis pas de celles qui dissimulent la v\u00e9rit\u00e9. Tu n&rsquo;es pas de ceux qui ne peuvent l&rsquo;entendre) Tu me croyais. Tu avais raison.<\/p>\n<p style=\"text-align: justify;\">Aujourd&rsquo;hui il faut me croire avec plus de certitude encore : nous obtiendrons ta gr\u00e2ce.<\/p>\n<p style=\"text-align: justify;\">Ne t&rsquo;en pr\u00e9occupe pas. Et ne pense plus \u00e0 cette m\u00e9chante affaire.<\/p>\n<p style=\"text-align: justify;\">\u00c9cris-moi, Mon ch\u00e9ri. \u00c9cris-moi tout ce que tu regrettes de ne pas m&rsquo;avoir assez dit mais que je n&rsquo;ai cess\u00e9 d&rsquo;entendre. \u00c9cris-moi, d&rsquo;avance, tout ce que tu me diras quand nous nous retrouverons.<\/p>\n<p style=\"text-align: justify;\">Je t&#8217;embrasse, Mon ch\u00e9ri. Tu devines avec quelle force et quelle tendresse.<\/p>\n<p style=\"text-align: justify;\">JR<\/p>\n<p style=\"text-align: justify;\">Ta m\u00e8re doit t&rsquo;\u00e9crire aujourd&rsquo;hui. Tu sais qu&rsquo;elle est tr\u00e8s courageuse et tu peux compter sur moi pour ne pas l&rsquo;abandonner \u00e0 sa solitude.<\/p>\n<p style=\"text-align: justify;\">Je ne manquerai pas de me renseigner lundi, pour savoir si on peut t&rsquo;envoyer de l&rsquo;argent pour la cantine, ou autres choses (mais, j&rsquo;en doute pour ce dernier point)<\/p>\n<p>&nbsp;<\/p>\n","protected":false},"excerpt":{"rendered":"<p>\u00a0 Samedi 25 d\u00e9cembre 1948 No\u00ebl Mon ch\u00e9ri, Tu m&rsquo;avais promis un beau No\u00ebl ! &#8230; ? Et sans doute, avais-tu raison. Mais oui, tu avais raison ! C&rsquo;est la premi\u00e8re fois, depuis des ann\u00e9es, que je re\u00e7ois un baiser &hellip; <a href=\"https:\/\/monperejeanmamy.fr\/?page_id=3025\">Continuer la lecture <span class=\"meta-nav\">&rarr;<\/span><\/a><\/p>\n","protected":false},"author":2,"featured_media":11,"parent":0,"menu_order":0,"comment_status":"closed","ping_status":"closed","template":"","meta":[],"folder":[],"_links":{"self":[{"href":"https:\/\/monperejeanmamy.fr\/index.php?rest_route=\/wp\/v2\/pages\/3025"}],"collection":[{"href":"https:\/\/monperejeanmamy.fr\/index.php?rest_route=\/wp\/v2\/pages"}],"about":[{"href":"https:\/\/monperejeanmamy.fr\/index.php?rest_route=\/wp\/v2\/types\/page"}],"author":[{"embeddable":true,"href":"https:\/\/monperejeanmamy.fr\/index.php?rest_route=\/wp\/v2\/users\/2"}],"replies":[{"embeddable":true,"href":"https:\/\/monperejeanmamy.fr\/index.php?rest_route=%2Fwp%2Fv2%2Fcomments&post=3025"}],"version-history":[{"count":4,"href":"https:\/\/monperejeanmamy.fr\/index.php?rest_route=\/wp\/v2\/pages\/3025\/revisions"}],"predecessor-version":[{"id":3291,"href":"https:\/\/monperejeanmamy.fr\/index.php?rest_route=\/wp\/v2\/pages\/3025\/revisions\/3291"}],"wp:featuredmedia":[{"embeddable":true,"href":"https:\/\/monperejeanmamy.fr\/index.php?rest_route=\/wp\/v2\/media\/11"}],"wp:attachment":[{"href":"https:\/\/monperejeanmamy.fr\/index.php?rest_route=%2Fwp%2Fv2%2Fmedia&parent=3025"}],"wp:term":[{"taxonomy":"folder","embeddable":true,"href":"https:\/\/monperejeanmamy.fr\/index.php?rest_route=%2Fwp%2Fv2%2Ffolder&post=3025"}],"curies":[{"name":"wp","href":"https:\/\/api.w.org\/{rel}","templated":true}]}}