{"id":3030,"date":"2021-05-25T12:14:16","date_gmt":"2021-05-25T10:14:16","guid":{"rendered":"http:\/\/monperejeanmamy.fr\/?page_id=3030"},"modified":"2024-01-24T16:56:12","modified_gmt":"2024-01-24T15:56:12","slug":"jr-a-jm-48-12-28","status":"publish","type":"page","link":"https:\/\/monperejeanmamy.fr\/?page_id=3030","title":{"rendered":"JR \u00e0 JM (48\/12\/28)"},"content":{"rendered":"<p><strong>\u00a0<\/strong><a href=\"http:\/\/monperejeanmamy.fr\/?page_id=3025\"><img loading=\"lazy\" class=\"wp-image-1352 alignleft\" src=\"http:\/\/monperejeanmamy.fr\/wp-content\/uploads\/2021\/03\/Lettre-precedente.jpg\" alt=\"\" width=\"143\" height=\"78\" \/><\/a><a href=\"http:\/\/monperejeanmamy.fr\/?page_id=3035\"><img loading=\"lazy\" class=\"alignright wp-image-1353\" src=\"http:\/\/monperejeanmamy.fr\/wp-content\/uploads\/2021\/03\/Lettre-suivante.jpg\" alt=\"\" width=\"139\" height=\"76\" \/><\/a><\/p>\n<p style=\"text-align: center;\"><strong>Mardi 28 d\u00e9cembre 1948<br \/>\n<\/strong><\/p>\n<p style=\"text-align: center;\">Mon ch\u00e9ri,<\/p>\n<p style=\"text-align: justify;\">Tu m&rsquo;avais promis trois lignes, la semaine derni\u00e8re.<\/p>\n<p style=\"text-align: justify;\">Tu m&rsquo;as compl\u00e8tement oubli\u00e9e.<\/p>\n<p style=\"text-align: justify;\">L\u00e0, tu es gravement coupable. Qu&rsquo;ai-je fait, moi, pour subir cet abandon ? Veux-tu bien vite r\u00e9parer et m&rsquo;\u00e9crire une longue page. Je devine d&rsquo;ailleurs qu&rsquo;elle est d\u00e9j\u00e0 en route et que, bient\u00f4t, je pourrai te lire.<\/p>\n<p style=\"text-align: justify;\">J&rsquo;ai eu de tes nouvelles par ton Avocat. Nous organisons ton sauvetage. La mer \u00e9tait d\u00e9cha\u00een\u00e9e. Nous n&rsquo;avons pas pu \u00e9viter le naufrage. Mais les vents ont tourn\u00e9. Nos canots sont solides, nos marins habiles et prudents. Et d\u00e9j\u00e0 on aper\u00e7oit la rive.<\/p>\n<p style=\"text-align: justify;\">Patience, Mon Ch\u00e9ri. Je commence maintenant \u00e0 esp\u00e9rer tr\u00e8s fort.<\/p>\n<p style=\"text-align: justify;\">Et la meilleure preuve c&rsquo;est que je ne crains pas de te dire : \u00ab\u00a0<em>Bonne ann\u00e9e, Mon Ch\u00e9ri\u00a0<\/em>\u00bb. Je suis s\u00fbre qu&rsquo;elle nous r\u00e9servera un grand bonheur. Un grand bonheur d&rsquo;abord, et ensuite beaucoup d&rsquo;esp\u00e9rance, et la certitude de jours heureux.<\/p>\n<p style=\"text-align: justify;\">Gros gros baisers.<\/p>\n<p style=\"text-align: justify;\">JR<\/p>\n<p style=\"text-align: justify;\">Ne manque pas de me dire ce que tu d\u00e9sires que je t&rsquo;envoie comme argent, r\u00e9guli\u00e8rement. Je me sens toute d\u00e9sempar\u00e9e de n&rsquo;avoir plus de colis \u00e0 te faire et je ne cesse de penser \u00e0 toi qui dois manquer de tout.<\/p>\n<p style=\"text-align: justify;\">Je dors tout pr\u00e8s de toi.<\/p>\n<p style=\"text-align: justify;\">JR<\/p>\n","protected":false},"excerpt":{"rendered":"<p>\u00a0 Mardi 28 d\u00e9cembre 1948 Mon ch\u00e9ri, Tu m&rsquo;avais promis trois lignes, la semaine derni\u00e8re. Tu m&rsquo;as compl\u00e8tement oubli\u00e9e. L\u00e0, tu es gravement coupable. Qu&rsquo;ai-je fait, moi, pour subir cet abandon ? Veux-tu bien vite r\u00e9parer et m&rsquo;\u00e9crire une longue &hellip; <a href=\"https:\/\/monperejeanmamy.fr\/?page_id=3030\">Continuer la lecture <span class=\"meta-nav\">&rarr;<\/span><\/a><\/p>\n","protected":false},"author":2,"featured_media":11,"parent":0,"menu_order":0,"comment_status":"closed","ping_status":"closed","template":"","meta":[],"folder":[],"_links":{"self":[{"href":"https:\/\/monperejeanmamy.fr\/index.php?rest_route=\/wp\/v2\/pages\/3030"}],"collection":[{"href":"https:\/\/monperejeanmamy.fr\/index.php?rest_route=\/wp\/v2\/pages"}],"about":[{"href":"https:\/\/monperejeanmamy.fr\/index.php?rest_route=\/wp\/v2\/types\/page"}],"author":[{"embeddable":true,"href":"https:\/\/monperejeanmamy.fr\/index.php?rest_route=\/wp\/v2\/users\/2"}],"replies":[{"embeddable":true,"href":"https:\/\/monperejeanmamy.fr\/index.php?rest_route=%2Fwp%2Fv2%2Fcomments&post=3030"}],"version-history":[{"count":5,"href":"https:\/\/monperejeanmamy.fr\/index.php?rest_route=\/wp\/v2\/pages\/3030\/revisions"}],"predecessor-version":[{"id":3292,"href":"https:\/\/monperejeanmamy.fr\/index.php?rest_route=\/wp\/v2\/pages\/3030\/revisions\/3292"}],"wp:featuredmedia":[{"embeddable":true,"href":"https:\/\/monperejeanmamy.fr\/index.php?rest_route=\/wp\/v2\/media\/11"}],"wp:attachment":[{"href":"https:\/\/monperejeanmamy.fr\/index.php?rest_route=%2Fwp%2Fv2%2Fmedia&parent=3030"}],"wp:term":[{"taxonomy":"folder","embeddable":true,"href":"https:\/\/monperejeanmamy.fr\/index.php?rest_route=%2Fwp%2Fv2%2Ffolder&post=3030"}],"curies":[{"name":"wp","href":"https:\/\/api.w.org\/{rel}","templated":true}]}}