{"id":3035,"date":"2021-05-25T14:52:06","date_gmt":"2021-05-25T12:52:06","guid":{"rendered":"http:\/\/monperejeanmamy.fr\/?page_id=3035"},"modified":"2024-01-27T11:00:47","modified_gmt":"2024-01-27T10:00:47","slug":"jr-a-jm-49-01-03","status":"publish","type":"page","link":"https:\/\/monperejeanmamy.fr\/?page_id=3035","title":{"rendered":"JR \u00e0 JM (49\/01\/03)"},"content":{"rendered":"<p><strong>\u00a0<\/strong><a href=\"http:\/\/monperejeanmamy.fr\/?page_id=3030\"><img loading=\"lazy\" class=\"wp-image-1352 alignleft\" src=\"http:\/\/monperejeanmamy.fr\/wp-content\/uploads\/2021\/03\/Lettre-precedente.jpg\" alt=\"\" width=\"143\" height=\"78\" \/><\/a><a href=\"http:\/\/monperejeanmamy.fr\/?page_id=3042\"><img loading=\"lazy\" class=\"alignright wp-image-1353\" src=\"http:\/\/monperejeanmamy.fr\/wp-content\/uploads\/2021\/03\/Lettre-suivante.jpg\" alt=\"\" width=\"139\" height=\"76\" \/><\/a><\/p>\n<p style=\"text-align: center;\"><strong>Lundi 3 janvier 1949<br \/>\n<\/strong><\/p>\n<p style=\"text-align: center;\">Mon ch\u00e9ri,<\/p>\n<p style=\"text-align: justify;\">Je suis rest\u00e9e quelques jours sans t&rsquo;\u00e9crire, mais tu devines bien que je n&rsquo;ai cess\u00e9 de penser \u00e0 toi. Toutes les d\u00e9marches qui peuvent t&rsquo;\u00eatre utiles seront faites. Et ce qui importait cette semaine c&rsquo;\u00e9tait de s&rsquo;assurer de l&rsquo;\u00e9loignement de la d\u00e9cision de pourvoi. Sois tranquille, nous avons du temps devant nous. Et nous trouverons bien des occasions d&rsquo;en gagner encore.<\/p>\n<p style=\"text-align: justify;\">Me Leroy se proposait d&rsquo;aller te voir hier dimanche. Je suis rentr\u00e9e trop tard pour lui t\u00e9l\u00e9phoner ce soir. Je l&rsquo;appellerai demain. J&rsquo;esp\u00e8re qu&rsquo;il me donnera de toi quelques bonnes nouvelles. J&rsquo;esp\u00e8re surtout que sa visite t&rsquo;aura convaincu qu&rsquo;il est acharn\u00e9 \u00e0 obtenir ta gr\u00e2ce, et aussi qu&rsquo;il n&rsquo;est pas trop mal plac\u00e9 pour y parvenir. De son c\u00f4t\u00e9, comme du mien, rien, sois en s\u00fbr, ne sera n\u00e9glig\u00e9.<\/p>\n<p style=\"text-align: justify;\">Je re\u00e7ois bien tes lettres, toutes tes lettres. Elles me font tr\u00e8s plaisir, \u2014encore que je les pr\u00e9f\u00e8rerais plus discr\u00e8tes sur la r\u00e9cente d\u00e9couverte du grand Amour que tu as pour moi. Je sais tellement, moi, que c&rsquo;est depuis toujours que tu m&rsquo;aimes aussi fort. Je le sais, ne viens pas me dire le contraire&#8230; Elles me font tr\u00e8s plaisir parce qu&rsquo;elles sont affectueuses, presque sages, quelques fois logiques, souvent sinc\u00e8res, tr\u00e8s peu folles, toujours courageuses, et surtout parce qu&rsquo;elles me persuadent que tu ne souffres pas trop de la situation.<\/p>\n<p style=\"text-align: justify;\">Mais elles me d\u00e9plaisent fort, tu t&rsquo;en doutes, lorsque tu d\u00e9clares par exemple : \u00ab\u00a0<em>je n&rsquo;ai pas de place dans ce monde-l\u00e0. Il faut monter beaucoup plus haut. Vivre \u00e0 une altitude o\u00f9 la haine, etc&#8230; etc&#8230;<\/em>\u00a0\u00bb. Non, mais, pour qui te prends-tu ? Pas de place dans ce monde-l\u00e0 ! &#8230; ?<\/p>\n<p style=\"text-align: justify;\">Mais c&rsquo;est l\u00e0, j&rsquo;en suis s\u00fbre, qu&rsquo;est toute ton erreur. Sais-tu que tu n&rsquo;es gu\u00e8re diff\u00e9rent des autres ? Ni meilleur, ni pire : un homme avec des d\u00e9fauts et des qualit\u00e9s. Regarde-toi, Mon ch\u00e9ri : conviens que tu n&rsquo;as rien d&rsquo;un ange&#8230; et reconnais que sur cette terre, il n&rsquo;y a pas que des d\u00e9mons, mais seulement des hommes, de pauvres hommes qui ne devraient s&rsquo;efforcer chacun que d&rsquo;essayer de devenir meilleurs au lieu de toujours pr\u00e9texter les soi-disant mauvais sentiments du voisin pour justifier leurs attaques. (C&rsquo;est un peu bafouill\u00e9 ce que je viens d&rsquo;\u00e9crire l\u00e0. J&rsquo;esp\u00e8re que tu t&rsquo;y retrouveras, en tous cas, je comprends bien, moi, ce que je veux dire). Et sur ce, je continue \u00e0 avoir pour toi la plus haute estime, la plus grande confiance, et je serai fid\u00e8le \u00e0 t&rsquo;attendre aussi longtemps qu&rsquo;il le faudra. Et tu verras comme nous saurons \u00eatre heureux.<\/p>\n<p style=\"text-align: justify;\">Dis-moi comment tu t&rsquo;organises et ce qu&rsquo;on peut faire pour toi. Je t&rsquo;ai envoy\u00e9 ce matin un mandat de 1000 francs (je te l&rsquo;indique pour que tu puisses en v\u00e9rifier la bonne r\u00e9ception). Je pense t&rsquo;envoyer personnellement r\u00e9guli\u00e8rement chaque lundi un mandat. Et j&rsquo;esp\u00e8re bien qu&rsquo;un prochain jour les colis reprendront&#8230; pour quelque temps. Et qu&rsquo;un jour un peu moins prochain, mais pas trop \u00e9loign\u00e9 quand m\u00eame, nous d\u00e9jeunerons \u00e0 la m\u00eame table, ayant compl\u00e8tement oubli\u00e9 ces mauvaises journ\u00e9es.<\/p>\n<p style=\"text-align: justify;\">Je t&#8217;embrasse, Mon ch\u00e9ri, Je t&rsquo;aime beaucoup, Ni plus, ni moins. Toujours pareil.<\/p>\n<p style=\"text-align: justify;\">JR<\/p>\n","protected":false},"excerpt":{"rendered":"<p>\u00a0 Lundi 3 janvier 1949 Mon ch\u00e9ri, Je suis rest\u00e9e quelques jours sans t&rsquo;\u00e9crire, mais tu devines bien que je n&rsquo;ai cess\u00e9 de penser \u00e0 toi. Toutes les d\u00e9marches qui peuvent t&rsquo;\u00eatre utiles seront faites. Et ce qui importait cette &hellip; <a href=\"https:\/\/monperejeanmamy.fr\/?page_id=3035\">Continuer la lecture <span class=\"meta-nav\">&rarr;<\/span><\/a><\/p>\n","protected":false},"author":2,"featured_media":11,"parent":0,"menu_order":0,"comment_status":"closed","ping_status":"closed","template":"","meta":[],"folder":[],"_links":{"self":[{"href":"https:\/\/monperejeanmamy.fr\/index.php?rest_route=\/wp\/v2\/pages\/3035"}],"collection":[{"href":"https:\/\/monperejeanmamy.fr\/index.php?rest_route=\/wp\/v2\/pages"}],"about":[{"href":"https:\/\/monperejeanmamy.fr\/index.php?rest_route=\/wp\/v2\/types\/page"}],"author":[{"embeddable":true,"href":"https:\/\/monperejeanmamy.fr\/index.php?rest_route=\/wp\/v2\/users\/2"}],"replies":[{"embeddable":true,"href":"https:\/\/monperejeanmamy.fr\/index.php?rest_route=%2Fwp%2Fv2%2Fcomments&post=3035"}],"version-history":[{"count":5,"href":"https:\/\/monperejeanmamy.fr\/index.php?rest_route=\/wp\/v2\/pages\/3035\/revisions"}],"predecessor-version":[{"id":3296,"href":"https:\/\/monperejeanmamy.fr\/index.php?rest_route=\/wp\/v2\/pages\/3035\/revisions\/3296"}],"wp:featuredmedia":[{"embeddable":true,"href":"https:\/\/monperejeanmamy.fr\/index.php?rest_route=\/wp\/v2\/media\/11"}],"wp:attachment":[{"href":"https:\/\/monperejeanmamy.fr\/index.php?rest_route=%2Fwp%2Fv2%2Fmedia&parent=3035"}],"wp:term":[{"taxonomy":"folder","embeddable":true,"href":"https:\/\/monperejeanmamy.fr\/index.php?rest_route=%2Fwp%2Fv2%2Ffolder&post=3035"}],"curies":[{"name":"wp","href":"https:\/\/api.w.org\/{rel}","templated":true}]}}