{"id":3042,"date":"2021-05-26T17:30:39","date_gmt":"2021-05-26T15:30:39","guid":{"rendered":"http:\/\/monperejeanmamy.fr\/?page_id=3042"},"modified":"2021-05-26T17:44:01","modified_gmt":"2021-05-26T15:44:01","slug":"jr-a-jm-49-01-09","status":"publish","type":"page","link":"https:\/\/monperejeanmamy.fr\/?page_id=3042","title":{"rendered":"JR \u00e0 JM (49\/01\/09)"},"content":{"rendered":"<p><strong>\u00a0<\/strong><a href=\"http:\/\/monperejeanmamy.fr\/?page_id=3035\"><img loading=\"lazy\" class=\"wp-image-1352 alignleft\" src=\"http:\/\/monperejeanmamy.fr\/wp-content\/uploads\/2021\/03\/Lettre-precedente.jpg\" alt=\"\" width=\"143\" height=\"78\" \/><\/a><a href=\"http:\/\/monperejeanmamy.fr\/?page_id=3047\"><img loading=\"lazy\" class=\"alignright wp-image-1353\" src=\"http:\/\/monperejeanmamy.fr\/wp-content\/uploads\/2021\/03\/Lettre-suivante.jpg\" alt=\"\" width=\"139\" height=\"76\" \/><\/a><\/p>\n<p style=\"text-align: center;\"><strong>Dimanche 9 janvier 1949<br \/>\n<\/strong><\/p>\n<p style=\"text-align: center;\">Mon ch\u00e9ri,<\/p>\n<p style=\"text-align: justify;\">J&rsquo;ai d\u00een\u00e9 hier soir chez ton ami G\u00e9ranton. Nous avons donc, tu t&rsquo;en doutes, toute la soir\u00e9e, parl\u00e9 de toi. Il ira, \u00e0 nouveau, voir Leroy lundi. J&rsquo;en suis tr\u00e8s heureuse, car ils auront, j&rsquo;en suis s\u00fbre, une conversation utile. J&rsquo;ai \u00e9galement essay\u00e9 de joindre Crey., mais depuis No\u00ebl, son t\u00e9l\u00e9phone ne r\u00e9pond pas. Je lui ai mis un mot jeudi dernier, le priant de se mettre en rapport avec Me Leroy. Il ne manquera pas, certainement, de le faire d\u00e8s son retour. Et ses conseils nous seront pr\u00e9cieux.<\/p>\n<p style=\"text-align: justify;\">De toutes fa\u00e7ons, nous ne t&rsquo;oublions pas et nous arriverons bien \u00e0 en sortir.<\/p>\n<p style=\"text-align: justify;\">Je ne t&rsquo;ai pas \u00e9crit cette semaine mais tu auras vu que j&rsquo;ai travaill\u00e9 pour toi dans le d\u00e9lai imparti. Me Leroy se proposait d&rsquo;aller te voir aujourd&rsquo;hui dimanche. J&rsquo;esp\u00e8re qu&rsquo;il n&rsquo;aura pas eu d&#8217;emp\u00eachement. Ses visites doivent t&rsquo;\u00eatre tr\u00e8s agr\u00e9ables. Il doit t&rsquo;arriver bourr\u00e9 de nouvelles fra\u00eeches du dehors. Il finira bien par t&rsquo;apporter la bonne nouvelle de ta gr\u00e2ce.<\/p>\n<p style=\"text-align: justify;\">Nous aurons sans doute bient\u00f4t la r\u00e9ponse au pourvoi, car, dans ces affaires, \u00e7a va assez vite pour cette formalit\u00e9, mais nous aurons apr\u00e8s bien du temps devant nous, sinon pour pr\u00e9senter, tout au moins pour faire appuyer la demande de recours en gr\u00e2ce. Les dossiers ne s&rsquo;\u00e9tudient pas si vite.<\/p>\n<p style=\"text-align: justify;\">Je reste en contact pour cela avec Me Leroy, mon jeune patron, tes amis, le petit homme du ciel et des amis \u00e0 moi qui peuvent m&rsquo;\u00eatre utiles. La porte la plus verrouill\u00e9e ne r\u00e9sistera pas. Et m\u00eame celle de ta cellule s&rsquo;ouvrira un jour pour te redonner la libert\u00e9.<\/p>\n<p style=\"text-align: justify;\">Alors, nous prolongerons, si tu le veux, les trois minutes que, l&rsquo;autre jour, tu as tant appr\u00e9ci\u00e9es (il est vrai que, peut-\u00eatre, tu ne les a tant appr\u00e9ci\u00e9es que parce qu&rsquo;elles n&rsquo;ont dur\u00e9 que trois minutes&#8230;)<\/p>\n<p style=\"text-align: justify;\">Tu ne me parles pas de Fr\u00e9d\u00e9ric ? As-tu oubli\u00e9 ce bout d&rsquo;chou ? Veux-tu bien vite, m&rsquo;envoyer des baisers pour lui. C&rsquo;est un ange.<\/p>\n<p style=\"text-align: justify;\">JR<\/p>\n<p style=\"text-align: justify;\">P.S. Je t&#8217;embrasse, Mon ch\u00e9ri. Raconte-moi comment tu vis et ce qu&rsquo;on peut faire pour toi. Je d\u00e9teste les histoires d&rsquo;espionnage, de 2<sup>\u00e8me<\/sup> bureau, de double-jeu ou de Maquis, mais j&rsquo;adorais te faire des colis et t&rsquo;envoyer des fleurs. Il me semble que je commence \u00e0 devenir inutile. Gros baisers.<\/p>\n<p style=\"text-align: justify;\">JR<\/p>\n<p style=\"text-align: justify;\">Je t&rsquo;envoie un mandat demain lundi.<\/p>\n","protected":false},"excerpt":{"rendered":"<p>\u00a0 Dimanche 9 janvier 1949 Mon ch\u00e9ri, J&rsquo;ai d\u00een\u00e9 hier soir chez ton ami G\u00e9ranton. Nous avons donc, tu t&rsquo;en doutes, toute la soir\u00e9e, parl\u00e9 de toi. Il ira, \u00e0 nouveau, voir Leroy lundi. J&rsquo;en suis tr\u00e8s heureuse, car ils &hellip; <a href=\"https:\/\/monperejeanmamy.fr\/?page_id=3042\">Continuer la lecture <span class=\"meta-nav\">&rarr;<\/span><\/a><\/p>\n","protected":false},"author":2,"featured_media":11,"parent":0,"menu_order":0,"comment_status":"closed","ping_status":"closed","template":"","meta":[],"folder":[],"_links":{"self":[{"href":"https:\/\/monperejeanmamy.fr\/index.php?rest_route=\/wp\/v2\/pages\/3042"}],"collection":[{"href":"https:\/\/monperejeanmamy.fr\/index.php?rest_route=\/wp\/v2\/pages"}],"about":[{"href":"https:\/\/monperejeanmamy.fr\/index.php?rest_route=\/wp\/v2\/types\/page"}],"author":[{"embeddable":true,"href":"https:\/\/monperejeanmamy.fr\/index.php?rest_route=\/wp\/v2\/users\/2"}],"replies":[{"embeddable":true,"href":"https:\/\/monperejeanmamy.fr\/index.php?rest_route=%2Fwp%2Fv2%2Fcomments&post=3042"}],"version-history":[{"count":4,"href":"https:\/\/monperejeanmamy.fr\/index.php?rest_route=\/wp\/v2\/pages\/3042\/revisions"}],"predecessor-version":[{"id":3049,"href":"https:\/\/monperejeanmamy.fr\/index.php?rest_route=\/wp\/v2\/pages\/3042\/revisions\/3049"}],"wp:featuredmedia":[{"embeddable":true,"href":"https:\/\/monperejeanmamy.fr\/index.php?rest_route=\/wp\/v2\/media\/11"}],"wp:attachment":[{"href":"https:\/\/monperejeanmamy.fr\/index.php?rest_route=%2Fwp%2Fv2%2Fmedia&parent=3042"}],"wp:term":[{"taxonomy":"folder","embeddable":true,"href":"https:\/\/monperejeanmamy.fr\/index.php?rest_route=%2Fwp%2Fv2%2Ffolder&post=3042"}],"curies":[{"name":"wp","href":"https:\/\/api.w.org\/{rel}","templated":true}]}}