{"id":3047,"date":"2021-05-26T17:43:14","date_gmt":"2021-05-26T15:43:14","guid":{"rendered":"http:\/\/monperejeanmamy.fr\/?page_id=3047"},"modified":"2024-01-27T11:08:40","modified_gmt":"2024-01-27T10:08:40","slug":"jr-a-jm-49-01-13","status":"publish","type":"page","link":"https:\/\/monperejeanmamy.fr\/?page_id=3047","title":{"rendered":"JR \u00e0 JM (49\/01\/13)"},"content":{"rendered":"<p><strong>\u00a0<\/strong><a href=\"http:\/\/monperejeanmamy.fr\/?page_id=3042\"><img loading=\"lazy\" class=\"wp-image-1352 alignleft\" src=\"http:\/\/monperejeanmamy.fr\/wp-content\/uploads\/2021\/03\/Lettre-precedente.jpg\" alt=\"\" width=\"143\" height=\"78\" \/><\/a><a href=\"http:\/\/monperejeanmamy.fr\/?page_id=3052\"><img loading=\"lazy\" class=\"alignright wp-image-1353\" src=\"http:\/\/monperejeanmamy.fr\/wp-content\/uploads\/2021\/03\/Lettre-suivante.jpg\" alt=\"\" width=\"139\" height=\"76\" \/><\/a><\/p>\n<p style=\"text-align: center;\"><strong>Jeudi 13 janvier 1949<br \/>\n<\/strong><\/p>\n<p style=\"text-align: center;\">Mon ch\u00e9ri,<\/p>\n<p style=\"text-align: justify;\">Heureusement que tu m&rsquo;aimes tr\u00e8s fort \u2014et depuis toujours\u2014 car tu m&rsquo;en donnes du tourment dans cette maudite affaire ! Mais tu me dis si gentiment qu&rsquo;\u00e0 Tahiti, je serai la plus choy\u00e9e et la plus heureuse des \u00e9pouses, que d\u00e9j\u00e0, j&rsquo;oublie tous nos soucis pour ne plus penser qu&rsquo;\u00e0 notre bonheur. Au fond, l&rsquo;essentiel, c&rsquo;est surtout d&rsquo;y penser, et plus encore d&rsquo;y croire.<\/p>\n<p style=\"text-align: justify;\">J&rsquo;ai re\u00e7u d\u00e8s mardi matin ta lettre de dimanche (il y a au moins un avantage \u00e0 \u00eatre CM <a href=\"#_ftn1\" name=\"_ftnref1\">[1]<\/a>. Le courrier est plus rapide). J&rsquo;ai t\u00e9l\u00e9phon\u00e9 ce soir \u00e0 Leroy. Il m&rsquo;a donn\u00e9 de tes bonnes nouvelles et je vois que presque chaque jour, il re\u00e7oit pour toi des visites int\u00e9ressantes. Ma lettre \u00e0 Crey .<a href=\"#_ftn2\" name=\"_ftnref2\">[2]<\/a> n&rsquo;a pas \u00e9t\u00e9 inutile. Il est tout de suite all\u00e9 le voir. Je continue \u00e0 surveiller le pourvoi et je me suis mise \u00e0 la disposition de Leroy pour lui taper les notes dont il peut avoir besoin pour ton dossier.<\/p>\n<p style=\"text-align: justify;\">On en sortira, j&rsquo;en suis s\u00fbre. Je pense souvent \u00e0 nous tu sais. J&rsquo;\u00e9tais tellement heureuse pr\u00e8s de toi, \u2014pendant ces bonnes ann\u00e9es o\u00f9 je te voyais constamment, o\u00f9 chaque matin, en m&rsquo;\u00e9veillant, je pouvais esp\u00e9rer que la journ\u00e9e ne s&rsquo;ach\u00e8verait pas sans que j&rsquo;entende ta voix\u2014 que je n&rsquo;imaginais pas qu&rsquo;il puisse exister de plus grand bonheur. Je le crois toujours. Et pourtant, \u00e0 entrevoir celui qui nous attend \u2014si nous avons la chance de nous retrouver un jour\u2014 il m&rsquo;appara\u00eet tellement immense, qu&rsquo;il d\u00e9passe tout ce qu&rsquo;on peut imaginer. C&rsquo;est \u00e0 ne pas y croire. Est-ce que tu y penses, toi, quelquefois ? Moi, j&rsquo;aime mieux n&rsquo;y point trop penser.<\/p>\n<p style=\"text-align: justify;\">Je suis affreusement gripp\u00e9e. Tu as beau dire \u00ab\u00a0<em>que ce n&rsquo;est rien ; moins que rien ; d\u00e9j\u00e0 fini ; que ce ne f\u00fbt jamais<\/em>\u00a0\u00bb, je suis bigrement fatigu\u00e9e, et je n&rsquo;ai plus de voix (ce qui me g\u00e8ne beaucoup pour crier apr\u00e8s Fr\u00e9d\u00e9ric). Je tra\u00eene \u00e7a depuis No\u00ebl. Je voudrais bien \u00eatre d\u00e9barrass\u00e9e de cette mauvaise grippe.<\/p>\n<p style=\"text-align: justify;\">J&rsquo;ai pris bonne note de ne t&rsquo;envoyer, pour l&rsquo;instant, que 500 francs par semaine. Je le ferai tous les lundis. Mais surtout, n&rsquo;h\u00e9site pas \u00e0 me demander davantage si le besoin s&rsquo;en fait sentir. Je voudrais tellement que tu manques le moins possible, sinon du superflu, tout au moins de l&rsquo;indispensable.<\/p>\n<p style=\"text-align: justify;\">Quelle est cette pi\u00e8ce que tu \u00e9cris ? Encore quelque drame ou quelque histoire incompr\u00e9hensible ? Et mon sc\u00e9nario second Empire, qu&rsquo;est-il devenu dans la tourmente ? Je voudrais bien que tu l&rsquo;\u00e9crives. Je suis s\u00fbre qu&rsquo;il te ferait passer de doux moments. J&rsquo;ai failli, l&rsquo;autre soir, aller voir au Fran\u00e7ais Luxembourg \u00ab\u00a0<em>l&rsquo;Inconnu d&rsquo;Arras<\/em>\u00a0\u00bb de Salacrou. La femme de l&rsquo;aviateur <a href=\"#_ftn3\" name=\"_ftnref3\">[3]<\/a> m&rsquo;avait offert sa loge pour la g\u00e9n\u00e9rale. Mais j&rsquo;ai si peu envie de sortir, que je l&rsquo;ai laiss\u00e9e perdre. J&rsquo;ai lu le compte-rendu. \u00c7a m&rsquo;a l&rsquo;air encore d&rsquo;une histoire de fou..<a href=\"#_ftn4\" name=\"_ftnref4\">[4]<\/a>. Tu l&rsquo;aimes, toi, Salacrou ? Je suis contente de constater que tu n&rsquo;es pas priv\u00e9 de lecture, et que tu peux \u00e9crire autant que tu veux. Et il m&rsquo;est agr\u00e9able de savoir que tu re\u00e7ois assez r\u00e9guli\u00e8rement la visite de Leroy et de l&rsquo;aum\u00f4nier. On me dit que ton moral est excellent. Je n&rsquo;en doute pas. Tu as d&rsquo;ailleurs raison. Moi aussi, j&rsquo;ai toute confiance. Le houx et le gui n&rsquo;auront pas menti. Gros gros gros baisers.<\/p>\n<p style=\"text-align: justify;\">JR<\/p>\n<p style=\"text-align: justify;\"><a href=\"#_ftnref1\" name=\"_ftn1\">[1]<\/a> CM.\u00a0: Condamn\u00e9 \u00e0 Mort (note de FGR)<br \/>\n<a href=\"#_ftnref2\" name=\"_ftn2\">[2]<\/a> Il s\u2019agit de Paul Creyssel, n\u00e9 \u00e0 Marseille le 15 juin 1895, mort \u00e0 Bron le 14 f\u00e9vrier 1975, d\u00e9put\u00e9 de 1932 \u00e0 1942, secr\u00e9taire g\u00e9n\u00e9ral de la Propagande sous le gouvernement de Vichy (note de FGR)<\/p>\n<p style=\"text-align: justify;\"><a href=\"#_ftnref3\" name=\"_ftn3\">[3]<\/a> Il s\u2019agit d\u2019Ir\u00e8ne Brillant, \u00e9pouse de Ren\u00e9 Fonck (l\u2019As des As de 14-18) (note de FGR)<br \/>\n<a href=\"#_ftnref4\" name=\"_ftn4\">[4]<\/a> <em>L&rsquo;Inconnue d&rsquo;Arras<\/em>, pi\u00e8ce en trois actes d&rsquo;Armand Salacrou repr\u00e9sent\u00e9e en 1935, s&rsquo;ouvre sur l&rsquo;agonie d&rsquo;un homme, Ulysse, qui vient de se suicider. Les trois actes essaieront de faire comprendre cet acte au spectateur. Le mourant doit alors revoir sa vie enti\u00e8re, mais tout se d\u00e9roulera de fa\u00e7on ordonn\u00e9e, selon cette mort \u00e0 venir, in\u00e9luctable, et ce malgr\u00e9 l&rsquo;intervention de ses souvenirs, dont son p\u00e8re, son grand-p\u00e8re mort \u00e0 vingt-huit ans \u00e0 la guerre, son proviseur, et surtout Madeleine, la prostitu\u00e9e Yvette, qui s&rsquo;est suicid\u00e9e de d\u00e9sespoir par amour pour lui, et enfin l&rsquo;inconnue d&rsquo;Arras, la douce inconnue, les trois femmes qu&rsquo;il a aim\u00e9es avant de rencontrer celle qui deviendra sa femme, la garce, qui tenteront de le sauver.<\/p>\n","protected":false},"excerpt":{"rendered":"<p>\u00a0 Jeudi 13 janvier 1949 Mon ch\u00e9ri, Heureusement que tu m&rsquo;aimes tr\u00e8s fort \u2014et depuis toujours\u2014 car tu m&rsquo;en donnes du tourment dans cette maudite affaire ! Mais tu me dis si gentiment qu&rsquo;\u00e0 Tahiti, je serai la plus choy\u00e9e &hellip; <a href=\"https:\/\/monperejeanmamy.fr\/?page_id=3047\">Continuer la lecture <span class=\"meta-nav\">&rarr;<\/span><\/a><\/p>\n","protected":false},"author":2,"featured_media":11,"parent":0,"menu_order":0,"comment_status":"closed","ping_status":"closed","template":"","meta":[],"folder":[],"_links":{"self":[{"href":"https:\/\/monperejeanmamy.fr\/index.php?rest_route=\/wp\/v2\/pages\/3047"}],"collection":[{"href":"https:\/\/monperejeanmamy.fr\/index.php?rest_route=\/wp\/v2\/pages"}],"about":[{"href":"https:\/\/monperejeanmamy.fr\/index.php?rest_route=\/wp\/v2\/types\/page"}],"author":[{"embeddable":true,"href":"https:\/\/monperejeanmamy.fr\/index.php?rest_route=\/wp\/v2\/users\/2"}],"replies":[{"embeddable":true,"href":"https:\/\/monperejeanmamy.fr\/index.php?rest_route=%2Fwp%2Fv2%2Fcomments&post=3047"}],"version-history":[{"count":4,"href":"https:\/\/monperejeanmamy.fr\/index.php?rest_route=\/wp\/v2\/pages\/3047\/revisions"}],"predecessor-version":[{"id":3298,"href":"https:\/\/monperejeanmamy.fr\/index.php?rest_route=\/wp\/v2\/pages\/3047\/revisions\/3298"}],"wp:featuredmedia":[{"embeddable":true,"href":"https:\/\/monperejeanmamy.fr\/index.php?rest_route=\/wp\/v2\/media\/11"}],"wp:attachment":[{"href":"https:\/\/monperejeanmamy.fr\/index.php?rest_route=%2Fwp%2Fv2%2Fmedia&parent=3047"}],"wp:term":[{"taxonomy":"folder","embeddable":true,"href":"https:\/\/monperejeanmamy.fr\/index.php?rest_route=%2Fwp%2Fv2%2Ffolder&post=3047"}],"curies":[{"name":"wp","href":"https:\/\/api.w.org\/{rel}","templated":true}]}}