{"id":3052,"date":"2021-05-29T19:15:27","date_gmt":"2021-05-29T17:15:27","guid":{"rendered":"http:\/\/monperejeanmamy.fr\/?page_id=3052"},"modified":"2021-05-29T19:22:53","modified_gmt":"2021-05-29T17:22:53","slug":"jr-a-jm-49-01-15","status":"publish","type":"page","link":"https:\/\/monperejeanmamy.fr\/?page_id=3052","title":{"rendered":"JR \u00e0 JM (49\/01\/15)"},"content":{"rendered":"<p><strong>\u00a0<\/strong><a href=\"http:\/\/monperejeanmamy.fr\/?page_id=3047\"><img loading=\"lazy\" class=\"wp-image-1352 alignleft\" src=\"http:\/\/monperejeanmamy.fr\/wp-content\/uploads\/2021\/03\/Lettre-precedente.jpg\" alt=\"\" width=\"143\" height=\"78\" \/><\/a><a href=\"http:\/\/monperejeanmamy.fr\/?page_id=3057\"><img loading=\"lazy\" class=\"alignright wp-image-1353\" src=\"http:\/\/monperejeanmamy.fr\/wp-content\/uploads\/2021\/03\/Lettre-suivante.jpg\" alt=\"\" width=\"139\" height=\"76\" \/><\/a><\/p>\n<p style=\"text-align: center;\"><strong>Samedi 15 janvier 1949<br \/>\n<\/strong><\/p>\n<p style=\"text-align: center;\">Mon ch\u00e9ri,<\/p>\n<p style=\"text-align: justify;\">Fr\u00e9d\u00e9ric dort depuis un moment d\u00e9j\u00e0. Je suis toute seule, ce soir \u00e0 la maison. Je m&rsquo;ennuie affreusement de toi.<\/p>\n<p style=\"text-align: justify;\">Et voil\u00e0 ! Je n&rsquo;ai pas d&rsquo;autre chose \u00e0 te dire. Tant pis pour toi. Tant pis pour toi qui te moqueras de moi sans m\u00eame t&rsquo;attendrir sur mon sort. \u00ab\u00a0<em>Nous ne sommes pas des sentimentaux, nous autres, mais des politiques<\/em>\u00a0\u00bb. Mais nous qui sommes des sentimentales, nous allons essayer \u2014pour vous faire plaisir\u2014 de nous int\u00e9resser \u00e0 votre politique, et nous allons crier si fort que vous avez raison, que personne n&rsquo;en doutera plus, pas m\u00eame nous.<\/p>\n<p style=\"text-align: justify;\">J&rsquo;ai re\u00e7u ce matin ta lettre du 12, qui s&rsquo;est crois\u00e9e avec celle que je t&rsquo;ai \u00e9crite le 13. Tu me demandes de t&rsquo;\u00e9crire, de t&rsquo;\u00e9crire, de t&rsquo;\u00e9crire. Mon ch\u00e9ri, je voudrais t&rsquo;\u00e9crire tous les jours, mais je voudrais surtout avoir de bonnes nouvelles \u00e0 t&rsquo;annoncer, des choses int\u00e9ressantes \u00e0 te communiquer, des pr\u00e9cisions \u00e0 te fournir. Et pour l&rsquo;instant, tout est encore bien vague&#8230; Je voudrais \u00eatre la premi\u00e8re \u00e0 t&rsquo;annoncer que tu es graci\u00e9, puis que ta peine est r\u00e9duite \u00e0 20 ans, puis \u00e0 10, puis que tu es en libert\u00e9 conditionnelle, et puis que tu es tout \u00e0 fait libre et que cette histoire est compl\u00e8tement oubli\u00e9e. Car il faut me promettre, toi aussi de l&rsquo;oublier. Je n&rsquo;aurai pas davantage de plaisir \u00e0 t&rsquo;entendre t&rsquo;en repentir (je n&rsquo;ai pas \u00e0 craindre \u00e7\u00e0, qu&rsquo;\u00e0 t&rsquo;entendre t&rsquo;en vanter (l\u00e0 ce sera plus difficile. L&rsquo;effort que je te demande est peut-\u00eatre un peu grand. A moins que tu ne cherches vraiment qu&rsquo;\u00e0 me faire plaisir&#8230;).<\/p>\n<p style=\"text-align: justify;\">Ton ami G\u00e9ranton m&rsquo;a t\u00e9l\u00e9phon\u00e9 ce soir. Il est charmant. Sa femme aussi. Ils ont une fillette de trois ans tr\u00e8s mignonne. Il t&rsquo;aime beaucoup et te conna\u00eet bien et c&rsquo;est pour cela que ses visites \u00e0 Leroy me paraissent des plus utiles. Je veux que Leroy oublie compl\u00e8tement le personnage imagin\u00e9 par Mr Agn\u00e8s, pour ne plus voir en toi que toutes les qualit\u00e9s que nous te connaissons. Alors, \u00e0 son tour, il les criera l\u00e0 o\u00f9 il faut. Je sais d&rsquo;ailleurs que tu lui es fort sympathique, et plus encore, peut-\u00eatre, \u00e0 sa femme. (Pour l&rsquo;instant, je ne dis rien mais, sous peu, j&rsquo;ouvrirai l\u2019\u0153il). G\u00e9ranton m&rsquo;a promis de t&rsquo;\u00e9crire ce soir. Il s&rsquo;inqui\u00e9tait de savoir si tu recevais toujours les visites de la science.<\/p>\n<p style=\"text-align: justify;\">J&rsquo;ai remis cette semaine 6 plaidoiries \u00e0 Leroy. Je lui en avais remis 3 une 1<sup>\u00e8re<\/sup> fois. Il m&rsquo;a dit que c&rsquo;\u00e9tait suffisant pour l&rsquo;instant. Je suis \u00e0 sa disposition pour en taper d&rsquo;autres si besoin est. Quant \u00e0 la note, c&rsquo;\u00e9tait seulement un projet. Quand il s&rsquo;agira du Recours, j&rsquo;en ferai autant qu&rsquo;il m&rsquo;en demandera.<\/p>\n<p style=\"text-align: justify;\">Dis-moi un peu comment tu te d\u00e9brouilles et comment tu es \u00ab\u00a0log\u00e9\u00a0\u00bb. As-tu r\u00e9cup\u00e9r\u00e9 ta peau de mouton ? N&rsquo;es-tu pas trop mal install\u00e9 et n&rsquo;as-tu pas froid ? Il est vrai que ces questions sont bien inutiles, si je ne peux, h\u00e9las, y rem\u00e9dier.<\/p>\n<p style=\"text-align: justify;\">J&rsquo;ai bien fait de t&rsquo;\u00e9crire longuement ce soir.<\/p>\n<p style=\"text-align: justify;\">JR<\/p>\n<p style=\"text-align: justify;\">P.S. Il me semble que je m&rsquo;ennuie d\u00e9j\u00e0 beaucoup moins. Je ne m&rsquo;ennuie plus du tout. Bonsoir, Ch\u00e9ri. Gros baisers<\/p>\n","protected":false},"excerpt":{"rendered":"<p>\u00a0 Samedi 15 janvier 1949 Mon ch\u00e9ri, Fr\u00e9d\u00e9ric dort depuis un moment d\u00e9j\u00e0. Je suis toute seule, ce soir \u00e0 la maison. Je m&rsquo;ennuie affreusement de toi. Et voil\u00e0 ! Je n&rsquo;ai pas d&rsquo;autre chose \u00e0 te dire. Tant pis &hellip; <a href=\"https:\/\/monperejeanmamy.fr\/?page_id=3052\">Continuer la lecture <span class=\"meta-nav\">&rarr;<\/span><\/a><\/p>\n","protected":false},"author":2,"featured_media":11,"parent":0,"menu_order":0,"comment_status":"closed","ping_status":"closed","template":"","meta":[],"folder":[],"_links":{"self":[{"href":"https:\/\/monperejeanmamy.fr\/index.php?rest_route=\/wp\/v2\/pages\/3052"}],"collection":[{"href":"https:\/\/monperejeanmamy.fr\/index.php?rest_route=\/wp\/v2\/pages"}],"about":[{"href":"https:\/\/monperejeanmamy.fr\/index.php?rest_route=\/wp\/v2\/types\/page"}],"author":[{"embeddable":true,"href":"https:\/\/monperejeanmamy.fr\/index.php?rest_route=\/wp\/v2\/users\/2"}],"replies":[{"embeddable":true,"href":"https:\/\/monperejeanmamy.fr\/index.php?rest_route=%2Fwp%2Fv2%2Fcomments&post=3052"}],"version-history":[{"count":4,"href":"https:\/\/monperejeanmamy.fr\/index.php?rest_route=\/wp\/v2\/pages\/3052\/revisions"}],"predecessor-version":[{"id":3059,"href":"https:\/\/monperejeanmamy.fr\/index.php?rest_route=\/wp\/v2\/pages\/3052\/revisions\/3059"}],"wp:featuredmedia":[{"embeddable":true,"href":"https:\/\/monperejeanmamy.fr\/index.php?rest_route=\/wp\/v2\/media\/11"}],"wp:attachment":[{"href":"https:\/\/monperejeanmamy.fr\/index.php?rest_route=%2Fwp%2Fv2%2Fmedia&parent=3052"}],"wp:term":[{"taxonomy":"folder","embeddable":true,"href":"https:\/\/monperejeanmamy.fr\/index.php?rest_route=%2Fwp%2Fv2%2Ffolder&post=3052"}],"curies":[{"name":"wp","href":"https:\/\/api.w.org\/{rel}","templated":true}]}}