{"id":3057,"date":"2021-05-29T19:22:00","date_gmt":"2021-05-29T17:22:00","guid":{"rendered":"http:\/\/monperejeanmamy.fr\/?page_id=3057"},"modified":"2024-01-27T11:15:45","modified_gmt":"2024-01-27T10:15:45","slug":"jr-a-jm-49-01-17","status":"publish","type":"page","link":"https:\/\/monperejeanmamy.fr\/?page_id=3057","title":{"rendered":"JR \u00e0 JM (49\/01\/17)"},"content":{"rendered":"<p><strong>\u00a0<\/strong><a href=\"http:\/\/monperejeanmamy.fr\/?page_id=3052\"><img loading=\"lazy\" class=\"wp-image-1352 alignleft\" src=\"http:\/\/monperejeanmamy.fr\/wp-content\/uploads\/2021\/03\/Lettre-precedente.jpg\" alt=\"\" width=\"143\" height=\"78\" \/><\/a><a href=\"http:\/\/monperejeanmamy.fr\/?page_id=3061\"><img loading=\"lazy\" class=\"alignright wp-image-1353\" src=\"http:\/\/monperejeanmamy.fr\/wp-content\/uploads\/2021\/03\/Lettre-suivante.jpg\" alt=\"\" width=\"139\" height=\"76\" \/><\/a><\/p>\n<p style=\"text-align: center;\"><strong>Lundi 17 janvier 1949<br \/>\n21 heures<br \/>\n<\/strong><\/p>\n<p style=\"text-align: center;\">Mon ch\u00e9ri,<\/p>\n<p style=\"text-align: justify;\">J&rsquo;ai appris, cet apr\u00e8s-midi, au Palais, le rejet de ton pourvoi. Ce n&rsquo;est pas une surprise. Nous nous y attendions. On ne m&rsquo;avait pas laiss\u00e9 esp\u00e9rer long d\u00e9lai.<\/p>\n<p style=\"text-align: justify;\">Je viens de t\u00e9l\u00e9phoner \u00e0 Leroy qui me dit t&rsquo;avoir vu cet apr\u00e8s-midi. J&rsquo;ai tr\u00e8s bon espoir pour ton recours. Je suis d\u00e9cid\u00e9e \u00e0 remuer ciel et terre pour vaincre ce dernier obstacle et j&rsquo;ai eu ce tant\u00f4t, \u00e0 ce sujet, une conversation int\u00e9ressante. Fais-moi confiance. Et dors tranquille. Je suis tout \u00e7\u00e0 de bien plus pr\u00e8s encore que tu penses. C&rsquo;est que j&rsquo;y tiens, moi, \u00e0 ce que tu sois graci\u00e9. Et toi aussi, tu y tiens. Ne serait-ce que pour employer tout le temps qui te restera \u00e0 vivre \u00e0 me choyer et me rembourser de toutes les dettes de tendresse que tu as contract\u00e9es envers moi.<\/p>\n<p style=\"text-align: justify;\">Sais-tu bien que je m&rsquo;ennuie tr\u00e8s fort et que si je n&rsquo;avais pas l&rsquo;espoir que tu reviendras un jour \u2014un jour assez prochain\u2014 un tr\u00e8s prochain jour\u2014 je n&rsquo;aurais plus du tout envie de vivre. J&rsquo;aimerais mieux mourir tout de suite. Mais j&rsquo;ai bon espoir. Je suis s\u00fbre de ne pas me tromper. Et je sais tellement que nous nous aimons si fort que j&rsquo;envisage l&rsquo;avenir \u2014m\u00eame \u00e0 tes c\u00f4t\u00e9s\u2014 sans aucune crainte. Tu vois combien je suis s\u00fbre de toi et de moi.<\/p>\n<p style=\"text-align: justify;\">Je t&#8217;embrasse, Mon ch\u00e9ri, aussi fort que tu le d\u00e9sires, aussi tendrement que tu le souhaites, aussi longtemps que j&rsquo;en ai envie.<\/p>\n<p style=\"text-align: justify;\">Je t&#8217;embrasse jusqu&rsquo;\u00e0 demain matin.<\/p>\n<p style=\"text-align: justify;\">JR<\/p>\n<p style=\"text-align: justify;\">J&rsquo;ai mis aujourd&rsquo;hui \u00e0 la poste un mandat de 500. Mais surtout, r\u00e9clame, si ce n&rsquo;est pas suffisant.<\/p>\n","protected":false},"excerpt":{"rendered":"<p>\u00a0 Lundi 17 janvier 1949 21 heures Mon ch\u00e9ri, J&rsquo;ai appris, cet apr\u00e8s-midi, au Palais, le rejet de ton pourvoi. Ce n&rsquo;est pas une surprise. Nous nous y attendions. On ne m&rsquo;avait pas laiss\u00e9 esp\u00e9rer long d\u00e9lai. Je viens de &hellip; <a href=\"https:\/\/monperejeanmamy.fr\/?page_id=3057\">Continuer la lecture <span class=\"meta-nav\">&rarr;<\/span><\/a><\/p>\n","protected":false},"author":2,"featured_media":11,"parent":0,"menu_order":0,"comment_status":"closed","ping_status":"closed","template":"","meta":[],"folder":[],"_links":{"self":[{"href":"https:\/\/monperejeanmamy.fr\/index.php?rest_route=\/wp\/v2\/pages\/3057"}],"collection":[{"href":"https:\/\/monperejeanmamy.fr\/index.php?rest_route=\/wp\/v2\/pages"}],"about":[{"href":"https:\/\/monperejeanmamy.fr\/index.php?rest_route=\/wp\/v2\/types\/page"}],"author":[{"embeddable":true,"href":"https:\/\/monperejeanmamy.fr\/index.php?rest_route=\/wp\/v2\/users\/2"}],"replies":[{"embeddable":true,"href":"https:\/\/monperejeanmamy.fr\/index.php?rest_route=%2Fwp%2Fv2%2Fcomments&post=3057"}],"version-history":[{"count":5,"href":"https:\/\/monperejeanmamy.fr\/index.php?rest_route=\/wp\/v2\/pages\/3057\/revisions"}],"predecessor-version":[{"id":3299,"href":"https:\/\/monperejeanmamy.fr\/index.php?rest_route=\/wp\/v2\/pages\/3057\/revisions\/3299"}],"wp:featuredmedia":[{"embeddable":true,"href":"https:\/\/monperejeanmamy.fr\/index.php?rest_route=\/wp\/v2\/media\/11"}],"wp:attachment":[{"href":"https:\/\/monperejeanmamy.fr\/index.php?rest_route=%2Fwp%2Fv2%2Fmedia&parent=3057"}],"wp:term":[{"taxonomy":"folder","embeddable":true,"href":"https:\/\/monperejeanmamy.fr\/index.php?rest_route=%2Fwp%2Fv2%2Ffolder&post=3057"}],"curies":[{"name":"wp","href":"https:\/\/api.w.org\/{rel}","templated":true}]}}