{"id":3061,"date":"2021-05-30T15:48:35","date_gmt":"2021-05-30T13:48:35","guid":{"rendered":"http:\/\/monperejeanmamy.fr\/?page_id=3061"},"modified":"2021-05-30T18:24:34","modified_gmt":"2021-05-30T16:24:34","slug":"jr-a-jm-49-01-20","status":"publish","type":"page","link":"https:\/\/monperejeanmamy.fr\/?page_id=3061","title":{"rendered":"JR \u00e0 JM (49\/01\/20)"},"content":{"rendered":"<p><strong>\u00a0<\/strong><a href=\"http:\/\/monperejeanmamy.fr\/?page_id=3057\"><img loading=\"lazy\" class=\"wp-image-1352 alignleft\" src=\"http:\/\/monperejeanmamy.fr\/wp-content\/uploads\/2021\/03\/Lettre-precedente.jpg\" alt=\"\" width=\"143\" height=\"78\" \/><\/a><a href=\"http:\/\/monperejeanmamy.fr\/?page_id=3067\"><img loading=\"lazy\" class=\"alignright wp-image-1353\" src=\"http:\/\/monperejeanmamy.fr\/wp-content\/uploads\/2021\/03\/Lettre-suivante.jpg\" alt=\"\" width=\"139\" height=\"76\" \/><\/a><\/p>\n<p style=\"text-align: center;\"><strong>Jeudi 20 janvier 1949<br \/>\n<\/strong><\/p>\n<p style=\"text-align: center;\">Mon ch\u00e9ri,<\/p>\n<p style=\"text-align: justify;\">Un tout petit mot pour te dire que j&rsquo;ai bien re\u00e7u mardi, ta lettre de dimanche (qui s&rsquo;est crois\u00e9e avec les miennes).<\/p>\n<p style=\"text-align: justify;\">Je me d\u00e9m\u00e8ne pour toi comme un diable et je veille sur toi comme un ange. Je me propose de t\u00e9l\u00e9phoner bient\u00f4t \u00e0 Me Leroy pour coordonner nos efforts et agir au mieux. Mais rien ne presse. Le dossier commence sa course. Mais le chemin \u00e0 parcourir est long. Il mettra plus d&rsquo;un mois \u00e0 parvenir au but. Nous avons donc tout le temps qu&rsquo;il faut pour pr\u00e9parer l&rsquo;accueil que nous souhaitons.<\/p>\n<p style=\"text-align: justify;\">Et tu auras tout le temps de finir ta trag\u00e9die antique sous masque moderne (et de me l&rsquo;expliquer, car, jusqu&rsquo;\u00e0 maintenant, je n&rsquo;y comprends pas grand chose).<\/p>\n<p style=\"text-align: justify;\">Et le temps de finir mon sc\u00e9nario second Empire. Pas mal le sc\u00e9nario, encore que j&rsquo;eusse pr\u00e9f\u00e9r\u00e9 qu&rsquo;il ne s&rsquo;y m\u00eale aucune sc\u00e8ne moderne, aucune fausse identit\u00e9 (j&rsquo;ai horreur des fausses identit\u00e9s) et pas de sc\u00e8nes de studio. Mais tout \u00e7\u00e0 est&#8230; (j&rsquo;allais dire commercial)&#8230; assez plaisant. \u00c7a peut faire un tr\u00e8s bon film, et m\u00eame une tr\u00e8s bonne pi\u00e8ce. (\u00ab\u00a0<em>l&rsquo;Invitation au ch\u00e2teau<\/em>\u00a0\u00bb d&rsquo;Anouilh n&rsquo;est pas moins fantaisiste et a longtemps tenu l&rsquo;affiche, et la tient encore, je crois, \u00e0 l&rsquo;Atelier.).<\/p>\n<p style=\"text-align: justify;\">Je n&rsquo;ai pas vu le petit bonhomme cette semaine, mais je lui ai t\u00e9l\u00e9phon\u00e9 ce soir et le verrai dimanche.<\/p>\n<p style=\"text-align: justify;\">Ce soir, je vais vite me coucher. Je tombe de sommeil. Je vais tout de suite m&rsquo;endormir. Je voudrais ne me r\u00e9veiller que le jour o\u00f9 je te trouverai \u00e0 c\u00f4t\u00e9 de moi.<\/p>\n<p style=\"text-align: justify;\">Je t&#8217;embrasse, Ch\u00e9ri. Fort fort fort<\/p>\n<p style=\"text-align: justify;\">JR<\/p>\n","protected":false},"excerpt":{"rendered":"<p>\u00a0 Jeudi 20 janvier 1949 Mon ch\u00e9ri, Un tout petit mot pour te dire que j&rsquo;ai bien re\u00e7u mardi, ta lettre de dimanche (qui s&rsquo;est crois\u00e9e avec les miennes). Je me d\u00e9m\u00e8ne pour toi comme un diable et je veille &hellip; <a href=\"https:\/\/monperejeanmamy.fr\/?page_id=3061\">Continuer la lecture <span class=\"meta-nav\">&rarr;<\/span><\/a><\/p>\n","protected":false},"author":2,"featured_media":11,"parent":0,"menu_order":0,"comment_status":"closed","ping_status":"closed","template":"","meta":[],"folder":[],"_links":{"self":[{"href":"https:\/\/monperejeanmamy.fr\/index.php?rest_route=\/wp\/v2\/pages\/3061"}],"collection":[{"href":"https:\/\/monperejeanmamy.fr\/index.php?rest_route=\/wp\/v2\/pages"}],"about":[{"href":"https:\/\/monperejeanmamy.fr\/index.php?rest_route=\/wp\/v2\/types\/page"}],"author":[{"embeddable":true,"href":"https:\/\/monperejeanmamy.fr\/index.php?rest_route=\/wp\/v2\/users\/2"}],"replies":[{"embeddable":true,"href":"https:\/\/monperejeanmamy.fr\/index.php?rest_route=%2Fwp%2Fv2%2Fcomments&post=3061"}],"version-history":[{"count":3,"href":"https:\/\/monperejeanmamy.fr\/index.php?rest_route=\/wp\/v2\/pages\/3061\/revisions"}],"predecessor-version":[{"id":3070,"href":"https:\/\/monperejeanmamy.fr\/index.php?rest_route=\/wp\/v2\/pages\/3061\/revisions\/3070"}],"wp:featuredmedia":[{"embeddable":true,"href":"https:\/\/monperejeanmamy.fr\/index.php?rest_route=\/wp\/v2\/media\/11"}],"wp:attachment":[{"href":"https:\/\/monperejeanmamy.fr\/index.php?rest_route=%2Fwp%2Fv2%2Fmedia&parent=3061"}],"wp:term":[{"taxonomy":"folder","embeddable":true,"href":"https:\/\/monperejeanmamy.fr\/index.php?rest_route=%2Fwp%2Fv2%2Ffolder&post=3061"}],"curies":[{"name":"wp","href":"https:\/\/api.w.org\/{rel}","templated":true}]}}