{"id":3067,"date":"2021-05-30T18:19:53","date_gmt":"2021-05-30T16:19:53","guid":{"rendered":"http:\/\/monperejeanmamy.fr\/?page_id=3067"},"modified":"2021-05-30T18:31:52","modified_gmt":"2021-05-30T16:31:52","slug":"jr-a-jm-49-01-23","status":"publish","type":"page","link":"https:\/\/monperejeanmamy.fr\/?page_id=3067","title":{"rendered":"JR \u00e0 JM (49\/01\/23)"},"content":{"rendered":"<p><strong>\u00a0<\/strong><a href=\"http:\/\/monperejeanmamy.fr\/?page_id=3061\"><img loading=\"lazy\" class=\"wp-image-1352 alignleft\" src=\"http:\/\/monperejeanmamy.fr\/wp-content\/uploads\/2021\/03\/Lettre-precedente.jpg\" alt=\"\" width=\"143\" height=\"78\" \/><\/a><a href=\"http:\/\/monperejeanmamy.fr\/?page_id=3071\"><img loading=\"lazy\" class=\"alignright wp-image-1353\" src=\"http:\/\/monperejeanmamy.fr\/wp-content\/uploads\/2021\/03\/Lettre-suivante.jpg\" alt=\"\" width=\"139\" height=\"76\" \/><\/a><\/p>\n<p style=\"text-align: center;\"><strong>Dimanche 23 janvier 1949<br \/>\n<\/strong><\/p>\n<p style=\"text-align: center;\">Mon ch\u00e9ri,<\/p>\n<p style=\"text-align: justify;\">Tu auras eu de mes nouvelles ce matin, et tu auras su que si je ne t&rsquo;\u00e9cris pas, c&rsquo;est que j&#8217;emploie mon temps \u00e0 faire toutes les d\u00e9marches qui me paraissent devoir t&rsquo;\u00eatre utiles.<\/p>\n<p style=\"text-align: justify;\">J&rsquo;ai vu Me Leroy vendredi soir. Nous avons longuement parl\u00e9 de toi et je lui ai fait part de toutes mes petites id\u00e9es, qu&rsquo;il n&rsquo;a pas jug\u00e9es trop folles. Il te verra, sinon aujourd&rsquo;hui, du moins lundi ou mardi et te dira o\u00f9 nous en sommes de nos d\u00e9marches. J&rsquo;ai vu mes amis (plus exactement l&rsquo;un d&rsquo;eux, l&rsquo;autre n&rsquo;\u00e9tant pas de retour d&rsquo;Am\u00e9rique). Il m&rsquo;a vivement conseill\u00e9 une d\u00e9marche dont Me Leroy te parlera. Tu peux aussi compter sur toute l&rsquo;affection qu&rsquo;a pour moi mon ami aviateur. Je l&rsquo;ai vu cette semaine, et il m&rsquo;a promis une visite directe. Quant \u00e0 mon jeune patron, il n&rsquo;est pas de jour o\u00f9 il ne passe \u00e0 son ancien bureau. Je ne t&rsquo;en dirai pas davantage. Sache seulement qu&rsquo;il est d&rsquo;un d\u00e9vouement illimit\u00e9, qu&rsquo;il m&rsquo;estime \u00e9norm\u00e9ment, et qu&rsquo;il entend convaincre tout le monde que toute peine doit m&rsquo;\u00eatre \u00e9vit\u00e9e.<\/p>\n<p style=\"text-align: justify;\">J&rsquo;ai de plus en plus confiance. Heureusement ! Car s&rsquo;il n&rsquo;en n&rsquo;\u00e9tait pas ainsi, \u00e0 quoi me servirait-il d&rsquo;apprendre seulement aujourd&rsquo;hui que \u00ab\u00a0<em>c&rsquo;est sur J.R. que tu b\u00e2ti toute la vie possible une fois le cap franchi.. .<\/em>\u00bb. Avoue que tu y as song\u00e9 un peu tard. Mais, je le r\u00e9p\u00e8te, j&rsquo;ai confiance. Et tu sais que je ne prononce pas l\u00e0 des paroles en l&rsquo;air. Ce n&rsquo;est pas pour te rassurer (tu n&rsquo;as pas besoin de \u00e7a). Ce n&rsquo;est pas pour m&rsquo;illusionner moi-m\u00eame. (Je ne mets pas la t\u00eate sous l&rsquo;aile pour ne pas voir le danger \u2014il y a mieux \u00e0 faire pour l&rsquo;\u00e9viter\u2014) Mais j&rsquo;estime que nous avons en main de bons atouts. Tu verras, nous gagnerons la partie.<\/p>\n<p style=\"text-align: justify;\">Et de l\u00e0, \u00e0 pouvoir embarquer tous les deux (tous les trois)&#8230; (tous les quatre, car, entre les quelques heures qui s\u00e9pareront la lib\u00e9ration du d\u00e9part, Catherine se sera peut-\u00eatre d\u00e9j\u00e0 manifest\u00e9e) il n&rsquo;y a qu&rsquo;un pas. Nous serons tr\u00e8s heureux.<\/p>\n<p style=\"text-align: justify;\">J&rsquo;ai re\u00e7u une lettre tr\u00e8s affectueuse de ton ami Phil <a href=\"#_ftn1\" name=\"_ftnref1\">[1]<\/a>. Je lui r\u00e9pondrait un de ces jours. Je d\u00eene mardi soir avec le petit bonhomme. Et je vais aussi, la semaine prochaine, t\u00e9l\u00e9phoner \u00e0 G\u00e9ran <a href=\"#_ftn2\" name=\"_ftnref2\">[2]<\/a>.<\/p>\n<p style=\"text-align: justify;\">Je compte bien te lire mardi matin. Peut-\u00eatre \u00e0 cette heure-ci (18h) es-tu toi-m\u00eame en train de m&rsquo;\u00e9crire. Dis-moi surtout si je puis faire davantage pour toi. Le mandat te suffit-il ? J&rsquo;en mettrai un de m\u00eame somme demain lundi, mais s&rsquo;il est insuffisant, dis-le moi. Si tu estimes qu&rsquo;il faille faire quelque chose pour Leroy, dis-le moi \u00e9galement. Je gagne tr\u00e8s bien ma vie en ce moment. J&rsquo;ai beaucoup moins de frais pour toi, et je peux \u2014sans que \u00e7a me g\u00e8ne\u2014 verser quelque chose \u00e0 Leroy. Je ne lui en parle pas, bien s\u00fbr, mais penses-y. Il va te voir souvent. Les frais de d\u00e9placement sont \u00e9normes et le temps qu&rsquo;il te consacre m\u00e9rite d&rsquo;\u00eatre r\u00e9tribu\u00e9 largement. Penses-y, et n&rsquo;h\u00e9site pas \u00e0 m&rsquo;en parler.<\/p>\n<p style=\"text-align: justify;\">Gros baisers.<\/p>\n<p style=\"text-align: justify;\">JR<\/p>\n<p style=\"text-align: justify;\"><a href=\"#_ftnref1\" name=\"_ftn1\">[1]<\/a> Philibert G\u00e9raud (note de FGR)<br \/>\n<a href=\"#_ftnref2\" name=\"_ftn2\">[2]<\/a> Andr\u00e9 G\u00e9ranton (note de FGR)<\/p>\n","protected":false},"excerpt":{"rendered":"<p>\u00a0 Dimanche 23 janvier 1949 Mon ch\u00e9ri, Tu auras eu de mes nouvelles ce matin, et tu auras su que si je ne t&rsquo;\u00e9cris pas, c&rsquo;est que j&#8217;emploie mon temps \u00e0 faire toutes les d\u00e9marches qui me paraissent devoir t&rsquo;\u00eatre &hellip; <a href=\"https:\/\/monperejeanmamy.fr\/?page_id=3067\">Continuer la lecture <span class=\"meta-nav\">&rarr;<\/span><\/a><\/p>\n","protected":false},"author":2,"featured_media":11,"parent":0,"menu_order":0,"comment_status":"closed","ping_status":"closed","template":"","meta":[],"folder":[],"_links":{"self":[{"href":"https:\/\/monperejeanmamy.fr\/index.php?rest_route=\/wp\/v2\/pages\/3067"}],"collection":[{"href":"https:\/\/monperejeanmamy.fr\/index.php?rest_route=\/wp\/v2\/pages"}],"about":[{"href":"https:\/\/monperejeanmamy.fr\/index.php?rest_route=\/wp\/v2\/types\/page"}],"author":[{"embeddable":true,"href":"https:\/\/monperejeanmamy.fr\/index.php?rest_route=\/wp\/v2\/users\/2"}],"replies":[{"embeddable":true,"href":"https:\/\/monperejeanmamy.fr\/index.php?rest_route=%2Fwp%2Fv2%2Fcomments&post=3067"}],"version-history":[{"count":3,"href":"https:\/\/monperejeanmamy.fr\/index.php?rest_route=\/wp\/v2\/pages\/3067\/revisions"}],"predecessor-version":[{"id":3076,"href":"https:\/\/monperejeanmamy.fr\/index.php?rest_route=\/wp\/v2\/pages\/3067\/revisions\/3076"}],"wp:featuredmedia":[{"embeddable":true,"href":"https:\/\/monperejeanmamy.fr\/index.php?rest_route=\/wp\/v2\/media\/11"}],"wp:attachment":[{"href":"https:\/\/monperejeanmamy.fr\/index.php?rest_route=%2Fwp%2Fv2%2Fmedia&parent=3067"}],"wp:term":[{"taxonomy":"folder","embeddable":true,"href":"https:\/\/monperejeanmamy.fr\/index.php?rest_route=%2Fwp%2Fv2%2Ffolder&post=3067"}],"curies":[{"name":"wp","href":"https:\/\/api.w.org\/{rel}","templated":true}]}}