{"id":3071,"date":"2021-05-30T18:26:11","date_gmt":"2021-05-30T16:26:11","guid":{"rendered":"http:\/\/monperejeanmamy.fr\/?page_id=3071"},"modified":"2024-01-27T11:26:02","modified_gmt":"2024-01-27T10:26:02","slug":"jr-a-jm-49-01-26","status":"publish","type":"page","link":"https:\/\/monperejeanmamy.fr\/?page_id=3071","title":{"rendered":"JR \u00e0 JM (49\/01\/26)"},"content":{"rendered":"<p><strong>\u00a0<\/strong><a href=\"http:\/\/monperejeanmamy.fr\/?page_id=3067\"><img loading=\"lazy\" class=\"wp-image-1352 alignleft\" src=\"http:\/\/monperejeanmamy.fr\/wp-content\/uploads\/2021\/03\/Lettre-precedente.jpg\" alt=\"\" width=\"143\" height=\"78\" \/><\/a><a href=\"http:\/\/monperejeanmamy.fr\/?page_id=3077\"><img loading=\"lazy\" class=\"alignright wp-image-1353\" src=\"http:\/\/monperejeanmamy.fr\/wp-content\/uploads\/2021\/03\/Lettre-suivante.jpg\" alt=\"\" width=\"139\" height=\"76\" \/><\/a><\/p>\n<p style=\"text-align: center;\"><strong>Mercredi 26 janvier 1949<br \/>\n<\/strong><\/p>\n<p style=\"text-align: center;\">Mon ch\u00e9ri,<\/p>\n<p style=\"text-align: justify;\">Je re\u00e7ois ce matin ta lettre de dimanche et je suis toute surprise de l&rsquo;inqui\u00e9tude que tu me pr\u00eates quant \u00e0 une pr\u00e9cipitation du dossier. Au contraire, je suis de ce c\u00f4t\u00e9, tout \u00e0 fait tranquille. Je t&rsquo;ai d&rsquo;ailleurs \u00e9crit une longue lettre dimanche, qui a d\u00fb te rassurer. Et encore, je ne veux pas trop t&rsquo;en dire&#8230; Mais si je pouvais me glisser pr\u00e8s de toi, fermer la porte aux curieux, prendre ta t\u00eate dans mes deux mains, et laisser plonger ton regard dans mes yeux, tu y lirais tout de suite que tout va tr\u00e8s bien et que j&rsquo;ai les plus grandes raisons de n&rsquo;avoir aucune crainte.<\/p>\n<p style=\"text-align: justify;\">Je vois d&rsquo;o\u00f9 vient la confusion : \u00e9tant donn\u00e9 le prochain d\u00e9part du Monsieur, \u00e0 l&rsquo;occasion duquel il a l&rsquo;intention de faire une demande d&rsquo;ensemble \u2014dans laquelle seront inclus des cas qui lui paraissent plus l\u00e9gers que le tien, mais que je crois, moi (et de bonne source) plus graves\u2014 j&rsquo;ai pens\u00e9 qu&rsquo;une demande individuelle aurait plus de poids, et, \u00e9go\u00efstement, j&rsquo;ai souhait\u00e9 qu&rsquo;elle pr\u00e9c\u00e8de l&rsquo;autre (car, je le r\u00e9p\u00e8te, j&rsquo;ai l&rsquo;impression que certains cas peuvent faire du tort \u00e0 l&rsquo;ensemble en diminuant la valeur de l&rsquo;intervention). Et c&rsquo;est seulement pourquoi j&rsquo;ai pu para\u00eetre press\u00e9e. Mais de ce c\u00f4t\u00e9-l\u00e0 seulement (Il verra Leroy vendredi). Et cela ne fera pas avancer le reste d&rsquo;un pas.<\/p>\n<p style=\"text-align: justify;\">Personne, sois-en s\u00fbr, ne cherche \u00e0 pr\u00e9cipiter ton dossier. Je voudrais bien voir \u00e7\u00e0, moi, qu&rsquo;on pr\u00e9cipite ton dossier ! Ah\u00a0! Mais ! Douterais-tu de ma puissance, par hasard ? Je t&rsquo;ai toujours dit que je r\u00e9servais mes gros atouts pour la fin. On y arrive. Je les jette sur le tapis. Et on gagne la partie. Aujourd&rsquo;hui, par exemple, aujourd&rsquo;hui m\u00eame, c&rsquo;est un as, un as des as <a href=\"#_ftn1\" name=\"_ftnref1\">[1]<\/a>, que j&rsquo;abats sur le tapis. Un as, c&rsquo;est tr\u00e8s fort, n&rsquo;est-ce pas ? C&rsquo;est plus fort qu&rsquo;un roi, alors, raison de plus&#8230;<\/p>\n<p style=\"text-align: justify;\">Veux-tu bien vite m&rsquo;\u00e9crire une lettre toute gentille et toute tranquille, et me parler de toute autre chose que de \u00ab\u00a0<em>mise au point de pas mal de petites choses<\/em> \u00bb et de \u00ab\u00a0<em>dispositions \u00e0 prendre<\/em>\u00a0\u00bb. Doucement, doucement, rien ne presse. Embrassez-moi, Monsieur. Et ne pensons \u00e0 rien. Tu veux bien ?<\/p>\n<p style=\"text-align: justify;\">Pourquoi, le 24 d\u00e9cembre, ne t&rsquo;es-tu pas dissimul\u00e9 dans un petit coin de la X<sup>\u00e8me<\/sup> ? Tu aurais pu, un mois apr\u00e8s, jour pour jour, assister \u2014cette fois en spectateur\u2014 \u00e0 un proc\u00e8s retentissant. Voil\u00e0 de quoi vous distraire, Messieurs les acharn\u00e9s communistes ou anti-communistes. Quel remue-m\u00e9nage pour un petit bout de livre de rien du tout. Et quel d\u00e9ploiement de forces polici\u00e8res ! On ne peut m\u00eame plus passer l&rsquo;escalier sans montrer patte blanche&#8230; ou patte rouge.<\/p>\n<p style=\"text-align: justify;\">J&rsquo;arr\u00eate l\u00e0 ma lettre, Mon ch\u00e9ri, parce que je veux la poster ce soir, et je dois me d\u00e9p\u00eacher. Sois tout \u00e0 fait tranquille. Ne t&rsquo;inqui\u00e8te pas. Je veille et je suis toute calme. Tu vois bien que c&rsquo;est vrai. Je ne suis pas devenue folle et je n&rsquo;aurais pas le c\u0153ur \u00e0 parler sur un ton aussi badin si j&rsquo;avais des doutes. Je suis s\u00fbre, moi, que tout cela va s&rsquo;arranger. Je m&rsquo;y emploie de mon mieux et je suis bien aid\u00e9e par de fid\u00e8les amis. En tous cas, ce qui est certain d\u00e9j\u00e0, c&rsquo;est que rien n&rsquo;a boug\u00e9 depuis dix jours, et \u00e7a, j&rsquo;en suis s\u00fbre.<\/p>\n<p style=\"text-align: justify;\">Je t&#8217;embrasse, Mon ch\u00e9ri. \u00c9cris-moi vite.<\/p>\n<p style=\"text-align: justify;\">JR<\/p>\n<p style=\"text-align: justify;\"><a href=\"#_ftnref1\" name=\"_ftn1\">[1]<\/a> Allusion \u00e0 son ami le colonel Ren\u00e9 Fonck, (\u00ab\u00a0l\u2019aviateur\u00a0\u00bb), as des as aux 75 victoires homologu\u00e9es en 14-18 (note de FGR)<\/p>\n","protected":false},"excerpt":{"rendered":"<p>\u00a0 Mercredi 26 janvier 1949 Mon ch\u00e9ri, Je re\u00e7ois ce matin ta lettre de dimanche et je suis toute surprise de l&rsquo;inqui\u00e9tude que tu me pr\u00eates quant \u00e0 une pr\u00e9cipitation du dossier. Au contraire, je suis de ce c\u00f4t\u00e9, tout &hellip; <a href=\"https:\/\/monperejeanmamy.fr\/?page_id=3071\">Continuer la lecture <span class=\"meta-nav\">&rarr;<\/span><\/a><\/p>\n","protected":false},"author":2,"featured_media":11,"parent":0,"menu_order":0,"comment_status":"closed","ping_status":"closed","template":"","meta":[],"folder":[],"_links":{"self":[{"href":"https:\/\/monperejeanmamy.fr\/index.php?rest_route=\/wp\/v2\/pages\/3071"}],"collection":[{"href":"https:\/\/monperejeanmamy.fr\/index.php?rest_route=\/wp\/v2\/pages"}],"about":[{"href":"https:\/\/monperejeanmamy.fr\/index.php?rest_route=\/wp\/v2\/types\/page"}],"author":[{"embeddable":true,"href":"https:\/\/monperejeanmamy.fr\/index.php?rest_route=\/wp\/v2\/users\/2"}],"replies":[{"embeddable":true,"href":"https:\/\/monperejeanmamy.fr\/index.php?rest_route=%2Fwp%2Fv2%2Fcomments&post=3071"}],"version-history":[{"count":4,"href":"https:\/\/monperejeanmamy.fr\/index.php?rest_route=\/wp\/v2\/pages\/3071\/revisions"}],"predecessor-version":[{"id":3300,"href":"https:\/\/monperejeanmamy.fr\/index.php?rest_route=\/wp\/v2\/pages\/3071\/revisions\/3300"}],"wp:featuredmedia":[{"embeddable":true,"href":"https:\/\/monperejeanmamy.fr\/index.php?rest_route=\/wp\/v2\/media\/11"}],"wp:attachment":[{"href":"https:\/\/monperejeanmamy.fr\/index.php?rest_route=%2Fwp%2Fv2%2Fmedia&parent=3071"}],"wp:term":[{"taxonomy":"folder","embeddable":true,"href":"https:\/\/monperejeanmamy.fr\/index.php?rest_route=%2Fwp%2Fv2%2Ffolder&post=3071"}],"curies":[{"name":"wp","href":"https:\/\/api.w.org\/{rel}","templated":true}]}}