{"id":3082,"date":"2021-05-31T15:58:24","date_gmt":"2021-05-31T13:58:24","guid":{"rendered":"http:\/\/monperejeanmamy.fr\/?page_id=3082"},"modified":"2024-01-27T11:35:46","modified_gmt":"2024-01-27T10:35:46","slug":"jr-a-jm-49-02-01","status":"publish","type":"page","link":"https:\/\/monperejeanmamy.fr\/?page_id=3082","title":{"rendered":"JR \u00e0 JM (49\/02\/01)"},"content":{"rendered":"<p><strong>\u00a0<\/strong><a href=\"http:\/\/monperejeanmamy.fr\/?page_id=3077\"><img loading=\"lazy\" class=\"wp-image-1352 alignleft\" src=\"http:\/\/monperejeanmamy.fr\/wp-content\/uploads\/2021\/03\/Lettre-precedente.jpg\" alt=\"\" width=\"143\" height=\"78\" \/><\/a><a href=\"http:\/\/monperejeanmamy.fr\/?page_id=3087\"><img loading=\"lazy\" class=\"alignright wp-image-1353\" src=\"http:\/\/monperejeanmamy.fr\/wp-content\/uploads\/2021\/03\/Lettre-suivante.jpg\" alt=\"\" width=\"139\" height=\"76\" \/><\/a><\/p>\n<p style=\"text-align: center;\"><strong>Mardi 1<sup>er<\/sup> F\u00e9vrier 1949<br \/>\n<\/strong><\/p>\n<p style=\"text-align: center;\">Mon ch\u00e9ri,<\/p>\n<p style=\"text-align: justify;\">J&rsquo;ai bien re\u00e7u tes lettres (hier celle de vendredi). Et ce soir, je suis all\u00e9e bavarder un moment chez Me Leroy. Il t&rsquo;aura vu mercredi matin et aura calm\u00e9 tes craintes. Je crois que tu exag\u00e8res la \u00ab haine \u00bb de tes adversaires et tu as tort de penser que certains cherchent \u00e0 te \u00ab noircir \u00bb davantage (tu t&rsquo;en es suffisamment charg\u00e9 ; on ne pourrait gu\u00e8re faire mieux dans ce sens). Je ne sais pas d&rsquo;o\u00f9 tu tiens ces bobards. Moi, je vois beaucoup de monde. Personne ne m&rsquo;en parle. En tous cas, m\u00eame si cela \u00e9tait, tu sais que nous sommes particuli\u00e8rement bien plac\u00e9s et que nous ne manquerons pas l&rsquo;occasion d&rsquo;affirmer le contraire.<\/p>\n<p style=\"text-align: justify;\">Me Leroy t&rsquo;aura mis au courant de toutes les d\u00e9marches qui ont, et seront faites, et des conversations int\u00e9ressantes qu&rsquo;il a eues. Voil\u00e0 qui, \u00e0 mon sens, vaut mieux que toutes les campagnes de presse (pour l&rsquo;instant du moins). Et Me Leroy \u00e0 qui j&rsquo;en parlais tout \u00e0 l&rsquo;heure en lui montrant le dernier n\u00b0 de l&rsquo;<em>Ind\u00e9pendance Fran\u00e7aise<\/em>, partageait mon sentiment.<\/p>\n<p style=\"text-align: justify;\">J&rsquo;ai eu ce soir au t\u00e9l\u00e9phone ton ami G\u00e9ranton qui m&rsquo;avait appel\u00e9e hier sans me joindre. Nous avons parl\u00e9 longuement. Et je lui ai dit, moi, que tout allait bien. Parce que je trouve que tout va bien. Je dois d\u00eener chez lui un soir de la semaine prochaine.<\/p>\n<p style=\"text-align: justify;\">J&rsquo;ai aussi t\u00e9l\u00e9phon\u00e9 \u00e0 ta m\u00e8re qui avait re\u00e7u ce soir de bonnes nouvelles.<\/p>\n<p style=\"text-align: justify;\">Je n&rsquo;ai pas parl\u00e9 \u00e0 Me Leroy de la question compl\u00e9ments d&rsquo;honoraires. C&rsquo;est d&rsquo;ailleurs une id\u00e9e toute personnelle que j&rsquo;avais eue. Je voulais simplement que tu saches que tu pouvais compter sur moi s&rsquo;il y avait un effort \u00e0 faire dans ce sens. Mais tu pourrais \u00e0 l&rsquo;occasion voir \u00e7\u00e0 avec lui. Quels sont les usages ? C&rsquo;est tr\u00e8s vague&#8230; Mais au prix du kg de noisettes, je consid\u00e8re qu&rsquo;il serait normal d&rsquo;envisager la question, et cela, non pas pour le stimuler dans ses efforts et obtenir un meilleur r\u00e9sultat, mais tout simplement parce que les d\u00e9marches qu&rsquo;il fait, les visites qu&rsquo;il re\u00e7oit, lui prennent une grande partie de son temps, et qu&rsquo;actuellement, le temps co\u00fbte fort cher.<\/p>\n<p style=\"text-align: justify;\">Je t&rsquo;ai envoy\u00e9 ton petit mandat hebdomadaire (j&rsquo;ai quitt\u00e9 trop tard l&rsquo;Avenue de Villiers<a href=\"#_ftn1\" name=\"_ftnref1\"> [1]<\/a> hier soir, pour aller \u00e0 la poste. Je ne l&rsquo;ai mis que ce matin). Si tu veux que je l&rsquo;augmente, ne manque pas de me le dire.<\/p>\n<p style=\"text-align: justify;\">Si Mr Mousset me t\u00e9l\u00e9phone, je m&#8217;empresserai de r\u00e9pondre le plus aimablement possible \u00e0 toutes ses questions. Mais \u00e0 vrai dire, je crois que ta m\u00e8re est plus indiqu\u00e9e pour converser avec lui. Tu sais bien que la science et moi, \u00e7a ne va pas du tout ensemble.<\/p>\n<p style=\"text-align: justify;\">\u00c9cris-moi, Mon ch\u00e9ri. Mais \u00e9cris-moi des lettres plus gentilles que celle de Vendredi. Et n&rsquo;oublie pas d&#8217;embrasser Fr\u00e9d\u00e9ric. Il devient tr\u00e8s raisonnable. C&rsquo;est un ange.<\/p>\n<p style=\"text-align: justify;\">Gros gros gros baisers.<\/p>\n<p style=\"text-align: justify;\">JR<\/p>\n<p style=\"text-align: justify;\"><a href=\"#_ftnref1\" name=\"_ftn1\">[1]<\/a> Confirmation de la note de la lettre du 27 janvier\u00a0: le cabinet de Me Chaumanet chez qui Jeanne Roux travaillait \u00e9tant situ\u00e9 au 47 avenue de Villiers (note de FGR)<\/p>\n","protected":false},"excerpt":{"rendered":"<p>\u00a0 Mardi 1er F\u00e9vrier 1949 Mon ch\u00e9ri, J&rsquo;ai bien re\u00e7u tes lettres (hier celle de vendredi). Et ce soir, je suis all\u00e9e bavarder un moment chez Me Leroy. Il t&rsquo;aura vu mercredi matin et aura calm\u00e9 tes craintes. Je crois &hellip; <a href=\"https:\/\/monperejeanmamy.fr\/?page_id=3082\">Continuer la lecture <span class=\"meta-nav\">&rarr;<\/span><\/a><\/p>\n","protected":false},"author":2,"featured_media":11,"parent":0,"menu_order":0,"comment_status":"closed","ping_status":"closed","template":"","meta":[],"folder":[],"_links":{"self":[{"href":"https:\/\/monperejeanmamy.fr\/index.php?rest_route=\/wp\/v2\/pages\/3082"}],"collection":[{"href":"https:\/\/monperejeanmamy.fr\/index.php?rest_route=\/wp\/v2\/pages"}],"about":[{"href":"https:\/\/monperejeanmamy.fr\/index.php?rest_route=\/wp\/v2\/types\/page"}],"author":[{"embeddable":true,"href":"https:\/\/monperejeanmamy.fr\/index.php?rest_route=\/wp\/v2\/users\/2"}],"replies":[{"embeddable":true,"href":"https:\/\/monperejeanmamy.fr\/index.php?rest_route=%2Fwp%2Fv2%2Fcomments&post=3082"}],"version-history":[{"count":4,"href":"https:\/\/monperejeanmamy.fr\/index.php?rest_route=\/wp\/v2\/pages\/3082\/revisions"}],"predecessor-version":[{"id":3303,"href":"https:\/\/monperejeanmamy.fr\/index.php?rest_route=\/wp\/v2\/pages\/3082\/revisions\/3303"}],"wp:featuredmedia":[{"embeddable":true,"href":"https:\/\/monperejeanmamy.fr\/index.php?rest_route=\/wp\/v2\/media\/11"}],"wp:attachment":[{"href":"https:\/\/monperejeanmamy.fr\/index.php?rest_route=%2Fwp%2Fv2%2Fmedia&parent=3082"}],"wp:term":[{"taxonomy":"folder","embeddable":true,"href":"https:\/\/monperejeanmamy.fr\/index.php?rest_route=%2Fwp%2Fv2%2Ffolder&post=3082"}],"curies":[{"name":"wp","href":"https:\/\/api.w.org\/{rel}","templated":true}]}}