{"id":3091,"date":"2021-06-02T09:13:48","date_gmt":"2021-06-02T07:13:48","guid":{"rendered":"http:\/\/monperejeanmamy.fr\/?page_id=3091"},"modified":"2024-01-27T11:40:06","modified_gmt":"2024-01-27T10:40:06","slug":"jr-a-jm-49-02-06","status":"publish","type":"page","link":"https:\/\/monperejeanmamy.fr\/?page_id=3091","title":{"rendered":"JR \u00e0 JM (49\/02\/06)"},"content":{"rendered":"<p><strong>\u00a0<\/strong><a href=\"http:\/\/monperejeanmamy.fr\/?page_id=3087\"><img loading=\"lazy\" class=\"wp-image-1352 alignleft\" src=\"http:\/\/monperejeanmamy.fr\/wp-content\/uploads\/2021\/03\/Lettre-precedente.jpg\" alt=\"\" width=\"143\" height=\"78\" \/><\/a><a href=\"http:\/\/monperejeanmamy.fr\/?page_id=3094\"><img loading=\"lazy\" class=\"alignright wp-image-1353\" src=\"http:\/\/monperejeanmamy.fr\/wp-content\/uploads\/2021\/03\/Lettre-suivante.jpg\" alt=\"\" width=\"139\" height=\"76\" \/><\/a><\/p>\n<p style=\"text-align: center;\"><strong>Dimanche 6 F\u00e9vrier 1949<br \/>\n<\/strong><\/p>\n<p style=\"text-align: center;\">Mon ch\u00e9ri,<\/p>\n<p style=\"text-align: justify;\">Chaque matin de cette semaine j&rsquo;esp\u00e9rai te lire et \u2014\u00e0 part lundi o\u00f9 j&rsquo;ai re\u00e7u ta lettre dat\u00e9e du vendredi 28\u2014 je n&rsquo;ai rien eu de toi.<\/p>\n<p style=\"text-align: justify;\">Qu&rsquo;est-ce que \u00e7a veut dire ?<\/p>\n<p style=\"text-align: justify;\">Sans doute auras-tu \u00e9t\u00e9 trop bavard et la censure se sera veng\u00e9e. Je ne vois pas d&rsquo;autre motif. J&rsquo;ai h\u00e2te d&rsquo;\u00eatre \u00e0 demain matin esp\u00e9rant qu&rsquo;une lettre me parviendra enfin.<\/p>\n<p style=\"text-align: justify;\">Je pense que tu re\u00e7ois bien tous mes mots. J&rsquo;ai d\u00fb t&rsquo;\u00e9crire le dimanche 30, puis certainement le mardi 1<sup>er<\/sup> et le mercredi 2 \u2014o\u00f9 je t&rsquo;ai envoy\u00e9 5 petites photos. Les as-tu re\u00e7ues ?<\/p>\n<p style=\"text-align: justify;\">Cette semaine, je n&rsquo;ai pas grandes nouvelles \u00e0 te communiquer : rien de particulier. Mais, sois tranquille, avec mon jeune patron, je continue \u00e0 veiller \u00e0 nos affaires, et je garde le contact avec Leroy.<\/p>\n<p style=\"text-align: justify;\">Cet apr\u00e8s-midi je suis \u2014comme presque chaque dimanche\u2014 rest\u00e9e bien tranquillement \u00e0 la maison, \u00e0 mettre de l&rsquo;ordre dans les v\u00eatements de Fr\u00e9d\u00e9ric (pendant que, profitant du temps magnifique qu&rsquo;il fait ces jours-ci, ma s\u0153ur l&rsquo;avait emmen\u00e9 faire un tour au bois). Moi, \u00e7a me repose de ne pas avoir \u00e0 sortir. La radio marchait. J&rsquo;ai entendu la retransmission des \u00ab <em>Mains sales<\/em>\u00a0\u00bb. Je d\u00e9teste ce genre de pi\u00e8ces de th\u00e9\u00e2tre&#8230; surtout maintenant. Par contre, j&rsquo;ai fort appr\u00e9ci\u00e9 \u00ab\u00a0<em>Hans, le joueur de fl\u00fbte<\/em>\u00a0\u00bb (tu me reconnais bien l\u00e0) et j&rsquo;ai \u00e9cout\u00e9 avec beaucoup de plaisir les Concerts Colonne qui donnaient l&rsquo;\u00ab\u00a0<em>Ouverture du Freischitz<\/em>\u00a0\u00bb de Weber, le \u00ab\u00a0<em>Concerto de Mendelssohn<\/em> \u00bb (pour violon et orchestre), le scherzo du \u00ab\u00a0<em>Songe d&rsquo;une nuit d&rsquo;\u00e9t\u00e9<\/em>\u00a0\u00bb de Mendelssohn et deux \u0153uvres modernes que j&rsquo;ai moins aim\u00e9es.<\/p>\n<p style=\"text-align: justify;\">Quand je dis que je d\u00e9teste \u00ab\u00a0<em>les mains sales<\/em>\u00a0\u00bb ce n&rsquo;est pas parce que l&rsquo;action se passe dans un milieu communiste. \u00c7a me d\u00e9plairait tout autant si \u00e7a se passait Bd Flandrin ou Rue de la Faisanderie (tu t&rsquo;en doutais un peu).<\/p>\n<p style=\"text-align: justify;\">Je voudrais que Fr\u00e9d\u00e9ric, quand il sera grand, n&rsquo;aille jamais voir un film (ou pi\u00e8ce) politique ou d&rsquo;espionnage. Pour l&rsquo;instant, c&rsquo;est encore Guignol qui l&rsquo;int\u00e9resse. Tant mieux. Et encore&#8230; il n&rsquo;est pas toujours de mon go\u00fbt ce Guignol qui donne de grands coups de b\u00e2ton (ce qui, d&rsquo;ailleurs, amuse le mieux les gosses).<\/p>\n<p style=\"text-align: justify;\">Tu auras eu de mes nouvelles ce matin, et je t&rsquo;en promets vendredi. Je mettrai demain ton petit mandat et si, comme je l&rsquo;esp\u00e8re, je re\u00e7ois une lettre de toi, j&rsquo;y r\u00e9pondrai rapidement. Je suis d\u00e9sol\u00e9e de voir que le froid \u00e0 l&rsquo;air de vouloir prendre. Comment es-tu habill\u00e9 ? As-tu r\u00e9cup\u00e9r\u00e9 tes peaux de mouton (gilet et sac) ?<\/p>\n<p style=\"text-align: justify;\">Je pense beaucoup \u00e0 toi. Et j&rsquo;ai presque honte d&rsquo;aller me glisser dans des draps et des couvertures bien douillets et d&rsquo;\u00eatre seule \u00e0 en profiter. Mais, qu&rsquo;y faire ?&#8230; Je t&#8217;embrasse tr\u00e8s fort.<\/p>\n<p style=\"text-align: justify;\">JR<\/p>\n","protected":false},"excerpt":{"rendered":"<p>\u00a0 Dimanche 6 F\u00e9vrier 1949 Mon ch\u00e9ri, Chaque matin de cette semaine j&rsquo;esp\u00e9rai te lire et \u2014\u00e0 part lundi o\u00f9 j&rsquo;ai re\u00e7u ta lettre dat\u00e9e du vendredi 28\u2014 je n&rsquo;ai rien eu de toi. Qu&rsquo;est-ce que \u00e7a veut dire ? &hellip; <a href=\"https:\/\/monperejeanmamy.fr\/?page_id=3091\">Continuer la lecture <span class=\"meta-nav\">&rarr;<\/span><\/a><\/p>\n","protected":false},"author":2,"featured_media":11,"parent":0,"menu_order":0,"comment_status":"closed","ping_status":"closed","template":"","meta":[],"folder":[],"_links":{"self":[{"href":"https:\/\/monperejeanmamy.fr\/index.php?rest_route=\/wp\/v2\/pages\/3091"}],"collection":[{"href":"https:\/\/monperejeanmamy.fr\/index.php?rest_route=\/wp\/v2\/pages"}],"about":[{"href":"https:\/\/monperejeanmamy.fr\/index.php?rest_route=\/wp\/v2\/types\/page"}],"author":[{"embeddable":true,"href":"https:\/\/monperejeanmamy.fr\/index.php?rest_route=\/wp\/v2\/users\/2"}],"replies":[{"embeddable":true,"href":"https:\/\/monperejeanmamy.fr\/index.php?rest_route=%2Fwp%2Fv2%2Fcomments&post=3091"}],"version-history":[{"count":3,"href":"https:\/\/monperejeanmamy.fr\/index.php?rest_route=\/wp\/v2\/pages\/3091\/revisions"}],"predecessor-version":[{"id":3305,"href":"https:\/\/monperejeanmamy.fr\/index.php?rest_route=\/wp\/v2\/pages\/3091\/revisions\/3305"}],"wp:featuredmedia":[{"embeddable":true,"href":"https:\/\/monperejeanmamy.fr\/index.php?rest_route=\/wp\/v2\/media\/11"}],"wp:attachment":[{"href":"https:\/\/monperejeanmamy.fr\/index.php?rest_route=%2Fwp%2Fv2%2Fmedia&parent=3091"}],"wp:term":[{"taxonomy":"folder","embeddable":true,"href":"https:\/\/monperejeanmamy.fr\/index.php?rest_route=%2Fwp%2Fv2%2Ffolder&post=3091"}],"curies":[{"name":"wp","href":"https:\/\/api.w.org\/{rel}","templated":true}]}}