{"id":3094,"date":"2021-06-02T09:21:52","date_gmt":"2021-06-02T07:21:52","guid":{"rendered":"http:\/\/monperejeanmamy.fr\/?page_id=3094"},"modified":"2021-06-02T09:28:33","modified_gmt":"2021-06-02T07:28:33","slug":"jr-a-jm-49-02-07","status":"publish","type":"page","link":"https:\/\/monperejeanmamy.fr\/?page_id=3094","title":{"rendered":"JR \u00e0 JM (49\/02\/07)"},"content":{"rendered":"<p><strong>\u00a0<\/strong><a href=\"http:\/\/monperejeanmamy.fr\/?page_id=3091\"><img loading=\"lazy\" class=\"wp-image-1352 alignleft\" src=\"http:\/\/monperejeanmamy.fr\/wp-content\/uploads\/2021\/03\/Lettre-precedente.jpg\" alt=\"\" width=\"143\" height=\"78\" \/><\/a><a href=\"http:\/\/monperejeanmamy.fr\/?page_id=3097\"><img loading=\"lazy\" class=\"alignright wp-image-1353\" src=\"http:\/\/monperejeanmamy.fr\/wp-content\/uploads\/2021\/03\/Lettre-suivante.jpg\" alt=\"\" width=\"139\" height=\"76\" \/><\/a><\/p>\n<p style=\"text-align: center;\"><strong>Lundi 7 F\u00e9vrier 1949<br \/>\n<\/strong><\/p>\n<p style=\"text-align: center;\">Mon ch\u00e9ri,<\/p>\n<p style=\"text-align: justify;\">Je t&rsquo;ai \u00e9crit hier soir, et j&rsquo;ai re\u00e7u ce matin la lettre d\u00e9sir\u00e9e. elle est dat\u00e9e du 3. Elle m&rsquo;est parvenue juste avant que je fasse partir le mandat. J&rsquo;ai donc pu le faire de la somme d\u00e9sir\u00e9e, soit : 1000 francs. Je t\u00e9l\u00e9phonerai ce soir \u00e0 ta m\u00e8re pour lui faire part de ta demande, et pour lui donner de tes bonnes nouvelles, car tu me parais d&rsquo;assez belle humeur et tr\u00e8s raisonnable. Pas du tout hargneux. Tout \u00e0 fait comme j&rsquo;aime que tu sois.<\/p>\n<p style=\"text-align: justify;\">Je t\u00e9l\u00e9phonerai aussi \u00e0 Me Leroy, et je ferai ce qu&rsquo;il y a \u00e0 faire comme d\u00e9marches.<\/p>\n<p style=\"text-align: justify;\">Je n&rsquo;ai pas lu le dernier bouquin d&rsquo;Albert Paraz <a href=\"#_ftn1\" name=\"_ftnref1\">[1]<\/a> (la correspondance avec C\u00e9line). J&rsquo;en parlerai \u00e0 ton ami G\u00e9ranton, qui a d\u00fb lire \u00e7a, et qui pourra, sur une prochaine lettre, te dire ce qu&rsquo;il en pense.<\/p>\n<p style=\"text-align: justify;\">Tu m&rsquo;\u00e9tonnes de ne pas conna\u00eetre l&rsquo;<em>Ind\u00e9pendance Fran\u00e7aise <a href=\"#_ftn2\" name=\"_ftnref2\"><strong>[2]<\/strong><\/a><\/em>. Je vous croyais mieux inform\u00e9s, vous autres de Fresnes, d&rsquo;autant que 4 ou 5 colonnes du n\u00b0 de la semaine derni\u00e8re \u00e9taient consacr\u00e9es \u00e0 la d\u00e9fense de Gallet et d&rsquo;Hulot (Entre-nous, j&rsquo;imagine que ces monarchistes sont moins pr\u00e9occup\u00e9s de la \u00ab d\u00e9fense \u00bb de ces deux condamn\u00e9s que de l&rsquo;occasion d&rsquo;une \u00ab attaque \u00bb contre le gouvernement actuel). Moi, je suis bien contente qu&rsquo;ils n&rsquo;aient pas parl\u00e9 de toi. Je pr\u00e9f\u00e8re te d\u00e9fendre moi-m\u00eame. C&rsquo;est que je m&rsquo;y entends, sais-tu \u00e0 te d\u00e9fendre. (Pour un peu, j&rsquo;arriverais \u00e0 me persuader moi-m\u00eame, que tout ce que tu fais est bien fait,&#8230; tant je veux en persuader les autres).<\/p>\n<p style=\"text-align: justify;\">Mais, rassure-toi, tu n&rsquo;es pas jug\u00e9 dans les plus mauvais. Les mauvais dossiers ne manquent pas (on me le disait encore tout \u00e0 l&rsquo;heure). Esp\u00e9rons que, par comparaison, le tien pourra para\u00eetre bon, &#8230; disons, pas trop mauvais.<\/p>\n<p style=\"text-align: justify;\">En tous cas, son circuit ne s&rsquo;organise que tout doucettement. Il m&rsquo;a plut\u00f4t l&rsquo;air d&rsquo;avoir pi\u00e9tin\u00e9 depuis trois semaines.<\/p>\n<p style=\"text-align: justify;\">Ton ami G\u00e9ranton vient de me t\u00e9l\u00e9phoner. Il insiste pour que j&rsquo;aille d\u00eener chez lui jeudi. Je ne me suis pas trop fait prier \u2014encore que je n&rsquo;aime plus du tout sortir et laisser Fr\u00e9d\u00e9ric\u2014 contente que je suis de pouvoir parler de toi longuement. Tes oreilles tinteront jeudi soir.<\/p>\n<p style=\"text-align: justify;\">Mercredi dans l&rsquo;apr\u00e8s-midi, je dois voir le Monsieur de la rue Amp\u00e8re. Non pas pour lui demander quelque intervention, mais simplement parce qu&rsquo;il n&rsquo;a cess\u00e9, depuis 4 ans, de me demander souvent de tes nouvelles. Je veux aller d\u00e9verser sur toi des tas de louanges, afin qu&rsquo;il ne reste pas sur l&rsquo;impression qu&rsquo;auraient pu lui laisser de mauvais articles de presse. Et puis on ne sait jamais&#8230; \u00c7a peut m\u00eame \u00eatre plus utile que je crois.<\/p>\n<p style=\"text-align: justify;\">Ne manque pas de m&rsquo;\u00e9crire souvent. Je t&#8217;embrasse, jusqu&rsquo;\u00e0 te r\u00e9chauffer.<\/p>\n<p style=\"text-align: justify;\">JR<\/p>\n<p style=\"text-align: justify;\"><a href=\"#_ftnref1\" name=\"_ftn1\">[1]<\/a> Albert Paraz, romancier et journaliste fran\u00e7ais n\u00e9 \u00e0 Constantine (Alg\u00e9rie) le 10 d\u00e9cembre 1899 et mort \u00e0 Vence le 2 septembre 1957. Paraz \u00e9tait un proche de Louis-Ferdinand C\u00e9line avec lequel il entretint une correspondance\u00a0; C\u00e9line l&rsquo;a du reste recommand\u00e9 \u00e0 l&rsquo;\u00e9diteur Deno\u00ebl pour publication de ses premiers ouvrages. En retour, Albert Paraz soutiendra ardemment son ami en France alors qu&rsquo;il est exil\u00e9 au Danemark. Pol\u00e9miste, antis\u00e9mite, il collabora \u00e0 divers journaux et revues d&rsquo;extr\u00eame droite tel que <em>Rivarol<\/em> et se posa en anarchiste de droite. Il fut le pr\u00e9facier du <em>Mensonge d&rsquo;Ulysse<\/em> de Paul Rassinier, l&rsquo;un des ouvrages fondateurs du n\u00e9gationnisme. (note de FGR)<br \/>\n<a href=\"#_ftnref2\" name=\"_ftn2\">[2]<\/a> <em>L&rsquo;Ind\u00e9pendance fran\u00e7aise<\/em> (Paris, 1946-1950), journal royaliste fran\u00e7ais dirig\u00e9 par Jean Madiran pour tenter remplacer le c\u00e9l\u00e8bre quotidien <em>L\u2019Action Fran\u00e7aise<\/em> (interdit de parution en 1944 pour complicit\u00e9 avec le R\u00e9gime de Vichy). Le journal est suspendu d&rsquo;octobre 1946 \u00e0 mars 1947 et en f\u00e9vrier 1948 pour ne pas avoir obtenu l&rsquo;autorisation \u00e9ditoriale pr\u00e9alable.<\/p>\n<p style=\"text-align: justify;\">\n","protected":false},"excerpt":{"rendered":"<p>\u00a0 Lundi 7 F\u00e9vrier 1949 Mon ch\u00e9ri, Je t&rsquo;ai \u00e9crit hier soir, et j&rsquo;ai re\u00e7u ce matin la lettre d\u00e9sir\u00e9e. elle est dat\u00e9e du 3. Elle m&rsquo;est parvenue juste avant que je fasse partir le mandat. J&rsquo;ai donc pu le &hellip; <a href=\"https:\/\/monperejeanmamy.fr\/?page_id=3094\">Continuer la lecture <span class=\"meta-nav\">&rarr;<\/span><\/a><\/p>\n","protected":false},"author":2,"featured_media":11,"parent":0,"menu_order":0,"comment_status":"closed","ping_status":"closed","template":"","meta":[],"folder":[],"_links":{"self":[{"href":"https:\/\/monperejeanmamy.fr\/index.php?rest_route=\/wp\/v2\/pages\/3094"}],"collection":[{"href":"https:\/\/monperejeanmamy.fr\/index.php?rest_route=\/wp\/v2\/pages"}],"about":[{"href":"https:\/\/monperejeanmamy.fr\/index.php?rest_route=\/wp\/v2\/types\/page"}],"author":[{"embeddable":true,"href":"https:\/\/monperejeanmamy.fr\/index.php?rest_route=\/wp\/v2\/users\/2"}],"replies":[{"embeddable":true,"href":"https:\/\/monperejeanmamy.fr\/index.php?rest_route=%2Fwp%2Fv2%2Fcomments&post=3094"}],"version-history":[{"count":2,"href":"https:\/\/monperejeanmamy.fr\/index.php?rest_route=\/wp\/v2\/pages\/3094\/revisions"}],"predecessor-version":[{"id":3100,"href":"https:\/\/monperejeanmamy.fr\/index.php?rest_route=\/wp\/v2\/pages\/3094\/revisions\/3100"}],"wp:featuredmedia":[{"embeddable":true,"href":"https:\/\/monperejeanmamy.fr\/index.php?rest_route=\/wp\/v2\/media\/11"}],"wp:attachment":[{"href":"https:\/\/monperejeanmamy.fr\/index.php?rest_route=%2Fwp%2Fv2%2Fmedia&parent=3094"}],"wp:term":[{"taxonomy":"folder","embeddable":true,"href":"https:\/\/monperejeanmamy.fr\/index.php?rest_route=%2Fwp%2Fv2%2Ffolder&post=3094"}],"curies":[{"name":"wp","href":"https:\/\/api.w.org\/{rel}","templated":true}]}}