{"id":3101,"date":"2021-06-02T09:31:24","date_gmt":"2021-06-02T07:31:24","guid":{"rendered":"http:\/\/monperejeanmamy.fr\/?page_id=3101"},"modified":"2021-06-02T09:35:59","modified_gmt":"2021-06-02T07:35:59","slug":"jr-a-jm-49-02-11","status":"publish","type":"page","link":"https:\/\/monperejeanmamy.fr\/?page_id=3101","title":{"rendered":"JR \u00e0 JM (49\/02\/11)"},"content":{"rendered":"<p><strong>\u00a0<\/strong><a href=\"http:\/\/monperejeanmamy.fr\/?page_id=3097\"><img loading=\"lazy\" class=\"wp-image-1352 alignleft\" src=\"http:\/\/monperejeanmamy.fr\/wp-content\/uploads\/2021\/03\/Lettre-precedente.jpg\" alt=\"\" width=\"143\" height=\"78\" \/><\/a><a href=\"http:\/\/monperejeanmamy.fr\/?page_id=3104\"><img loading=\"lazy\" class=\"alignright wp-image-1353\" src=\"http:\/\/monperejeanmamy.fr\/wp-content\/uploads\/2021\/03\/Lettre-suivante.jpg\" alt=\"\" width=\"139\" height=\"76\" \/><\/a><\/p>\n<p style=\"text-align: center;\"><strong>Vendredi 11 F\u00e9vrier 1949<br \/>\n<\/strong><\/p>\n<p style=\"text-align: center;\">Mon ch\u00e9ri,<\/p>\n<p style=\"text-align: justify;\">J&rsquo;aurais d\u00fb attendre de voir Me Leroy avant de t&rsquo;alarmer avec l&rsquo;histoire suisse. Elle n&rsquo;a pas du tout l&rsquo;air de l&rsquo;inqui\u00e9ter. Il m&rsquo;a paru, au contraire, hier, plein d&rsquo;optimisme. Il est vrai qu&rsquo;il avait eu, dans la semaine, quelques bonnes visites (dont il te parlera bient\u00f4t, puisqu&rsquo;il se propose d&rsquo;aller te voir tr\u00e8s prochainement, et peut-\u00eatre m\u00eame dimanche). Et il a, ce soir encore, un rendez-vous important \u00e0 ton sujet.<\/p>\n<p style=\"text-align: justify;\">Tu vois qu&rsquo;on ne t&rsquo;oublie pas, et qu&rsquo;au contraire, chacun se d\u00e9m\u00e8ne pour te tirer de ta gal\u00e8re. Dors donc tranquille, et ne t&rsquo;inqui\u00e8te de rien.<\/p>\n<p style=\"text-align: justify;\">Excuse-moi de ne pas t&rsquo;\u00e9crire plus longuement. Je suis bouscul\u00e9e de travail. Je voulais seulement ce soir te dire que les nouvelles n&rsquo;\u00e9taient pas mauvaises.<\/p>\n<p style=\"text-align: justify;\">Je t&#8217;embrasse tr\u00e8s fort.<\/p>\n<p style=\"text-align: justify;\">JR<\/p>\n","protected":false},"excerpt":{"rendered":"<p>\u00a0 Vendredi 11 F\u00e9vrier 1949 Mon ch\u00e9ri, J&rsquo;aurais d\u00fb attendre de voir Me Leroy avant de t&rsquo;alarmer avec l&rsquo;histoire suisse. Elle n&rsquo;a pas du tout l&rsquo;air de l&rsquo;inqui\u00e9ter. Il m&rsquo;a paru, au contraire, hier, plein d&rsquo;optimisme. Il est vrai qu&rsquo;il &hellip; <a href=\"https:\/\/monperejeanmamy.fr\/?page_id=3101\">Continuer la lecture <span class=\"meta-nav\">&rarr;<\/span><\/a><\/p>\n","protected":false},"author":2,"featured_media":11,"parent":0,"menu_order":0,"comment_status":"closed","ping_status":"closed","template":"","meta":[],"folder":[],"_links":{"self":[{"href":"https:\/\/monperejeanmamy.fr\/index.php?rest_route=\/wp\/v2\/pages\/3101"}],"collection":[{"href":"https:\/\/monperejeanmamy.fr\/index.php?rest_route=\/wp\/v2\/pages"}],"about":[{"href":"https:\/\/monperejeanmamy.fr\/index.php?rest_route=\/wp\/v2\/types\/page"}],"author":[{"embeddable":true,"href":"https:\/\/monperejeanmamy.fr\/index.php?rest_route=\/wp\/v2\/users\/2"}],"replies":[{"embeddable":true,"href":"https:\/\/monperejeanmamy.fr\/index.php?rest_route=%2Fwp%2Fv2%2Fcomments&post=3101"}],"version-history":[{"count":2,"href":"https:\/\/monperejeanmamy.fr\/index.php?rest_route=\/wp\/v2\/pages\/3101\/revisions"}],"predecessor-version":[{"id":3107,"href":"https:\/\/monperejeanmamy.fr\/index.php?rest_route=\/wp\/v2\/pages\/3101\/revisions\/3107"}],"wp:featuredmedia":[{"embeddable":true,"href":"https:\/\/monperejeanmamy.fr\/index.php?rest_route=\/wp\/v2\/media\/11"}],"wp:attachment":[{"href":"https:\/\/monperejeanmamy.fr\/index.php?rest_route=%2Fwp%2Fv2%2Fmedia&parent=3101"}],"wp:term":[{"taxonomy":"folder","embeddable":true,"href":"https:\/\/monperejeanmamy.fr\/index.php?rest_route=%2Fwp%2Fv2%2Ffolder&post=3101"}],"curies":[{"name":"wp","href":"https:\/\/api.w.org\/{rel}","templated":true}]}}