{"id":3104,"date":"2021-06-02T09:34:55","date_gmt":"2021-06-02T07:34:55","guid":{"rendered":"http:\/\/monperejeanmamy.fr\/?page_id=3104"},"modified":"2021-06-02T10:01:34","modified_gmt":"2021-06-02T08:01:34","slug":"jr-a-jm-49-02-14","status":"publish","type":"page","link":"https:\/\/monperejeanmamy.fr\/?page_id=3104","title":{"rendered":"JR \u00e0 JM (49\/02\/14)"},"content":{"rendered":"<p><strong>\u00a0<\/strong><a href=\"http:\/\/monperejeanmamy.fr\/?page_id=3101\"><img loading=\"lazy\" class=\"wp-image-1352 alignleft\" src=\"http:\/\/monperejeanmamy.fr\/wp-content\/uploads\/2021\/03\/Lettre-precedente.jpg\" alt=\"\" width=\"143\" height=\"78\" \/><\/a><a href=\"http:\/\/monperejeanmamy.fr\/?page_id=3108\"><img loading=\"lazy\" class=\"alignright wp-image-1353\" src=\"http:\/\/monperejeanmamy.fr\/wp-content\/uploads\/2021\/03\/Lettre-suivante.jpg\" alt=\"\" width=\"139\" height=\"76\" \/><\/a><\/p>\n<p style=\"text-align: center;\"><strong>Lundi 14 F\u00e9vrier 1949<br \/>\n<\/strong><\/p>\n<p style=\"text-align: center;\">Mon ch\u00e9ri,<\/p>\n<p style=\"text-align: justify;\">J&rsquo;ai bien re\u00e7u ce matin ta lettre de vendredi \u2014qui d&rsquo;ailleurs s&rsquo;est crois\u00e9e avec la mienne de la m\u00eame date. Tu as vu hier Me Leroy. Tu en sais donc plus long que moi. Aussi ce soir, je ne veux que te dire bonsoir et t&rsquo;envoyer de gros baisers.<\/p>\n<p style=\"text-align: justify;\">J&rsquo;ai t\u00e9l\u00e9phon\u00e9 \u00e0 Me Leroy. J&rsquo;irai le voir demain soir et, si j&rsquo;ai d&rsquo;autres nouvelles \u00e0 te communiquer, je t&rsquo;\u00e9crirai plus longuement. Je ne sais pas encore ce que donnera le nouveau Ministre. A premi\u00e8re vue, \u00e7a me parait de bonne augure.<\/p>\n<p style=\"text-align: justify;\">Gros gros baisers.<\/p>\n<p style=\"text-align: justify;\">JR<\/p>\n<p style=\"text-align: justify;\">Je t&rsquo;ai envoy\u00e9 ton mandat ce matin. Je l&rsquo;ai fait de 1000 francs, pensant qu&rsquo;avec le froid, tu aurais davantage besoin de te restaurer. Tu me diras si je dois faire pareil la semaine prochaine.<\/p>\n","protected":false},"excerpt":{"rendered":"<p>\u00a0 Lundi 14 F\u00e9vrier 1949 Mon ch\u00e9ri, J&rsquo;ai bien re\u00e7u ce matin ta lettre de vendredi \u2014qui d&rsquo;ailleurs s&rsquo;est crois\u00e9e avec la mienne de la m\u00eame date. Tu as vu hier Me Leroy. Tu en sais donc plus long que &hellip; <a href=\"https:\/\/monperejeanmamy.fr\/?page_id=3104\">Continuer la lecture <span class=\"meta-nav\">&rarr;<\/span><\/a><\/p>\n","protected":false},"author":2,"featured_media":11,"parent":0,"menu_order":0,"comment_status":"closed","ping_status":"closed","template":"","meta":[],"folder":[],"_links":{"self":[{"href":"https:\/\/monperejeanmamy.fr\/index.php?rest_route=\/wp\/v2\/pages\/3104"}],"collection":[{"href":"https:\/\/monperejeanmamy.fr\/index.php?rest_route=\/wp\/v2\/pages"}],"about":[{"href":"https:\/\/monperejeanmamy.fr\/index.php?rest_route=\/wp\/v2\/types\/page"}],"author":[{"embeddable":true,"href":"https:\/\/monperejeanmamy.fr\/index.php?rest_route=\/wp\/v2\/users\/2"}],"replies":[{"embeddable":true,"href":"https:\/\/monperejeanmamy.fr\/index.php?rest_route=%2Fwp%2Fv2%2Fcomments&post=3104"}],"version-history":[{"count":2,"href":"https:\/\/monperejeanmamy.fr\/index.php?rest_route=\/wp\/v2\/pages\/3104\/revisions"}],"predecessor-version":[{"id":3111,"href":"https:\/\/monperejeanmamy.fr\/index.php?rest_route=\/wp\/v2\/pages\/3104\/revisions\/3111"}],"wp:featuredmedia":[{"embeddable":true,"href":"https:\/\/monperejeanmamy.fr\/index.php?rest_route=\/wp\/v2\/media\/11"}],"wp:attachment":[{"href":"https:\/\/monperejeanmamy.fr\/index.php?rest_route=%2Fwp%2Fv2%2Fmedia&parent=3104"}],"wp:term":[{"taxonomy":"folder","embeddable":true,"href":"https:\/\/monperejeanmamy.fr\/index.php?rest_route=%2Fwp%2Fv2%2Ffolder&post=3104"}],"curies":[{"name":"wp","href":"https:\/\/api.w.org\/{rel}","templated":true}]}}