{"id":3108,"date":"2021-06-02T10:00:00","date_gmt":"2021-06-02T08:00:00","guid":{"rendered":"http:\/\/monperejeanmamy.fr\/?page_id=3108"},"modified":"2021-06-02T10:19:05","modified_gmt":"2021-06-02T08:19:05","slug":"jr-a-jm-19-02-18","status":"publish","type":"page","link":"https:\/\/monperejeanmamy.fr\/?page_id=3108","title":{"rendered":"JR \u00e0 JM (49\/02\/18)"},"content":{"rendered":"<p><strong>\u00a0<\/strong><a href=\"http:\/\/monperejeanmamy.fr\/?page_id=3104\"><img loading=\"lazy\" class=\"wp-image-1352 alignleft\" src=\"http:\/\/monperejeanmamy.fr\/wp-content\/uploads\/2021\/03\/Lettre-precedente.jpg\" alt=\"\" width=\"143\" height=\"78\" \/><\/a><a href=\"http:\/\/monperejeanmamy.fr\/?page_id=3112\"><img loading=\"lazy\" class=\"alignright wp-image-1353\" src=\"http:\/\/monperejeanmamy.fr\/wp-content\/uploads\/2021\/03\/Lettre-suivante.jpg\" alt=\"\" width=\"139\" height=\"76\" \/><\/a><\/p>\n<p style=\"text-align: center;\"><strong>Vendredi 18 F\u00e9vrier 1949<br \/>\n<\/strong><\/p>\n<p style=\"text-align: center;\">Mon ch\u00e9ri,<\/p>\n<p style=\"text-align: justify;\">Je ne t&rsquo;ai pas \u00e9crit depuis lundi, et ce soir encore, je vais te demander d&rsquo;\u00eatre indulgent et d&rsquo;accepter ce tout petit mot. Je suis un peu bouscul\u00e9e de travail ces jours-ci, et ce soir \u2014o\u00f9 je me proposais de t&rsquo;\u00e9crire\u2014 une visite impr\u00e9vue m&rsquo;en emp\u00eache.<\/p>\n<p style=\"text-align: justify;\">Mais tu sais que je pense \u00e0 toi \u00e9norm\u00e9ment, et que je suis de tr\u00e8s pr\u00e8s ton dossier. J&rsquo;ai tr\u00e8s bon espoir. J&rsquo;ai vu Leroy lundi, qui m&rsquo;a paru assez satisfait et optimiste. Et ce matin, je t&rsquo;ai fait donner de mes bonnes nouvelles.<\/p>\n<p style=\"text-align: justify;\">Tu m&rsquo;as \u00e9crit cette semaine deux lettres qui m&rsquo;ont fait tr\u00e8s tr\u00e8s tr\u00e8s plaisir. Tu es gentil comme tout. Je voudrais bien t&rsquo;avoir pr\u00e8s de moi. Tout ce que tu m&rsquo;as racont\u00e9 concernant Catherine <a href=\"#_ftn1\" name=\"_ftnref1\">[1]<\/a> m&rsquo;a \u00e9t\u00e9 tr\u00e8s agr\u00e9able.<\/p>\n<p style=\"text-align: justify;\">Nous en reparlerons, j&rsquo;esp\u00e8re, tr\u00e8s bient\u00f4t.<\/p>\n<p style=\"text-align: justify;\">Je t&#8217;embrasse, Mon ch\u00e9ri, et quand tout le monde sera parti, ce soir, quand les lumi\u00e8res seront \u00e9teintes, je te raconterai toutes sortes de belles histoires. Je voudrais d\u00e9j\u00e0 que tout le monde soit parti.<\/p>\n<p style=\"text-align: justify;\">Bonsoir, Mon ch\u00e9ri. Gros baisers.<\/p>\n<p style=\"text-align: justify;\">JR<\/p>\n<p style=\"text-align: justify;\"><a href=\"#_ftnref1\" name=\"_ftn1\">[1]<\/a> Projet \u00ab\u00a0au cas o\u00f9\u00a0\u00bb, qui, s\u2019il s\u2019\u00e9tait concr\u00e9tis\u00e9, m\u2019aurait donn\u00e9 une petite s\u0153ur qui se serait donc appel\u00e9e Catherine (note de FGR)<\/p>\n","protected":false},"excerpt":{"rendered":"<p>\u00a0 Vendredi 18 F\u00e9vrier 1949 Mon ch\u00e9ri, Je ne t&rsquo;ai pas \u00e9crit depuis lundi, et ce soir encore, je vais te demander d&rsquo;\u00eatre indulgent et d&rsquo;accepter ce tout petit mot. Je suis un peu bouscul\u00e9e de travail ces jours-ci, et &hellip; <a href=\"https:\/\/monperejeanmamy.fr\/?page_id=3108\">Continuer la lecture <span class=\"meta-nav\">&rarr;<\/span><\/a><\/p>\n","protected":false},"author":2,"featured_media":11,"parent":0,"menu_order":0,"comment_status":"closed","ping_status":"closed","template":"","meta":[],"folder":[],"_links":{"self":[{"href":"https:\/\/monperejeanmamy.fr\/index.php?rest_route=\/wp\/v2\/pages\/3108"}],"collection":[{"href":"https:\/\/monperejeanmamy.fr\/index.php?rest_route=\/wp\/v2\/pages"}],"about":[{"href":"https:\/\/monperejeanmamy.fr\/index.php?rest_route=\/wp\/v2\/types\/page"}],"author":[{"embeddable":true,"href":"https:\/\/monperejeanmamy.fr\/index.php?rest_route=\/wp\/v2\/users\/2"}],"replies":[{"embeddable":true,"href":"https:\/\/monperejeanmamy.fr\/index.php?rest_route=%2Fwp%2Fv2%2Fcomments&post=3108"}],"version-history":[{"count":3,"href":"https:\/\/monperejeanmamy.fr\/index.php?rest_route=\/wp\/v2\/pages\/3108\/revisions"}],"predecessor-version":[{"id":3114,"href":"https:\/\/monperejeanmamy.fr\/index.php?rest_route=\/wp\/v2\/pages\/3108\/revisions\/3114"}],"wp:featuredmedia":[{"embeddable":true,"href":"https:\/\/monperejeanmamy.fr\/index.php?rest_route=\/wp\/v2\/media\/11"}],"wp:attachment":[{"href":"https:\/\/monperejeanmamy.fr\/index.php?rest_route=%2Fwp%2Fv2%2Fmedia&parent=3108"}],"wp:term":[{"taxonomy":"folder","embeddable":true,"href":"https:\/\/monperejeanmamy.fr\/index.php?rest_route=%2Fwp%2Fv2%2Ffolder&post=3108"}],"curies":[{"name":"wp","href":"https:\/\/api.w.org\/{rel}","templated":true}]}}