{"id":3112,"date":"2021-06-02T10:18:09","date_gmt":"2021-06-02T08:18:09","guid":{"rendered":"http:\/\/monperejeanmamy.fr\/?page_id=3112"},"modified":"2024-01-27T11:52:28","modified_gmt":"2024-01-27T10:52:28","slug":"jr-a-jm-49-02-21","status":"publish","type":"page","link":"https:\/\/monperejeanmamy.fr\/?page_id=3112","title":{"rendered":"JR \u00e0 JM (49\/02\/21)"},"content":{"rendered":"<p><strong>\u00a0<\/strong><a href=\"http:\/\/monperejeanmamy.fr\/?page_id=3108\"><img loading=\"lazy\" class=\"wp-image-1352 alignleft\" src=\"http:\/\/monperejeanmamy.fr\/wp-content\/uploads\/2021\/03\/Lettre-precedente.jpg\" alt=\"\" width=\"143\" height=\"78\" \/><\/a><a href=\"http:\/\/monperejeanmamy.fr\/?page_id=3115\"><img loading=\"lazy\" class=\"alignright wp-image-1353\" src=\"http:\/\/monperejeanmamy.fr\/wp-content\/uploads\/2021\/03\/Lettre-suivante.jpg\" alt=\"\" width=\"139\" height=\"76\" \/><\/a><\/p>\n<p style=\"text-align: center;\"><strong>Lundi 21 F\u00e9vrier 1949<br \/>\n<\/strong><\/p>\n<p style=\"text-align: center;\">Mon ch\u00e9ri,<\/p>\n<p style=\"text-align: justify;\">Si la lettre (que dis-je ? les neuf petites lignes plus trois \u00bd lignes) que j&rsquo;ai re\u00e7ue de toi ce matin n&rsquo;\u00e9tait pas pr\u00e9cis\u00e9ment dat\u00e9e de vendredi 18, je voudrais bien admettre que c&rsquo;est \u00e0 \u00ab\u00a0<em>un tas de pages d&rsquo;\u00e9critures<\/em>\u00a0\u00bb que j&rsquo;ai \u00e9t\u00e9 sacrifi\u00e9e. Comme au surplus, tu plaides coupable, et qu&rsquo;\u00e0 premi\u00e8re vue, tu parais de bonne foi, je t&rsquo;accorderais les circonstances att\u00e9nuantes, et je t&rsquo;acquitterais au b\u00e9n\u00e9fice du doute.<\/p>\n<p style=\"text-align: justify;\">Mais je suis plut\u00f4t tent\u00e9e de croire que tu m&rsquo;as menti, et que c&rsquo;est \u00e0 \u00ab\u00a0<em>quelques lectures<\/em>\u00a0\u00bb (de fort mauvais go\u00fbt d&rsquo;ailleurs) que j&rsquo;ai \u00e9t\u00e9 sacrifi\u00e9e.<\/p>\n<p style=\"text-align: justify;\">Aucune importance, du reste ! Ce qui compte pour moi, c&rsquo;est que tu aies pass\u00e9, vendredi, un bon moment. Et si tu as pris plus de plaisir \u00e0 lire ces vilaines pages qu&rsquo;\u00e0 m&rsquo;\u00e9crire longuement, eh bien, je suis contente.<\/p>\n<p style=\"text-align: justify;\">Voil\u00e0 \u00e0 quel point je t&rsquo;aime, moi. Je suis heureuse m\u00eame si tu n&rsquo;as que le temps de penser un peu \u00e0 moi. Je suis heureuse rien qu&rsquo;en pensant \u00e0 toi.<\/p>\n<p style=\"text-align: justify;\">Rien de nouveau, la semaine derni\u00e8re. On dirait que \u00e7a dort un peu. J&rsquo;y veille et vais \u00e0 nouveau me renseigner demain. Je n&rsquo;ai pas revu Me Leroy depuis mardi. Je n&rsquo;avais rien de particulier \u00e0 lui dire, mais je lui donnerai un coup de fil demain ou apr\u00e8s-demain pour garder le contact.<\/p>\n<p style=\"text-align: justify;\">J&rsquo;ai mis ce matin \u00e0 la poste ton petit mandat hebdomadaire. Je t&rsquo;ai ob\u00e9i : je l&rsquo;ai fait de 500 seulement. Mais surtout n&rsquo;h\u00e9site pas \u00e0 me demander davantage, si besoin est. On ne doit pas te rapporter grosses provisions avec 500 francs.<\/p>\n<p style=\"text-align: justify;\">J&rsquo;ai \u00e9t\u00e9 d\u00e9bord\u00e9e de travail cette semaine. Mais, ouf ! J&rsquo;ai embarqu\u00e9 mon patron hier soir (et je peux dire \u00ab embarqu\u00e9 \u00bb car, pour pouvoir me dicter jusqu&rsquo;\u00e0 la derni\u00e8re minute, il m&rsquo;a tra\u00een\u00e9e dans sa voiture jusqu&rsquo;\u00e0 la Gare de l&rsquo;Est, et il s&rsquo;en est fallu de peu que je me retrouve \u00e0 B\u00e2le ce matin) et me voil\u00e0 un peu tranquille (oh ! un peu seulement car il m&rsquo;a laiss\u00e9 de quoi m&rsquo;occuper) jusqu&rsquo;\u00e0 jeudi matin.<\/p>\n<p style=\"text-align: justify;\">Certains journaux de ce matin parlaient d&rsquo;une r\u00e9volte chez vous. Mais je crois que \u00e7a n&rsquo;est pas tout \u00e0 fait vrai. En tous cas, \u00ab\u00a0<em>l&rsquo;importante op\u00e9ration de police et les fouilles minutieuse ont tout de m\u00eame permis de d\u00e9couvrir&#8230; quelques couteaux et une correspondance sans importance<\/em> \u00bb, pr\u00e9cisent les journaux. Amusant !<\/p>\n<p style=\"text-align: justify;\">Je te promets de t\u2019\u00e9crire \u00e0 nouveau bient\u00f4t. Ce soir, je vais vite dormir. Je suis d\u00e9j\u00e0 dans mon lit d&rsquo;ailleurs, et je t&rsquo;\u00e9cris sur mes genoux.<\/p>\n<p style=\"text-align: justify;\">Je m&rsquo;ennuie, tu sais Je voudrais t&#8217;embrasser tr\u00e8s fort.<\/p>\n<p style=\"text-align: justify;\">JR<\/p>\n","protected":false},"excerpt":{"rendered":"<p>\u00a0 Lundi 21 F\u00e9vrier 1949 Mon ch\u00e9ri, Si la lettre (que dis-je ? les neuf petites lignes plus trois \u00bd lignes) que j&rsquo;ai re\u00e7ue de toi ce matin n&rsquo;\u00e9tait pas pr\u00e9cis\u00e9ment dat\u00e9e de vendredi 18, je voudrais bien admettre que &hellip; <a href=\"https:\/\/monperejeanmamy.fr\/?page_id=3112\">Continuer la lecture <span class=\"meta-nav\">&rarr;<\/span><\/a><\/p>\n","protected":false},"author":2,"featured_media":11,"parent":0,"menu_order":0,"comment_status":"closed","ping_status":"closed","template":"","meta":[],"folder":[],"_links":{"self":[{"href":"https:\/\/monperejeanmamy.fr\/index.php?rest_route=\/wp\/v2\/pages\/3112"}],"collection":[{"href":"https:\/\/monperejeanmamy.fr\/index.php?rest_route=\/wp\/v2\/pages"}],"about":[{"href":"https:\/\/monperejeanmamy.fr\/index.php?rest_route=\/wp\/v2\/types\/page"}],"author":[{"embeddable":true,"href":"https:\/\/monperejeanmamy.fr\/index.php?rest_route=\/wp\/v2\/users\/2"}],"replies":[{"embeddable":true,"href":"https:\/\/monperejeanmamy.fr\/index.php?rest_route=%2Fwp%2Fv2%2Fcomments&post=3112"}],"version-history":[{"count":4,"href":"https:\/\/monperejeanmamy.fr\/index.php?rest_route=\/wp\/v2\/pages\/3112\/revisions"}],"predecessor-version":[{"id":3307,"href":"https:\/\/monperejeanmamy.fr\/index.php?rest_route=\/wp\/v2\/pages\/3112\/revisions\/3307"}],"wp:featuredmedia":[{"embeddable":true,"href":"https:\/\/monperejeanmamy.fr\/index.php?rest_route=\/wp\/v2\/media\/11"}],"wp:attachment":[{"href":"https:\/\/monperejeanmamy.fr\/index.php?rest_route=%2Fwp%2Fv2%2Fmedia&parent=3112"}],"wp:term":[{"taxonomy":"folder","embeddable":true,"href":"https:\/\/monperejeanmamy.fr\/index.php?rest_route=%2Fwp%2Fv2%2Ffolder&post=3112"}],"curies":[{"name":"wp","href":"https:\/\/api.w.org\/{rel}","templated":true}]}}