{"id":3118,"date":"2021-06-02T10:26:09","date_gmt":"2021-06-02T08:26:09","guid":{"rendered":"http:\/\/monperejeanmamy.fr\/?page_id=3118"},"modified":"2024-01-27T12:00:02","modified_gmt":"2024-01-27T11:00:02","slug":"jr-a-jm-49-03-01","status":"publish","type":"page","link":"https:\/\/monperejeanmamy.fr\/?page_id=3118","title":{"rendered":"JR \u00e0 JM (49\/03\/01)"},"content":{"rendered":"<p><strong>\u00a0<\/strong><a href=\"http:\/\/monperejeanmamy.fr\/?page_id=3115\"><img loading=\"lazy\" class=\"wp-image-1352 alignleft\" src=\"http:\/\/monperejeanmamy.fr\/wp-content\/uploads\/2021\/03\/Lettre-precedente.jpg\" alt=\"\" width=\"143\" height=\"78\" \/><\/a><a href=\"http:\/\/monperejeanmamy.fr\/?page_id=3124\"><img loading=\"lazy\" class=\"alignright wp-image-1353\" src=\"http:\/\/monperejeanmamy.fr\/wp-content\/uploads\/2021\/03\/Lettre-suivante.jpg\" alt=\"\" width=\"139\" height=\"76\" \/><\/a><\/p>\n<p style=\"text-align: center;\"><strong>Mardi, 1<sup>er<\/sup> Mars 1949<br \/>\n<\/strong><\/p>\n<p style=\"text-align: center;\">Mon ch\u00e9ri,<\/p>\n<p style=\"text-align: justify;\">\u00ab\u00a0<em>Oh temps ! Suspends ton vol !&#8230; et vous, heures propices, suspendez votre cours !&#8230;<br \/>\n<\/em><em>&#8230; Assez de malheureux ici-bas vous implorent : Coulez, coulez pour eux ; prenez avec leurs jours les soirs qui les d\u00e9vorent ; oubliez les heureux !<\/em>\u00a0\u00bb.<\/p>\n<p style=\"text-align: justify;\">Qu&rsquo;on le veuille ou non, les jours s&rsquo;\u00e9coulent toujours \u00e0 la m\u00eame cadence. On ne peut ni les retenir, ni les pr\u00e9cipiter. Et c&rsquo;est mieux ainsi. Quelle paga\u00efe si chacun se mettait \u00e0 vouloir diriger le temps ! Ce pauvre vieillard serait vite \u00e9cartel\u00e9, sans d&rsquo;ailleurs que personne \u2014\u00e0 retrouver hier ou atteindre demain\u2014 n&rsquo;\u00e9prouve plus de satisfaction qu&rsquo;\u00e0 vivre l&rsquo;heure pr\u00e9sente.<\/p>\n<p style=\"text-align: justify;\">Rien de nouveau cette derni\u00e8re semaine. L&rsquo;affaire suit son cours. Et comme tu as vu Me Leroy samedi, tu sais aussi bien que moi o\u00f9 on en est. Tant qu&rsquo;il n&rsquo;aura pas \u00e9t\u00e9 convoqu\u00e9, c&rsquo;est que le dossier est toujours au m\u00eame endroit. J&rsquo;y veille de mon c\u00f4t\u00e9. J&rsquo;ai vu Me Leroy hier soir. Nous avons parl\u00e9 un long moment. Je suis bien contente qu&rsquo;il aille r\u00e9guli\u00e8rement te voir. Je l&rsquo;ai remerci\u00e9 de te consacrer beaucoup de son temps. Mais il m&rsquo;a aimablement dit qu&rsquo;il avait plaisir \u00e0 bavarder avec toi (je ne lui ai pas dit que cela ne m&rsquo;\u00e9tonnait pas. Mais j&rsquo;ai pens\u00e9 que je voudrais bien \u00eatre \u00e0 sa place). Je lui ai dit de parler avec toi de la question du petit compl\u00e9ment d&rsquo;honoraires que j&rsquo;estime normal de lui proposer. Voyez \u00e7a ensemble et dites-moi, l&rsquo;un ou l&rsquo;autre, ce que je dois lui verser. Si tu estimes, comme tu me le disais sur une pr\u00e9c\u00e9dente lettre, que ta famille doit faire \u00e9galement un geste, d\u00e9brouille-toi avec elle, mais surtout, ne m&rsquo;en charge pas. Je ne veux pas entendre parler de question d&rsquo;argent. Et m\u00eame si \u00e7a doit t&rsquo;attirer des d\u00e9sagr\u00e9ments, ou des r\u00e9flexions peu aimables, ou m\u00eame si simplement \u00e7a t&rsquo;ennuie d&rsquo;avoir \u00e0 demander quelque chose, ne t&rsquo;en inqui\u00e8te pas, et dis-moi de verser toute la somme. Si je ne peux le faire de suite, je prendrai des arrangements avec Me Leroy.<\/p>\n<p style=\"text-align: justify;\">Fr\u00e9d\u00e9ric a pass\u00e9 la journ\u00e9e (plus exactement de 4 \u00e0 6) sur les Grands Boulevards, \u00e0 la recherche de quelques d\u00e9guis\u00e9s. Et maintenant il dort, en r\u00eavant sans doute \u00e0 quelque colombine ou \u00e0 quelque marquise. <em>France-Dimanche<\/em> r\u00e9serve une page de son num\u00e9ro de cette semaine \u00ab\u00a0<em>aux douze condamn\u00e9s \u00e0 mort des cours de Justice qui attendent l&rsquo;ex\u00e9cution en esp\u00e9rant la gr\u00e2ce<\/em>\u00a0\u00bb. (Tu n&rsquo;y figures pas. J&rsquo;en d\u00e9duis que toi \u2014pour ne pas faire comme tout le monde\u2014 tu attends la gr\u00e2ce en esp\u00e9rant l&rsquo;ex\u00e9cution). Fran\u00e7ois Hulot ressemble \u00e9tonnement \u00e0 Andr\u00e9 Luguet dans \u00ab\u00a0<em>Les mains sales<\/em>\u00a0\u00bb. J&rsquo;ai fait part \u00e0 Me Leroy de ta demande concernant le t\u00e9moignage Pfannstiell <a href=\"#_ftn1\" name=\"_ftnref1\">[1]<\/a>. Il te l&rsquo;enverra certainement. Je verrai la s\u0153ur de B. pour le document. Je te tiendrai au courant de sa r\u00e9ponse. J&rsquo;ai re\u00e7u ta lettre ce matin. Je suis bien contente que tu n&rsquo;aimes pas \u00ab <em>Le gala des vaches <a href=\"#_ftn2\" name=\"_ftnref2\"><strong>[2]<\/strong><\/a><\/em>\u00a0\u00bb. J&rsquo;en \u00e9tais s\u00fbre. Moi non plus, je n&rsquo;aime pas cette litt\u00e9rature (je ne l&rsquo;ai d&rsquo;ailleurs pas lu, mais quelques lignes ont suffi \u00e0 m\u2019\u00e9c\u0153urer). Je pr\u00e9f\u00e8re \u00ab\u00a0<em>Les M\u00e9moires d&rsquo;un \u00e2ne<\/em>\u00a0\u00bb de la Comtesse de S\u00e9gur. Ou m\u00eame \u00ab\u00a0<em>Le Ciel d&rsquo;Aujourd&rsquo;hui<\/em>\u00a0\u00bb (je n&rsquo;y comprends quelque fois rien, mais je n&rsquo;y comprends jamais rien de vulgaire). Je t&rsquo;aime \u00e9norm\u00e9ment. Je voudrais comprendre tout ce que tu \u00e9cris, tout ce que tu dis, tout ce que tu ne dis pas, tout ce que tu fais, tout ce que tu penses. Je comprends tr\u00e8s bien que tu m&rsquo;aimes. Gros baisers<\/p>\n<p style=\"text-align: justify;\">JR<\/p>\n<p style=\"text-align: justify;\">P.S. Et au fond, c&rsquo;est tr\u00e8s suffisant. Gros baisers encore (un mandat est parti hier lundi, comme d&rsquo;habitude).<\/p>\n<p style=\"text-align: justify;\"><a href=\"#_ftnref1\" name=\"_ftn1\">[1]<\/a> En mai 1941, Vichy fait appel au capitaine de fr\u00e9gate Robert Labat pour constituer, sous l&rsquo;autorit\u00e9 de B. Fay, un Service des Soci\u00e9t\u00e9s Secr\u00e8tes avec un service central \u00e0 la fois \u00e0 Vichy et \u00e0 Paris (dans les m\u00eames locaux que le S. D.).<br \/>\nQuatre autres services anti-ma\u00e7onniques existeront dans la capitale : le Service sp\u00e9cial des associations dissoutes, du commissaire fran\u00e7ais S. Moerscheli (4. square Rapp, ancien si\u00e8ge de la Soci\u00e9t\u00e9 Th\u00e9osophique, sous l&rsquo;autorit\u00e9 de la police judiciaire de H. Laffont) ; le Centre d&rsquo;Action et de Documentation (8 rue de Puteaux ancien si\u00e8ge de la Grande Loge de France, dirig\u00e9 par Henry Coston, qui publie \u00e0 partir d&rsquo;octobre 1941 un Bulletin d&rsquo;information anti-ma\u00e7onnique)\u00a0; le Service de Renseignements organis\u00e9 \u2014avec l&rsquo;autorisation allemande\u2014 \u00e0 titre personnel par Marqu\u00e8s-Rivi\u00e8re (5 nue Greffulhe)\u00a0; le Service allemand du Dr Pfannstiel, (72, avenue Foch, dans les locaux de l&rsquo;ambassade du Canada). (Note de FGR)<br \/>\n<a href=\"#_ftnref2\" name=\"_ftn2\">[2]<\/a> <em>Le Gala des vaches<\/em>\u00a0: pamphlet d\u2019Albert Paraz, ami de L.F. C\u00e9line (r\u00e9\u00e9dit\u00e9 dans <em>Le bal d\u2019un maudit<\/em> avec <em>Valsez saucisses<\/em> et <em>le menuet du haricot<\/em> (note de FGR)<\/p>\n","protected":false},"excerpt":{"rendered":"<p>\u00a0 Mardi, 1er Mars 1949 Mon ch\u00e9ri, \u00ab\u00a0Oh temps ! Suspends ton vol !&#8230; et vous, heures propices, suspendez votre cours !&#8230; &#8230; Assez de malheureux ici-bas vous implorent : Coulez, coulez pour eux ; prenez avec leurs jours les &hellip; <a href=\"https:\/\/monperejeanmamy.fr\/?page_id=3118\">Continuer la lecture <span class=\"meta-nav\">&rarr;<\/span><\/a><\/p>\n","protected":false},"author":2,"featured_media":11,"parent":0,"menu_order":0,"comment_status":"closed","ping_status":"closed","template":"","meta":[],"folder":[],"_links":{"self":[{"href":"https:\/\/monperejeanmamy.fr\/index.php?rest_route=\/wp\/v2\/pages\/3118"}],"collection":[{"href":"https:\/\/monperejeanmamy.fr\/index.php?rest_route=\/wp\/v2\/pages"}],"about":[{"href":"https:\/\/monperejeanmamy.fr\/index.php?rest_route=\/wp\/v2\/types\/page"}],"author":[{"embeddable":true,"href":"https:\/\/monperejeanmamy.fr\/index.php?rest_route=\/wp\/v2\/users\/2"}],"replies":[{"embeddable":true,"href":"https:\/\/monperejeanmamy.fr\/index.php?rest_route=%2Fwp%2Fv2%2Fcomments&post=3118"}],"version-history":[{"count":5,"href":"https:\/\/monperejeanmamy.fr\/index.php?rest_route=\/wp\/v2\/pages\/3118\/revisions"}],"predecessor-version":[{"id":3310,"href":"https:\/\/monperejeanmamy.fr\/index.php?rest_route=\/wp\/v2\/pages\/3118\/revisions\/3310"}],"wp:featuredmedia":[{"embeddable":true,"href":"https:\/\/monperejeanmamy.fr\/index.php?rest_route=\/wp\/v2\/media\/11"}],"wp:attachment":[{"href":"https:\/\/monperejeanmamy.fr\/index.php?rest_route=%2Fwp%2Fv2%2Fmedia&parent=3118"}],"wp:term":[{"taxonomy":"folder","embeddable":true,"href":"https:\/\/monperejeanmamy.fr\/index.php?rest_route=%2Fwp%2Fv2%2Ffolder&post=3118"}],"curies":[{"name":"wp","href":"https:\/\/api.w.org\/{rel}","templated":true}]}}