{"id":3124,"date":"2021-06-02T11:44:32","date_gmt":"2021-06-02T09:44:32","guid":{"rendered":"http:\/\/monperejeanmamy.fr\/?page_id=3124"},"modified":"2021-06-02T17:09:01","modified_gmt":"2021-06-02T15:09:01","slug":"jr-a-jm-49-03-05","status":"publish","type":"page","link":"https:\/\/monperejeanmamy.fr\/?page_id=3124","title":{"rendered":"JR \u00e0 JM (49\/03\/05)"},"content":{"rendered":"<p><strong>\u00a0<\/strong><a href=\"http:\/\/monperejeanmamy.fr\/?page_id=3118\"><img loading=\"lazy\" class=\"wp-image-1352 alignleft\" src=\"http:\/\/monperejeanmamy.fr\/wp-content\/uploads\/2021\/03\/Lettre-precedente.jpg\" alt=\"\" width=\"143\" height=\"78\" \/><\/a><a href=\"http:\/\/monperejeanmamy.fr\/?page_id=3131\"><img loading=\"lazy\" class=\"alignright wp-image-1353\" src=\"http:\/\/monperejeanmamy.fr\/wp-content\/uploads\/2021\/03\/Lettre-suivante.jpg\" alt=\"\" width=\"139\" height=\"76\" \/><\/a><\/p>\n<p style=\"text-align: center;\"><strong>Samedi 5 Mars 1949<br \/>\n22 heures<br \/>\n<\/strong><\/p>\n<p style=\"text-align: center;\">Mon ch\u00e9ri,<\/p>\n<p style=\"text-align: justify;\">Vu Leroy tout \u00e0 l&rsquo;heure. Emball\u00e9 sur la derni\u00e8re ponte (Lui. Pas-moi \u2014Mais pour vous faire plaisir \u00e0 tous les deux, je vais me d\u00e9p\u00eacher d&rsquo;y travailler. Il parait d&rsquo;ailleurs que \u00e7a va me \u00ab\u00a0passionner\u00a0\u00bb. Le crois-tu, toi ?).<\/p>\n<p style=\"text-align: justify;\">En rentrant de Fresnes, hier soir, il a re\u00e7u un coup de t\u00e9l\u00e9phone de Mr Janvier \u2014dont il t&rsquo;avait parl\u00e9\u2014 ensuite de quoi il lui a, aujourd&rsquo;hui, envoy\u00e9 une note de 3 pages, dont il te communiquera la copie. Il paraissait satisfait de cet entretien t\u00e9l\u00e9phonique, et continue \u00e0 avoir bon espoir.<\/p>\n<p style=\"text-align: justify;\">J&rsquo;ai re\u00e7u, ce matin, ta lettre du 3. Pas dr\u00f4le ! Tu ne me parles que du bouddhisme, et \u2014sur la derni\u00e8re ligne\u2014 tu \u00ab\u00a0<em>m&#8217;embrasses comme il n&rsquo;est pas possible<\/em>\u00a0\u00bb. J&rsquo;aimerais, moi, qu&rsquo;il soit possible que tu m&#8217;embrasses. Mais, puisque tu le souhaites, je ne m&rsquo;ennuierai plus.<\/p>\n<p style=\"text-align: justify;\">Je vais rechercher le bouquin d\u00e9sir\u00e9.<\/p>\n<p style=\"text-align: justify;\">Et, pour la prochaine visite de Leroy, je vais v\u00e9rifier E. de R. (Je crois, qu&rsquo;en ce qui me concerne, c&rsquo;\u00e9tait \u00e0 peu pr\u00e8s au point).<\/p>\n<p style=\"text-align: justify;\">Je ne t&rsquo;\u00e9crirai pas plus longuement ce soir. Je ne veux pas te raconter en d\u00e9tail tout ce que j&rsquo;ai \u00e0 faire, mais crois bien que je ne prends pas une minute de repos. Je veux, ce soir, mettre en ordre le linge de Fr\u00e9d\u00e9ric pour pouvoir, demain apr\u00e8s-midi \u2014dans la mesure o\u00f9 il me laissera libre\u2014 me consacrer \u00e0 toi.<\/p>\n<p style=\"text-align: justify;\">Je t&rsquo;aime tr\u00e8s fort.<\/p>\n<p style=\"text-align: justify;\">JR<\/p>\n<p style=\"text-align: justify;\">J&rsquo;ai t\u00e9l\u00e9phon\u00e9 ce soir \u00e0 ta m\u00e8re pour lui donner quelques nouvelles. Je voudrais bien disposer d&rsquo;un peu plus de temps pour la voir davantage. Mais, vraiment, en ce moment, je n&rsquo;ai pas une minute \u00e0 moi. Elle m&rsquo;a paru tr\u00e8s bien le comprendre. Son moral \u00e9tait excellent, et elle \u00e9tait de parfaite humeur et pas du tout cafardeuse.<\/p>\n<p style=\"text-align: justify;\">Je t\u00e2cherai de me rendre libre \u00e0 la premi\u00e8re belle journ\u00e9e, pour lui donner rendez-vous au Jardin des Plantes o\u00f9 nous pourrions bavarder un peu en promenant Fr\u00e9d\u00e9ric.<\/p>\n<p style=\"text-align: justify;\">J&rsquo;ai aussi t\u00e9l\u00e9phon\u00e9 ce soir \u00e0 G\u00e9ranton. Il te dit un amical bonjour, et est heureux de constater \u00ab\u00a0l&rsquo;atmosph\u00e8re actuelle\u00a0\u00bb qui est, pour nous \u2014dit-il\u2014 bien meilleure.<\/p>\n","protected":false},"excerpt":{"rendered":"<p>\u00a0 Samedi 5 Mars 1949 22 heures Mon ch\u00e9ri, Vu Leroy tout \u00e0 l&rsquo;heure. Emball\u00e9 sur la derni\u00e8re ponte (Lui. Pas-moi \u2014Mais pour vous faire plaisir \u00e0 tous les deux, je vais me d\u00e9p\u00eacher d&rsquo;y travailler. Il parait d&rsquo;ailleurs que &hellip; <a href=\"https:\/\/monperejeanmamy.fr\/?page_id=3124\">Continuer la lecture <span class=\"meta-nav\">&rarr;<\/span><\/a><\/p>\n","protected":false},"author":2,"featured_media":11,"parent":0,"menu_order":0,"comment_status":"closed","ping_status":"closed","template":"","meta":[],"folder":[],"_links":{"self":[{"href":"https:\/\/monperejeanmamy.fr\/index.php?rest_route=\/wp\/v2\/pages\/3124"}],"collection":[{"href":"https:\/\/monperejeanmamy.fr\/index.php?rest_route=\/wp\/v2\/pages"}],"about":[{"href":"https:\/\/monperejeanmamy.fr\/index.php?rest_route=\/wp\/v2\/types\/page"}],"author":[{"embeddable":true,"href":"https:\/\/monperejeanmamy.fr\/index.php?rest_route=\/wp\/v2\/users\/2"}],"replies":[{"embeddable":true,"href":"https:\/\/monperejeanmamy.fr\/index.php?rest_route=%2Fwp%2Fv2%2Fcomments&post=3124"}],"version-history":[{"count":3,"href":"https:\/\/monperejeanmamy.fr\/index.php?rest_route=\/wp\/v2\/pages\/3124\/revisions"}],"predecessor-version":[{"id":3134,"href":"https:\/\/monperejeanmamy.fr\/index.php?rest_route=\/wp\/v2\/pages\/3124\/revisions\/3134"}],"wp:featuredmedia":[{"embeddable":true,"href":"https:\/\/monperejeanmamy.fr\/index.php?rest_route=\/wp\/v2\/media\/11"}],"wp:attachment":[{"href":"https:\/\/monperejeanmamy.fr\/index.php?rest_route=%2Fwp%2Fv2%2Fmedia&parent=3124"}],"wp:term":[{"taxonomy":"folder","embeddable":true,"href":"https:\/\/monperejeanmamy.fr\/index.php?rest_route=%2Fwp%2Fv2%2Ffolder&post=3124"}],"curies":[{"name":"wp","href":"https:\/\/api.w.org\/{rel}","templated":true}]}}